{"id":51213,"date":"2025-09-24T12:35:33","date_gmt":"2025-09-24T09:35:33","guid":{"rendered":"https:\/\/perfectvenue.es\/?post_type=product&#038;p=51213"},"modified":"2026-02-17T12:03:28","modified_gmt":"2026-02-17T09:03:28","slug":"marriage-proposal-in-seville-vincci-hotel","status":"publish","type":"product","link":"https:\/\/perfectvenue.es\/es\/product\/marriage-proposal-in-seville-vincci-hotel\/","title":{"rendered":"Pedida de mano en Sevilla en el Vincci Hotel la R\u00e1bida, con unas vistas \u00fanicas."},"content":{"rendered":"<p><\/p>\n<p style=\"text-align: justify;\"><span style=\"font-weight: 400;\">Imagina una pedida de mano en Sevilla en el Vincci Hotel la R\u00e1bida, con la ciudad a tus pies, el Guadalquivir a un lado y la Giralda iluminada al otro. La azotea del Hotel Vincci La R\u00e1bida, situada en pleno centro hist\u00f3rico, ofrece un ambiente \u00edntimo y elegante, perfecto para un momento tan especial. Su localizaci\u00f3n privilegiada y sus vistas panor\u00e1micas crean un tel\u00f3n de fondo de ensue\u00f1o para un \u201cs\u00ed\u201d inolvidable.<\/span><\/p>\n<p style=\"text-align: justify;\"><span style=\"font-weight: 400;\">Este servicio incluye fot\u00f3grafo profesional que capturar\u00e1 cada emoci\u00f3n con un estilo art\u00edstico y natural, un ramo de flores frescas como obsequio y cena exquisita con un men\u00fa gourmet para disfrutar despu\u00e9s del gran momento. Adem\u00e1s, la organizaci\u00f3n integral se encarga de cada detalle, asegurando que todo est\u00e9 perfectamente coordinado para que vosotros solo os preocup\u00e9is de vivir la experiencia.<\/span><\/p>\n<p style=\"text-align: justify;\"><span style=\"font-weight: 400;\">Para hacerla a\u00fan m\u00e1s especial, puedes a\u00f1adir m\u00fasica en vivo \u2014desde la suavidad de un viol\u00edn hasta la pasi\u00f3n de una guitarra flamenca\u2014, v\u00eddeo profesional para revivir cada instante, c\u00f3cteles personalizados o un brindis al anochecer bajo el cielo estrellado de Sevilla.<\/span><span style=\"font-weight: 400;\"><br \/>\n<\/span><span style=\"font-weight: 400;\">La combinaci\u00f3n de las vistas m\u00e1gicas, el ambiente exclusivo y el servicio impecable har\u00e1 que vuestra pedida de mano en la azotea del Hotel Vincci La R\u00e1bida sea un recuerdo eterno, el inicio perfecto de una nueva etapa llena de amor, promesas y momentos \u00fanicos.<\/span><\/p>\n<h3 style=\"text-align: justify;\"><span style=\"font-weight: 400;\">Lo que incluye tu pedida de mano en Sevilla en el Vincci Hotel la R\u00e1bida:<\/span><\/h3>\n<ul style=\"text-align: justify;\">\n<li style=\"font-weight: 400;\" aria-level=\"1\"><span style=\"font-weight: 400;\">Fot\u00f3grafo<\/span><\/li>\n<li style=\"font-weight: 400;\" aria-level=\"1\"><span style=\"font-weight: 400;\">Mesa privada y primera l\u00ednea de vistas en la terraza<\/span><\/li>\n<li style=\"font-weight: 400;\" aria-level=\"1\"><span style=\"font-weight: 400;\">Ramo de flores<\/span><\/li>\n<li style=\"font-weight: 400;\" aria-level=\"1\"><span style=\"font-weight: 400;\">Cena para 2 personas<\/span><\/li>\n<li style=\"font-weight: 400;\" aria-level=\"1\"><span style=\"font-weight: 400;\">Organizaci\u00f3n y coordinaci\u00f3n del evento<\/span><\/li>\n<\/ul>\n<p style=\"text-align: justify;\"><b>Precio: a consultar<\/b><\/p>\n<h3 style=\"text-align: justify;\"><span style=\"font-weight: 400;\">Se puede a\u00f1adir:<\/span><\/h3>\n<ul style=\"text-align: justify;\">\n<li style=\"font-weight: 400;\" aria-level=\"1\"><span style=\"font-weight: 400;\">M\u00fasica en directo\u00a0<\/span><\/li>\n<li style=\"font-weight: 400;\" aria-level=\"1\"><span style=\"font-weight: 400;\">Video profesional<\/span><\/li>\n<li style=\"font-weight: 400;\" aria-level=\"1\"><span style=\"font-weight: 400;\">Transporte\u00a0<\/span><\/li>\n<li style=\"font-weight: 400;\" aria-level=\"1\"><span style=\"font-weight: 400;\">\u00a1Config\u00faralo como t\u00fa quieras!<\/span><\/li>\n<\/ul>\n<h3 style=\"text-align: justify;\"><span style=\"font-weight: 400;\">Facilidad de pago<\/span><\/h3>\n<p style=\"text-align: justify;\"><span style=\"font-weight: 400;\">Desde el primer contacto, nuestro equipo se encarga de todo. Dise\u00f1amos tu pedida de mano en Sevilla en el Vincci Hotel la R\u00e1bida con mucho mimo, atenci\u00f3n al detalle y profesionalidad, para que t\u00fa solo tengas que concentrarte en lo importante: el romanticismo.<\/span><\/p>\n<p style=\"text-align: justify;\"><span style=\"font-weight: 400;\">Disfruta de una experiencia exclusiva, en un lugar \u00edntimo y rom\u00e1ntico.<\/span><\/p>\n<p style=\"text-align: justify;\"><span style=\"font-weight: 400;\">\u00a1Comodidad para ti!<\/span><\/p>\n<p style=\"text-align: justify;\"><span style=\"font-weight: 400;\">*Las tarifas no son reembolsables si el evento se cancela por cualquier motivo.<\/span><\/p>\n<p><\/p>","protected":false},"excerpt":{"rendered":"<p style=\"text-align: justify;\"><span style=\"font-weight: 400;\">Sorprende a tu pareja con una pedida de mano en Sevilla en el Vincci Hotel la R\u00e1bida, con unas vistas \u00fanicas para dos personas con vistas incre\u00edbles. \u00a1Crea el escenario perfecto para tu pedida! <\/span><b>Precio: a consultar. Es necesario formalizar la reserva con un adelanto.<\/b><\/p>\n","protected":false},"featured_media":51217,"comment_status":"closed","ping_status":"closed","template":"","meta":[],"class_list":["post-51213","product","type-product","status-publish","has-post-thumbnail","hentry","product_cat-marriage-proposal-packages"],"_links":{"self":[{"href":"https:\/\/perfectvenue.es\/es\/wp-json\/wp\/v2\/product\/51213","targetHints":{"allow":["GET"]}}],"collection":[{"href":"https:\/\/perfectvenue.es\/es\/wp-json\/wp\/v2\/product"}],"about":[{"href":"https:\/\/perfectvenue.es\/es\/wp-json\/wp\/v2\/types\/product"}],"replies":[{"embeddable":true,"href":"https:\/\/perfectvenue.es\/es\/wp-json\/wp\/v2\/comments?post=51213"}],"wp:featuredmedia":[{"embeddable":true,"href":"https:\/\/perfectvenue.es\/es\/wp-json\/wp\/v2\/media\/51217"}],"wp:attachment":[{"href":"https:\/\/perfectvenue.es\/es\/wp-json\/wp\/v2\/media?parent=51213"}],"curies":[{"name":"wp","href":"https:\/\/api.w.org\/{rel}","templated":true}]}}