{"id":51207,"date":"2025-09-24T12:35:58","date_gmt":"2025-09-24T09:35:58","guid":{"rendered":"https:\/\/perfectvenue.es\/?post_type=product&#038;p=51207"},"modified":"2026-02-17T12:06:24","modified_gmt":"2026-02-17T09:06:24","slug":"marriage-proposal-in-seville-villapanes-palace","status":"publish","type":"product","link":"https:\/\/perfectvenue.es\/es\/product\/marriage-proposal-in-seville-villapanes-palace\/","title":{"rendered":"Pedida de mano en Sevilla en el Palacio Villapan\u00e9s, una experiencia de lujo"},"content":{"rendered":"<p><\/p>\n<p style=\"text-align: justify;\"><span style=\"font-weight: 400;\">\u00bfQuieres que tu pedida de mano sea un momento digno de un cuento? La terraza del Palacio de Villapan\u00e9s, un hotel cinco estrellas en pleno coraz\u00f3n de Sevilla, ofrece un entorno elegante y exclusivo donde la historia y el lujo se combinan a la perfecci\u00f3n. Desde este espacio privilegiado, podr\u00e9is contemplar la ciudad mientras disfrut\u00e1is de la intimidad de un lugar pensado para momentos \u00fanicos, creando una lujosa pedida de mano en Sevilla en el Palacio Villapan\u00e9s.<\/span><\/p>\n<p style=\"text-align: justify;\"><span style=\"font-weight: 400;\">Este servicio incluye fot\u00f3grafo profesional para capturar cada emoci\u00f3n de forma art\u00edstica, decoraci\u00f3n floral cuidadosamente dise\u00f1ada para realzar la belleza del entorno, ramo de flores frescas como detalle para tu pareja y cena privada en la terraza con una decoraci\u00f3n floral exquisita y con un men\u00fa gourmet para celebrar el \u201cs\u00ed\u201d por todo lo alto. Adem\u00e1s, la organizaci\u00f3n integral garantiza que cada detalle est\u00e9 perfectamente coordinado, para que solo os preocup\u00e9is de vivir el momento.<\/span><\/p>\n<p style=\"text-align: justify;\"><span style=\"font-weight: 400;\">Si quieres a\u00f1adir un toque extra de magia, puedes incorporar m\u00fasica en vivo \u2014desde el romanticismo de un viol\u00edn hasta la pasi\u00f3n de una guitarra flamenca\u2014, v\u00eddeo profesional para revivir cada instante, c\u00f3cteles especiales o un brindis al caer la noche con Sevilla iluminada como tel\u00f3n de fondo.<\/span><span style=\"font-weight: 400;\"><br \/>\n<\/span><span style=\"font-weight: 400;\"> La combinaci\u00f3n entre la elegancia de un palacio hist\u00f3rico, las vistas privilegiadas y la cuidada puesta en escena har\u00e1 que vuestra pedida de mano en el Palacio de Villapan\u00e9s sea un recuerdo eterno, el inicio perfecto de una nueva etapa llena de amor, promesas y momentos inolvidables.<\/span><\/p>\n<h3 style=\"text-align: justify;\"><span style=\"font-weight: 400;\">Lo que incluye tu pedida de mano en Sevilla en el Palacio Villapan\u00e9s:<\/span><\/h3>\n<ul style=\"text-align: justify;\">\n<li style=\"font-weight: 400;\" aria-level=\"1\"><span style=\"font-weight: 400;\">Fot\u00f3grafo<\/span><\/li>\n<li style=\"font-weight: 400;\" aria-level=\"1\"><span style=\"font-weight: 400;\">Alquiler de la terraza<\/span><\/li>\n<li style=\"font-weight: 400;\" aria-level=\"1\"><span style=\"font-weight: 400;\">Ramo de flores<\/span><\/li>\n<li style=\"font-weight: 400;\" aria-level=\"1\"><span style=\"font-weight: 400;\">Decoraci\u00f3n con p\u00e9talos de rosas<\/span><\/li>\n<li style=\"font-weight: 400;\" aria-level=\"1\"><span style=\"font-weight: 400;\">Cena para 2 personas<\/span><\/li>\n<li style=\"font-weight: 400;\" aria-level=\"1\"><span style=\"font-weight: 400;\">Organizaci\u00f3n y coordinaci\u00f3n del evento<\/span><\/li>\n<\/ul>\n<p style=\"text-align: justify;\"><b>Precio: a consultar<\/b><\/p>\n<h3 style=\"text-align: justify;\"><span style=\"font-weight: 400;\">Se puede a\u00f1adir:<\/span><\/h3>\n<ul style=\"text-align: justify;\">\n<li style=\"font-weight: 400;\" aria-level=\"1\"><span style=\"font-weight: 400;\">M\u00fasica en directo\u00a0<\/span><\/li>\n<li style=\"font-weight: 400;\" aria-level=\"1\"><span style=\"font-weight: 400;\">Video profesional<\/span><\/li>\n<li style=\"font-weight: 400;\" aria-level=\"1\"><span style=\"font-weight: 400;\">Transporte\u00a0<\/span><\/li>\n<li style=\"font-weight: 400;\" aria-level=\"1\"><span style=\"font-weight: 400;\">\u00a1Config\u00faralo como t\u00fa quieras!<\/span><\/li>\n<\/ul>\n<h3 style=\"text-align: justify;\"><span style=\"font-weight: 400;\">Facilidad de pago<\/span><\/h3>\n<p style=\"text-align: justify;\"><span style=\"font-weight: 400;\">Desde el primer contacto, nuestro equipo se encarga de todo. Dise\u00f1amos tu pedida de mano en Sevilla en el Palacio Villapan\u00e9s con mucho mimo, atenci\u00f3n al detalle y profesionalidad, para que t\u00fa solo tengas que concentrarte en lo importante: el romanticismo.<\/span><\/p>\n<p style=\"text-align: justify;\"><span style=\"font-weight: 400;\">Disfruta de una experiencia exclusiva, en un lugar \u00edntimo y rom\u00e1ntico.<\/span><\/p>\n<p style=\"text-align: justify;\"><span style=\"font-weight: 400;\">\u00a1Comodidad para ti!<\/span><\/p>\n<p style=\"text-align: justify;\"><span style=\"font-weight: 400;\">*Las tarifas no son reembolsables si el evento se cancela por cualquier motivo.<\/span><\/p>\n<p><\/p>","protected":false},"excerpt":{"rendered":"<p style=\"text-align: justify;\"><span style=\"font-weight: 400;\">Sorprende a tu pareja con una pedida de mano en Sevilla en el Palacio de Villapan\u00e9s para dos personas con vistas incre\u00edbles. \u00a1Crea el escenario perfecto para tu pedida! <\/span><b>Precio: a consultar. Es necesario formalizar la reserva con un adelanto.<\/b><\/p>\n","protected":false},"featured_media":51212,"comment_status":"closed","ping_status":"closed","template":"","meta":[],"class_list":["post-51207","product","type-product","status-publish","has-post-thumbnail","hentry","product_cat-marriage-proposal-packages"],"_links":{"self":[{"href":"https:\/\/perfectvenue.es\/es\/wp-json\/wp\/v2\/product\/51207","targetHints":{"allow":["GET"]}}],"collection":[{"href":"https:\/\/perfectvenue.es\/es\/wp-json\/wp\/v2\/product"}],"about":[{"href":"https:\/\/perfectvenue.es\/es\/wp-json\/wp\/v2\/types\/product"}],"replies":[{"embeddable":true,"href":"https:\/\/perfectvenue.es\/es\/wp-json\/wp\/v2\/comments?post=51207"}],"wp:featuredmedia":[{"embeddable":true,"href":"https:\/\/perfectvenue.es\/es\/wp-json\/wp\/v2\/media\/51212"}],"wp:attachment":[{"href":"https:\/\/perfectvenue.es\/es\/wp-json\/wp\/v2\/media?parent=51207"}],"curies":[{"name":"wp","href":"https:\/\/api.w.org\/{rel}","templated":true}]}}