{"id":50994,"date":"2025-09-17T12:39:01","date_gmt":"2025-09-17T09:39:01","guid":{"rendered":"https:\/\/perfectvenue.es\/?post_type=product&#038;p=50994"},"modified":"2026-03-05T13:28:53","modified_gmt":"2026-03-05T10:28:53","slug":"marriage-proposal-in-seville-atalaya-terrace","status":"publish","type":"product","link":"https:\/\/perfectvenue.es\/es\/product\/marriage-proposal-in-seville-atalaya-terrace\/","title":{"rendered":"Pedida de mano en Sevilla en la terraza Atalaya, \u00a1una pedida en las alturas!"},"content":{"rendered":"<p><\/p>\n<p style=\"text-align: justify;\"><span style=\"font-weight: 400;\">\u00bfTe imaginas pedir matrimonio a m\u00e1s de 180 metros de altura, con Sevilla a tus pies y una panor\u00e1mica de 360 grados que te deje sin aliento? La pedida de mano en Sevilla en la terraza Atalaya, en el Hotel Eurostars Torre Sevilla, es el lugar ideal, donde el horizonte se mezcla con la emoci\u00f3n y cada mirada se llena de magia. Desde este punto privilegiado, podr\u00e9is contemplar la Catedral, la Giralda, el Guadalquivir y todo el encanto de la ciudad iluminada.<\/span><\/p>\n<p style=\"text-align: justify;\"><span style=\"font-weight: 400;\">Este servicio incluye fot\u00f3grafo profesional, que capturar\u00e1 cada gesto y cada sonrisa de manera discreta y art\u00edstica, ramo de flores frescas como detalle rom\u00e1ntico y la organizaci\u00f3n completa de todo el momento para que todo salga perfecto. Cada elemento se cuida al m\u00e1ximo para que el \u201cs\u00ed\u201d se d\u00e9 en un entorno elegante, \u00edntimo y lleno de emociones.<\/span><\/p>\n<p style=\"text-align: justify;\"><span style=\"font-weight: 400;\">Si quieres que el momento sea a\u00fan m\u00e1s inolvidable, puedes a\u00f1adir extras como m\u00fasica en vivo como un viol\u00edn, v\u00eddeo profesional para revivir cada segundo, una cena privada con vistas a la ciudad o un brindis especial al caer la noche mientras las luces de Sevilla iluminan el cielo.<\/span><span style=\"font-weight: 400;\"><br \/>\n<\/span><\/p>\n<p style=\"text-align: justify;\"><span style=\"font-weight: 400;\">La mezcla entre la exclusividad de la Torre Sevilla, la atm\u00f3sfera \u00fanica de la Terraza Atalaya y las impresionantes vistas har\u00e1n que esta pedida de mano sea un recuerdo eterno, el inicio perfecto de una nueva etapa llena de amor, promesas y sue\u00f1os por cumplir.<\/span><\/p>\n<h3 style=\"text-align: justify;\"><span style=\"font-weight: 400;\">Lo que incluye tu pedida de mano en Sevilla en la terraza Atalaya:<\/span><\/h3>\n<ul style=\"text-align: justify;\">\n<li style=\"font-weight: 400;\" aria-level=\"1\"><span style=\"font-weight: 400;\">Fot\u00f3grafo<\/span><\/li>\n<li style=\"font-weight: 400;\" aria-level=\"1\"><span style=\"font-weight: 400;\">Ramo de flores<\/span><\/li>\n<li style=\"font-weight: 400;\" aria-level=\"1\"><span style=\"font-weight: 400;\">Organizaci\u00f3n y coordinaci\u00f3n del evento<\/span><\/li>\n<\/ul>\n<p style=\"text-align: justify;\"><b>Precio: a consultar<\/b><\/p>\n<h3 style=\"text-align: justify;\"><span style=\"font-weight: 400;\">Se puede a\u00f1adir:<\/span><\/h3>\n<ul style=\"text-align: justify;\">\n<li style=\"font-weight: 400;\" aria-level=\"1\"><span style=\"font-weight: 400;\">M\u00fasica en directo\u00a0<\/span><\/li>\n<li style=\"font-weight: 400;\" aria-level=\"1\"><span style=\"font-weight: 400;\">Cena\u00a0<\/span><\/li>\n<li style=\"font-weight: 400;\" aria-level=\"1\"><span style=\"font-weight: 400;\">Decoraci\u00f3n personalizada<\/span><\/li>\n<li style=\"font-weight: 400;\" aria-level=\"1\"><span style=\"font-weight: 400;\">Video profesional<\/span><\/li>\n<li style=\"font-weight: 400;\" aria-level=\"1\"><span style=\"font-weight: 400;\">Transporte\u00a0<\/span><\/li>\n<li style=\"font-weight: 400;\" aria-level=\"1\"><span style=\"font-weight: 400;\">\u00a1Config\u00faralo como t\u00fa quieras!<\/span><\/li>\n<\/ul>\n<h3 style=\"text-align: justify;\"><span style=\"font-weight: 400;\">Facilidad de pago<\/span><\/h3>\n<p style=\"text-align: justify;\"><span style=\"font-weight: 400;\">Desde el primer contacto, nuestro equipo se encarga de todo. Dise\u00f1amos tu pedida de mano en Sevilla en la terraza Atalaya con mucho mimo, atenci\u00f3n al detalle y profesionalidad, para que t\u00fa solo tengas que concentrarte en lo importante: el romanticismo.<\/span><\/p>\n<p style=\"text-align: justify;\"><span style=\"font-weight: 400;\">Disfruta de una experiencia exclusiva, en un lugar \u00edntimo y rom\u00e1ntico.<\/span><\/p>\n<p style=\"text-align: justify;\"><span style=\"font-weight: 400;\">\u00a1Comodidad para ti!<\/span><\/p>\n<p style=\"text-align: justify;\"><span style=\"font-weight: 400;\">*Las tarifas no son reembolsables si el evento se cancela por cualquier motivo.<\/span><\/p>\n<p><\/p>","protected":false},"excerpt":{"rendered":"<p style=\"text-align: justify;\"><span style=\"font-weight: 400;\">Sorprende a tu pareja con una pedida de mano en Sevilla en la terraza Atalaya para dos personas con vistas incre\u00edbles. \u00a1Crea el escenario perfecto para tu pedida! <\/span><b>Precio: a consultar. Es necesario formalizar la reserva con un adelanto.<\/b><\/p>\n","protected":false},"featured_media":51000,"comment_status":"closed","ping_status":"closed","template":"","meta":[],"class_list":["post-50994","product","type-product","status-publish","has-post-thumbnail","hentry","product_cat-marriage-proposal-packages"],"_links":{"self":[{"href":"https:\/\/perfectvenue.es\/es\/wp-json\/wp\/v2\/product\/50994","targetHints":{"allow":["GET"]}}],"collection":[{"href":"https:\/\/perfectvenue.es\/es\/wp-json\/wp\/v2\/product"}],"about":[{"href":"https:\/\/perfectvenue.es\/es\/wp-json\/wp\/v2\/types\/product"}],"replies":[{"embeddable":true,"href":"https:\/\/perfectvenue.es\/es\/wp-json\/wp\/v2\/comments?post=50994"}],"wp:featuredmedia":[{"embeddable":true,"href":"https:\/\/perfectvenue.es\/es\/wp-json\/wp\/v2\/media\/51000"}],"wp:attachment":[{"href":"https:\/\/perfectvenue.es\/es\/wp-json\/wp\/v2\/media?parent=50994"}],"curies":[{"name":"wp","href":"https:\/\/api.w.org\/{rel}","templated":true}]}}