{"id":50988,"date":"2025-09-17T12:39:21","date_gmt":"2025-09-17T09:39:21","guid":{"rendered":"https:\/\/perfectvenue.es\/?post_type=product&#038;p=50988"},"modified":"2026-03-05T13:27:33","modified_gmt":"2026-03-05T10:27:33","slug":"marriage-proposal-in-seville-eme-hotel","status":"publish","type":"product","link":"https:\/\/perfectvenue.es\/es\/product\/marriage-proposal-in-seville-eme-hotel\/","title":{"rendered":"Pedida de mano en Sevilla en la terraza del Hotel EME, con vistas a la Catedral"},"content":{"rendered":"<p><\/p>\n<p style=\"text-align: justify;\"><span style=\"font-weight: 400;\">\u00bfQuieres sorprender a tu pareja con una pedida de mano que combine lujo, intimidad y una de las vistas m\u00e1s impresionantes de Sevilla? La pedida de mano en Sevilla en la terraza del Hotel EME ofrece un escenario exclusivo con la majestuosa Catedral y la Giralda como tel\u00f3n de fondo, creando un ambiente inigualable para ese momento tan especial. La luz dorada del atardecer, el encanto de la ciudad y la elegancia del espacio se unir\u00e1n para hacer que este instante sea \u00fanico e irrepetible.<\/span><\/p>\n<p style=\"text-align: justify;\"><span style=\"font-weight: 400;\">Este servicio incluye fot\u00f3grafo profesional, que capturar\u00e1 cada emoci\u00f3n y detalle con un estilo natural y art\u00edstico, decoraci\u00f3n personalizada para crear un entorno rom\u00e1ntico, ramo de flores frescas como obsequio y la organizaci\u00f3n integral de todo el evento para que solo os preocup\u00e9is de vivir el momento. Todo est\u00e1 pensado para que el \u201cs\u00ed\u201d llegue rodeado de belleza, emoci\u00f3n y el mejor escenario posible.<\/span><\/p>\n<p style=\"text-align: justify;\"><span style=\"font-weight: 400;\">Si deseas a\u00f1adir a\u00fan m\u00e1s magia, podr\u00e1s incluir m\u00fasica en vivo \u2014desde un suave viol\u00edn que acompa\u00f1e la escena hasta una guitarra flamenca que aporte calidez\u2014, vide\u00f3grafo profesional para inmortalizar cada segundo, cena privada con vistas panor\u00e1micas, c\u00f3cteles especiales o incluso un brindis al caer la noche con la Giralda iluminada como testigo.<\/span><span style=\"font-weight: 400;\"><br \/>\n<\/span><\/p>\n<p style=\"text-align: justify;\"><span style=\"font-weight: 400;\">La combinaci\u00f3n entre el servicio exclusivo del Hotel EME, la atm\u00f3sfera rom\u00e1ntica de su terraza y la espectacular vista de Sevilla har\u00e1 que vuestra pedida sea un recuerdo eterno, el primer cap\u00edtulo de una nueva etapa llena de amor, sue\u00f1os y promesas compartidas.<\/span><\/p>\n<h3 style=\"text-align: justify;\"><span style=\"font-weight: 400;\">Lo que incluye tu pedida de mano en Sevilla en la terraza del Hotel EME:\u00a0<\/span><\/h3>\n<ul style=\"text-align: justify;\">\n<li style=\"font-weight: 400;\" aria-level=\"1\"><span style=\"font-weight: 400;\">Fot\u00f3grafo<\/span><\/li>\n<li style=\"font-weight: 400;\" aria-level=\"1\"><span style=\"font-weight: 400;\">Ramo de flores<\/span><\/li>\n<li style=\"font-weight: 400;\" aria-level=\"1\"><span style=\"font-weight: 400;\">Decoraci\u00f3n b\u00e1sica<\/span><\/li>\n<li style=\"font-weight: 400;\" aria-level=\"1\"><span style=\"font-weight: 400;\">Organizaci\u00f3n y coordinaci\u00f3n del evento<\/span><\/li>\n<\/ul>\n<p style=\"text-align: justify;\"><b>Precio: a consultar<\/b><\/p>\n<h3 style=\"text-align: justify;\"><span style=\"font-weight: 400;\">Se puede a\u00f1adir:<\/span><\/h3>\n<ul style=\"text-align: justify;\">\n<li style=\"font-weight: 400;\" aria-level=\"1\"><span style=\"font-weight: 400;\">M\u00fasica en directo\u00a0<\/span><\/li>\n<li style=\"font-weight: 400;\" aria-level=\"1\"><span style=\"font-weight: 400;\">Cena\u00a0<\/span><\/li>\n<li style=\"font-weight: 400;\" aria-level=\"1\"><span style=\"font-weight: 400;\">Video profesional<\/span><\/li>\n<li style=\"font-weight: 400;\" aria-level=\"1\"><span style=\"font-weight: 400;\">Transporte\u00a0<\/span><\/li>\n<li style=\"font-weight: 400;\" aria-level=\"1\"><span style=\"font-weight: 400;\">\u00a1Config\u00faralo como t\u00fa quieras!<\/span><\/li>\n<\/ul>\n<h3 style=\"text-align: justify;\"><span style=\"font-weight: 400;\">Facilidad de pago<\/span><\/h3>\n<p style=\"text-align: justify;\"><span style=\"font-weight: 400;\">Desde el primer contacto, nuestro equipo se encarga de todo. Dise\u00f1amos tu pedida de mano en Sevilla en la terraza del Hotel EME con mucho mimo, atenci\u00f3n al detalle y profesionalidad, para que t\u00fa solo tengas que concentrarte en lo importante: el romanticismo.<\/span><\/p>\n<p style=\"text-align: justify;\"><span style=\"font-weight: 400;\">Disfruta de una experiencia exclusiva, en un lugar \u00edntimo y rom\u00e1ntico.<\/span><\/p>\n<p style=\"text-align: justify;\"><span style=\"font-weight: 400;\">\u00a1Comodidad para ti!<\/span><\/p>\n<p style=\"text-align: justify;\"><span style=\"font-weight: 400;\">*Las tarifas no son reembolsables si el evento se cancela por cualquier motivo.<\/span><\/p>\n<p><\/p>","protected":false},"excerpt":{"rendered":"<p style=\"text-align: justify;\"><span style=\"font-weight: 400;\">Sorprende a tu pareja con una pedida de mano en Sevilla en la terraza del Hotel EME para dos personas con vistas incre\u00edbles. \u00a1Crea el escenario perfecto para tu pedida! <\/span><b>Precio: a consultar. Es necesario formalizar la reserva con un adelanto.<\/b><\/p>\n","protected":false},"featured_media":50992,"comment_status":"closed","ping_status":"closed","template":"","meta":[],"class_list":["post-50988","product","type-product","status-publish","has-post-thumbnail","hentry","product_cat-marriage-proposal-packages"],"_links":{"self":[{"href":"https:\/\/perfectvenue.es\/es\/wp-json\/wp\/v2\/product\/50988","targetHints":{"allow":["GET"]}}],"collection":[{"href":"https:\/\/perfectvenue.es\/es\/wp-json\/wp\/v2\/product"}],"about":[{"href":"https:\/\/perfectvenue.es\/es\/wp-json\/wp\/v2\/types\/product"}],"replies":[{"embeddable":true,"href":"https:\/\/perfectvenue.es\/es\/wp-json\/wp\/v2\/comments?post=50988"}],"wp:featuredmedia":[{"embeddable":true,"href":"https:\/\/perfectvenue.es\/es\/wp-json\/wp\/v2\/media\/50992"}],"wp:attachment":[{"href":"https:\/\/perfectvenue.es\/es\/wp-json\/wp\/v2\/media?parent=50988"}],"curies":[{"name":"wp","href":"https:\/\/api.w.org\/{rel}","templated":true}]}}