{"id":50881,"date":"2025-08-30T12:40:16","date_gmt":"2025-08-30T09:40:16","guid":{"rendered":"https:\/\/perfectvenue.es\/?post_type=product&#038;p=50881"},"modified":"2026-03-10T14:43:06","modified_gmt":"2026-03-10T11:43:06","slug":"beach-views-marriage-proposal-huge-heart-valencia","status":"publish","type":"product","link":"https:\/\/perfectvenue.es\/es\/product\/beach-views-marriage-proposal-huge-heart-valencia\/","title":{"rendered":"Pedida de mano en la playa en Valencia con un enorme coraz\u00f3n floral"},"content":{"rendered":"<p><\/p>\n<p style=\"text-align: justify;\">Haz que tu propuesta sea inolvidable con nuestra impresionante experiencia de<strong> propuesta de matrimonio en la playa en Valencia<\/strong>. Con el impresionante tel\u00f3n de fondo del Mediterr\u00e1neo, este rom\u00e1ntico escenario cuenta con una instalaci\u00f3n en forma de coraz\u00f3n gigante, que simboliza el amor que compart\u00eds.<\/p>\n<p style=\"text-align: justify;\">Mientras el sol comienza a ponerse, la hora dorada perfecta para ese \u00abs\u00ed\u00bb que cambiar\u00e1 tu vida. El espacio est\u00e1 decorado con velas, flores y toques personalizados para que el momento sea verdaderamente vuestro.<\/p>\n<h3 style=\"text-align: justify;\">Qu\u00e9 incluye vuestra propuesta de matrimonio en Valencia con un gran coraz\u00f3n floral:<\/h3>\n<ul>\n<li style=\"text-align: justify;\">Fot\u00f3grafo.<\/li>\n<li style=\"text-align: justify;\">Enorme coraz\u00f3n 2m (blanco o rojo a tu eleccion)<\/li>\n<li style=\"text-align: justify;\">Alfombra roja o blanca.<\/li>\n<li style=\"text-align: justify;\">Decoraci\u00f3n con p\u00e9talos de rosa.<\/li>\n<li style=\"text-align: justify;\">Ramo de flores.<\/li>\n<li style=\"text-align: justify;\">Planificaci\u00f3n de la propuesta de matrimonio.<\/li>\n<\/ul>\n<p style=\"text-align: justify;\"><strong>Precio desde: 1500 \u20ac + IVA<br \/>\n<\/strong><\/p>\n<h3 style=\"text-align: justify;\">Puedes a\u00f1adir:<\/h3>\n<ul>\n<li style=\"text-align: justify;\">M\u00fasica en directo (guitarra o viol\u00edn)<\/li>\n<li style=\"text-align: justify;\">V\u00eddeo profesional<\/li>\n<li style=\"text-align: justify;\">Decoraci\u00f3n personalizada<\/li>\n<li style=\"text-align: justify;\">Picnic<\/li>\n<li style=\"text-align: justify;\">\u00a1Config\u00faralo como quieras!<\/li>\n<\/ul>\n<h3 style=\"text-align: justify;\">Pago f\u00e1cil<\/h3>\n<p style=\"text-align: justify;\">Sabemos que este momento es muy importante, por eso nuestro equipo se encarga de cada detalle. Solo tienes que elegir la fecha y decirnos c\u00f3mo imaginas la propuesta de matrimonio en Valencia con un gran coraz\u00f3n floral. \u00a1Nosotros nos encargamos del resto!<\/p>\n<p style=\"text-align: justify;\">Puedes pagar un dep\u00f3sito de 750 euros para reservar el d\u00eda y el resto lo puedes pagar en efectivo el d\u00eda de la propuesta.<\/p>\n<p style=\"text-align: justify;\">Reserva tu propuesta con este paquete y vive la magia de un \u00abS\u00ed, quiero\u00bb \u00edntimo, rom\u00e1ntico e inolvidable. \u00a1Haz que este d\u00eda sea un recuerdo imborrable!<\/p>\n<p style=\"text-align: justify;\">*Las tarifas no son reembolsables si el evento se cancela por cualquier motivo.<\/p>\n<p style=\"text-align: justify;\"><em><strong>Fechas limitadas disponibles durante la temporada alta: reserve con antelaci\u00f3n para asegurarse su momento.<\/strong><\/em><\/p>\n<p><\/p>","protected":false},"excerpt":{"rendered":"<p style=\"text-align: justify;\"><strong>Precio desde: 1500 \u20ac + IVA.<\/strong> Puede pagar un dep\u00f3sito de 750 euros para reservar la fecha y el resto lo puede pagar en efectivo el d\u00eda de la propuesta.<\/p>\n","protected":false},"featured_media":50883,"comment_status":"closed","ping_status":"closed","template":"","meta":[],"class_list":["post-50881","product","type-product","status-publish","has-post-thumbnail","hentry","product_cat-marriage-proposal-packages","product_tag-big-heart-marriage-proposal-valencia","product_tag-pedida-de-mano-valencia","product_tag-8436","product_tag-8435"],"_links":{"self":[{"href":"https:\/\/perfectvenue.es\/es\/wp-json\/wp\/v2\/product\/50881","targetHints":{"allow":["GET"]}}],"collection":[{"href":"https:\/\/perfectvenue.es\/es\/wp-json\/wp\/v2\/product"}],"about":[{"href":"https:\/\/perfectvenue.es\/es\/wp-json\/wp\/v2\/types\/product"}],"replies":[{"embeddable":true,"href":"https:\/\/perfectvenue.es\/es\/wp-json\/wp\/v2\/comments?post=50881"}],"wp:featuredmedia":[{"embeddable":true,"href":"https:\/\/perfectvenue.es\/es\/wp-json\/wp\/v2\/media\/50883"}],"wp:attachment":[{"href":"https:\/\/perfectvenue.es\/es\/wp-json\/wp\/v2\/media?parent=50881"}],"curies":[{"name":"wp","href":"https:\/\/api.w.org\/{rel}","templated":true}]}}