{"id":50744,"date":"2026-03-10T10:02:26","date_gmt":"2026-03-10T07:02:26","guid":{"rendered":"https:\/\/perfectvenue.es\/?post_type=product&#038;p=50744"},"modified":"2026-03-10T12:33:33","modified_gmt":"2026-03-10T09:33:33","slug":"proposal-at-the-sa-pedrissa-deia-hotel","status":"publish","type":"product","link":"https:\/\/perfectvenue.es\/es\/product\/proposal-at-the-sa-pedrissa-deia-hotel\/","title":{"rendered":"Pedida de mano de lujo en el hotel Sa Pedrissa Dei\u00e0"},"content":{"rendered":"<p><\/p>\n<p style=\"text-align: justify;\"><span style=\"font-weight: 400;\">Sa Pedrissa se trata de una casa de campo que ha sido transformada en un hotel de lujo. Se encuentra en la Sierra de Tramuntana, al noroeste de Mallorca, y cuenta con espectaculares vistas, adem\u00e1s de ejemplares servicios. Por ello, realizar una pedida de mano en el hotel Sa Pedrissa Dei\u00e0, es m\u00e1s que un momento especial.<\/span><\/p>\n<p style=\"text-align: justify;\"><span style=\"font-weight: 400;\">En su interior, las habitaciones est\u00e1n decoradas con un estilo tradicional, que contrastan con las dos suites insignia, en un estilo m\u00e1s actual y minimalista, pensado para resaltar la belleza de las panor\u00e1micas de las monta\u00f1as y el mar. Su terraza al aire libre no se queda atr\u00e1s, ya que ofrece un clima tranquilo, rom\u00e1ntico y con vistas impresionantes; mientras que en su restaurante nos aguardan los sabores tradicionales de la isla. \u00a1Todo en uno!<\/span><\/p>\n<p style=\"text-align: justify;\"><span style=\"font-weight: 400;\">Por eso, este pack para una pedida de mano en el hotel Sa Pedrissa Dei\u00e0 lo tiene todo incluido: desde la cena privada para dos y el fot\u00f3grafo hasta la organizaci\u00f3n del evento. Adem\u00e1s, tambi\u00e9n puedes a\u00f1adir vide\u00f3grafo, m\u00fasica en directo y decoraci\u00f3n personalizada. \u00a1Te lo ponemos f\u00e1cil!<\/span><\/p>\n<p style=\"text-align: justify;\"><span style=\"font-weight: 400;\">Sa Pedrissa Luxury Retreat es el sitio perfecto para una una pedida de mano que une el esplendor mediterr\u00e1neo, la intimidad de un retiro exclusivo y la emoci\u00f3n de un \u201cs\u00ed\u201d que promete un camino juntos.<\/span><\/p>\n<h3 style=\"text-align: justify;\"><span style=\"font-weight: 400;\">Lo que incluye tu pedida de mano en el hotel Sa Pedrissa Dei\u00e0:<\/span><\/h3>\n<ul style=\"text-align: justify;\">\n<li aria-level=\"1\"><b><span style=\"font-weight: 400;\">Cena privada para dos<\/span><\/b><\/li>\n<li aria-level=\"1\"><span style=\"font-weight: 400;\">Fot\u00f3grafo<\/span><\/li>\n<li aria-level=\"1\"><span style=\"font-weight: 400;\">Planificaci\u00f3n y coordinaci\u00f3n de la propuesta de matrimonio<\/span><\/li>\n<\/ul>\n<p style=\"text-align: justify;\"><b>Precio: desde 990<strong>\u20ac + IVA<\/strong><\/b><\/p>\n<h3 style=\"text-align: justify;\"><span style=\"font-weight: 400;\">Se puede a\u00f1adir:<\/span><\/h3>\n<ul style=\"text-align: justify;\">\n<li style=\"font-weight: 400;\" aria-level=\"1\">V\u00eddeo (desde 290\u20ac)<\/li>\n<li style=\"font-weight: 400;\" aria-level=\"1\">Ramo de flores (desde 60\u20ac)<\/li>\n<li aria-level=\"1\">M\u00fasica en directo (desde 250\u20ac)<\/li>\n<li style=\"font-weight: 400;\" aria-level=\"1\">Decoraci\u00f3n extra (desde 200\u20ac)<\/li>\n<li aria-level=\"1\">Dron (precio a consultar)<\/li>\n<li style=\"font-weight: 400;\" aria-level=\"1\">\u00a1Configuralo como t\u00fa quieras!<\/li>\n<\/ul>\n<h3 style=\"text-align: justify;\"><span style=\"font-weight: 400;\">Facilidad de pago<\/span><\/h3>\n<p style=\"text-align: justify;\"><span style=\"font-weight: 400;\">\u00a1S\u00ed! Y es que no es necesario pagar \u00edntegramente el importe de la pedida de mano <\/span><span style=\"font-weight: 400;\">en el hotel Sa Pedrissa Dei\u00e0<\/span><span style=\"font-weight: 400;\">. Simplemente es necesario reservar con un adelanto de 490\u20ac y el resto darla en el d\u00eda del evento.<\/span><\/p>\n<p style=\"text-align: justify;\"><span style=\"font-weight: 400;\">\u00a1Comodidad para ti!<\/span><\/p>\n<p style=\"text-align: justify;\"><b>*Las tarifas no son reembolsables si el evento se cancela por cualquier motivo.<\/b><\/p>\n<p><\/p>","protected":false},"excerpt":{"rendered":"<p style=\"text-align: justify;\"><span style=\"font-weight: 400;\">Esta propuesta ofrece una pedida de mano en el hotel Sa Pedrissa Dei\u00e0, un lugar donde la tradici\u00f3n y el lujo se fusionan. Adem\u00e1s, cuenta con espectaculares vistas del Mediterr\u00e1neo. <b>Precio: desde 990<strong>\u20ac + IVA<\/strong><\/b><\/span><b><strong>. Para reservar se paga el dep\u00f3sito de 490\u20ac <\/strong><\/b>y el resto el mismo d\u00eda de la pedida de mano en efectivo.<\/p>\n","protected":false},"featured_media":50755,"comment_status":"closed","ping_status":"closed","template":"","meta":[],"class_list":["post-50744","product","type-product","status-publish","has-post-thumbnail","hentry","product_cat-marriage-proposal-packages","product_tag-pedida-de-mano-en-el-hotel-sa-pedrissa-deia","product_tag-pedida-de-mano-en-el-hotel-sa-pedrissa-deia-2026","product_tag-pedida-de-mano-en-mallorca"],"_links":{"self":[{"href":"https:\/\/perfectvenue.es\/es\/wp-json\/wp\/v2\/product\/50744","targetHints":{"allow":["GET"]}}],"collection":[{"href":"https:\/\/perfectvenue.es\/es\/wp-json\/wp\/v2\/product"}],"about":[{"href":"https:\/\/perfectvenue.es\/es\/wp-json\/wp\/v2\/types\/product"}],"replies":[{"embeddable":true,"href":"https:\/\/perfectvenue.es\/es\/wp-json\/wp\/v2\/comments?post=50744"}],"wp:featuredmedia":[{"embeddable":true,"href":"https:\/\/perfectvenue.es\/es\/wp-json\/wp\/v2\/media\/50755"}],"wp:attachment":[{"href":"https:\/\/perfectvenue.es\/es\/wp-json\/wp\/v2\/media?parent=50744"}],"curies":[{"name":"wp","href":"https:\/\/api.w.org\/{rel}","templated":true}]}}