{"id":50738,"date":"2026-03-06T14:13:21","date_gmt":"2026-03-06T11:13:21","guid":{"rendered":"https:\/\/perfectvenue.es\/?post_type=product&#038;p=50738"},"modified":"2026-03-06T18:39:43","modified_gmt":"2026-03-06T15:39:43","slug":"proposal-at-la-gritta-restaurant-in-peguera","status":"publish","type":"product","link":"https:\/\/perfectvenue.es\/es\/product\/proposal-at-la-gritta-restaurant-in-peguera\/","title":{"rendered":"Pedida de mano con encanto mediterr\u00e1neo en el restaurante La Gritta en Peguera, Mallorca"},"content":{"rendered":"<p><\/p>\n<p style=\"text-align: justify;\"><span style=\"font-weight: 400;\">Realizar una pedida de mano en el restaurante La Gritta en Peguera es sin\u00f3nimo de clase y sencillez. <\/span><span style=\"font-weight: 400;\">Situado en la Cala Fornells, cuenta con envidiables vistas a las Islas Malgrats. <\/span><span style=\"font-weight: 400;\">Se trata de un rinc\u00f3n privilegiado donde el Mediterr\u00e1neo cobra protagonismo, mientras t\u00fa disfrutas de la tranquilidad del lugar.\u00a0<\/span><\/p>\n<p style=\"text-align: justify;\"><span style=\"font-weight: 400;\">Y es que en La Gritta, la cocina respira Mallorca en cada plato: pescados frescos, vegetales de huerta y toques arom\u00e1ticos que evocan el aroma de albahaca, lim\u00f3n y romero. El men\u00fa se despliega como una carta de amor al mar, con pesca del d\u00eda, ensaladas de tomate y queso de cabra, y un risotto que parece absorber el calor del sol.<\/span><\/p>\n<p style=\"text-align: justify;\"><span style=\"font-weight: 400;\">Nuestro servicio de pedida de mano en el restaurante La Gritta en Peguera lo tiene todo pensado para que el momento sea discreto pero inolvidable. Por eso, incluye cena privada para dos, fot\u00f3grafo y la organizaci\u00f3n del evento. Tambi\u00e9n puedes a\u00f1adir m\u00fasica en directo, como viol\u00edn, vide\u00f3grafo y decoraci\u00f3n. \u00a1Os encantar\u00e1!<\/span><\/p>\n<p style=\"text-align: justify;\"><span style=\"font-weight: 400;\">Y es que cada detalle ha sido pensado para emocionar y sorprender. De este modo,tu pedida de mano en el restaurante La Gritta en Peguera es ideal para quienes sue\u00f1an con una propuesta \u00edntima, rom\u00e1ntica y con unas vistas espectaculares en un entorno tranquilo y lleno de magia.<\/span><\/p>\n<h3 style=\"text-align: justify;\"><span style=\"font-weight: 400;\">Lo que incluye tu pedida de mano en el restaurante La Gritta en Peguera:<\/span><\/h3>\n<ul style=\"text-align: justify;\">\n<li aria-level=\"1\"><b><span style=\"font-weight: 400;\">Cena privada para dos<\/span><\/b><\/li>\n<li aria-level=\"1\"><span style=\"font-weight: 400;\">Fot\u00f3grafo<\/span><\/li>\n<li aria-level=\"1\"><span style=\"font-weight: 400;\">Planificaci\u00f3n y coordinaci\u00f3n de la propuesta de matrimonio<\/span><\/li>\n<\/ul>\n<p style=\"text-align: justify;\"><strong>Precio: desde 780\u20ac + IVA<\/strong><\/p>\n<h3 style=\"text-align: justify;\"><span style=\"font-weight: 400;\">Se puede a\u00f1adir:<\/span><\/h3>\n<ul style=\"text-align: justify;\">\n<li style=\"font-weight: 400;\" aria-level=\"1\">V\u00eddeo (desde 290\u20ac)<\/li>\n<li style=\"font-weight: 400;\" aria-level=\"1\">Ramo de flores (desde 60\u20ac)<\/li>\n<li style=\"font-weight: 400;\" aria-level=\"1\">M\u00fasica en directo (desde 250\u20ac)<\/li>\n<li style=\"font-weight: 400;\" aria-level=\"1\">Decoraci\u00f3n extra (desde 200\u20ac)<\/li>\n<li style=\"font-weight: 400;\" aria-level=\"1\"><span style=\"font-weight: 400;\">\u00a1Configuralo como t\u00fa quieras!<\/span><\/li>\n<\/ul>\n<h3 style=\"text-align: justify;\"><span style=\"font-weight: 400;\">Facilidad de pago<\/span><\/h3>\n<p style=\"text-align: justify;\"><span style=\"font-weight: 400;\">\u00a1S\u00ed! Y es que no es necesario pagar \u00edntegramente el importe de la pedida de mano en <\/span><span style=\"font-weight: 400;\">el restaurante La Gritta en Peguera<\/span><span style=\"font-weight: 400;\">. Simplemente es necesario reservar con un adelanto y el resto darla en el d\u00eda del evento.<\/span><\/p>\n<p style=\"text-align: justify;\"><span style=\"font-weight: 400;\">\u00a1Comodidad para ti!<\/span><\/p>\n<p style=\"text-align: justify;\"><b>*Las tarifas no son reembolsables si el evento se cancela por cualquier motivo.<\/b><\/p>\n<p><\/p>","protected":false},"excerpt":{"rendered":"<p style=\"text-align: justify;\"><span style=\"font-weight: 400;\">Esta propuesta ofrece una pedida de mano en el restaurante La Gritta en Peguera, un lugar tranquilo y rom\u00e1ntico con espectaculares vistas del Mediterr\u00e1neo. <strong>Precio: desde 780\u20ac + IVA<\/strong><\/span><b>. Es necesario formalizar la reserva con un adelanto.<\/b><\/p>\n","protected":false},"featured_media":50743,"comment_status":"closed","ping_status":"closed","template":"","meta":[],"class_list":["post-50738","product","type-product","status-publish","has-post-thumbnail","hentry","product_cat-marriage-proposal-packages","product_tag-pedida-de-mano-en-el-restaurante-la-gritta-en-peguera","product_tag-pedida-de-mano-en-el-restaurante-la-gritta-en-peguera-2026","product_tag-pedida-de-mano-en-mallorca"],"_links":{"self":[{"href":"https:\/\/perfectvenue.es\/es\/wp-json\/wp\/v2\/product\/50738","targetHints":{"allow":["GET"]}}],"collection":[{"href":"https:\/\/perfectvenue.es\/es\/wp-json\/wp\/v2\/product"}],"about":[{"href":"https:\/\/perfectvenue.es\/es\/wp-json\/wp\/v2\/types\/product"}],"replies":[{"embeddable":true,"href":"https:\/\/perfectvenue.es\/es\/wp-json\/wp\/v2\/comments?post=50738"}],"wp:featuredmedia":[{"embeddable":true,"href":"https:\/\/perfectvenue.es\/es\/wp-json\/wp\/v2\/media\/50743"}],"wp:attachment":[{"href":"https:\/\/perfectvenue.es\/es\/wp-json\/wp\/v2\/media?parent=50738"}],"curies":[{"name":"wp","href":"https:\/\/api.w.org\/{rel}","templated":true}]}}