{"id":50690,"date":"2025-08-26T12:19:31","date_gmt":"2025-08-26T09:19:31","guid":{"rendered":"https:\/\/perfectvenue.es\/?post_type=product&#038;p=50690"},"modified":"2025-08-26T17:13:50","modified_gmt":"2025-08-26T14:13:50","slug":"proposal-to-be-a-couple","status":"publish","type":"product","link":"https:\/\/perfectvenue.es\/es\/product\/proposal-to-be-a-couple\/","title":{"rendered":"\u00a1P\u00eddele salir con este pack! Una pedida para ser novios llena de globos, p\u00e9talos y amor"},"content":{"rendered":"<p><\/p>\n<p style=\"text-align: justify;\"><span style=\"font-weight: 400;\">Este pack ofrece una pedida para ser novios, \u00a1d\u00f3nde t\u00fa quieras! Desde un apartamento con luz natural hasta una playa con vistas impresionantes. Una vez tengas el rinc\u00f3n deseado, \u00a1nuestro servicio se encarga del resto! Por eso, haremos que tu pedida sea el comienzo de una nueva historia.\u00a0<\/span><\/p>\n<p style=\"text-align: justify;\"><span style=\"font-weight: 400;\">La experiencia incluye decoraci\u00f3n b\u00e1sica, globos por el suelo y en techo, p\u00e9talos, un ramo de flores como detalle especial, letras personalizadas con luces y la organizaci\u00f3n completa para que cada instante fluya con naturalidad. El entorno \u00edntimo y la exclusividad del espacio crear\u00e1n una atm\u00f3sfera ideal para sorprender a tu futura pareja.<\/span><\/p>\n<p style=\"text-align: justify;\"><span style=\"font-weight: 400;\">Adem\u00e1s, un fot\u00f3grafo profesional os acompa\u00f1ar\u00e1 discretamente, capturando cada gesto, sonrisa y emoci\u00f3n para que vuestra pedida para ser novios no quede en el olvido. Tambi\u00e9n pod\u00e9is a\u00f1adir extras, como una cena privada, copas con champagne, m\u00fasica en directo o un vide\u00f3grafo que grabe toda la experiencia o una decoraci\u00f3n rom\u00e1ntica personalizada que aporte un toque a\u00fan m\u00e1s especial.<\/span><\/p>\n<p style=\"text-align: justify;\"><span style=\"font-weight: 400;\">Ahora bien, el instante culminante llega cuando se formula la gran pregunta. La magia y mimo de la decoraci\u00f3n, el encanto del lugar y la intimidad del momento convertir\u00e1n la proposici\u00f3n en un recuerdo imborrable.<\/span><\/p>\n<p style=\"text-align: justify;\"><span style=\"font-weight: 400;\">Y es que cada detalle ha sido pensado para emocionar. Por eso, esta pedida para ser novios es perfecta para quienes sue\u00f1an con una propuesta \u00edntima, rom\u00e1ntica, elegante.<\/span><\/p>\n<h3 style=\"text-align: justify;\"><span style=\"font-weight: 400;\">Lo que incluye tu pedida para ser novios:<\/span><\/h3>\n<ul style=\"text-align: justify;\">\n<li aria-level=\"1\"><b><span style=\"font-weight: 400;\">Decoraci\u00f3n b\u00e1sica<\/span><\/b><\/li>\n<li aria-level=\"1\"><span style=\"font-weight: 400;\">Globos<\/span><\/li>\n<li aria-level=\"1\"><span style=\"font-weight: 400;\">P\u00e9talos<\/span><\/li>\n<li aria-level=\"1\"><a href=\"https:\/\/perfectvenue.es\/es\/product\/flowers-bouquet-for-marriage-proposal\/\"><span style=\"font-weight: 400;\">Ramo de flores<\/span><\/a><\/li>\n<li aria-level=\"1\"><a href=\"https:\/\/perfectvenue.es\/es\/product\/wooden-letters-in-madrid\/\"><span style=\"font-weight: 400;\">Letras personalizadas con luces<\/span><\/a><\/li>\n<li aria-level=\"1\"><b><span style=\"font-weight: 400;\">Fot\u00f3grafo<\/span><\/b><\/li>\n<li aria-level=\"1\"><span style=\"font-weight: 400;\">Planificaci\u00f3n y coordinaci\u00f3n de la propuesta de matrimonio<\/span><\/li>\n<\/ul>\n<p style=\"text-align: justify;\"><b>Precio: a consultar<\/b><\/p>\n<h3 style=\"text-align: justify;\"><span style=\"font-weight: 400;\">Se puede a\u00f1adir:<\/span><\/h3>\n<ul style=\"text-align: justify;\">\n<li style=\"font-weight: 400;\" aria-level=\"1\"><span style=\"font-weight: 400;\">Cena para dos<\/span><\/li>\n<li style=\"font-weight: 400;\" aria-level=\"1\"><span style=\"font-weight: 400;\">Decoraci\u00f3n personalizada<\/span><\/li>\n<li style=\"font-weight: 400;\" aria-level=\"1\"><span style=\"font-weight: 400;\">M\u00fasica en directo<\/span><\/li>\n<li style=\"font-weight: 400;\" aria-level=\"1\"><span style=\"font-weight: 400;\">Vide\u00f3grafo<\/span><\/li>\n<li style=\"font-weight: 400;\" aria-level=\"1\"><span style=\"font-weight: 400;\">Transporte<\/span><\/li>\n<li style=\"font-weight: 400;\" aria-level=\"1\"><span style=\"font-weight: 400;\">Lugar que prefieras<\/span><\/li>\n<li style=\"font-weight: 400;\" aria-level=\"1\"><span style=\"font-weight: 400;\">\u00a1Config\u00faralo como t\u00fa quieras!<\/span><\/li>\n<\/ul>\n<h3 style=\"text-align: justify;\"><span style=\"font-weight: 400;\">Facilidad de pago<\/span><\/h3>\n<p style=\"text-align: justify;\"><span style=\"font-weight: 400;\">\u00a1S\u00ed! Y es que no es necesario pagar \u00edntegramente el importe de la pedida para ser novios. Simplemente es necesario reservar con un adelanto y el resto darla en el d\u00eda del evento.<\/span><\/p>\n<p style=\"text-align: justify;\"><span style=\"font-weight: 400;\">\u00a1Comodidad para ti!<\/span><\/p>\n<p style=\"text-align: justify;\"><b>*Las tarifas no son reembolsables si el evento se cancela por cualquier motivo.<\/b><\/p>\n<p><\/p>","protected":false},"excerpt":{"rendered":"<p style=\"text-align: justify;\"><span style=\"font-weight: 400;\">Vive una pedida para ser novios rom\u00e1ntica, cl\u00e1sica y especial donde m\u00e1s desees. Una vez tengas elegido el lugar, \u00a1nosotras nos encargaremos del resto! Crearemos un entorno \u00edntimo y elegante para que tu propuesta sea inolvidable para ambos. <\/span><b>Precio: a consultar. Es necesario formalizar la reserva con un adelanto.<\/b><\/p>\n","protected":false},"featured_media":50692,"comment_status":"closed","ping_status":"closed","template":"","meta":[],"class_list":["post-50690","product","type-product","status-publish","has-post-thumbnail","hentry","product_cat-marriage-proposal-packages","product_tag-pedida-para-ser-novios","product_tag-pedida-para-ser-novios-2026","product_tag-pedida-para-ser-novios-romantica"],"_links":{"self":[{"href":"https:\/\/perfectvenue.es\/es\/wp-json\/wp\/v2\/product\/50690","targetHints":{"allow":["GET"]}}],"collection":[{"href":"https:\/\/perfectvenue.es\/es\/wp-json\/wp\/v2\/product"}],"about":[{"href":"https:\/\/perfectvenue.es\/es\/wp-json\/wp\/v2\/types\/product"}],"replies":[{"embeddable":true,"href":"https:\/\/perfectvenue.es\/es\/wp-json\/wp\/v2\/comments?post=50690"}],"wp:featuredmedia":[{"embeddable":true,"href":"https:\/\/perfectvenue.es\/es\/wp-json\/wp\/v2\/media\/50692"}],"wp:attachment":[{"href":"https:\/\/perfectvenue.es\/es\/wp-json\/wp\/v2\/media?parent=50690"}],"curies":[{"name":"wp","href":"https:\/\/api.w.org\/{rel}","templated":true}]}}