{"id":50661,"date":"2025-08-19T16:47:11","date_gmt":"2025-08-19T13:47:11","guid":{"rendered":"http:\/\/perfectvenue.es\/?post_type=product&#038;p=50661"},"modified":"2026-03-10T14:57:51","modified_gmt":"2026-03-10T11:57:51","slug":"wedding-proposal-in-marbella-with-huge-heart-and-picnic","status":"publish","type":"product","link":"https:\/\/perfectvenue.es\/es\/product\/wedding-proposal-in-marbella-with-huge-heart-and-picnic\/","title":{"rendered":"Pedida de mano en Marbella con un coraz\u00f3n gigante"},"content":{"rendered":"<p>Haz que tu propuesta de matrimonio sea inolvidable con nuestra impresionante experiencia de propuesta de matrimonio con vistas al mar en Marbella. Con el impresionante Mediterr\u00e1neo como tel\u00f3n de fondo, este rom\u00e1ntico montaje cuenta con una instalaci\u00f3n de un coraz\u00f3n gigante que simboliza el amor que comparten.<\/p>\n<p>El lugar est\u00e1 bellamente decorado con velas, flores y detalles personalizados para que el momento sea verdaderamente tuyo.<\/p>\n<h3>\u00bfQu\u00e9 incluye tu propuesta de matrimonio en Marbella con un gran coraz\u00f3n?<\/h3>\n<ul>\n<li>Fot\u00f3grafo<\/li>\n<li>Rosas rojas o blancas enormes cubiertas de coraz\u00f3n<\/li>\n<li>Alfombra roja o blanca<\/li>\n<li>Decoraci\u00f3n con velas<\/li>\n<li>Picnic solo con frutas<\/li>\n<li>Organizaci\u00f3n de la propuesta de matrimonio<\/li>\n<\/ul>\n<p><strong>Precio desde: 1650\u20ac + IVA<\/strong><\/p>\n<h3>Puedes a\u00f1adir:<\/h3>\n<ul>\n<li>M\u00fasica en directo (guitarra o viol\u00edn)<\/li>\n<li>V\u00eddeo profesional<\/li>\n<li>Letras Marry me<\/li>\n<li>\u00a1Ord\u00e9nalo como quieras!<\/li>\n<\/ul>\n<h3>Pago f\u00e1cil<\/h3>\n<p>Sabemos que este momento es muy importante, por eso nuestro equipo cuida cada detalle. Solo tienes que elegir la fecha y contarnos c\u00f3mo imaginas tu propuesta de matrimonio en Marbella con un gran coraz\u00f3n. \u00a1Nos encargamos del resto!<\/p>\n<p>Puedes abonar un dep\u00f3sito de 825 \u20ac para reservar el d\u00eda y el resto en efectivo el d\u00eda de la pedida de mano.<\/p>\n<p>Reserva tu pedida de mano con este paquete y vive la magia de un \u00abS\u00ed, quiero\u00bb \u00edntimo, rom\u00e1ntico e inolvidable. \u00a1Convierte este d\u00eda en un recuerdo imborrable!<\/p>\n<p>*Las tarifas no son reembolsables si el evento se cancela por cualquier motivo.<\/p>\n<p><em>Fechas limitadas disponibles durante la temporada alta: reserva con antelaci\u00f3n para asegurar tu momento.<\/em><\/p>","protected":false},"excerpt":{"rendered":"<p><strong>Precio desde: 1.650\u20ac + IVA<\/strong>. Dep\u00f3sito son 825\u20ac y el resto lo puedes pagar en efectivo el d\u00eda de la pedida de mano.<\/p>\n","protected":false},"featured_media":52252,"comment_status":"closed","ping_status":"closed","template":"","meta":[],"class_list":["post-50661","product","type-product","status-publish","has-post-thumbnail","hentry","product_cat-marriage-proposal-packages","product_tag-beach-proposal-marbella","product_tag-pedida-de-mano-marbella","product_tag-wedding-proposal-marbella"],"_links":{"self":[{"href":"https:\/\/perfectvenue.es\/es\/wp-json\/wp\/v2\/product\/50661","targetHints":{"allow":["GET"]}}],"collection":[{"href":"https:\/\/perfectvenue.es\/es\/wp-json\/wp\/v2\/product"}],"about":[{"href":"https:\/\/perfectvenue.es\/es\/wp-json\/wp\/v2\/types\/product"}],"replies":[{"embeddable":true,"href":"https:\/\/perfectvenue.es\/es\/wp-json\/wp\/v2\/comments?post=50661"}],"wp:featuredmedia":[{"embeddable":true,"href":"https:\/\/perfectvenue.es\/es\/wp-json\/wp\/v2\/media\/52252"}],"wp:attachment":[{"href":"https:\/\/perfectvenue.es\/es\/wp-json\/wp\/v2\/media?parent=50661"}],"curies":[{"name":"wp","href":"https:\/\/api.w.org\/{rel}","templated":true}]}}