{"id":50650,"date":"2025-08-17T20:17:11","date_gmt":"2025-08-17T17:17:11","guid":{"rendered":"http:\/\/perfectvenue.es\/?post_type=product&#038;p=50650"},"modified":"2026-03-10T14:55:21","modified_gmt":"2026-03-10T11:55:21","slug":"proposal-benidorm-heart-rose-petal-beach","status":"publish","type":"product","link":"https:\/\/perfectvenue.es\/es\/product\/proposal-benidorm-heart-rose-petal-beach\/","title":{"rendered":"Propuesta en Benidorm con un coraz\u00f3n de p\u00e9talo de rosa en la playa"},"content":{"rendered":"<p><\/p>\n<p style=\"text-align: justify;\">Este paquete ofrece una propuesta en Benidorm con un coraz\u00f3n de p\u00e9talo de rosa en la playa dibujado en la playa en la arena, con el mar como testigo. Agregue una puesta de sol m\u00e1gica, una sesi\u00f3n de fotos profesional y una sorpresa cuidadosamente pensada, y el resultado es una propuesta que quedar\u00e1 grabada en su coraz\u00f3n para siempre.<\/p>\n<p style=\"text-align: justify;\">La experiencia comienza con un tranquilo paseo por la orilla, guiado por un discreto sendero a la luz de las velas que lo llevar\u00e1 al lugar del gran momento: una playa decorada con amor, donde un gran coraz\u00f3n de p\u00e9talos de rosa lo espera en la arena.<\/p>\n<p style=\"text-align: justify;\">Esta experiencia est\u00e1 dise\u00f1ada para aquellos que desean una propuesta aut\u00e9ntica, emocionante y profundamente rom\u00e1ntica, en un entorno natural lleno de belleza. Benidorm, con sus playas tranquilas y su luz \u00fanica, se convierte en el lugar ideal para comenzar una nueva etapa de vida juntos.<\/p>\n<p style=\"text-align: justify;\">La reserva previa es fundamental para coordinar todos los elementos: la decoraci\u00f3n, el fot\u00f3grafo, la ducha de p\u00e9talos y cualquier opci\u00f3n adicional, como la m\u00fasica en vivo. Nos adaptamos a tu historia, estilo y preferencias para crear una propuesta personalizada, \u00fanica y perfecta.<\/p>\n<p style=\"text-align: justify;\">Convierte tu propuesta en una escena de pel\u00edcula. Un coraz\u00f3n de p\u00e9talos, una playa, una puesta de sol, fotograf\u00eda profesional y una emoci\u00f3n que no se puede explicar con palabras&#8230; En Benidorm, el amor tambi\u00e9n tiene su para\u00edso.<\/p>\n<h3>Qu\u00e9 incluye tu propuesta en Benidorm con un coraz\u00f3n de p\u00e9talos de rosa en la playa:<\/h3>\n<ul>\n<li>Fot\u00f3grafo<\/li>\n<li>Decoraci\u00f3n en forma de coraz\u00f3n con p\u00e9talos de rosa<\/li>\n<li>Planificaci\u00f3n y coordinaci\u00f3n de la propuesta de matrimonio<\/li>\n<\/ul>\n<p><strong>Precio desde: 390\u20ac + IVA<\/strong><\/p>\n<h3>Puedes a\u00f1adir:<\/h3>\n<ul>\n<li>Video<\/li>\n<li>M\u00fasica en vivo<\/li>\n<li>Ramo de flores<\/li>\n<li>Cava y 2 copas<\/li>\n<li>Decoraci\u00f3n extra<\/li>\n<li>Transporte<\/li>\n<li>\u00a1Config\u00faralo como quieras!<\/li>\n<\/ul>\n<h3>Pago f\u00e1cil<\/h3>\n<p style=\"text-align: justify;\">\u00a1S\u00ed! No es necesario pagar el importe total de la propuesta en Benidorm con un coraz\u00f3n de p\u00e9talos de rosa en la playa en la playa. Simplemente necesita reservar un dep\u00f3sito (190\u20ac) y pagar el resto el d\u00eda del evento.<\/p>\n<p style=\"text-align: justify;\">Comodidad para usted!<\/p>\n<p style=\"text-align: justify;\">*Las tarifas no son reembolsables si el evento se cancela por cualquier motivo.<\/p>\n<p><\/p>","protected":false},"excerpt":{"rendered":"<p>Una propuesta en Benidorm con un coraz\u00f3n de p\u00e9talo de rosa en la playa es la propuesta perfecta para tu pareja, convirti\u00e9ndola en un momento inolvidable en vuestras vidas. <strong>Precio desde: 390\u20ac + IVA. para reservar experiencia es necesario pagar dep\u00f3sito (190\u20ac) y el resto lo puedes pagar en efectivo el d\u00eda de la propuesta.<\/strong><\/p>\n","protected":false},"featured_media":50654,"comment_status":"closed","ping_status":"closed","template":"","meta":[],"class_list":["post-50650","product","type-product","status-publish","has-post-thumbnail","hentry","product_cat-marriage-proposal-packages","product_tag-beach-marriage-proposal","product_tag-benidorm-marriage-proposal","product_tag-rose-petals-marriage-proposal","product_tag-8453"],"_links":{"self":[{"href":"https:\/\/perfectvenue.es\/es\/wp-json\/wp\/v2\/product\/50650","targetHints":{"allow":["GET"]}}],"collection":[{"href":"https:\/\/perfectvenue.es\/es\/wp-json\/wp\/v2\/product"}],"about":[{"href":"https:\/\/perfectvenue.es\/es\/wp-json\/wp\/v2\/types\/product"}],"replies":[{"embeddable":true,"href":"https:\/\/perfectvenue.es\/es\/wp-json\/wp\/v2\/comments?post=50650"}],"wp:featuredmedia":[{"embeddable":true,"href":"https:\/\/perfectvenue.es\/es\/wp-json\/wp\/v2\/media\/50654"}],"wp:attachment":[{"href":"https:\/\/perfectvenue.es\/es\/wp-json\/wp\/v2\/media?parent=50650"}],"curies":[{"name":"wp","href":"https:\/\/api.w.org\/{rel}","templated":true}]}}