{"id":50469,"date":"2026-01-03T17:45:53","date_gmt":"2026-01-03T14:45:53","guid":{"rendered":"https:\/\/perfectvenue.es\/?post_type=product&#038;p=50469"},"modified":"2026-03-10T14:21:43","modified_gmt":"2026-03-10T11:21:43","slug":"sea-views-marriage-proposal-huge-heart-mallorca","status":"publish","type":"product","link":"https:\/\/perfectvenue.es\/es\/product\/sea-views-marriage-proposal-huge-heart-mallorca\/","title":{"rendered":"Propuesta de matrimonio con un enorme coraz\u00f3n \u2013 Mallorca"},"content":{"rendered":"<p><\/p>\n<p style=\"text-align: justify;\">Haz que tu propuesta sea inolvidable con nuestra impresionante experiencia de propuesta de matrimonio con vistas al mar en Mallorca. Con el impresionante tel\u00f3n de fondo del Mediterr\u00e1neo, este rom\u00e1ntico escenario cuenta con una instalaci\u00f3n en forma de coraz\u00f3n gigante, que simboliza el amor que compart\u00eds.<\/p>\n<p style=\"text-align: justify;\">Situado en un acantilado privado o en una joya costera escondida, tendr\u00e1s unas vistas ininterrumpidas del mar mientras el sol comienza a ponerse, la hora dorada perfecta para ese \u00abs\u00ed\u00bb que cambiar\u00e1 tu vida. El espacio est\u00e1 bellamente decorado con velas, flores y toques personalizados para que el momento sea verdaderamente tuyo.<\/p>\n<h3>Qu\u00e9 incluye tu propuesta de matrimonio en Mallorca con un gran coraz\u00f3n floral:<\/h3>\n<ul>\n<li>Fot\u00f3grafo.<\/li>\n<li>Enorme coraz\u00f3n cubierto de rosas rojas o blancas.<\/li>\n<li>Alfombra roja o blanca.<\/li>\n<li>Decoraci\u00f3n con p\u00e9talos de rosa.<\/li>\n<li>Ramo de flores.<\/li>\n<li>Planificaci\u00f3n de la propuesta de matrimonio.<\/li>\n<\/ul>\n<p><strong>Precio desde: 1500\u20ac + IVA<\/strong><\/p>\n<h3>Puedes a\u00f1adir:<\/h3>\n<ul>\n<li>M\u00fasica en directo (guitarra o viol\u00edn)<\/li>\n<li>V\u00eddeo profesional<\/li>\n<li>Decoraci\u00f3n personalizada<\/li>\n<li>Picnic menu<\/li>\n<li>\u00a1Config\u00faralo como quieras!<\/li>\n<\/ul>\n<h3>Pago f\u00e1cil<\/h3>\n<p style=\"text-align: justify;\">Sabemos que este momento es muy importante, por eso nuestro equipo se encarga de cada detalle. Solo tienes que elegir la fecha y decirnos c\u00f3mo imaginas la propuesta de matrimonio en Mallorca con un gran coraz\u00f3n de flores. \u00a1Nosotros nos encargamos del resto!<\/p>\n<p style=\"text-align: justify;\">Puedes pagar un dep\u00f3sito de 750 euros para reservar el d\u00eda y el resto lo puedes pagar en efectivo el d\u00eda de la propuesta.<\/p>\n<p style=\"text-align: justify;\">Reserva tu propuesta con este paquete y vive la magia de un \u00abS\u00ed, quiero\u00bb \u00edntimo, rom\u00e1ntico e inolvidable. \u00a1Haz que este d\u00eda sea un recuerdo imborrable!<\/p>\n<p><em>*Las tarifas no son reembolsables si el evento se cancela por cualquier motivo.<\/em><\/p>\n<p>Fechas limitadas disponibles durante temporada alta.<\/p>","protected":false},"excerpt":{"rendered":"<p style=\"text-align: justify;\"><strong>Precio desde: 1.500 euros + IVA<\/strong>. Puedes pagar un dep\u00f3sito de 750 euros para reservar el d\u00eda y el resto lo puedes pagar en efectivo el d\u00eda de la propuesta.<\/p>\n","protected":false},"featured_media":50805,"comment_status":"closed","ping_status":"closed","template":"","meta":[],"class_list":["post-50469","product","type-product","status-publish","has-post-thumbnail","hentry","product_cat-marriage-proposal-packages","product_tag-huge-heart-proposal","product_tag-mallorca-proposal","product_tag-propuesta-de-matrimonio"],"_links":{"self":[{"href":"https:\/\/perfectvenue.es\/es\/wp-json\/wp\/v2\/product\/50469","targetHints":{"allow":["GET"]}}],"collection":[{"href":"https:\/\/perfectvenue.es\/es\/wp-json\/wp\/v2\/product"}],"about":[{"href":"https:\/\/perfectvenue.es\/es\/wp-json\/wp\/v2\/types\/product"}],"replies":[{"embeddable":true,"href":"https:\/\/perfectvenue.es\/es\/wp-json\/wp\/v2\/comments?post=50469"}],"wp:featuredmedia":[{"embeddable":true,"href":"https:\/\/perfectvenue.es\/es\/wp-json\/wp\/v2\/media\/50805"}],"wp:attachment":[{"href":"https:\/\/perfectvenue.es\/es\/wp-json\/wp\/v2\/media?parent=50469"}],"curies":[{"name":"wp","href":"https:\/\/api.w.org\/{rel}","templated":true}]}}