{"id":50297,"date":"2025-07-26T19:29:45","date_gmt":"2025-07-26T16:29:45","guid":{"rendered":"https:\/\/perfectvenue.es\/?post_type=product&#038;p=50297"},"modified":"2025-09-17T14:38:27","modified_gmt":"2025-09-17T11:38:27","slug":"engagement-bouquet","status":"publish","type":"product","link":"https:\/\/perfectvenue.es\/es\/product\/engagement-bouquet\/","title":{"rendered":"Ramo de flores para pedida de mano: sorprende con clase"},"content":{"rendered":"<p><\/p>\n<p style=\"text-align: justify;\">El ramo de flores para pedida de mano es un detalle muy especial y lleno de significado. Por eso, lo m\u00e1s importante es que refleje la personalidad de la persona que lo llevar\u00e1, as\u00ed como el estilo de la ocasi\u00f3n. Por ejemplo, si la propuesta es en un entorno rom\u00e1ntico y cl\u00e1sico, un ramo con rosas en tonos suaves como rosa, blanco o durazno puede ser la opci\u00f3n perfecta. Las rosas simbolizan amor y pasi\u00f3n, y su elegancia las hace ideales para momentos tan especiales.<\/p>\n<p style=\"text-align: justify;\">Por otro lado, si la propuesta tiene un toque m\u00e1s natural y espont\u00e1neo, un ramo con flores silvestres, hortensias, lavanda o eucalipto puede aportar ese aire fresco y desenfadado. Estas flores transmiten sencillez y autenticidad, ideales para parejas que disfrutan de la naturaleza y la sencillez. Adem\u00e1s, los ramos con elementos naturales y r\u00fasticos suelen ser muy bonitos y llenos de car\u00e1cter, perfectos para una pedida de mano en un entorno al aire libre o en un lugar con encanto.<\/p>\n<p style=\"text-align: justify;\">El tama\u00f1o y la forma del ramo tambi\u00e9n son importantes. Para una propuesta \u00edntima, un ramo peque\u00f1o y delicado puede ser m\u00e1s apropiado, mientras que para una pedida m\u00e1s elaborada o en un lugar especial, un ramo m\u00e1s grande y llamativo puede hacer que el momento sea a\u00fan m\u00e1s memorable. La forma del ramo puede variar desde un estilo m\u00e1s cl\u00e1sico y redondo hasta uno m\u00e1s alargado o en cascada, dependiendo del estilo personal y del vestido que lleve la persona.<\/p>\n<p style=\"text-align: justify;\">Por \u00faltimo, no olvides que el color y las flores deben complementar la personalidad y el estilo de la persona que lo llevar\u00e1, as\u00ed como la tem\u00e1tica de la propuesta. Un ramo bien elegido puede hacer que ese momento sea a\u00fan m\u00e1s emotivo, creando un recuerdo imborrable para ambos.<\/p>\n<p>\u00a1Te decimos las mejores opciones!<\/p>\n<h3>1. Ramo de flores para pedida de mano cl\u00e1sico:<\/h3>\n<p style=\"text-align: justify;\">Si buscas algo tradicional y elegante, un ramo cl\u00e1sico con rosas blancas o rojas es perfecto. Es sencillo, sofisticado y simboliza amor y pureza, adem\u00e1s de lujo y clase. Es ideal para una ocasi\u00f3n tan especial. \u00a1Nunca pasa de moda!<\/p>\n<h3 style=\"text-align: justify;\">2. Ramo de flores para pedida de mano boho:<\/h3>\n<p style=\"text-align: justify;\">Si prefieres un estilo m\u00e1s relajado y natural, un ramo boho es ideal. Puedes optar por flores como hortensias, peon\u00edas, eucalipto y flores silvestres en tonos suaves y naturales. Este estilo combina perfectamente con un entorno playero y un ambiente rom\u00e1ntico y desenfadado.<\/p>\n<h3 style=\"text-align: justify;\">3. Ramo de flores para pedida de mano r\u00fastico:<\/h3>\n<p style=\"text-align: justify;\">Para quienes aman la naturaleza, las flores de campo como la lavanda, los girasoles y otros elementos naturales son perfectos para bodas campestres o en entornos rurales. Es una opci\u00f3n sencilla, pero realmente encantadora y llena de car\u00e1cter. \u00a1Le encantar\u00e1 a tu chica!<\/p>\n<h3 style=\"text-align: justify;\">4. Ramo de flores para pedida de mano vintage:<\/h3>\n<p style=\"text-align: justify;\">Para las m\u00e1s rom\u00e1nticas, puedes elegir un ramo de flores para pedida de mano vintage, con flores en tonos pastel o sepia, detalles envejecidos o con toques de encaje y cintas antiguas, perfecto para bodas con un aire nost\u00e1lgico.<\/p>\n<h3 style=\"text-align: justify;\">5. Ramo de flores para pedida de mano minimalista:<\/h3>\n<p style=\"text-align: justify;\">Con flores en formas sencillas, l\u00edneas limpias y en tonos neutros, es ideal para bodas contempor\u00e1neas y elegantes. Tambi\u00e9n se puede optar por a\u00f1adir una \u00fanica flor. \u00a1Menos es m\u00e1s!<\/p>\n<h3 style=\"text-align: justify;\">6. Ramo de flores para pedida de mano tropical:<\/h3>\n<p style=\"text-align: justify;\">Con flores ex\u00f3ticas, hojas grandes y colores vibrantes, este ramo de flores para pedida de mano tropical es perfecto para propuestas elaboradas en destinos c\u00e1lidos o con tem\u00e1tica ex\u00f3tica. \u00a1Acorde con el lugar!<\/p>\n<p><strong>Precio ramo b\u00e1sico: a partir de 50\u20ac + IVA.<\/strong><\/p>\n<h3>Precio<\/h3>\n<p style=\"text-align: justify;\">Cada ramo b\u00e1sico es a partir de 50\u20ac + IVA. Sin embargo, si deseas algo m\u00e1s personalizado, puedes a\u00f1adir medallas, cintas, flores y texturas de envoltorio.<strong> Precio a consultar.<\/strong><\/p>\n<p>Los ramos pueden ser de rosas o de la flor que m\u00e1s le guste a tu chica. Tambi\u00e9n ofrecemos un ramo de lujo con 200 rosas, \u00a1ideal para una ocasi\u00f3n especial!<\/p>\n<p>Por eso, haz que tu ramo de flores para pedida de mano sea un recuerdo inigualable.<\/p>","protected":false},"excerpt":{"rendered":"<p style=\"text-align: justify;\">Haga que su propuesta sea inolvidable con este impresionante ramo, cuidadosamente elaborado para expresar la profundidad de su amor. <strong>Precio a partir de 50\u20ac + IVA.<\/strong><\/p>\n","protected":false},"featured_media":50285,"comment_status":"closed","ping_status":"closed","template":"","meta":[],"class_list":["post-50297","product","type-product","status-publish","has-post-thumbnail","hentry","product_cat-marriage-proposal-packages","product_tag-ramo-de-flores-para-pedida-de-mano","product_tag-ramo-de-flores-para-pedida-de-mano-2026","product_tag-ramo-de-flores-para-pedida-de-mano-elegante"],"_links":{"self":[{"href":"https:\/\/perfectvenue.es\/es\/wp-json\/wp\/v2\/product\/50297","targetHints":{"allow":["GET"]}}],"collection":[{"href":"https:\/\/perfectvenue.es\/es\/wp-json\/wp\/v2\/product"}],"about":[{"href":"https:\/\/perfectvenue.es\/es\/wp-json\/wp\/v2\/types\/product"}],"replies":[{"embeddable":true,"href":"https:\/\/perfectvenue.es\/es\/wp-json\/wp\/v2\/comments?post=50297"}],"wp:featuredmedia":[{"embeddable":true,"href":"https:\/\/perfectvenue.es\/es\/wp-json\/wp\/v2\/media\/50285"}],"wp:attachment":[{"href":"https:\/\/perfectvenue.es\/es\/wp-json\/wp\/v2\/media?parent=50297"}],"curies":[{"name":"wp","href":"https:\/\/api.w.org\/{rel}","templated":true}]}}