{"id":50252,"date":"2025-07-24T12:36:43","date_gmt":"2025-07-24T09:36:43","guid":{"rendered":"https:\/\/perfectvenue.es\/?post_type=product&#038;p=50252"},"modified":"2025-07-29T17:20:35","modified_gmt":"2025-07-29T14:20:35","slug":"proposal-in-ibiza-with-sea-views","status":"publish","type":"product","link":"https:\/\/perfectvenue.es\/es\/product\/proposal-in-ibiza-with-sea-views\/","title":{"rendered":"Pedida de mano en Ibiza con vistas al mar \u00a1un recuerdo en el para\u00edso!"},"content":{"rendered":"<p><\/p>\n<p style=\"text-align: justify;\"><span style=\"font-weight: 400;\">\u00bfTe quieres casar este a\u00f1o, te encanta Ibiza y necesitas una idea diferente? \u00a1Est\u00e1s de suerte! Puedes hacer tu pedida de mano en Ibiza con vistas al mar y un coraz\u00f3n gigante floral. \u00bfNo suena ideal?<\/span><\/p>\n<p style=\"text-align: justify;\"><span style=\"font-weight: 400;\">La isla es famosa por su belleza natural, su vibrante energ\u00eda y sus impresionantes vistas al mar Mediterr\u00e1neo. Solo hace falta un rinc\u00f3n especial, preparado con mucho mimo y atenci\u00f3n al detalle, para que tu pedida de mano en Ibiza con vistas al mar sea perfecta.<\/span><\/p>\n<p style=\"text-align: justify;\"><span style=\"font-weight: 400;\">Nuestro servicio incluye un coraz\u00f3n de flores gigante de 2 metros de altura y arreglos florales de 1 metro a cada lado del coraz\u00f3n, adem\u00e1s de su montaje y desmontaje<\/span><span style=\"font-weight: 400;\">. <\/span><span style=\"font-weight: 400;\">Tambi\u00e9n un picnic que puedes personalizar a tu gusto. Por eso, con la vista panor\u00e1mica del oc\u00e9ano, combinada con la belleza de la decoraci\u00f3n, se crea un escenario de ensue\u00f1o.<\/span><\/p>\n<p style=\"text-align: justify;\"><span style=\"font-weight: 400;\">Adem\u00e1s, para que todo sea a\u00fan m\u00e1s perfecto, puedes a\u00f1adir m\u00fasica en directo, tal como un viol\u00edn o guitarra, video profesional y decoraci\u00f3n complementaria personalizada. Tambi\u00e9n pueden acompa\u00f1arte amigos y familiares, para que te ayuden con todo aquello que necesites en un momento tan emotivo.<\/span><\/p>\n<p style=\"text-align: justify;\"><span style=\"font-weight: 400;\">De este modo, tras tu pedida de mano en Ibiza con vistas al mar pod\u00e9is continuar con la celebraci\u00f3n yendo a cenar o incluso disfrutando de la luz de la luna que acompa\u00f1a a la ciudad. Con este servicio la pareja se olvida del estr\u00e9s a\u00f1adido y se limita a vivir un momento inolvidable.\u00a0<\/span><\/p>\n<p style=\"text-align: justify;\"><span style=\"font-weight: 400;\">\u00a1No lo pienses m\u00e1s!<\/span><\/p>\n<h3 style=\"text-align: justify;\"><span style=\"font-weight: 400;\">Lo que incluye tu pedida de mano en Ibiza con vistas al mar:<\/span><\/h3>\n<ul style=\"text-align: justify;\">\n<li style=\"font-weight: 400;\" aria-level=\"1\"><span style=\"font-weight: 400;\">Decoraci\u00f3n b\u00e1sica\u00a0<\/span><\/li>\n<li style=\"font-weight: 400;\" aria-level=\"1\"><span style=\"font-weight: 400;\">Fot\u00f3grafo profesional<\/span><\/li>\n<li style=\"font-weight: 400;\" aria-level=\"1\"><span style=\"font-weight: 400;\">Coraz\u00f3n enorme personalizado<\/span><\/li>\n<li style=\"font-weight: 400;\" aria-level=\"1\"><span style=\"font-weight: 400;\">Montaje y desmontaje<\/span><\/li>\n<li style=\"font-weight: 400;\" aria-level=\"1\"><span style=\"font-weight: 400;\">Picnic<\/span><\/li>\n<li style=\"font-weight: 400;\" aria-level=\"1\"><span style=\"font-weight: 400;\">Organizaci\u00f3n de la propuesta de matrimonio<\/span><\/li>\n<\/ul>\n<p style=\"text-align: justify;\"><b>Precio: a partir de 1390\u20ac<\/b><\/p>\n<h3 style=\"text-align: justify;\"><span style=\"font-weight: 400;\">Se puede a\u00f1adir:<\/span><\/h3>\n<ul style=\"text-align: justify;\">\n<li style=\"font-weight: 400;\" aria-level=\"1\"><span style=\"font-weight: 400;\">M\u00fasica en directo (guitarra o viol\u00edn)<\/span><\/li>\n<li style=\"font-weight: 400;\" aria-level=\"1\"><span style=\"font-weight: 400;\">Video profesional<\/span><\/li>\n<li style=\"font-weight: 400;\" aria-level=\"1\"><span style=\"font-weight: 400;\">Decoraci\u00f3n complementaria personalizada<\/span><\/li>\n<li style=\"font-weight: 400;\" aria-level=\"1\"><span style=\"font-weight: 400;\">Menaje para comer y beber<\/span><\/li>\n<li style=\"font-weight: 400;\" aria-level=\"1\"><span style=\"font-weight: 400;\">\u00a1Configuralo como t\u00fa quieras!<\/span><\/li>\n<\/ul>\n<h3 style=\"text-align: justify;\"><span style=\"font-weight: 400;\">Facilidad de pago<\/span><\/h3>\n<p style=\"text-align: justify;\"><span style=\"font-weight: 400;\">Sabemos que este momento es muy importante, por eso nuestro equipo se encarga de cada detalle. T\u00fa solo tienes que elegir la fecha y decirnos c\u00f3mo imaginas la pedida de mano en Ibiza con vistas al mar. \u00a1Nosotros nos encargamos del resto!<\/span><\/p>\n<p style=\"text-align: justify;\"><span style=\"font-weight: 400;\">Reserva tu pedida de mano con este pack y vive la magia de un &#8220;s\u00ed, quiero&#8221; \u00edntimo, rom\u00e1ntico e inolvidable. \u00a1Haz de este d\u00eda un recuerdo eterno!<\/span><\/p>\n<p style=\"text-align: justify;\"><span style=\"font-weight: 400;\">*Las tarifas no son reembolsables si el evento se cancela por cualquier motivo.<\/span><\/p>\n<p><\/p>","protected":false},"excerpt":{"rendered":"<p style=\"text-align: justify;\"><span style=\"font-weight: 400;\">Sorprende a tu pareja con una pedida de mano en Ibiza con vistas al mar, elegante y rom\u00e1ntico en una de las islas m\u00e1s bellas del pa\u00eds. <\/span><b>Precio m\u00ednimo de 1390\u20ac. Es necesario formalizar la reserva con un adelanto.<\/b><\/p>\n","protected":false},"featured_media":50238,"comment_status":"closed","ping_status":"closed","template":"","meta":[],"class_list":["post-50252","product","type-product","status-publish","has-post-thumbnail","hentry","product_cat-marriage-proposal-packages","product_tag-pedida-de-mano-en-ibiza-con-vistas-al-mar","product_tag-pedida-de-mano-en-ibiza-con-vistas-al-mar-2026","product_tag-pedida-de-mano-en-ibiza-con-vistas-al-mar-elegante"],"_links":{"self":[{"href":"https:\/\/perfectvenue.es\/es\/wp-json\/wp\/v2\/product\/50252","targetHints":{"allow":["GET"]}}],"collection":[{"href":"https:\/\/perfectvenue.es\/es\/wp-json\/wp\/v2\/product"}],"about":[{"href":"https:\/\/perfectvenue.es\/es\/wp-json\/wp\/v2\/types\/product"}],"replies":[{"embeddable":true,"href":"https:\/\/perfectvenue.es\/es\/wp-json\/wp\/v2\/comments?post=50252"}],"wp:featuredmedia":[{"embeddable":true,"href":"https:\/\/perfectvenue.es\/es\/wp-json\/wp\/v2\/media\/50238"}],"wp:attachment":[{"href":"https:\/\/perfectvenue.es\/es\/wp-json\/wp\/v2\/media?parent=50252"}],"curies":[{"name":"wp","href":"https:\/\/api.w.org\/{rel}","templated":true}]}}