{"id":50233,"date":"2025-07-24T12:40:07","date_gmt":"2025-07-24T09:40:07","guid":{"rendered":"https:\/\/perfectvenue.es\/?post_type=product&#038;p=50233"},"modified":"2026-03-10T15:03:17","modified_gmt":"2026-03-10T12:03:17","slug":"proposal-on-the-beach-in-marbella-with-rose-petals","status":"publish","type":"product","link":"https:\/\/perfectvenue.es\/es\/product\/proposal-on-the-beach-in-marbella-with-rose-petals\/","title":{"rendered":"Pedida de mano en la playa de Marbella con p\u00e9talos de rosa \u00a1super rom\u00e1ntico!"},"content":{"rendered":"<p><\/p>\n<p style=\"text-align: justify;\"><span style=\"font-weight: 400;\">\u00bfEst\u00e1s pensando en comprometerte y no sabes c\u00f3mo hacerlo? Pues una pedida de mano en la playa de Marbella con p\u00e9talos de rosa es la opci\u00f3n perfecta para sorprender a tu pareja. La atm\u00f3sfera es rom\u00e1ntica y elegante, dise\u00f1ada para hacer que cada segundo sea memorable.<\/span><\/p>\n<p style=\"text-align: justify;\"><span style=\"font-weight: 400;\">Con muy poco puedes hacer una velada de ensue\u00f1o. Este servicio incluye fot\u00f3grafo profesional, p\u00e9talos de rosa, flores, planificaci\u00f3n de matrimonio y espacio privado solo para ellos, adem\u00e1s de botella de cava con copas. \u00a1Super rom\u00e1ntico!<\/span><\/p>\n<p style=\"text-align: justify;\"><span style=\"font-weight: 400;\">Adem\u00e1s, para que tu pedida de mano en la playa de Marbella con p\u00e9talos de rosa sea un \u00e9xito, tambi\u00e9n puedes a\u00f1adir m\u00fasica en directo, tal como guitarra o viol\u00edn. Incluso decoraci\u00f3n al gusto, video profesional, transfer y picnic.\u00a0<\/span><\/p>\n<p style=\"text-align: justify;\"><span style=\"font-weight: 400;\">Este escenario en la playa de Marbella, con p\u00e9talos de rosa y la magia del atardecer, ser\u00e1 un recuerdo imborrable en sus corazones, un comienzo perfecto para una nueva etapa llena de amor, sue\u00f1os y promesas. Sin duda, una pedida de mano que quedar\u00e1 grabada en la memoria como uno de los momentos m\u00e1s hermosos de sus vidas.<\/span><\/p>\n<h3 style=\"text-align: justify;\"><span style=\"font-weight: 400;\">Lo que incluye tu pedida de mano en la playa de Marbella con p\u00e9talos de rosa:\u00a0<\/span><\/h3>\n<ul style=\"text-align: justify;\">\n<li style=\"font-weight: 400;\" aria-level=\"1\"><span style=\"font-weight: 400;\">\u2060\u2060Fot\u00f3grafo\u00a0<\/span><\/li>\n<li style=\"font-weight: 400;\" aria-level=\"1\"><span style=\"font-weight: 400;\">Coraz\u00f3n de p\u00e9talos de rosas<\/span><\/li>\n<li style=\"font-weight: 400;\" aria-level=\"1\"><span style=\"font-weight: 400;\">Organizaci\u00f3n<\/span><\/li>\n<\/ul>\n<p style=\"text-align: justify;\"><b>Precio desde: 380\u20ac <strong>+ IVA<\/strong><\/b><\/p>\n<p style=\"text-align: justify;\"><b>(160\u20ac se paga en dep\u00f3sito y el mismo d\u00eda de la pedida puede pagar el resto en efectivo 220\u20ac)<\/b><\/p>\n<h3 style=\"text-align: justify;\"><span style=\"font-weight: 400;\">Se puede a\u00f1adir:<\/span><\/h3>\n<ul style=\"text-align: justify;\">\n<li style=\"font-weight: 400;\" aria-level=\"1\"><span style=\"font-weight: 400;\">Decoraci\u00f3n <\/span><span style=\"font-weight: 400;\">personalizada<\/span><\/li>\n<li aria-level=\"1\">Letras Marry me<\/li>\n<li style=\"font-weight: 400;\" aria-level=\"1\"><span style=\"font-weight: 400;\">M\u00fasica en directo (guitarra o viol\u00edn)\u00a0<\/span><\/li>\n<li style=\"font-weight: 400;\" aria-level=\"1\"><span style=\"font-weight: 400;\">Picnic personalizado<\/span><\/li>\n<li style=\"font-weight: 400;\" aria-level=\"1\"><span style=\"font-weight: 400;\">Video profesional<\/span><\/li>\n<li style=\"font-weight: 400;\" aria-level=\"1\"><span style=\"font-weight: 400;\">Transporte\u00a0<\/span><\/li>\n<li style=\"font-weight: 400;\" aria-level=\"1\"><span style=\"font-weight: 400;\">\u00a1Config\u00faralo como t\u00fa quieras!<\/span><\/li>\n<\/ul>\n<h3 style=\"text-align: justify;\"><span style=\"font-weight: 400;\">Facilidad de pago<\/span><\/h3>\n<p style=\"text-align: justify;\"><span style=\"font-weight: 400;\">Desde el primer contacto, nuestro equipo se encarga de todo. Dise\u00f1amos tu pedida de mano en la playa de Marbella con p\u00e9talos de rosa con mucho mimo, atenci\u00f3n al detalle y profesionalidad, para que t\u00fa solo tengas que concentrarte en lo importante: el romanticismo.<\/span><\/p>\n<p style=\"text-align: justify;\"><span style=\"font-weight: 400;\">Disfruta de una experiencia exclusiva, en un lugar \u00edntimo y rom\u00e1ntico.<\/span><\/p>\n<p style=\"text-align: justify;\"><span style=\"font-weight: 400;\">\u00a1Comodidad para ti!<\/span><\/p>\n<p style=\"text-align: justify;\"><span style=\"font-weight: 400;\">*Las tarifas no son reembolsables si el evento se cancela por cualquier motivo.<\/span><\/p>\n<p><\/p>","protected":false},"excerpt":{"rendered":"<p style=\"text-align: justify;\"><span style=\"font-weight: 400;\">Sorprende a tu pareja con una pedida de mano en la playa de Marbella con p\u00e9talos de rosa para dos personas con vistas incre\u00edbles. \u00a1Crea el escenario perfecto para tu pedida! <\/span><b>Precio desde: 380\u20ac + IVA. Dep\u00f3sito son 160\u20ac.<\/b><\/p>\n","protected":false},"featured_media":52249,"comment_status":"closed","ping_status":"closed","template":"","meta":[],"class_list":["post-50233","product","type-product","status-publish","has-post-thumbnail","hentry","product_cat-marriage-proposal-packages","product_tag-marriage-proposal-marbella","product_tag-pedida-de-mano-en-la-playa-de-marbella-con-petalos-de-rosa","product_tag-pedida-de-mano-en-la-playa-de-marbella-con-petalos-de-rosa-2026","product_tag-pedida-de-mano-en-la-playa-de-marbella-con-petalos-de-rosa-con-vistas-increibles"],"_links":{"self":[{"href":"https:\/\/perfectvenue.es\/es\/wp-json\/wp\/v2\/product\/50233","targetHints":{"allow":["GET"]}}],"collection":[{"href":"https:\/\/perfectvenue.es\/es\/wp-json\/wp\/v2\/product"}],"about":[{"href":"https:\/\/perfectvenue.es\/es\/wp-json\/wp\/v2\/types\/product"}],"replies":[{"embeddable":true,"href":"https:\/\/perfectvenue.es\/es\/wp-json\/wp\/v2\/comments?post=50233"}],"wp:featuredmedia":[{"embeddable":true,"href":"https:\/\/perfectvenue.es\/es\/wp-json\/wp\/v2\/media\/52249"}],"wp:attachment":[{"href":"https:\/\/perfectvenue.es\/es\/wp-json\/wp\/v2\/media?parent=50233"}],"curies":[{"name":"wp","href":"https:\/\/api.w.org\/{rel}","templated":true}]}}