{"id":50212,"date":"2025-05-19T14:39:11","date_gmt":"2025-05-19T11:39:11","guid":{"rendered":"https:\/\/perfectvenue.es\/?post_type=product&#038;p=50212"},"modified":"2025-07-18T14:39:25","modified_gmt":"2025-07-18T11:39:25","slug":"destination-wedding-planner-course-in-barcelona","status":"publish","type":"product","link":"https:\/\/perfectvenue.es\/es\/product\/destination-wedding-planner-course-in-barcelona\/","title":{"rendered":"Curso de Destination Wedding Planner en Barcelona: Intensivo y expr\u00e9s en un solo fin de semana"},"content":{"rendered":"<p><\/p>\n<p style=\"text-align: justify;\"><span style=\"font-weight: 400;\">\u00bfTe imaginas combinar tu pasi\u00f3n por las bodas con tu amor por descubrir nuevos destinos? Si organizar celebraciones \u00fanicas en rincones espectaculares del mundo es tu sue\u00f1o, este curso de <\/span><b>destination wedding planner en Barcelona<\/b><span style=\"font-weight: 400;\"> es tu puerta de entrada a una carrera apasionante.<\/span><\/p>\n<p style=\"text-align: justify;\"><span style=\"font-weight: 400;\">Pensado para quienes tienen poco tiempo y muchas ganas de emprender en el mundo nupcial internacional, esta formaci\u00f3n expr\u00e9s te permite adquirir conocimientos clave en tan solo un fin de semana. Y lo mejor: disfrutar\u00e1s de pr\u00e1cticas reales durante 12 meses. Aprende hoy y empieza a trabajar en bodas internacionales ma\u00f1ana mismo.<\/span><\/p>\n<h2 style=\"text-align: justify;\"><span style=\"font-weight: 400;\">\u00bfQu\u00e9 es una Destination Wedding y por qu\u00e9 deber\u00edas especializarte ahora?<\/span><\/h2>\n<p style=\"text-align: justify;\"><span style=\"font-weight: 400;\">Las <\/span><b>bodas destino<\/b><span style=\"font-weight: 400;\"> son ceremonias que se celebran en lugares diferentes al de residencia de los novios: desde islas paradis\u00edacas hasta ciudades con encanto cultural. Esta modalidad est\u00e1 en auge y cada vez m\u00e1s parejas buscan profesionales que puedan organizar su gran d\u00eda en otro pa\u00eds o ciudad.<\/span><\/p>\n<p style=\"text-align: justify;\"><span style=\"font-weight: 400;\">Con nuestro <\/span><b>curso de destination wedding planner en Barcelona<\/b><span style=\"font-weight: 400;\">, aprender\u00e1s a dominar cada etapa del proceso: desde la planificaci\u00f3n inicial hasta la coordinaci\u00f3n en terreno, sin importar el pa\u00eds en el que se celebre. Una profesi\u00f3n apasionante que une creatividad, log\u00edstica y aventura.<\/span><\/p>\n<h2 style=\"text-align: justify;\"><span style=\"font-weight: 400;\">Formaci\u00f3n expr\u00e9s en fin de semana<\/span><\/h2>\n<p style=\"text-align: justify;\"><span style=\"font-weight: 400;\">Este curso ha sido dise\u00f1ado para mujeres decididas, creativas y con poco tiempo libre. La formaci\u00f3n se concentra en tres jornadas intensivas en Barcelona, permiti\u00e9ndote absorber todo lo necesario para empezar a trabajar en este sector de inmediato:<\/span><\/p>\n<p style=\"text-align: justify;\"><b>Ubicaci\u00f3n<\/b><span style=\"font-weight: 400;\">: Barcelona<\/span><span style=\"font-weight: 400;\"><br \/>\n<\/span><b>Horario<\/b><span style=\"font-weight: 400;\">:<\/span><span style=\"font-weight: 400;\"><br \/>\n<\/span><\/p>\n<ul>\n<li style=\"text-align: justify;\"><span style=\"font-weight: 400;\">Viernes de 16:00 a 21:00<\/span><span style=\"font-weight: 400;\"><br \/>\n<\/span><\/li>\n<li style=\"text-align: justify;\"><span style=\"font-weight: 400;\">S\u00e1bado jornada completa<\/span><span style=\"font-weight: 400;\"><br \/>\n<\/span><\/li>\n<li style=\"text-align: justify;\"><span style=\"font-weight: 400;\">Domingo hasta las 14:00<\/span><\/li>\n<\/ul>\n<p style=\"text-align: justify;\"><span style=\"font-weight: 400;\">En solo un fin de semana, obtendr\u00e1s una base s\u00f3lida y pr\u00e1ctica para lanzarte al mundo de las bodas destino.<\/span><\/p>\n<h2 style=\"text-align: justify;\"><span style=\"font-weight: 400;\">Menos teor\u00eda, m\u00e1s acci\u00f3n (\u00a1y recursos exclusivos!)<\/span><\/h2>\n<p style=\"text-align: justify;\"><span style=\"font-weight: 400;\">Esta formaci\u00f3n no se basa en largas sesiones de teor\u00eda ni en interminables presentaciones. El <\/span><b>curso de destination wedding planner en Barcelona<\/b><span style=\"font-weight: 400;\"> te ofrece una experiencia formativa din\u00e1mica, donde la pr\u00e1ctica es protagonista:<\/span><\/p>\n<ul style=\"text-align: justify;\">\n<li style=\"font-weight: 400;\" aria-level=\"1\"><span style=\"font-weight: 400;\">Plantillas y documentos profesionales para usar desde el primer d\u00eda: presupuestos, cronogramas, propuestas, checklists, y m\u00e1s.<\/span><\/li>\n<li style=\"font-weight: 400;\" aria-level=\"1\"><span style=\"font-weight: 400;\">Casos reales para analizar y resolver.<\/span><\/li>\n<li style=\"font-weight: 400;\" aria-level=\"1\"><span style=\"font-weight: 400;\">Ejercicios pr\u00e1cticos de planificaci\u00f3n.<\/span><\/li>\n<li style=\"font-weight: 400;\" aria-level=\"1\"><span style=\"font-weight: 400;\">Simulaciones y role-plays.<\/span><\/li>\n<li style=\"font-weight: 400;\" aria-level=\"1\"><span style=\"font-weight: 400;\">Acceso al calendario de bodas y eventos reales para pr\u00e1cticas.<\/span><\/li>\n<\/ul>\n<p style=\"text-align: justify;\"><span style=\"font-weight: 400;\">Adem\u00e1s, aprender\u00e1s c\u00f3mo montar tu propio negocio, posicionarte en el mercado, captar clientes internacionales y gestionar toda la log\u00edstica de una boda en el extranjero.<\/span><\/p>\n<h2 style=\"text-align: justify;\"><span style=\"font-weight: 400;\">12 meses de pr\u00e1cticas en eventos reales<\/span><\/h2>\n<p style=\"text-align: justify;\"><span style=\"font-weight: 400;\">Una de las ventajas m\u00e1s valiosas de este curso es la <\/span><b>posibilidad de participar en bodas reales durante todo un a\u00f1o<\/b><span style=\"font-weight: 400;\">. Tendr\u00e1s acceso a un calendario exclusivo donde podr\u00e1s elegir eventos para hacer pr\u00e1cticas seg\u00fan tu disponibilidad e intereses.<\/span><\/p>\n<p style=\"text-align: justify;\"><span style=\"font-weight: 400;\">Esto te permitir\u00e1 ganar experiencia directa, ampliar tu red de contactos, construir un portfolio profesional y vivir el d\u00eda a d\u00eda real de una destination wedding planner.<\/span><\/p>\n<h2 style=\"text-align: justify;\"><span style=\"font-weight: 400;\">\u00bfA qui\u00e9n est\u00e1 dirigido este curso de destination wedding planner en Barcelona?<\/span><\/h2>\n<p style=\"text-align: justify;\"><span style=\"font-weight: 400;\">Este programa est\u00e1 pensado para ti si:<\/span><\/p>\n<ul style=\"text-align: justify;\">\n<li style=\"font-weight: 400;\" aria-level=\"1\"><span style=\"font-weight: 400;\">Sue\u00f1as con trabajar organizando bodas en el extranjero o en destinos \u00fanicos.<\/span><\/li>\n<li style=\"font-weight: 400;\" aria-level=\"1\"><span style=\"font-weight: 400;\">Quieres una formaci\u00f3n intensiva, directa y \u00fatil.<\/span><\/li>\n<li style=\"font-weight: 400;\" aria-level=\"1\"><span style=\"font-weight: 400;\">No tienes tiempo para cursos largos pero deseas resultados concretos.<\/span><\/li>\n<li style=\"font-weight: 400;\" aria-level=\"1\"><span style=\"font-weight: 400;\">Te apasiona el universo de las bodas y los viajes.<\/span><\/li>\n<li style=\"font-weight: 400;\" aria-level=\"1\"><span style=\"font-weight: 400;\">Est\u00e1s lista para lanzarte a un nuevo camino profesional con proyecci\u00f3n internacional.<\/span><\/li>\n<\/ul>\n<h2 style=\"text-align: justify;\"><span style=\"font-weight: 400;\">\u00bfQu\u00e9 incluye el curso?<\/span><\/h2>\n<ul style=\"text-align: justify;\">\n<li style=\"font-weight: 400;\" aria-level=\"1\"><span style=\"font-weight: 400;\">Formaci\u00f3n intensiva presencial en Barcelona.<\/span><\/li>\n<li style=\"font-weight: 400;\" aria-level=\"1\"><span style=\"font-weight: 400;\">Plantillas editables y materiales descargables.<\/span><\/li>\n<li style=\"font-weight: 400;\" aria-level=\"1\"><span style=\"font-weight: 400;\">Acceso a pr\u00e1cticas reales durante un a\u00f1o.<\/span><\/li>\n<li style=\"font-weight: 400;\" aria-level=\"1\"><span style=\"font-weight: 400;\">Opci\u00f3n de paquetes con mentor\u00edas personalizadas.<\/span><\/li>\n<li style=\"font-weight: 400;\" aria-level=\"1\"><span style=\"font-weight: 400;\">Certificado oficial de asistencia.<\/span><\/li>\n<\/ul>\n<h2 style=\"text-align: justify;\"><span style=\"font-weight: 400;\">Transforma tu pasi\u00f3n por los viajes y las bodas en una carrera profesional<\/span><\/h2>\n<p style=\"text-align: justify;\"><span style=\"font-weight: 400;\">Si sue\u00f1as con organizar bodas en escenarios de pel\u00edcula \u2014desde vi\u00f1edos en Italia hasta playas caribe\u00f1as o castillos europeos\u2014, este <\/span><b>curso de destination wedding planner en Barcelona<\/b><span style=\"font-weight: 400;\"> es el primer paso.<\/span><\/p>\n<p style=\"text-align: justify;\"><span style=\"font-weight: 400;\">Est\u00e1 dise\u00f1ado para ayudarte a construir una carrera rentable, creativa y con libertad geogr\u00e1fica. Aprender\u00e1s a gestionar bodas desde cero, coordinar equipos internacionales, entender el marketing de este nicho y trabajar en destinos so\u00f1ados alrededor del mundo.<\/span><\/p>\n<p style=\"text-align: justify;\"><span style=\"font-weight: 400;\">Todo esto en un fin de semana, con acceso a herramientas listas para usar y la oportunidad de ganar experiencia pr\u00e1ctica real durante un a\u00f1o completo.<\/span><\/p>\n<h2 style=\"text-align: justify;\"><span style=\"font-weight: 400;\">\u00bfPor qu\u00e9 elegir este curso?<\/span><\/h2>\n<p style=\"text-align: justify;\"><span style=\"font-weight: 400;\">Sabemos que hay muchas opciones en el mercado, pero este <\/span><b>curso de destination wedding planner en Barcelona<\/b><span style=\"font-weight: 400;\"> se distingue por su enfoque 100% pr\u00e1ctico y orientado a resultados. M\u00e1s que una formaci\u00f3n, es un trampol\u00edn para tu carrera.<\/span><\/p>\n<h3 style=\"text-align: justify;\"><span style=\"font-weight: 400;\">Experiencia internacional real<\/span><\/h3>\n<p style=\"text-align: justify;\"><span style=\"font-weight: 400;\">El contenido ha sido creado por profesionales que llevan a\u00f1os organizando bodas fuera de Espa\u00f1a. Aprender\u00e1s de su experiencia, sus errores y sus mejores consejos para moverte con soltura en este sector global.<\/span><\/p>\n<h3 style=\"text-align: justify;\"><span style=\"font-weight: 400;\">Herramientas listas para aplicar<\/span><\/h3>\n<p style=\"text-align: justify;\"><span style=\"font-weight: 400;\">Desde el primer d\u00eda, tendr\u00e1s acceso a documentos, procesos y plantillas que puedes adaptar y usar con tus propios clientes. No hablamos de teor\u00eda vac\u00eda: hablamos de lo que realmente funciona en el d\u00eda a d\u00eda.<\/span><\/p>\n<h3 style=\"text-align: justify;\"><span style=\"font-weight: 400;\">Acompa\u00f1amiento continuo<\/span><\/h3>\n<p style=\"text-align: justify;\"><span style=\"font-weight: 400;\">Al finalizar el curso, seguir\u00e1s contando con nuestro apoyo. Podr\u00e1s asistir a bodas reales para hacer pr\u00e1cticas, y dependiendo del paquete que elijas, recibir consultor\u00edas personalizadas para resolver tus dudas y avanzar con seguridad en tu emprendimiento.<\/span><\/p>\n<p style=\"text-align: justify;\"><span style=\"font-weight: 400;\">Adem\u00e1s, formar\u00e1s parte de una comunidad activa de alumnas y profesionales del sector con quienes podr\u00e1s compartir experiencias y seguir aprendiendo.<\/span><\/p>\n<h2 style=\"text-align: justify;\"><span style=\"font-weight: 400;\">Haz realidad tu sue\u00f1o hoy<\/span><\/h2>\n<p style=\"text-align: justify;\"><span style=\"font-weight: 400;\">Si te ves organizando bodas en la Riviera Maya, en castillos medievales o entre los vi\u00f1edos de la Toscana, este curso te prepara para hacerlo realidad.<\/span><\/p>\n<p style=\"text-align: justify;\"><span style=\"font-weight: 400;\">Empieza tu camino como <\/span><b>destination wedding planner en Barcelona<\/b><span style=\"font-weight: 400;\"> y convi\u00e9rtete en una profesional capaz de trabajar desde cualquier parte del mundo.<\/span><\/p>\n<p style=\"text-align: justify;\"><span style=\"font-weight: 400;\">Las plazas son limitadas, as\u00ed que\u2026<\/span><span style=\"font-weight: 400;\"><br \/>\n<\/span> <b>\u00a1Reserva tu lugar y comienza tu nueva aventura profesional ahora!<\/b><\/p>\n<p><\/p>","protected":false},"excerpt":{"rendered":"<p style=\"text-align: justify;\"><span style=\"font-weight: 400;\">Empieza tu camino como <\/span><b>destination wedding planner en Barcelona<\/b><span style=\"font-weight: 400;\"> y convi\u00e9rtete en una profesional capaz de trabajar desde cualquier parte del mundo. <\/span><span style=\"font-weight: 400;\">Las plazas son limitadas, as\u00ed que\u2026<\/span><span style=\"font-weight: 400;\"><br \/>\n<\/span> <b>\u00a1Reserva tu lugar y comienza tu nueva aventura profesional ahora! Precio a consultar.<\/b><\/p>\n","protected":false},"featured_media":37548,"comment_status":"closed","ping_status":"closed","template":"","meta":[],"class_list":["post-50212","product","type-product","status-publish","has-post-thumbnail","hentry","product_cat-courses-and-workshops-in-madrid","product_cat-perfect-plan","product_tag-curso-de-destination-wedding-planner-en-barcelona","product_tag-curso-de-destination-wedding-planner-en-barcelona-2026","product_tag-curso-destination-wedding-planner"],"_links":{"self":[{"href":"https:\/\/perfectvenue.es\/es\/wp-json\/wp\/v2\/product\/50212","targetHints":{"allow":["GET"]}}],"collection":[{"href":"https:\/\/perfectvenue.es\/es\/wp-json\/wp\/v2\/product"}],"about":[{"href":"https:\/\/perfectvenue.es\/es\/wp-json\/wp\/v2\/types\/product"}],"replies":[{"embeddable":true,"href":"https:\/\/perfectvenue.es\/es\/wp-json\/wp\/v2\/comments?post=50212"}],"wp:featuredmedia":[{"embeddable":true,"href":"https:\/\/perfectvenue.es\/es\/wp-json\/wp\/v2\/media\/37548"}],"wp:attachment":[{"href":"https:\/\/perfectvenue.es\/es\/wp-json\/wp\/v2\/media?parent=50212"}],"curies":[{"name":"wp","href":"https:\/\/api.w.org\/{rel}","templated":true}]}}