{"id":50124,"date":"2026-03-11T10:06:22","date_gmt":"2026-03-11T07:06:22","guid":{"rendered":"http:\/\/perfectvenue.es\/?post_type=product&#038;p=50124"},"modified":"2026-03-11T12:14:58","modified_gmt":"2026-03-11T09:14:58","slug":"canvas-painting-workshop-for-children","status":"publish","type":"product","link":"https:\/\/perfectvenue.es\/es\/product\/canvas-painting-workshop-for-children\/","title":{"rendered":"Taller de pintura sobre lienzos para ni\u00f1os: \u00a1saca tu lado art\u00edstico!"},"content":{"rendered":"<p><\/p>\n<p style=\"text-align: justify;\"><span style=\"font-weight: 400;\">\u00bfNo sabes c\u00f3mo entretener a los ni\u00f1os en un evento o reuni\u00f3n familiar? \u00a1No te preocupes! Simplemente no hab\u00edas barajado la opci\u00f3n de alquilar un taller de pintura sobre lienzos para ni\u00f1os. Es una actividad que fomenta su lado m\u00e1s art\u00edstico mientras desarrollan sus habilidades motrices.<\/span><\/p>\n<p style=\"text-align: justify;\"><span style=\"font-weight: 400;\">El taller incluye todo el material necesario, desde diferentes tipos de pintura aptas para ni\u00f1os hasta lienzos, pinceles y brochas, para que prueben durante la fiesta. Adem\u00e1s, tambi\u00e9n incluye un monitor que gu\u00eda a los peque\u00f1os para que desarrollen su potencial con t\u00e9cnicas b\u00e1sicas. De esta forma, no s\u00f3lo disfrutan de un buen rato, sino que aprenden recursos que les pueden servir en el cole.<\/span><\/p>\n<p style=\"text-align: justify;\"><span style=\"font-weight: 400;\">As\u00ed pues, esta actividad se puede adaptar tanto al espacio como a las edades o niveles de habilidad que tengan los invitados. Por eso, este taller de pintura sobre lienzos para ni\u00f1os resulta una opci\u00f3n pr\u00e1ctica y c\u00f3moda tanto para padres como para hijos. \u00a1Es perfecta!<\/span><\/p>\n<p style=\"text-align: justify;\"><span style=\"font-weight: 400;\">Adem\u00e1s, otra de las ventajas que tiene es que el taller se puede personalizar seg\u00fan el tema de la celebraci\u00f3n o los intereses de los peque\u00f1os. Por ejemplo, si la fiesta tiene un tema de animales, superh\u00e9roes o personajes de dibujos animados, se pueden preparar lienzos con dise\u00f1os base o ideas para que los ni\u00f1os las decoren a su manera. Tambi\u00e9n se puede incluir un peque\u00f1o concurso o exposici\u00f3n final, donde los ni\u00f1os puedan mostrar sus obras y recibir reconocimiento por su talento y esfuerzo.<\/span><\/p>\n<p style=\"text-align: justify;\"><span style=\"font-weight: 400;\">\u00bfTe interesa? \u00a1Pru\u00e9balo!<\/span><\/p>\n<h3 style=\"text-align: justify;\"><span style=\"font-weight: 400;\">Lo que incluye tu taller de pintura sobre lienzos para ni\u00f1os:<\/span><\/h3>\n<ul>\n<li aria-level=\"1\"><b><span style=\"font-weight: 400;\">Materiales\u00a0<\/span><\/b>\n<ul>\n<li aria-level=\"1\"><span style=\"font-weight: 400;\">Pinturas<\/span><\/li>\n<li aria-level=\"1\"><span style=\"font-weight: 400;\">Pinceles<\/span><\/li>\n<li aria-level=\"1\"><span style=\"font-weight: 400;\">Lienzos<\/span><\/li>\n<li aria-level=\"1\"><span style=\"font-weight: 400;\">Purpurina<\/span><\/li>\n<\/ul>\n<\/li>\n<\/ul>\n<ul>\n<li><b><span style=\"font-weight: 400;\">Montaje y desmontaje\u00a0<\/span><\/b><\/li>\n<\/ul>\n<p><b style=\"font-family: inherit;\">Precio: desde 45\u20ac + IVA<\/b><\/p>\n<h3><span style=\"font-weight: 400;\">Se puede a\u00f1adir:<\/span><\/h3>\n<ul>\n<li><span style=\"font-weight: 400;\">Animadores infantiles<\/span><\/li>\n<li><span style=\"font-weight: 400;\">Merienda personalizada<\/span><\/li>\n<li><span style=\"font-weight: 400;\">Juegos\u00a0<\/span><\/li>\n<li><span style=\"font-weight: 400;\">Fot\u00f3grafo<\/span><\/li>\n<li><span style=\"font-weight: 400;\">Mago<\/span><\/li>\n<li><span style=\"font-weight: 400;\">\u00a1Config\u00faralo como t\u00fa quieras!<\/span><\/li>\n<\/ul>\n<p><span style=\"color: #5d5c5c; font-family: Hanken, sans-serif; font-size: 1.5rem;\">Facilidad de pago<\/span><\/p>\n<p style=\"text-align: justify;\"><span style=\"font-weight: 400;\">Nuestro alquiler de taller de pintura sobre lienzos para ni\u00f1os es divertido y a la vez educativo. Tambi\u00e9n se adapta a cada rinc\u00f3n que desees. Por eso, creamos espacios \u00fanicos donde los ni\u00f1os pueden crear e inspirarse mientras t\u00fa disfrutas del momento.<\/span><\/p>\n<p style=\"text-align: justify;\"><span style=\"font-weight: 400;\">Haz de tu celebraci\u00f3n algo especial con nuestro taller de pintura sobre lienzos para ni\u00f1os. \u00a1D\u00e9jalos imaginar a lo grande!<\/span><\/p>\n<p style=\"text-align: justify;\"><span style=\"font-weight: 400;\">Nota importante: Las tarifas no son reembolsables en caso de cancelaci\u00f3n del evento por cualquier motivo.<\/span><\/p>\n<p>Se requiere un m\u00ednimo de 10 personas.<\/p>","protected":false},"excerpt":{"rendered":"<p style=\"text-align: justify;\"><span style=\"font-weight: 400;\">Convierte tu evento en una experiencia \u00fanica con nuestro taller de pintura sobre lienzos para ni\u00f1os. Es ideal para fiestas infantiles, cumplea\u00f1os, comuniones, bodas o pijamadas. <b style=\"font-family: inherit;\">Precio: desde 45\u20ac + IVA<\/b><\/span><b>. Puedes reservar con un adelanto y personalizar todos los detalles.<\/b><\/p>\n","protected":false},"featured_media":50192,"comment_status":"closed","ping_status":"closed","template":"","meta":[],"class_list":["post-50124","product","type-product","status-publish","has-post-thumbnail","hentry","product_cat-courses-and-workshops-in-madrid","product_cat-workshops","product_tag-taller-de-pintura-sobre-lienzos-para-ninos","product_tag-taller-de-pintura-sobre-lienzos-para-ninos-2026","product_tag-taller-de-pintura-sobre-lienzos-para-ninos-de-todas-las-edades"],"_links":{"self":[{"href":"https:\/\/perfectvenue.es\/es\/wp-json\/wp\/v2\/product\/50124","targetHints":{"allow":["GET"]}}],"collection":[{"href":"https:\/\/perfectvenue.es\/es\/wp-json\/wp\/v2\/product"}],"about":[{"href":"https:\/\/perfectvenue.es\/es\/wp-json\/wp\/v2\/types\/product"}],"replies":[{"embeddable":true,"href":"https:\/\/perfectvenue.es\/es\/wp-json\/wp\/v2\/comments?post=50124"}],"wp:featuredmedia":[{"embeddable":true,"href":"https:\/\/perfectvenue.es\/es\/wp-json\/wp\/v2\/media\/50192"}],"wp:attachment":[{"href":"https:\/\/perfectvenue.es\/es\/wp-json\/wp\/v2\/media?parent=50124"}],"curies":[{"name":"wp","href":"https:\/\/api.w.org\/{rel}","templated":true}]}}