{"id":50119,"date":"2025-07-18T13:05:49","date_gmt":"2025-07-18T10:05:49","guid":{"rendered":"https:\/\/perfectvenue.es\/?post_type=product&#038;p=50119"},"modified":"2025-12-03T18:34:04","modified_gmt":"2025-12-03T15:34:04","slug":"sneaker-decoration-workshop","status":"publish","type":"product","link":"https:\/\/perfectvenue.es\/es\/product\/sneaker-decoration-workshop\/","title":{"rendered":"Taller de decoraci\u00f3n de zapatillas para fiestas infantiles con estilo"},"content":{"rendered":"<p><\/p>\n<p style=\"text-align: justify;\"><span style=\"font-weight: 400;\">\u00bfEst\u00e1s buscando una actividad divertida para tu pr\u00f3xima fiesta infantil y no quieres recurrir a lo mismo de siempre? \u00a1Pues no le des m\u00e1s vueltas! La soluci\u00f3n perfecta es un taller de decoraci\u00f3n de zapatillas. \u00bfNo suena ideal? Este tipo de taller no solo fomenta su creatividad art\u00edstica, sino que tambi\u00e9n les permite llevarse a casa un recuerdo \u00fanico del evento. Esto har\u00e1 que los ni\u00f1os se sientan protagonistas y orgullosos de su creaci\u00f3n.\u00a0<\/span><\/p>\n<p style=\"text-align: justify;\"><span style=\"font-weight: 400;\">La idea es que cada invitado pueda personalizar sus propias zapatillas, eligiendo colores, dise\u00f1os y detalles que reflejen su personalidad. Para ello contar\u00e1n con rotuladores, purpurina, lentejuelas, cintas, abalorios, pegatinas \u00a1y todo lo que deseen! Los productos son a prueba de ni\u00f1os, con lo cual, \u00a1resulta un alivio! Aunque siempre es recomendable que superen los 3 a\u00f1os de edad cuando se manejan elementos peque\u00f1os.<\/span><\/p>\n<p style=\"text-align: justify;\"><span style=\"font-weight: 400;\">Ahora bien, para que la actividad sea a\u00fan m\u00e1s divertida, se puede tematizar el taller de decoraci\u00f3n de zapatillas seg\u00fan el motivo de la fiesta, como superh\u00e9roes, princesas, animales \u00a1o sus personajes favoritos! Tambi\u00e9n se puede acompa\u00f1ar con m\u00fasica alegre y peque\u00f1os premios o diplomas para todos los participantes, incentivando as\u00ed participaci\u00f3n y entusiasmo.<\/span><\/p>\n<p style=\"text-align: justify;\"><span style=\"font-weight: 400;\">Sin duda a\u00f1adir un taller de decoraci\u00f3n de zapatillas para fiestas infantiles es una idea original y entretenida que garantiza risas, creatividad y recuerdos inolvidables. Es una forma perfecta de hacer que los ni\u00f1os se diviertan, expresen su talento y se lleven a casa un objeto personalizado que siempre recordar\u00e1n con cari\u00f1o. \u00a1Tu evento ser\u00e1 un \u00e9xito!<\/span><\/p>\n<h3 style=\"text-align: justify;\"><span style=\"font-weight: 400;\">Lo que incluye tu taller de decoraci\u00f3n de zapatillas:<\/span><\/h3>\n<ul>\n<li aria-level=\"1\"><b><span style=\"font-weight: 400;\">Materiales<\/span><\/b>\n<ul>\n<li style=\"text-align: justify;\" aria-level=\"1\"><span style=\"font-weight: 400;\">Abalorios<\/span><\/li>\n<li style=\"text-align: justify;\" aria-level=\"1\"><span style=\"font-weight: 400;\">Rotuladores<\/span><\/li>\n<li style=\"text-align: justify;\" aria-level=\"1\"><span style=\"font-weight: 400;\">Pegamento<\/span><\/li>\n<li style=\"text-align: justify;\" aria-level=\"1\"><span style=\"font-weight: 400;\">Tijeras<\/span><\/li>\n<li aria-level=\"1\"><span style=\"font-weight: 400;\">Llaveros<\/span><\/li>\n<li aria-level=\"1\"><span style=\"font-weight: 400;\">Purpurina<\/span><\/li>\n<\/ul>\n<\/li>\n<li><span style=\"font-weight: 400;\">Montaje y desmontaje\u00a0<\/span><\/li>\n<\/ul>\n<p><b style=\"font-family: inherit;\">Precio: 45\u20ac\u00a0<\/b><\/p>\n<h3><span style=\"font-weight: 400;\">Se puede a\u00f1adir:<\/span><\/h3>\n<ul>\n<li style=\"font-weight: 400;\" aria-level=\"1\"><span style=\"font-weight: 400;\">Animadores infantiles<\/span><\/li>\n<li style=\"font-weight: 400;\" aria-level=\"1\"><span style=\"font-weight: 400;\">Merienda personalizada<\/span><\/li>\n<li style=\"font-weight: 400;\" aria-level=\"1\"><span style=\"font-weight: 400;\">Juegos o rinc\u00f3n art\u00edstico<\/span><\/li>\n<li style=\"font-weight: 400;\" aria-level=\"1\"><span style=\"font-weight: 400;\">Fot\u00f3grafo<\/span><\/li>\n<li style=\"font-weight: 400;\" aria-level=\"1\"><span style=\"font-weight: 400;\">Mago<\/span><\/li>\n<li style=\"font-weight: 400;\" aria-level=\"1\"><span style=\"font-weight: 400;\">\u00a1Config\u00faralo como t\u00fa quieras!<\/span><\/li>\n<\/ul>\n<p><span style=\"color: #5d5c5c; font-family: Hanken, sans-serif; font-size: 1.5rem;\">Facilidad de pago<\/span><\/p>\n<p style=\"text-align: justify;\"><span style=\"font-weight: 400;\">Nuestro alquiler de taller de decoraci\u00f3n de zapatillas es divertido a la vez que pr\u00e1ctico. Se adapta a cada rinc\u00f3n que desees. Por eso, creamos espacios \u00fanicos donde los ni\u00f1os pueden crear e inspirarse mientras t\u00fa disfrutas del momento.<\/span><\/p>\n<p style=\"text-align: justify;\"><span style=\"font-weight: 400;\">Haz de tu celebraci\u00f3n algo especial con nuestro taller. \u00a1D\u00e9jalos imaginar a lo grande!<\/span><\/p>\n<p style=\"text-align: justify;\"><span style=\"font-weight: 400;\">Nota importante: Las tarifas no son reembolsables en caso de cancelaci\u00f3n del evento por cualquier motivo.<\/span><\/p>\n<p>Se requiere un m\u00ednimo de 10 personas.<\/p>","protected":false},"excerpt":{"rendered":"<p style=\"text-align: justify;\"><span style=\"font-weight: 400;\">Convierte tu fiesta en una experiencia \u00fanica con nuestro taller de decoraci\u00f3n de zapatillas. Es ideal para fiestas infantiles, cumplea\u00f1os, comuniones, bodas o pijamadas. <\/span><b>Precio: 45\u20ac. Puedes reservar con un adelanto y personalizar todos los detalles.<\/b><\/p>\n","protected":false},"featured_media":50122,"comment_status":"closed","ping_status":"closed","template":"","meta":[],"class_list":["post-50119","product","type-product","status-publish","has-post-thumbnail","hentry","product_cat-workshops","product_tag-taller-de-decoracion-de-zapatillas","product_tag-taller-de-decoracion-de-zapatillas-con-estilo","product_tag-taller-de-decoracion-de-zapatillas-para-fiestas-infantiles"],"_links":{"self":[{"href":"https:\/\/perfectvenue.es\/es\/wp-json\/wp\/v2\/product\/50119","targetHints":{"allow":["GET"]}}],"collection":[{"href":"https:\/\/perfectvenue.es\/es\/wp-json\/wp\/v2\/product"}],"about":[{"href":"https:\/\/perfectvenue.es\/es\/wp-json\/wp\/v2\/types\/product"}],"replies":[{"embeddable":true,"href":"https:\/\/perfectvenue.es\/es\/wp-json\/wp\/v2\/comments?post=50119"}],"wp:featuredmedia":[{"embeddable":true,"href":"https:\/\/perfectvenue.es\/es\/wp-json\/wp\/v2\/media\/50122"}],"wp:attachment":[{"href":"https:\/\/perfectvenue.es\/es\/wp-json\/wp\/v2\/media?parent=50119"}],"curies":[{"name":"wp","href":"https:\/\/api.w.org\/{rel}","templated":true}]}}