{"id":49912,"date":"2025-07-10T12:01:02","date_gmt":"2025-07-10T09:01:02","guid":{"rendered":"https:\/\/perfectvenue.es\/?post_type=product&#038;p=49912"},"modified":"2025-07-10T12:01:05","modified_gmt":"2025-07-10T09:01:05","slug":"proposal-in-barcelona","status":"publish","type":"product","link":"https:\/\/perfectvenue.es\/es\/product\/proposal-in-barcelona\/","title":{"rendered":"Pedida de mano en Barcelona con un gran coraz\u00f3n de flores \u00a1chic y elegante!"},"content":{"rendered":"<p><\/p>\n<p style=\"text-align: justify;\"><span style=\"font-weight: 400;\">\u00bfQuieres casarte este a\u00f1o y necesitas inspiraci\u00f3n? \u00a1Est\u00e1s de enhorabuena! Con nuestro coraz\u00f3n de flores gigante haz que tu pedida de mano en Barcelona sea inolvidable.<\/span><\/p>\n<p style=\"text-align: justify;\"><span style=\"font-weight: 400;\">Un acierto sin duda es una pedida de mano en Barcelona, una ciudad que destaca por su modernidad, arquitectura, cultura y belleza natural. Las opciones son infinitas, ya que puedes elegir desde el mar hasta la monta\u00f1a. \u00a1Cualquier rinc\u00f3n es digno de postal!<\/span><\/p>\n<p style=\"text-align: justify;\"><span style=\"font-weight: 400;\">Por eso, en ese escenario tan m\u00e1gico y rom\u00e1ntico, nuestro servicio te incluye un gran coraz\u00f3n de flores, su montaje y desmontaje, y un fot\u00f3grafo profesional para que capture cada momento especial. Todo estar\u00e1 dispuesto para que tu compromiso sea perfecto. \u00a1Despreoc\u00fapate!<\/span><\/p>\n<p style=\"text-align: justify;\"><span style=\"font-weight: 400;\">Tambi\u00e9n puedes a\u00f1adir m\u00fasica en directo, como un viol\u00edn o guitarra, para que te acompa\u00f1e a lo largo del evento. Asimismo, puedes incluir decoraci\u00f3n a tu gusto, como velas, fotos, recuerdos de viajes \u00a1y todo aquello que desees! Tambi\u00e9n pueden acompa\u00f1arte amigos y familiares, para que te ayuden con todo aquello que necesites en un momento tan emotivo.<\/span><\/p>\n<p style=\"text-align: justify;\"><span style=\"font-weight: 400;\">De este modo, tras tu pedida de mano en Barcelona pod\u00e9is continuar con la celebraci\u00f3n yendo a cenar o incluso disfrutando de la luz de la luna que acompa\u00f1a a la ciudad. Con este servicio la pareja se olvida del estr\u00e9s a\u00f1adido y se limita a vivir un momento inolvidable.\u00a0<\/span><\/p>\n<p style=\"text-align: justify;\"><span style=\"font-weight: 400;\">\u00a1No esperes m\u00e1s!<\/span><\/p>\n<h3 style=\"text-align: justify;\"><span style=\"font-weight: 400;\">Lo que incluye tu pedida de mano en Barcelona con un gran coraz\u00f3n de flores:<\/span><\/h3>\n<ul style=\"text-align: justify;\">\n<li style=\"font-weight: 400;\" aria-level=\"1\"><span style=\"font-weight: 400;\">Decoraci\u00f3n b\u00e1sica\u00a0<\/span><\/li>\n<li style=\"font-weight: 400;\" aria-level=\"1\"><span style=\"font-weight: 400;\">Fot\u00f3grafo profesional<\/span><\/li>\n<li style=\"font-weight: 400;\" aria-level=\"1\"><span style=\"font-weight: 400;\">Coraz\u00f3n enorme personalizado<\/span><\/li>\n<li style=\"font-weight: 400;\" aria-level=\"1\"><span style=\"font-weight: 400;\">Montaje y desmontaje<\/span><\/li>\n<li style=\"font-weight: 400;\" aria-level=\"1\"><span style=\"font-weight: 400;\">Organizaci\u00f3n de la propuesta de matrimonio<\/span><\/li>\n<\/ul>\n<p style=\"text-align: justify;\"><b>Precio: a partir de 700\u20ac<\/b><\/p>\n<h3 style=\"text-align: justify;\"><span style=\"font-weight: 400;\">Se puede a\u00f1adir:<\/span><\/h3>\n<ul style=\"text-align: justify;\">\n<li style=\"font-weight: 400;\" aria-level=\"1\"><span style=\"font-weight: 400;\">M\u00fasica en directo (guitarra o viol\u00edn)<\/span><\/li>\n<li style=\"font-weight: 400;\" aria-level=\"1\"><span style=\"font-weight: 400;\">Video profesional<\/span><\/li>\n<li style=\"font-weight: 400;\" aria-level=\"1\"><span style=\"font-weight: 400;\">Decoraci\u00f3n personalizada<\/span><\/li>\n<li style=\"font-weight: 400;\" aria-level=\"1\"><span style=\"font-weight: 400;\">Menaje para comer y beber<\/span><\/li>\n<li style=\"font-weight: 400;\" aria-level=\"1\"><span style=\"font-weight: 400;\">\u00a1Configuralo como t\u00fa quieras!<\/span><\/li>\n<\/ul>\n<h3 style=\"text-align: justify;\"><span style=\"font-weight: 400;\">Facilidad de pago<\/span><\/h3>\n<p style=\"text-align: justify;\"><span style=\"font-weight: 400;\">Sabemos que este momento es muy importante, por eso nuestro equipo se encarga de cada detalle. T\u00fa solo tienes que elegir la fecha y decirnos c\u00f3mo imaginas la pedida de mano en Barcelona con un gran coraz\u00f3n de flores. \u00a1Nosotros nos encargamos del resto!<\/span><\/p>\n<p style=\"text-align: justify;\"><span style=\"font-weight: 400;\">Reserva tu pedida de mano con este pack y vive la magia de un &#8220;s\u00ed, quiero&#8221; \u00edntimo, rom\u00e1ntico e inolvidable. \u00a1Haz de este d\u00eda un recuerdo eterno!<\/span><\/p>\n<p style=\"text-align: justify;\"><span style=\"font-weight: 400;\">*Las tarifas no son reembolsables si el evento se cancela por cualquier motivo.<\/span><\/p>\n<p><\/p>","protected":false},"excerpt":{"rendered":"<p style=\"text-align: justify;\"><span style=\"font-weight: 400;\">Sorprende a tu pareja con una pedida de mano en Barcelona con un coraz\u00f3n enorme, elegante y rom\u00e1ntico en una de las ciudades m\u00e1s bellas del pa\u00eds. <\/span><b>Precio desde 700\u20ac. Es necesario formalizar la reserva con un adelanto.<\/b><\/p>\n","protected":false},"featured_media":49921,"comment_status":"closed","ping_status":"closed","template":"","meta":[],"class_list":["post-49912","product","type-product","status-publish","has-post-thumbnail","hentry","product_cat-marriage-proposal-packages","product_tag-pedida-de-mano-elegante-en-barcelona","product_tag-pedida-de-mano-en-barcelona","product_tag-pedida-de-mano-en-barcelona-2026"],"_links":{"self":[{"href":"https:\/\/perfectvenue.es\/es\/wp-json\/wp\/v2\/product\/49912","targetHints":{"allow":["GET"]}}],"collection":[{"href":"https:\/\/perfectvenue.es\/es\/wp-json\/wp\/v2\/product"}],"about":[{"href":"https:\/\/perfectvenue.es\/es\/wp-json\/wp\/v2\/types\/product"}],"replies":[{"embeddable":true,"href":"https:\/\/perfectvenue.es\/es\/wp-json\/wp\/v2\/comments?post=49912"}],"wp:featuredmedia":[{"embeddable":true,"href":"https:\/\/perfectvenue.es\/es\/wp-json\/wp\/v2\/media\/49921"}],"wp:attachment":[{"href":"https:\/\/perfectvenue.es\/es\/wp-json\/wp\/v2\/media?parent=49912"}],"curies":[{"name":"wp","href":"https:\/\/api.w.org\/{rel}","templated":true}]}}