{"id":49906,"date":"2026-02-12T11:15:59","date_gmt":"2026-02-12T08:15:59","guid":{"rendered":"https:\/\/perfectvenue.es\/?post_type=product&#038;p=49906"},"modified":"2026-02-12T13:10:43","modified_gmt":"2026-02-12T10:10:43","slug":"proposal-on-a-rooftop-in-madrid","status":"publish","type":"product","link":"https:\/\/perfectvenue.es\/es\/product\/proposal-on-a-rooftop-in-madrid\/","title":{"rendered":"Pedida de mano en una azotea de Madrid con un coraz\u00f3n enorme \u00a1demuestra tu amor a lo grande!"},"content":{"rendered":"<p><\/p>\n<p style=\"text-align: justify;\"><span style=\"font-weight: 400;\">Si sue\u00f1as con una pedida de mano en una azotea de Madrid con un coraz\u00f3n enorme, est\u00e1s en el sitio correcto. Desde las vistas impresionantes de la ciudad hasta la decoraci\u00f3n m\u00e1gica del lugar. \u00bfVerdad que es rom\u00e1ntico? Pues puedes hacerlo realidad a trav\u00e9s de este paquete.\u00a0<\/span><\/p>\n<p style=\"text-align: justify;\"><span style=\"font-weight: 400;\">Este producto incluye el alquiler del rooftop en pleno centro de Madrid. De este modo que as\u00ed la pareja disfrutar\u00e9is con total libertad del espacio reservado. \u00a1A solas! Adem\u00e1s, tambi\u00e9n cuenta con la decoraci\u00f3n, el montaje y desmontaje, el fot\u00f3grafo profesional y la propia organizaci\u00f3n del evento.\u00a0<\/span><\/p>\n<p style=\"text-align: justify;\"><span style=\"font-weight: 400;\">Puedes a\u00f1adir m\u00fasica en directo, como un viol\u00edn o guitarra, para que acompa\u00f1e la velada. Asimismo, tambi\u00e9n puedes incluir decoraci\u00f3n personalizada, como velas, luces, flores, fotos rom\u00e1nticas \u00a1o todo aquello que desees! Perfecto para acompa\u00f1ar con un atardecer de pel\u00edcula.<\/span><\/p>\n<p style=\"text-align: justify;\"><span style=\"font-weight: 400;\">Y si quer\u00e9is, despu\u00e9s de la pedida podr\u00e9is seguir disfrutando del evento con una comida o cena rom\u00e1ntica en privado, mientras brindais bajo las estrellas por vuestro nuevo futuro juntos. Con este pack la pareja se despreocupa y se limita a vivir un momento inolvidable.\u00a0<\/span><\/p>\n<p style=\"text-align: justify;\"><span style=\"font-weight: 400;\">Todo estar\u00e1 dispuesto para que tu pedida de mano en una azotea de Madrid sea perfecta. \u00a1No esperes m\u00e1s!<\/span><\/p>\n<h3 style=\"text-align: justify;\"><span style=\"font-weight: 400;\">Lo que incluye tu pedida de mano en una azotea de Madrid con un coraz\u00f3n enorme:<\/span><\/h3>\n<ul style=\"text-align: justify;\">\n<li style=\"font-weight: 400;\" aria-level=\"1\"><span style=\"font-weight: 400;\">Decoraci\u00f3n b\u00e1sica con estilo natural y elegante<\/span><\/li>\n<li style=\"font-weight: 400;\" aria-level=\"1\"><span style=\"font-weight: 400;\">Fot\u00f3grafo profesional<\/span><\/li>\n<li style=\"font-weight: 400;\" aria-level=\"1\"><span style=\"font-weight: 400;\">Coraz\u00f3n enorme personalizado<\/span><\/li>\n<li style=\"font-weight: 400;\" aria-level=\"1\"><span style=\"font-weight: 400;\">Montaje y desmontaje<\/span><\/li>\n<li style=\"font-weight: 400;\" aria-level=\"1\"><span style=\"font-weight: 400;\">Organizaci\u00f3n de la propuesta de matrimonio<\/span><\/li>\n<li style=\"font-weight: 400;\" aria-level=\"1\"><span style=\"font-weight: 400;\">Alquiler del rooftop para la pedida de mano<\/span><\/li>\n<\/ul>\n<p style=\"text-align: justify;\"><b>Precio: desde 1880\u20ac + IVA<\/b><\/p>\n<h3><span style=\"font-weight: 400;\">Se puede a\u00f1adir:<\/span><\/h3>\n<ul>\n<li style=\"font-weight: 400;\" aria-level=\"1\"><span style=\"font-weight: 400;\">M\u00fasica en directo (guitarra o viol\u00edn)<\/span><\/li>\n<li style=\"font-weight: 400;\" aria-level=\"1\"><span style=\"font-weight: 400;\">Ramo de flores<\/span><\/li>\n<li style=\"font-weight: 400;\" aria-level=\"1\"><span style=\"font-weight: 400;\">Video profesional<\/span><\/li>\n<li style=\"font-weight: 400;\" aria-level=\"1\"><span style=\"font-weight: 400;\">Decoraci\u00f3n personalizada<\/span><\/li>\n<li style=\"font-weight: 400;\" aria-level=\"1\"><span style=\"font-weight: 400;\">Cena rom\u00e1ntica<\/span><\/li>\n<li style=\"font-weight: 400;\" aria-level=\"1\"><span style=\"font-weight: 400;\">\u00a1Configuralo como t\u00fa quieras!<\/span><\/li>\n<\/ul>\n<h3><span style=\"font-weight: 400;\">Facilidad de pago<\/span><\/h3>\n<p><span style=\"font-weight: 400;\">Sabemos que este momento es irrepetible, por eso nuestro equipo se encarga de cada detalle. T\u00fa solo tienes que elegir la fecha y decirnos c\u00f3mo imaginas la pedida de mano en una azotea en Madrid con un coraz\u00f3n enorme. Nosotros nos encargamos del resto.<\/span><\/p>\n<p><span style=\"font-weight: 400;\">Reserva tu pedida de mano con este pack y vive la magia de un &#8220;s\u00ed, quiero&#8221; m\u00e1gico, rom\u00e1ntico y memorable. \u00a1Haz de este d\u00eda un recuerdo eterno!<\/span><\/p>\n<p><span style=\"font-weight: 400;\">*Las tarifas no son reembolsables si el evento se cancela por cualquier motivo.<\/span><\/p>","protected":false},"excerpt":{"rendered":"<p style=\"text-align: justify;\"><span style=\"font-weight: 400;\">Sorprende a tu pareja con una pedida de mano en una azotea de Madrid con un coraz\u00f3n enorme, elegante y absolutamente m\u00e1gico en uno de los rincones m\u00e1s bellos y rom\u00e1nticos de la ciudad. <\/span><b>Precio: desde 1880\u20ac + IVA. Es necesario formalizar la reserva con un adelanto.<\/b><\/p>\n","protected":false},"featured_media":49907,"comment_status":"closed","ping_status":"closed","template":"","meta":[],"class_list":["post-49906","product","type-product","status-publish","has-post-thumbnail","hentry","product_cat-marriage-proposal-packages","product_tag-pedida-de-mano-en-una-azotea-de-madrid","product_tag-pedida-de-mano-en-una-azotea-de-madrid-2026","product_tag-pedida-de-mano-en-una-azotea-de-madrid-romantica"],"_links":{"self":[{"href":"https:\/\/perfectvenue.es\/es\/wp-json\/wp\/v2\/product\/49906","targetHints":{"allow":["GET"]}}],"collection":[{"href":"https:\/\/perfectvenue.es\/es\/wp-json\/wp\/v2\/product"}],"about":[{"href":"https:\/\/perfectvenue.es\/es\/wp-json\/wp\/v2\/types\/product"}],"replies":[{"embeddable":true,"href":"https:\/\/perfectvenue.es\/es\/wp-json\/wp\/v2\/comments?post=49906"}],"wp:featuredmedia":[{"embeddable":true,"href":"https:\/\/perfectvenue.es\/es\/wp-json\/wp\/v2\/media\/49907"}],"wp:attachment":[{"href":"https:\/\/perfectvenue.es\/es\/wp-json\/wp\/v2\/media?parent=49906"}],"curies":[{"name":"wp","href":"https:\/\/api.w.org\/{rel}","templated":true}]}}