{"id":49817,"date":"2025-07-09T11:02:16","date_gmt":"2025-07-09T08:02:16","guid":{"rendered":"https:\/\/perfectvenue.es\/?post_type=product&#038;p=49817"},"modified":"2026-02-17T11:15:25","modified_gmt":"2026-02-17T08:15:25","slug":"proposal-with-views-in-mallorca","status":"publish","type":"product","link":"https:\/\/perfectvenue.es\/es\/product\/proposal-with-views-in-mallorca\/","title":{"rendered":"Pedida de mano con vistas en Mallorca: \u00a1disfruta la magia de la isla!"},"content":{"rendered":"<p><\/p>\n<p style=\"text-align: justify;\"><span style=\"font-weight: 400;\">Imagina un hermoso apartamento dise\u00f1ado para dos personas, perfecto para una pedida de mano con vistas en Mallorca. Este apartamento cuenta con una decoraci\u00f3n moderna y acogedora, con tonos suaves y detalles que reflejan el encanto mediterr\u00e1neo.<\/span><\/p>\n<p style=\"text-align: justify;\"><span style=\"font-weight: 400;\">Al contar con terraza o balc\u00f3n privado, podr\u00e1s disfrutar de vistas impresionantes del mar, las monta\u00f1as o los pintorescos pueblos cercanos. La luz natural inunda el espacio, creando un ambiente c\u00e1lido y relajante.\u00a0<\/span><\/p>\n<p style=\"text-align: justify;\"><span style=\"font-weight: 400;\">Adem\u00e1s, podemos personalizarlo a tu medida. Basta con que nos cuentes tu idea para que la pedida de mano con vistas en Mallorca se adecue a la de tus sue\u00f1os. Desde globos hasta flores que encajen con el ambiente. Adem\u00e1s, puedes incluir un fot\u00f3grafo mientras suena un viol\u00edn en directo. \u00a1Super rom\u00e1ntico!<\/span><\/p>\n<p style=\"text-align: justify;\"><span style=\"font-weight: 400;\">El dormitorio, con una cama doble c\u00f3moda, invita a descansar con vistas que te har\u00e1n despertar con una sonrisa. Adem\u00e1s, la ubicaci\u00f3n suele ser privilegiada, cerca de playas paradis\u00edacas, calas escondidas y lugares de inter\u00e9s cultural, permiti\u00e9ndote disfrutar al m\u00e1ximo de la belleza de Mallorca.<\/span><\/p>\n<p style=\"text-align: justify;\"><span style=\"font-weight: 400;\">\u00a1Es un lugar perfecto para desconectar y disfrutar de unas vistas espectaculares en un entorno tranquilo y rom\u00e1ntico! Sobre todo para una pedida de mano con vistas en Mallorca.<\/span><\/p>\n<h3 style=\"text-align: justify;\"><span style=\"font-weight: 400;\">Lo que incluye tu pedida de mano con vistas en Mallorca:<\/span><\/h3>\n<ul style=\"text-align: justify;\">\n<li style=\"font-weight: 400;\" aria-level=\"1\"><span style=\"font-weight: 400;\">\u2060\u2060Fot\u00f3grafo\u00a0<\/span><\/li>\n<li style=\"font-weight: 400;\" aria-level=\"1\"><span style=\"font-weight: 400;\">\u2060\u2060Espacio privado solo para ellos<\/span><\/li>\n<li style=\"font-weight: 400;\" aria-level=\"1\"><span style=\"font-weight: 400;\">Cava y copas para celebrar\u00a0<\/span><\/li>\n<li style=\"font-weight: 400;\" aria-level=\"1\"><span style=\"font-weight: 400;\">Si quieren, pueden quedarse ah\u00ed 1 noche<\/span><\/li>\n<li style=\"font-weight: 400;\" aria-level=\"1\"><span style=\"font-weight: 400;\">Organizaci\u00f3n<\/span><\/li>\n<\/ul>\n<p style=\"text-align: justify;\"><b>Precio: 850\u20ac + IVA<\/b><\/p>\n<h3 style=\"text-align: justify;\"><span style=\"font-weight: 400;\">Se puede a\u00f1adir:<\/span><\/h3>\n<ul style=\"text-align: justify;\">\n<li style=\"font-weight: 400;\" aria-level=\"1\"><span style=\"font-weight: 400;\">Decoraci\u00f3n <\/span><span style=\"font-weight: 400;\">personalizada<\/span><\/li>\n<li style=\"font-weight: 400;\" aria-level=\"1\"><span style=\"font-weight: 400;\">Viol\u00edn<\/span><\/li>\n<li style=\"font-weight: 400;\" aria-level=\"1\"><span style=\"font-weight: 400;\">Video profesional<\/span><\/li>\n<li style=\"font-weight: 400;\" aria-level=\"1\"><span style=\"font-weight: 400;\">Transfer<\/span><\/li>\n<li style=\"font-weight: 400;\" aria-level=\"1\"><span style=\"font-weight: 400;\">\u00a1Configuralo como t\u00fa quieras!<\/span><\/li>\n<\/ul>\n<p style=\"text-align: justify;\"><span style=\"color: #5d5c5c; font-family: Hanken, sans-serif; font-size: 1.5rem;\">Facilidad de pago<\/span><\/p>\n<p style=\"text-align: justify;\"><span style=\"font-weight: 400;\">Desde el primer contacto, nuestro equipo se encarga de todo. Dise\u00f1amos tu pedida de mano con vistas en Mallorca con mucho mimo, atenci\u00f3n al detalle y profesionalidad, para que t\u00fa solo tengas que concentrarte en lo importante: el amor.<\/span><\/p>\n<p style=\"text-align: justify;\"><span style=\"font-weight: 400;\">Disfruta de una experiencia exclusiva, en un lugar \u00edntimo y rom\u00e1ntico.<\/span><\/p>\n<p style=\"text-align: justify;\"><span style=\"font-weight: 400;\">\u00a1Comodidad para ti!<\/span><\/p>\n<p style=\"text-align: justify;\"><span style=\"font-weight: 400;\">*Las tarifas no son reembolsables si el evento se cancela por cualquier motivo.<\/span><\/p>\n<p><\/p>","protected":false},"excerpt":{"rendered":"<p style=\"text-align: justify;\"><span style=\"font-weight: 400;\">Sorprende a tu pareja con una pedida de mano inolvidable en un espacio para dos personas con vistas incre\u00edbles a Mallorca. Combina el paisaje monta\u00f1oso con las vistas del mar Mediterr\u00e1neo, y crea el escenario perfecto para tu pedida. <\/span><b>Precio: 850\u20ac + IVA. Es necesario formalizar la reserva con un adelanto.<\/b><\/p>\n","protected":false},"featured_media":49821,"comment_status":"closed","ping_status":"closed","template":"","meta":[],"class_list":["post-49817","product","type-product","status-publish","has-post-thumbnail","hentry","product_cat-marriage-proposal-packages","product_tag-pedida-de-mano-con-vistas-en-mallorca","product_tag-pedida-de-mano-con-vistas-en-mallorca-2026","product_tag-pedida-de-mano-con-vistas-en-mallorca-espectaculares"],"_links":{"self":[{"href":"https:\/\/perfectvenue.es\/es\/wp-json\/wp\/v2\/product\/49817","targetHints":{"allow":["GET"]}}],"collection":[{"href":"https:\/\/perfectvenue.es\/es\/wp-json\/wp\/v2\/product"}],"about":[{"href":"https:\/\/perfectvenue.es\/es\/wp-json\/wp\/v2\/types\/product"}],"replies":[{"embeddable":true,"href":"https:\/\/perfectvenue.es\/es\/wp-json\/wp\/v2\/comments?post=49817"}],"wp:featuredmedia":[{"embeddable":true,"href":"https:\/\/perfectvenue.es\/es\/wp-json\/wp\/v2\/media\/49821"}],"wp:attachment":[{"href":"https:\/\/perfectvenue.es\/es\/wp-json\/wp\/v2\/media?parent=49817"}],"curies":[{"name":"wp","href":"https:\/\/api.w.org\/{rel}","templated":true}]}}