{"id":49265,"date":"2025-06-20T11:16:15","date_gmt":"2025-06-20T08:16:15","guid":{"rendered":"http:\/\/perfectvenue.es\/?post_type=product&#038;p=49265"},"modified":"2026-03-05T18:31:39","modified_gmt":"2026-03-05T15:31:39","slug":"chocolate-fountain-for-events","status":"publish","type":"product","link":"https:\/\/perfectvenue.es\/es\/product\/chocolate-fountain-for-events\/","title":{"rendered":"Fuente de chocolate para eventos: \u00a1pon una cascada dulce en tu fiesta!"},"content":{"rendered":"<p><\/p>\n<p style=\"text-align: justify;\"><span style=\"font-weight: 400;\">La fuente de chocolate para eventos es una opci\u00f3n ideal para transformar cualquier celebraci\u00f3n como cumplea\u00f1os, bodas, bautizos o fiestas corporativas en una experiencia \u00fanica y deliciosa. Cada servicio incluye la fuente de chocolate, frutas frescas, golosinas, montaje, desmontaje y todo lo necesario para crear un rinc\u00f3n dulce que invite a disfrutar y desconectar.<\/span><\/p>\n<p style=\"text-align: justify;\"><span style=\"font-weight: 400;\">Pensamos en todos los detalles, incluyendo posibles intolerancias alimentarias, para que nadie se quede sin saborear este placer. Puedes elegir entre frutas, chuches o una combinaci\u00f3n de ambas, y adem\u00e1s, cada fuente puede ser decorada de forma tem\u00e1tica para que se adapte al estilo de tu evento.<\/span><\/p>\n<p style=\"text-align: justify;\"><span style=\"font-weight: 400;\">El alquiler de una fuente de chocolate para eventos convierte cualquier espacio, interior o exterior, en un lugar m\u00e1gico donde grandes y peque\u00f1os se divierten compartiendo un cl\u00e1sico irresistible que nunca pasa de moda. \u00a1No te lo pierdas!<\/span><\/p>\n<h3><span style=\"font-weight: 400;\">Lo que incluye tu fuente de chocolate para eventos especiales<\/span><\/h3>\n<ul>\n<li><span style=\"font-weight: 400;\">Puesto con fuente de chocolate<\/span><\/li>\n<li style=\"font-weight: 400;\" aria-level=\"1\"><span style=\"font-weight: 400;\">Chuches<\/span><\/li>\n<li style=\"font-weight: 400;\" aria-level=\"1\"><span style=\"font-weight: 400;\">Fruta<\/span><\/li>\n<li style=\"font-weight: 400;\" aria-level=\"1\"><span style=\"font-weight: 400;\">Personalizable<\/span><\/li>\n<li style=\"font-weight: 400;\" aria-level=\"1\"><span style=\"font-weight: 400;\">Montaje y desmontaje<\/span><\/li>\n<\/ul>\n<p style=\"text-align: justify;\"><b>Precio: a consultar<\/b><\/p>\n<h3 style=\"text-align: justify;\"><span style=\"font-weight: 400;\">Se puede a\u00f1adir:<\/span><\/h3>\n<ul style=\"text-align: justify;\">\n<li style=\"font-weight: 400; text-align: justify;\" aria-level=\"1\"><span style=\"font-weight: 400;\">Decoraci\u00f3n tem\u00e1tica<\/span><\/li>\n<li style=\"font-weight: 400; text-align: justify;\" aria-level=\"1\"><span style=\"font-weight: 400;\">Animadores infantiles<\/span><\/li>\n<li style=\"font-weight: 400; text-align: justify;\" aria-level=\"1\"><span style=\"font-weight: 400;\">Merienda personalizada<\/span><\/li>\n<li style=\"font-weight: 400; text-align: justify;\" aria-level=\"1\"><span style=\"font-weight: 400;\">Juegos o rinc\u00f3n art\u00edstico<\/span><\/li>\n<li style=\"font-weight: 400;\" aria-level=\"1\"><span style=\"font-weight: 400;\">Fot\u00f3grafo<\/span><\/li>\n<li style=\"font-weight: 400;\" aria-level=\"1\"><span style=\"font-weight: 400;\">Mago<\/span><\/li>\n<li style=\"font-weight: 400;\" aria-level=\"1\"><span style=\"font-weight: 400;\">\u00a1Config\u00faralo como t\u00fa quieras!<\/span><\/li>\n<\/ul>\n<p style=\"text-align: justify;\"><span style=\"color: #5d5c5c; font-family: Hanken, sans-serif; font-size: 1.5rem;\">Facilidad de pago<\/span><\/p>\n<p style=\"text-align: justify;\"><span style=\"font-weight: 400;\">Nuestro servicio de fuente de chocolate para eventos se puede pagar de manera f\u00e1cil y sencilla, \u00a1basta con hacer un adelanto y el resto pagarlo el d\u00eda del evento!<\/span><\/p>\n<p style=\"text-align: justify;\"><span style=\"font-weight: 400;\">Haz de tu celebraci\u00f3n algo especial con nuestra fuente de chocolate. \u00a1D\u00e9jalos divertirse a lo grande!<\/span><\/p>\n<p style=\"text-align: justify;\"><span style=\"font-weight: 400;\">Nota importante: Las tarifas no son reembolsables en caso de cancelaci\u00f3n del evento por cualquier motivo.<\/span><\/p>\n<p><\/p>","protected":false},"excerpt":{"rendered":"<p style=\"text-align: justify;\"><span style=\"font-weight: 400;\">Convierte tu fiesta en una experiencia \u00fanica con nuestro servicio de fuente de chocolate para eventos. Incluye todo lo necesario para que grandes y peque\u00f1os se pongan las botas con chocolate. <\/span><b>Precio a consultar. Puedes reservar con un adelanto y personalizar todos los detalles.<\/b><\/p>\n","protected":false},"featured_media":49660,"comment_status":"closed","ping_status":"closed","template":"","meta":[],"class_list":["post-49265","product","type-product","status-publish","has-post-thumbnail","hentry","product_cat-corners-for-events-and-weddings","product_tag-fuente-de-chocolate","product_tag-fuente-de-chocolate-para-eventos","product_tag-fuente-de-chocolate-para-eventos-especiales"],"_links":{"self":[{"href":"https:\/\/perfectvenue.es\/es\/wp-json\/wp\/v2\/product\/49265","targetHints":{"allow":["GET"]}}],"collection":[{"href":"https:\/\/perfectvenue.es\/es\/wp-json\/wp\/v2\/product"}],"about":[{"href":"https:\/\/perfectvenue.es\/es\/wp-json\/wp\/v2\/types\/product"}],"replies":[{"embeddable":true,"href":"https:\/\/perfectvenue.es\/es\/wp-json\/wp\/v2\/comments?post=49265"}],"wp:featuredmedia":[{"embeddable":true,"href":"https:\/\/perfectvenue.es\/es\/wp-json\/wp\/v2\/media\/49660"}],"wp:attachment":[{"href":"https:\/\/perfectvenue.es\/es\/wp-json\/wp\/v2\/media?parent=49265"}],"curies":[{"name":"wp","href":"https:\/\/api.w.org\/{rel}","templated":true}]}}