{"id":49264,"date":"2026-03-06T16:32:30","date_gmt":"2026-03-06T13:32:30","guid":{"rendered":"http:\/\/perfectvenue.es\/?post_type=product&#038;p=49264"},"modified":"2026-03-06T18:39:07","modified_gmt":"2026-03-06T15:39:07","slug":"cotton-candy-for-events","status":"publish","type":"product","link":"https:\/\/perfectvenue.es\/es\/product\/cotton-candy-for-events\/","title":{"rendered":"Carrito de algod\u00f3n de az\u00facar para eventos, \u00a1nubes sobre ruedas en tu celebraci\u00f3n!"},"content":{"rendered":"<p><\/p>\n<p style=\"text-align: justify;\"><span style=\"font-weight: 400;\">Contratar un puesto de algod\u00f3n dulce para eventos es una manera creativa y encantadora de darle un toque especial a cualquier ocasi\u00f3n. El servicio incluye un carrito, porciones de algod\u00f3n para los asistentes, personal encargado de la atenci\u00f3n, y todo lo necesario para su instalaci\u00f3n y retiro, formando un espacio acogedor que invita a relajarse y disfrutar.<\/span><\/p>\n<p style=\"text-align: justify;\"><span style=\"font-weight: 400;\">En cada celebraci\u00f3n, este rinc\u00f3n se convierte en un lugar ideal para que todos los invitados se entretengan o descansen, tanto adultos como ni\u00f1os. La propuesta se adapta a distintos horarios, ya sea de d\u00eda o de noche. Adem\u00e1s, consideramos restricciones alimentarias y necesidades especiales para asegurar que todos puedan disfrutar sin preocupaciones.<\/span><\/p>\n<p style=\"text-align: justify;\"><span style=\"font-weight: 400;\">Y si lo deseas, podemos personalizar cada carrito seg\u00fan la tem\u00e1tica de tu celebraci\u00f3n: desde ambientaciones de cuentos de hadas o personajes animados hasta estilos m\u00e1s sobrios o neutros. El servicio de algod\u00f3n de az\u00facar para eventos transforma cualquier espacio, interior o exterior, en un entorno alegre y lleno de fantas\u00eda.<\/span><\/p>\n<h3 style=\"text-align: justify;\"><span style=\"font-weight: 400;\">Lo que incluye tu algod\u00f3n dulce para eventos<\/span><\/h3>\n<ul style=\"text-align: justify;\">\n<li style=\"text-align: justify;\" aria-level=\"1\">Carrito de algod\u00f3n de az\u00facar<\/li>\n<li aria-level=\"1\">Diferentes sabores, formas y colores<\/li>\n<li style=\"text-align: justify;\" aria-level=\"1\"><span style=\"font-weight: 400;\">Algodones para los invitados<\/span><\/li>\n<li style=\"text-align: justify;\" aria-level=\"1\"><span style=\"font-weight: 400;\">Operario para servir<\/span><\/li>\n<li style=\"text-align: justify;\" aria-level=\"1\"><span style=\"font-weight: 400;\">Montaje y desmontaje<\/span><\/li>\n<\/ul>\n<p style=\"text-align: justify;\"><b>Precio: a consultar<\/b><\/p>\n<h3 style=\"text-align: justify;\"><span style=\"font-weight: 400;\">Se puede a\u00f1adir:<\/span><\/h3>\n<ul style=\"text-align: justify;\">\n<li style=\"font-weight: 400;\" aria-level=\"1\"><span style=\"font-weight: 400;\">Decoraci\u00f3n tem\u00e1tica<\/span><\/li>\n<li style=\"font-weight: 400;\" aria-level=\"1\"><span style=\"font-weight: 400;\">Animadores infantiles<\/span><\/li>\n<li style=\"font-weight: 400;\" aria-level=\"1\"><span style=\"font-weight: 400;\">Merienda personalizada<\/span><\/li>\n<li style=\"font-weight: 400;\" aria-level=\"1\"><span style=\"font-weight: 400;\">Juegos o rinc\u00f3n art\u00edstico<\/span><\/li>\n<li style=\"font-weight: 400;\" aria-level=\"1\"><span style=\"font-weight: 400;\">Fot\u00f3grafo<\/span><\/li>\n<li style=\"font-weight: 400;\" aria-level=\"1\"><span style=\"font-weight: 400;\">Mago<\/span><\/li>\n<li style=\"font-weight: 400;\" aria-level=\"1\"><span style=\"font-weight: 400;\">\u00a1Config\u00faralo como t\u00fa quieras!<\/span><\/li>\n<\/ul>\n<h3 style=\"text-align: justify;\"><span style=\"font-weight: 400;\">Facilidad de pago<\/span><\/h3>\n<p style=\"text-align: justify;\"><span style=\"font-weight: 400;\">Nuestro servicio de carrito de algod\u00f3n de az\u00facar para eventos se puede pagar de manera f\u00e1cil y sencilla, \u00a1basta con hacer un adelanto y el resto pagarlo el d\u00eda del evento!<\/span><\/p>\n<p style=\"text-align: justify;\"><span style=\"font-weight: 400;\">Haz de tu celebraci\u00f3n algo especial con nuestro carrito de algod\u00f3n de az\u00facar. \u00a1D\u00e9jalos divertirse a lo grande!<\/span><\/p>\n<p style=\"text-align: justify;\"><span style=\"font-weight: 400;\">Nota importante: Las tarifas no son reembolsables en caso de cancelaci\u00f3n del evento por cualquier motivo.<\/span><\/p>\n<p><\/p>","protected":false},"excerpt":{"rendered":"<p style=\"text-align: justify;\"><span style=\"font-weight: 400;\">Convierte tu fiesta en una experiencia \u00fanica con nuestro servicio de carrito de algod\u00f3n de az\u00facar para eventos. Incluye carrito de algod\u00f3n de az\u00facar, algodones para los invitados, operario para servir, montaje y desmontaje. <\/span><b>Precio final a consultar. Para reservar se paga 160 euros y el resto se puede pagar el mismo dia del evento.<\/b><\/p>\n","protected":false},"featured_media":54603,"comment_status":"closed","ping_status":"closed","template":"","meta":[],"class_list":["post-49264","product","type-product","status-publish","has-post-thumbnail","hentry","product_cat-corners-for-events-and-weddings","product_tag-algodon-dulce-para-eventos","product_tag-algodon-dulce-para-eventos-especiales","product_tag-carrito-de-algodon-dulce"],"_links":{"self":[{"href":"https:\/\/perfectvenue.es\/es\/wp-json\/wp\/v2\/product\/49264","targetHints":{"allow":["GET"]}}],"collection":[{"href":"https:\/\/perfectvenue.es\/es\/wp-json\/wp\/v2\/product"}],"about":[{"href":"https:\/\/perfectvenue.es\/es\/wp-json\/wp\/v2\/types\/product"}],"replies":[{"embeddable":true,"href":"https:\/\/perfectvenue.es\/es\/wp-json\/wp\/v2\/comments?post=49264"}],"wp:featuredmedia":[{"embeddable":true,"href":"https:\/\/perfectvenue.es\/es\/wp-json\/wp\/v2\/media\/54603"}],"wp:attachment":[{"href":"https:\/\/perfectvenue.es\/es\/wp-json\/wp\/v2\/media?parent=49264"}],"curies":[{"name":"wp","href":"https:\/\/api.w.org\/{rel}","templated":true}]}}