{"id":49261,"date":"2025-06-20T12:10:58","date_gmt":"2025-06-20T09:10:58","guid":{"rendered":"http:\/\/perfectvenue.es\/?post_type=product&#038;p=49261"},"modified":"2025-06-20T12:11:01","modified_gmt":"2025-06-20T09:11:01","slug":"ice-cream-for-events","status":"publish","type":"product","link":"https:\/\/perfectvenue.es\/es\/product\/ice-cream-for-events\/","title":{"rendered":"Carrito de helados para eventos, \u00a1un toque dulce para tu fiesta!"},"content":{"rendered":"<p><\/p>\n<p style=\"text-align: justify;\"><span style=\"font-weight: 400;\">El alquiler de un carrito de helados para eventos es una forma original y encantadora de ambientar cualquier celebraci\u00f3n. Cada montaje incluye el carrito con el frigor\u00edfico personalizado, los diferentes sabores de helados, los toppings y el operario para servir, todo dispuesto en un rinc\u00f3n perfecto para que tus invitados disfruten de este c\u00f3rner.<\/span><\/p>\n<p style=\"text-align: justify;\"><span style=\"font-weight: 400;\">En cualquier tipo de evento, nuestros carritos ofrecen un espacio perfecto para que grandes y peque\u00f1os puedan elegir, relajarse o recrearse tranquilamente se disfruta de la fiesta.\u00a0<\/span><\/p>\n<p style=\"text-align: justify;\"><span style=\"font-weight: 400;\">El rinc\u00f3n se adapta tanto al d\u00eda como a la noche. Adem\u00e1s, tenemos en cuenta cualquier tipo de intolerancia. Por tanto, los helados para eventos se convierten en una soluci\u00f3n entretenida, est\u00e9tica y la mar de deliciosa.<\/span><\/p>\n<p style=\"text-align: justify;\"><span style=\"font-weight: 400;\">Y si lo deseas, dise\u00f1amos tu carrito de helados para eventos seg\u00fan la tem\u00e1tica de tu celebraci\u00f3n: desde mundos de unicornios o princesas hasta escenarios de superh\u00e9roes. El alquiler de helados para eventos convierte una simple sala o jard\u00edn en un mundo divertido.<\/span><\/p>\n<h3 style=\"text-align: justify;\"><span style=\"font-weight: 400;\">Lo que incluye tu carrito de helados para eventos<\/span><\/h3>\n<ul>\n<li><b><span style=\"font-weight: 400;\">Carrito frigor\u00edfico personalizado seg\u00fan tem\u00e1tica\u00a0<\/span><\/b><\/li>\n<li aria-level=\"1\"><span style=\"font-weight: 400;\">Helados de diferentes sabores a elegir<\/span><\/li>\n<li aria-level=\"1\"><span style=\"font-weight: 400;\">Toppings<\/span><\/li>\n<li aria-level=\"1\"><span style=\"font-weight: 400;\">Operario para servir<\/span><\/li>\n<li aria-level=\"1\"><span style=\"font-weight: 400;\">Montaje y desmontaje en el lugar del evento<\/span><\/li>\n<\/ul>\n<p><b>Precio: a consultar<\/b><\/p>\n<h3><span style=\"font-weight: 400;\">Se puede a\u00f1adir:<\/span><\/h3>\n<ul>\n<li style=\"font-weight: 400; text-align: justify;\" aria-level=\"1\"><span style=\"font-weight: 400;\">Decoraci\u00f3n tem\u00e1tica<\/span><\/li>\n<li style=\"font-weight: 400; text-align: justify;\" aria-level=\"1\"><span style=\"font-weight: 400;\">Animadores infantiles<\/span><\/li>\n<li style=\"font-weight: 400; text-align: justify;\" aria-level=\"1\"><span style=\"font-weight: 400;\">Merienda personalizada<\/span><\/li>\n<li style=\"font-weight: 400; text-align: justify;\" aria-level=\"1\"><span style=\"font-weight: 400;\">Juegos o rinc\u00f3n art\u00edstico<\/span><\/li>\n<li style=\"font-weight: 400; text-align: justify;\" aria-level=\"1\"><span style=\"font-weight: 400;\">Fot\u00f3grafo<\/span><\/li>\n<li style=\"font-weight: 400; text-align: justify;\" aria-level=\"1\"><span style=\"font-weight: 400;\">Mago<\/span><\/li>\n<li style=\"font-weight: 400; text-align: justify;\" aria-level=\"1\"><span style=\"font-weight: 400;\">\u00a1Config\u00faralo como t\u00fa quieras!<\/span><\/li>\n<\/ul>\n<h3 style=\"text-align: justify;\"><span style=\"font-weight: 400;\">Facilidad de pago<\/span><\/h3>\n<p style=\"text-align: justify;\"><span style=\"font-weight: 400;\">Nuestro servicio de carrito de helados para eventos se puede pagar de manera f\u00e1cil y sencilla, \u00a1basta con hacer un adelanto y el resto pagarlo el d\u00eda del evento!<\/span><\/p>\n<p style=\"text-align: justify;\"><span style=\"font-weight: 400;\">Haz de tu celebraci\u00f3n algo especial con nuestro carrito de helados. \u00a1D\u00e9jalos divertirse a lo grande!<\/span><\/p>\n<p style=\"text-align: justify;\"><span style=\"font-weight: 400;\">Nota importante: Las tarifas no son reembolsables en caso de cancelaci\u00f3n del evento por cualquier motivo.<\/span><\/p>\n<p><\/p>","protected":false},"excerpt":{"rendered":"<p style=\"text-align: justify;\"><span style=\"font-weight: 400;\">Convierte tu evento en una experiencia \u00fanica con nuestro servicio de carrito de helados. Incluye todo lo que necesitas para poner un toque dulce y fresco a tu celebraci\u00f3n. <\/span><b>Precio a consultar. Puedes reservar con un adelanto y personalizar todos los detalles.<\/b><\/p>\n<p>&nbsp;<\/p>\n","protected":false},"featured_media":49270,"comment_status":"closed","ping_status":"closed","template":"","meta":[],"class_list":["post-49261","product","type-product","status-publish","has-post-thumbnail","hentry","product_cat-corners-for-events-and-weddings","product_tag-carrito-de-helados","product_tag-carrito-de-helados-para-eventos","product_tag-carritos-originales-de-helados-para-eventos"],"_links":{"self":[{"href":"https:\/\/perfectvenue.es\/es\/wp-json\/wp\/v2\/product\/49261","targetHints":{"allow":["GET"]}}],"collection":[{"href":"https:\/\/perfectvenue.es\/es\/wp-json\/wp\/v2\/product"}],"about":[{"href":"https:\/\/perfectvenue.es\/es\/wp-json\/wp\/v2\/types\/product"}],"replies":[{"embeddable":true,"href":"https:\/\/perfectvenue.es\/es\/wp-json\/wp\/v2\/comments?post=49261"}],"wp:featuredmedia":[{"embeddable":true,"href":"https:\/\/perfectvenue.es\/es\/wp-json\/wp\/v2\/media\/49270"}],"wp:attachment":[{"href":"https:\/\/perfectvenue.es\/es\/wp-json\/wp\/v2\/media?parent=49261"}],"curies":[{"name":"wp","href":"https:\/\/api.w.org\/{rel}","templated":true}]}}