{"id":48226,"date":"2025-07-02T20:11:05","date_gmt":"2025-07-02T17:11:05","guid":{"rendered":"https:\/\/perfectvenue.es\/?post_type=product&#038;p=48226"},"modified":"2025-07-02T20:11:08","modified_gmt":"2025-07-02T17:11:08","slug":"boda-elopement-en-barcelona-2","status":"publish","type":"product","link":"https:\/\/perfectvenue.es\/es\/product\/boda-elopement-en-barcelona-2\/","title":{"rendered":"Boda Elopement en Barcelona en Torre del Veguer: Amor, vi\u00f1edos y vistas al Mediterr\u00e1neo"},"content":{"rendered":"<p><\/p>\n<p style=\"text-align: justify;\"><span style=\"font-weight: 400;\">Si sue\u00f1as con una celebraci\u00f3n \u00edntima, exclusiva y cargada de magia, casarte en Torre del Veguer puede ser exactamente lo que est\u00e1s buscando. Este formato de boda elopement en Barcelona es perfecto para parejas que desean escapar del bullicio de las grandes celebraciones y vivir una experiencia rom\u00e1ntica, aut\u00e9ntica y muy personal, centrada \u00fanicamente en el amor.<\/span><\/p>\n<p style=\"text-align: justify;\"><span style=\"font-weight: 400;\">A menos de una hora de Barcelona, esta finca del siglo XIV combina historia, naturaleza y tradici\u00f3n vin\u00edcola en un entorno espectacular. Rodeada de vi\u00f1edos y con vistas al mar Mediterr\u00e1neo, Torre del Veguer ofrece un espacio lleno de car\u00e1cter, desde sus jardines de 2.000 m\u00b2 hasta su bodega medieval y su elegante carpa tipo haima. Celebrar aqu\u00ed tu boda significa hacerlo en un lugar con alma, rodeado de belleza y con siglos de historia.<\/span><\/p>\n<p style=\"text-align: justify;\"><span style=\"font-weight: 400;\">En este art\u00edculo te presentamos todo lo que incluye nuestro exclusivo pack de boda elopement, pensado hasta el m\u00e1s m\u00ednimo detalle para que vivas un d\u00eda inolvidable. Un servicio dise\u00f1ado para quienes desean algo diferente sin salir de Catalu\u00f1a, en un entorno privilegiado y sin preocupaciones.<\/span><\/p>\n<p style=\"text-align: justify;\"><span style=\"font-weight: 400;\">Vive la emoci\u00f3n de casarte a solas o con unos pocos seres queridos en una finca con encanto, vi\u00f1edos centenarios y una atm\u00f3sfera m\u00e1gica. Una boda elopement en Barcelona en Torre del Veguer es una experiencia elegante, \u00edntima y profundamente memorable. \u00bfTe animas?<\/span><\/p>\n<figure id=\"attachment_48231\" aria-describedby=\"caption-attachment-48231\" style=\"width: 700px\" class=\"wp-caption aligncenter\"><img loading=\"lazy\" decoding=\"async\" class=\"wp-image-48231\" src=\"https:\/\/perfectvenue.es\/wp-content\/uploads\/2025\/05\/Captura-de-pantalla-2025-05-08-120202.png\" alt=\"Boda Elopement en Barcelona \/ Torre del Veguer\" width=\"700\" height=\"476\" srcset=\"https:\/\/perfectvenue.es\/wp-content\/uploads\/2025\/05\/Captura-de-pantalla-2025-05-08-120202.png?v=1746698545 800w, https:\/\/perfectvenue.es\/wp-content\/uploads\/2025\/05\/Captura-de-pantalla-2025-05-08-120202-300x204.png?v=1746698545 300w, https:\/\/perfectvenue.es\/wp-content\/uploads\/2025\/05\/Captura-de-pantalla-2025-05-08-120202-768x522.png?v=1746698545 768w, https:\/\/perfectvenue.es\/wp-content\/uploads\/2025\/05\/Captura-de-pantalla-2025-05-08-120202-450x306.png?v=1746698545 450w, https:\/\/perfectvenue.es\/wp-content\/uploads\/2025\/05\/Captura-de-pantalla-2025-05-08-120202-600x408.png?v=1746698545 600w\" sizes=\"auto, (max-width: 700px) 100vw, 700px\" \/><figcaption id=\"caption-attachment-48231\" class=\"wp-caption-text\">Boda Elopement en Barcelona \/ Torre del Veguer<\/figcaption><\/figure>\n<h2 style=\"text-align: justify;\"><span style=\"font-weight: 400;\">Lo que incluye este pack de boda elopement en Barcelona<\/span><\/h2>\n<h3 style=\"text-align: justify;\"><span style=\"font-weight: 400;\">Un rinc\u00f3n con siglos de historia para vuestro gran d\u00eda<\/span><\/h3>\n<p style=\"text-align: justify;\"><span style=\"font-weight: 400;\">Torre del Veguer no es solo una finca con vi\u00f1edos, es un pedazo de historia catalana con ra\u00edces en el siglo XIV. Entre muros de piedra, antiguos lagares y vistas al mar, se respira una mezcla perfecta entre herencia medieval y esencia mediterr\u00e1nea. En este entorno m\u00e1gico, cada rinc\u00f3n es ideal para celebrar una ceremonia \u00edntima y con estilo.<\/span><\/p>\n<p style=\"text-align: justify;\"><span style=\"font-weight: 400;\">Desde sus jardines abiertos hasta la Sala Muscat con grandes ventanales, sin olvidar la bodega original o la zona de piscina para una velada al aire libre, la finca ofrece espacios vers\u00e1tiles y con mucha personalidad. La exclusividad est\u00e1 garantizada: durante vuestra celebraci\u00f3n, todo el recinto ser\u00e1 solo para vosotros.<\/span><\/p>\n<h3 style=\"text-align: justify;\"><span style=\"font-weight: 400;\">Naturaleza y elegancia en cada detalle<\/span><\/h3>\n<p style=\"text-align: justify;\"><span style=\"font-weight: 400;\">En vuestra boda elopement en Barcelona, la decoraci\u00f3n b\u00e1sica est\u00e1 incluida y cuidadosamente dise\u00f1ada para que pod\u00e1is vivir el d\u00eda sin preocupaciones. Lejos de lo recargado y artificial, apostamos por una est\u00e9tica natural, arm\u00f3nica y elegante que realce la belleza del entorno sin restarle protagonismo.<\/span><\/p>\n<p style=\"text-align: justify;\"><span style=\"font-weight: 400;\">El coraz\u00f3n de la decoraci\u00f3n es un altar sencillo pero significativo, decorado con flores frescas de temporada que se adaptan al paisaje y a la paleta crom\u00e1tica del lugar.\u00a0<\/span><\/p>\n<p style=\"text-align: justify;\"><span style=\"font-weight: 400;\">Cada pieza ha sido elegida para integrarse de forma org\u00e1nica con la esencia de Torre del Veguer: piedra antigua, vi\u00f1edos interminables, vistas al Mediterr\u00e1neo y una atm\u00f3sfera impregnada de historia. La decoraci\u00f3n no pretende transformar el espacio, sino acompa\u00f1arlo, enaltecer su autenticidad y hacerlo a\u00fan m\u00e1s especial.<\/span><\/p>\n<p style=\"text-align: justify;\"><span style=\"font-weight: 400;\">El resultado es un entorno \u00edntimo, cuidado al mil\u00edmetro y con mucho encanto, pensado para parejas que valoran la belleza de lo simple y lo esencial. Una ceremonia que, sin grandes producciones, transmite lo m\u00e1s importante: emoci\u00f3n, conexi\u00f3n y verdad.<\/span><\/p>\n<figure id=\"attachment_48230\" aria-describedby=\"caption-attachment-48230\" style=\"width: 700px\" class=\"wp-caption aligncenter\"><img loading=\"lazy\" decoding=\"async\" class=\"wp-image-48230\" src=\"https:\/\/perfectvenue.es\/wp-content\/uploads\/2025\/05\/Captura-de-pantalla-2025-05-08-115854.png\" alt=\"Boda Elopement en Barcelona \/ Torre del Veguer\" width=\"700\" height=\"1120\" srcset=\"https:\/\/perfectvenue.es\/wp-content\/uploads\/2025\/05\/Captura-de-pantalla-2025-05-08-115854.png?v=1746698463 428w, https:\/\/perfectvenue.es\/wp-content\/uploads\/2025\/05\/Captura-de-pantalla-2025-05-08-115854-187x300.png?v=1746698463 187w\" sizes=\"auto, (max-width: 700px) 100vw, 700px\" \/><figcaption id=\"caption-attachment-48230\" class=\"wp-caption-text\">Boda Elopement en Barcelona \/ Torre del Veguer<\/figcaption><\/figure>\n<h3 style=\"text-align: justify;\"><span style=\"font-weight: 400;\">Un ramo hecho con alma<\/span><\/h3>\n<p style=\"text-align: justify;\"><span style=\"font-weight: 400;\">El ramo de novia es mucho m\u00e1s que un complemento: es una pieza cargada de emoci\u00f3n que te acompa\u00f1ar\u00e1 en cada momento del d\u00eda. En vuestra boda elopement en Barcelona, incluimos un ramo elaborado de forma artesanal con flores frescas de temporada, cuidadosamente seleccionadas para armonizar con la decoraci\u00f3n y el entorno.<\/span><\/p>\n<p style=\"text-align: justify;\"><span style=\"font-weight: 400;\">Cada dise\u00f1o se adapta a vuestro estilo: rom\u00e1ntico, silvestre, minimalista o cl\u00e1sico. Si ten\u00e9is preferencias de colores o flores especiales, podemos personalizarlo para que refleje vuestra esencia. Un detalle \u00edntimo y significativo que aportar\u00e1 belleza, coherencia y emoci\u00f3n a cada instante del gran d\u00eda.<\/span><\/p>\n<h3 style=\"text-align: justify;\"><span style=\"font-weight: 400;\">Palabras que conectan con el coraz\u00f3n<\/span><\/h3>\n<p style=\"text-align: justify;\"><span style=\"font-weight: 400;\">La ceremonia es el n\u00facleo emocional de una boda elopement en Barcelona, y por eso estar\u00e1 guiada por un maestro de ceremonias profesional que har\u00e1 que cada palabra cobre sentido. No se trata de seguir un gui\u00f3n r\u00edgido, sino de crear un momento \u00fanico que hable de vosotros: de vuestra historia, de vuestros valores, de lo que os une.<\/span><\/p>\n<p style=\"text-align: justify;\"><span style=\"font-weight: 400;\">Podr\u00e9is decidir el tono que m\u00e1s os represente: \u00edntimo, po\u00e9tico, desenfadado, espiritual o simb\u00f3lico. La ceremonia puede incluir lecturas, rituales o intervenciones que tengan un significado especial para vosotros.<\/span><\/p>\n<p style=\"text-align: justify;\"><span style=\"font-weight: 400;\">Y como el amor no entiende de idiomas, tambi\u00e9n ofrecemos la posibilidad de celebrar la ceremonia en espa\u00f1ol, ingl\u00e9s, franc\u00e9s o ruso, para que cada palabra llegue al coraz\u00f3n, sin importar de d\u00f3nde veng\u00e1is. Porque queremos que ese \u201cS\u00ed, quiero\u201d sea tan profundo como inolvidable, y que cada frase resuene con verdad.<\/span><\/p>\n<figure id=\"attachment_48229\" aria-describedby=\"caption-attachment-48229\" style=\"width: 700px\" class=\"wp-caption aligncenter\"><img loading=\"lazy\" decoding=\"async\" class=\"wp-image-48229\" src=\"https:\/\/perfectvenue.es\/wp-content\/uploads\/2025\/05\/Captura-de-pantalla-2025-05-08-115555.png\" alt=\"Boda Elopement en Barcelona \/ Torre del Veguer\" width=\"700\" height=\"902\" srcset=\"https:\/\/perfectvenue.es\/wp-content\/uploads\/2025\/05\/Captura-de-pantalla-2025-05-08-115555.png?v=1746698194 557w, https:\/\/perfectvenue.es\/wp-content\/uploads\/2025\/05\/Captura-de-pantalla-2025-05-08-115555-233x300.png?v=1746698194 233w, https:\/\/perfectvenue.es\/wp-content\/uploads\/2025\/05\/Captura-de-pantalla-2025-05-08-115555-450x580.png?v=1746698194 450w\" sizes=\"auto, (max-width: 700px) 100vw, 700px\" \/><figcaption id=\"caption-attachment-48229\" class=\"wp-caption-text\">Boda Elopement en Barcelona \/ Torre del Veguer<\/figcaption><\/figure>\n<h3 style=\"text-align: justify;\"><span style=\"font-weight: 400;\">La m\u00fasica, para un momento irrepetible<\/span><\/h3>\n<p style=\"text-align: justify;\"><span style=\"font-weight: 400;\">La m\u00fasica en directo es otro de los elementos que har\u00e1n especial vuestra boda elopement en Barcelona. Una violinista profesional interpretar\u00e1 las piezas que elij\u00e1is para los momentos m\u00e1s importantes: la entrada, los votos y la salida.<\/span><\/p>\n<p style=\"text-align: justify;\"><span style=\"font-weight: 400;\">Con el paisaje de fondo y las notas del viol\u00edn en el aire, cada instante se transformar\u00e1 en un recuerdo imborrable lleno de emoci\u00f3n y belleza.<\/span><\/p>\n<h3 style=\"text-align: justify;\"><span style=\"font-weight: 400;\">Fotograf\u00edas para contar vuestra historia<\/span><\/h3>\n<p style=\"text-align: justify;\"><span style=\"font-weight: 400;\">Un fot\u00f3grafo profesional os acompa\u00f1ar\u00e1 durante dos horas para capturar cada emoci\u00f3n y cada gesto espont\u00e1neo. Las fotos tendr\u00e1n un estilo natural y rom\u00e1ntico, centrado en los detalles y sin posados forzados.<\/span><\/p>\n<p style=\"text-align: justify;\"><span style=\"font-weight: 400;\">Con la luz del atardecer sobre los vi\u00f1edos, las antiguas piedras de la finca y los colores del mar de fondo, las im\u00e1genes ser\u00e1n el testimonio perfecto de un d\u00eda irrepetible.<\/span><\/p>\n<h3 style=\"text-align: justify;\"><span style=\"font-weight: 400;\">Coordinaci\u00f3n perfecta para una celebraci\u00f3n sin estr\u00e9s<\/span><\/h3>\n<p style=\"text-align: justify;\"><span style=\"font-weight: 400;\">La organizaci\u00f3n y coordinaci\u00f3n del evento est\u00e1n totalmente incluidas. Nuestro equipo de profesionales se encargar\u00e1 de cada aspecto: proveedores, montaje, tiempos, decoraci\u00f3n y m\u00e1s.<\/span><\/p>\n<p style=\"text-align: justify;\"><span style=\"font-weight: 400;\">Vosotros solo ten\u00e9is que vivir el momento, mientras nosotros nos aseguramos de que todo fluya con naturalidad y sin contratiempos.<\/span><\/p>\n<h2 style=\"text-align: justify;\"><span style=\"font-weight: 400;\">Siempre pod\u00e9is a\u00f1adir\u2026<\/span><\/h2>\n<h3 style=\"text-align: justify;\"><span style=\"font-weight: 400;\">Una cena para dos entre vi\u00f1edos y estrellas<\/span><\/h3>\n<p style=\"text-align: justify;\"><span style=\"font-weight: 400;\">Despu\u00e9s de la emoci\u00f3n de la ceremonia, nada mejor que regalarse un momento a solas para saborear el amor con calma. En Torre del Veguer, podr\u00e9is disfrutar de una cena rom\u00e1ntica para dos en alguno de los rincones m\u00e1s m\u00e1gicos de la finca: junto a los vi\u00f1edos al atardecer o en un rinc\u00f3n privado del jard\u00edn con vistas al mar.<\/span><\/p>\n<p style=\"text-align: justify;\"><span style=\"font-weight: 400;\">La mesa os esperar\u00e1 vestida con mimo: velas encendidas, flores frescas y un men\u00fa especial preparado para la ocasi\u00f3n. Cada detalle est\u00e1 pensado para que viv\u00e1is una experiencia gastron\u00f3mica \u00edntima, rodeada de silencio, historia y belleza natural.<\/span><\/p>\n<p style=\"text-align: justify;\"><span style=\"font-weight: 400;\">Este instante, solo para vosotros, ser\u00e1 el broche perfecto para cerrar el d\u00eda con una copa en la mano, una conversaci\u00f3n sin prisas y la sensaci\u00f3n de haber comenzado vuestra historia de la forma m\u00e1s pura y aut\u00e9ntica. Porque una boda elopement en Barcelona tambi\u00e9n se celebra con los sentidos, y esta cena ser\u00e1 un recuerdo que sabr\u00e1 a amor.<\/span><\/p>\n<h3 style=\"text-align: justify;\"><span style=\"font-weight: 400;\">Dise\u00f1a tu boda a tu manera<\/span><\/h3>\n<p style=\"text-align: justify;\"><span style=\"font-weight: 400;\">Si lo dese\u00e1is, pod\u00e9is personalizar a\u00fan m\u00e1s la decoraci\u00f3n: arcos florales, caminos de velas, telas, alfombras y todo lo que refleje vuestra esencia. Nuestro equipo os ayudar\u00e1 a dise\u00f1ar cada detalle para que el estilo sea verdaderamente vuestro.<\/span><\/p>\n<h3 style=\"text-align: justify;\"><span style=\"font-weight: 400;\">Vuestra historia, tambi\u00e9n en v\u00eddeo<\/span><\/h3>\n<p style=\"text-align: justify;\"><span style=\"font-weight: 400;\">Pod\u00e9is incluir un v\u00eddeo de boda grabado por un profesional especializado, que capturar\u00e1 los momentos clave con un enfoque cinematogr\u00e1fico. Un recuerdo visual lleno de emoci\u00f3n para revivirlo una y otra vez.<\/span><\/p>\n<h3 style=\"text-align: justify;\"><span style=\"font-weight: 400;\">Un trayecto lleno de estilo<\/span><\/h3>\n<p style=\"text-align: justify;\"><span style=\"font-weight: 400;\">Cada detalle cuenta en un d\u00eda tan especial, y la llegada a Torre del Veguer no es la excepci\u00f3n. Si quer\u00e9is sumar un toque de distinci\u00f3n y romanticismo desde el primer instante, pod\u00e9is a\u00f1adir un coche de boda a vuestra experiencia: desde un elegante veh\u00edculo cl\u00e1sico que aporte nostalgia y sofisticaci\u00f3n, hasta un modelo moderno y minimalista que hable de vuestro estilo actual.<\/span><\/p>\n<p style=\"text-align: justify;\"><span style=\"font-weight: 400;\">El trayecto hacia la finca se convierte as\u00ed en parte del ritual: un momento para respirar, emocionarse y dejarse llevar por la expectativa de lo que est\u00e1 por venir. Y si lo dese\u00e1is, tambi\u00e9n podr\u00e9is disfrutar de un paseo entre vi\u00f1edos despu\u00e9s de la ceremonia, como reci\u00e9n casados, celebrando en privado la intimidad de este d\u00eda \u00fanico.<\/span><\/p>\n<p style=\"text-align: justify;\"><span style=\"font-weight: 400;\">Porque la forma en la que lleg\u00e1is tambi\u00e9n cuenta vuestra historia. Y una entrada con personalidad es el primer cap\u00edtulo de un recuerdo que comienza con elegancia.<\/span><\/p>\n<h2 style=\"text-align: justify;\"><span style=\"font-weight: 400;\">Lo esencial para vivir un d\u00eda inolvidable<\/span><\/h2>\n<p style=\"text-align: justify;\"><span style=\"font-weight: 400;\">El precio de tu boda elopement en Torre del Veguer es de 5.000\u202f\u20ac, e incluye todo lo necesario para una celebraci\u00f3n \u00edntima, sin estr\u00e9s y completamente inolvidable: alquiler exclusivo del espacio, decoraci\u00f3n b\u00e1sica, ramo de novia, maestro de ceremonias, violinista, fot\u00f3grafo profesional durante dos horas y coordinaci\u00f3n completa del evento.<\/span><\/p>\n<p style=\"text-align: justify;\"><span style=\"font-weight: 400;\">Si quer\u00e9is a\u00f1adir alg\u00fan extra como una cena privada, v\u00eddeo, decoraci\u00f3n personalizada o un coche de boda, solo ten\u00e9is que dec\u00edrnoslo. Lo adaptamos todo a vuestro gusto y presupuesto.<\/span><\/p>\n<p style=\"text-align: justify;\"><span style=\"font-weight: 400;\">Cada historia de amor merece un lugar especial para comenzar. \u00bfY si el vuestro es aqu\u00ed, entre vi\u00f1edos, mar y siglos de historia?<\/span><\/p>\n<p class=\"\" style=\"text-align: justify;\" data-start=\"202\" data-end=\"377\">Si Torre del Veguer no es exactamente lo que buscas, en Perfect Venue encontrar\u00e1s otras opciones exclusivas para bodas elopement en la provincia de Barcelona. Por ejemplo:<\/p>\n<p class=\"\" style=\"text-align: justify;\" data-start=\"379\" data-end=\"571\"><span class=\"relative -mx-px my-[-0.2rem] rounded px-px py-[0.2rem] transition-colors duration-100 ease-in-out\">El <a href=\"https:\/\/perfectvenue.es\/es\/listings\/cerdanyola-castle\/\">Castillo de Cerdanyola<\/a>, tambi\u00e9n conocido como Castillo de Sant Marcial, es una joya hist\u00f3rica que data del siglo XI.<\/span> <span class=\"relative -mx-px my-[-0.2rem] rounded px-px py-[0.2rem] transition-colors duration-100 ease-in-out\">Ubicado en un entorno natural privilegiado, este castillo combina la majestuosidad de su arquitectura con espacios vers\u00e1tiles y elegantes, ideales para una Boda Elopement en Barcelona.<\/span> <span class=\"relative -mx-px my-[-0.2rem] rounded px-px py-[0.2rem] transition-colors duration-100 ease-in-out\">Sus salones, como la antigua bodega reformada y el sal\u00f3n anexo dise\u00f1ado por L\u00e1zaro Rosa-Viol\u00e1n, ofrecen ambientes \u00fanicos para ceremonias \u00edntimas y celebraciones memorables.<\/span> <span class=\"relative -mx-px my-[-0.2rem] rounded px-px py-[0.2rem] transition-colors duration-100 ease-in-out\">Adem\u00e1s, su equipo profesional se encarga de todos los detalles para garantizar una experiencia inolvidable.<\/span><\/p>\n<p><\/p>","protected":false},"excerpt":{"rendered":"<p style=\"text-align: justify;\">Boda Elopement en Barcelona en Torre del Veguer: celebraci\u00f3n \u00edntima en entorno hist\u00f3rico, con ceremonia, m\u00fasica, fotos, decoraci\u00f3n y coordinaci\u00f3n incluidas. <strong>Precio a consultar.<\/strong><\/p>\n","protected":false},"featured_media":49805,"comment_status":"closed","ping_status":"closed","template":"","meta":[],"class_list":["post-48226","product","type-product","status-publish","has-post-thumbnail","hentry","product_cat-elopement-planner","product_tag-boda-elopement-en-barcelona","product_tag-boda-elopement-en-barcelona-2026","product_tag-boda-elopement-en-torre-del-verger"],"_links":{"self":[{"href":"https:\/\/perfectvenue.es\/es\/wp-json\/wp\/v2\/product\/48226","targetHints":{"allow":["GET"]}}],"collection":[{"href":"https:\/\/perfectvenue.es\/es\/wp-json\/wp\/v2\/product"}],"about":[{"href":"https:\/\/perfectvenue.es\/es\/wp-json\/wp\/v2\/types\/product"}],"replies":[{"embeddable":true,"href":"https:\/\/perfectvenue.es\/es\/wp-json\/wp\/v2\/comments?post=48226"}],"wp:featuredmedia":[{"embeddable":true,"href":"https:\/\/perfectvenue.es\/es\/wp-json\/wp\/v2\/media\/49805"}],"wp:attachment":[{"href":"https:\/\/perfectvenue.es\/es\/wp-json\/wp\/v2\/media?parent=48226"}],"curies":[{"name":"wp","href":"https:\/\/api.w.org\/{rel}","templated":true}]}}