{"id":47787,"date":"2025-06-25T12:40:01","date_gmt":"2025-06-25T09:40:01","guid":{"rendered":"https:\/\/perfectvenue.es\/?post_type=product&#038;p=47787"},"modified":"2025-12-03T18:40:42","modified_gmt":"2025-12-03T15:40:42","slug":"cumpleanos-con-talleres-en-madrid-14","status":"publish","type":"product","link":"https:\/\/perfectvenue.es\/es\/product\/cumpleanos-con-talleres-en-madrid-14\/","title":{"rendered":"Cumplea\u00f1os con talleres en Madrid: explora nuevos mundos y vive experiencias \u00fanicas con nuestro taller de realidad virtual infantil"},"content":{"rendered":"<p><\/p>\n<p style=\"text-align: justify;\"><span style=\"font-weight: 400;\">Si buscas una manera innovadora y emocionante de celebrar un cumplea\u00f1os con talleres en Madrid, nuestro taller de realidad virtual infantil es la opci\u00f3n ideal. Con esta experiencia, los ni\u00f1os tendr\u00e1n la oportunidad de explorar mundos virtuales fascinantes y sumergirse en aventuras \u00fanicas que los har\u00e1n sentir como si estuvieran dentro de un videojuego o pel\u00edcula. Si quieres organizar un cumplea\u00f1os con talleres en Madrid lleno de emoci\u00f3n y tecnolog\u00eda, \u00a1este es el taller perfecto para ti!<\/span><\/p>\n<p style=\"text-align: justify;\"><span style=\"font-weight: 400;\">En nuestro taller de realidad virtual infantil, los ni\u00f1os vivir\u00e1n una experiencia que combina aprendizaje, diversi\u00f3n y tecnolog\u00eda de punta. A trav\u00e9s de las gafas de realidad virtual, podr\u00e1n adentrarse en mundos virtuales interactivos, resolver desaf\u00edos, jugar a diferentes juegos y realizar actividades que estimulen su creatividad y habilidades.\u00a0<\/span><\/p>\n<p style=\"text-align: justify;\"><span style=\"font-weight: 400;\">Si lo que buscas es un cumplea\u00f1os con talleres en Madrid que haga de la tecnolog\u00eda y la diversi\u00f3n una combinaci\u00f3n perfecta, este taller es ideal.<\/span><\/p>\n<p style=\"text-align: justify;\"><span style=\"font-weight: 400;\">Este cumplea\u00f1os con talleres en Madrid est\u00e1 dise\u00f1ado para los m\u00e1s peque\u00f1os que quieren experimentar algo completamente nuevo y emocionante. Gracias a la realidad virtual, los ni\u00f1os se sentir\u00e1n como si estuvieran dentro de un universo paralelo, donde podr\u00e1n interactuar con sus amigos y disfrutar de un sinf\u00edn de aventuras en un entorno controlado y seguro. No hay mejor manera de vivir una fiesta de cumplea\u00f1os llena de magia y nuevas experiencias que con este taller de realidad virtual.<\/span><\/p>\n<h3 style=\"text-align: justify;\"><span style=\"font-weight: 400;\">\u00bfA qui\u00e9n va dirigido el taller de realidad virtual infantil?\u00a0<\/span><\/h3>\n<p style=\"text-align: justify;\"><span style=\"font-weight: 400;\">Nuestro taller de realidad virtual infantil est\u00e1 dirigido a ni\u00f1os de entre 8 y 14 a\u00f1os que busquen vivir una experiencia tecnol\u00f3gica y emocionante. Si est\u00e1s organizando un cumplea\u00f1os con talleres en Madrid para peque\u00f1os amantes de la tecnolog\u00eda y los videojuegos, este taller les permitir\u00e1 explorar nuevos mundos de una forma completamente inmersiva. Ser\u00e1 una forma \u00fanica y moderna de celebrar su cumplea\u00f1os.<\/span><\/p>\n<h3 style=\"text-align: justify;\"><span style=\"font-weight: 400;\">Grupos privados y atenci\u00f3n personalizada en nuestros cumplea\u00f1os con talleres en Madrid<\/span><\/h3>\n<p style=\"text-align: justify;\"><span style=\"font-weight: 400;\">En nuestro taller de realidad virtual infantil, organizamos las sesiones en grupos peque\u00f1os para asegurar que cada ni\u00f1o tenga su turno de experimentar y disfrutar de la actividad. Si deseas un cumplea\u00f1os con talleres en Madrid completamente adaptado a los intereses y edades de los ni\u00f1os, nosotros nos encargamos de organizar todo para que la experiencia sea personalizada y especial. Nuestros monitores estar\u00e1n presentes para guiar a los ni\u00f1os en cada paso y asegurarse de que se diviertan al m\u00e1ximo. Los grupos ser\u00e1n de m\u00ednimo 10 ni\u00f1os. \u00a1Cons\u00faltanos si sois m\u00e1s!<\/span><\/p>\n<h3 style=\"text-align: justify;\"><span style=\"font-weight: 400;\">\u00bfQu\u00e9 incluye el taller de realidad virtual infantil?<\/span><\/h3>\n<ul style=\"text-align: justify;\">\n<li style=\"list-style-type: none;\">\n<ul>\n<li style=\"font-weight: 400;\" aria-level=\"1\"><b>Gafas de realidad virtual<\/b><span style=\"font-weight: 400;\">: Tecnolog\u00eda de \u00faltima generaci\u00f3n para una experiencia inmersiva y emocionante.<\/span><\/li>\n<li style=\"font-weight: 400;\" aria-level=\"1\"><b>Mundos interactivos<\/b><span style=\"font-weight: 400;\">: Diversas opciones de juegos y experiencias virtuales adaptadas a los m\u00e1s peque\u00f1os.<\/span><\/li>\n<li style=\"font-weight: 400;\" aria-level=\"1\"><b>Ambiente seguro y controlado<\/b><span style=\"font-weight: 400;\">: Un entorno en el que los ni\u00f1os podr\u00e1n disfrutar de la experiencia sin preocupaciones.<\/span><\/li>\n<li style=\"font-weight: 400;\" aria-level=\"1\"><b>Certificado de \u201cexplorador virtual\u201d.<\/b><\/li>\n<li style=\"font-weight: 400;\" aria-level=\"1\"><b>Foto de recuerdo<\/b><span style=\"font-weight: 400;\">.<\/span><\/li>\n<li style=\"font-weight: 400;\" aria-level=\"1\"><b>Refresco incluido<\/b><span style=\"font-weight: 400;\">.<\/span><\/li>\n<\/ul>\n<\/li>\n<\/ul>\n<h3 style=\"text-align: justify;\"><span style=\"font-weight: 400;\">Duraci\u00f3n y ubicaci\u00f3n<\/span><\/h3>\n<p style=\"text-align: justify;\"><span style=\"font-weight: 400;\">El taller de realidad virtual infantil tiene una duraci\u00f3n de aproximadamente 1 hora y media, que es el tiempo perfecto para que los ni\u00f1os vivan una experiencia completa y divertida. Adem\u00e1s, ofrecemos dos opciones para realizar este cumplea\u00f1os con talleres en Madrid:<\/span><\/p>\n<ul style=\"text-align: justify;\">\n<li style=\"font-weight: 400;\" aria-level=\"1\"><b>En nuestro espacio<\/b><span style=\"font-weight: 400;\">: Disponemos de un \u00e1rea equipada con tecnolog\u00eda de \u00faltima generaci\u00f3n, ideal para disfrutar de un cumplea\u00f1os con talleres en Madrid lleno de innovaci\u00f3n.<\/span><\/li>\n<li style=\"font-weight: 400;\" aria-level=\"1\"><b>A domicilio<\/b><span style=\"font-weight: 400;\">: Si prefieres que el taller se realice en tu casa o en cualquier otro lugar de Madrid, nuestro equipo llevar\u00e1 todo lo necesario para organizar la experiencia en tu propio espacio.<\/span><\/li>\n<\/ul>\n<h3 style=\"text-align: justify;\"><span style=\"font-weight: 400;\">Opciones que puedes a\u00f1adir a tu taller de realidad virtual infantil\u00a0<\/span><\/h3>\n<p style=\"text-align: justify;\"><span style=\"font-weight: 400;\">Haz que tu cumplea\u00f1os con talleres en Madrid sea a\u00fan m\u00e1s especial con algunas de estas opciones adicionales:<\/span><\/p>\n<ul style=\"text-align: justify;\">\n<li style=\"font-weight: 400;\" aria-level=\"1\"><a href=\"https:\/\/perfectvenue.es\/product\/decoracion-con-globos-en-madrid\/\"><b>Decoraci\u00f3n tem\u00e1tica<\/b><\/a><span style=\"font-weight: 400;\">: Personaliza el espacio con elementos que hagan referencia a la realidad virtual y los videojuegos.<\/span><\/li>\n<li style=\"font-weight: 400;\" aria-level=\"1\"><a href=\"https:\/\/perfectvenue.es\/product\/tartas-tematicas-en-madrid\/\"><b>Tarta tem\u00e1tica<\/b><\/a><span style=\"font-weight: 400;\">: Una tarta inspirada en los mundos virtuales que los ni\u00f1os explorar\u00e1n durante el taller.<\/span><\/li>\n<li style=\"font-weight: 400;\" aria-level=\"1\"><a href=\"https:\/\/perfectvenue.es\/product\/galletas-tematicas-en-madrid\/\"><b>Galletas personalizadas<\/b><\/a><span style=\"font-weight: 400;\">: Galletas con figuras relacionadas con el mundo de los videojuegos y la realidad virtual.<\/span><\/li>\n<li style=\"font-weight: 400;\" aria-level=\"1\"><a href=\"https:\/\/perfectvenue.es\/product\/fotografo-para-fiestas-infantiles-en-madrid\/\"><b>Fot\u00f3grafo<\/b><\/a><span style=\"font-weight: 400;\">: Un profesional para capturar los mejores momentos del taller y los m\u00e1s emocionantes.<\/span><\/li>\n<li style=\"font-weight: 400;\" aria-level=\"1\"><a href=\"https:\/\/perfectvenue.es\/es\/product\/pinata-xxl-personalizada\/\"><b>Pi\u00f1ata personalizada XXL<\/b><\/a><span style=\"font-weight: 400;\">: Una pi\u00f1ata llena de sorpresas que har\u00e1 la fiesta a\u00fan m\u00e1s divertida.<\/span><\/li>\n<li style=\"font-weight: 400;\" aria-level=\"1\"><a href=\"https:\/\/perfectvenue.es\/product\/merienda-para-fiestas-infantiles-en-madrid\"><b>Merienda<\/b><\/a><span style=\"font-weight: 400;\">: Deliciosos snacks y bebidas para que los ni\u00f1os repongan energ\u00edas mientras disfrutan de la fiesta.<\/span><\/li>\n<li style=\"font-weight: 400;\" aria-level=\"1\"><a href=\"https:\/\/perfectvenue.es\/es\/product\/ice-cream-for-events\/\"><b>Carrito de helados<\/b><\/a><span style=\"font-weight: 400;\">: A\u00f1ade un carrito de helados para endulzar y refrescar tu fiesta<\/span><\/li>\n<li style=\"font-weight: 400;\" aria-level=\"1\"><a href=\"https:\/\/perfectvenue.es\/es\/product\/cotton-candy-for-events\/\"><b>Carrito de algod\u00f3n dulce<\/b><\/a><span style=\"font-weight: 400;\">: Incluye un carrito de algod\u00f3n de az\u00facar para dar un toque de diversi\u00f3n a tu evento.<\/span><\/li>\n<li style=\"font-weight: 400;\" aria-level=\"1\"><a href=\"https:\/\/perfectvenue.es\/es\/product\/chocolate-fountain-for-events\/\"><b>Fuente de chocolate<\/b><\/a><span style=\"font-weight: 400;\">: Ofrecemos diferentes chocolates y snacks para que todos los ni\u00f1os se chupen los dedos.<\/span><\/li>\n<\/ul>\n<h3 style=\"text-align: justify;\"><span style=\"font-weight: 400;\">Lo que debes tener en cuenta para el taller de realidad virtual infantil<\/span><\/h3>\n<ul style=\"text-align: justify;\">\n<li style=\"font-weight: 400;\" aria-level=\"1\"><b>Llega 5 minutos antes<\/b><span style=\"font-weight: 400;\">: Para que podamos empezar a tiempo y aprovechar al m\u00e1ximo la experiencia.<\/span><\/li>\n<li style=\"font-weight: 400;\" aria-level=\"1\"><b>Reserva con antelaci\u00f3n<\/b><span style=\"font-weight: 400;\">: Debido a la demanda de cumplea\u00f1os con talleres en Madrid, te recomendamos reservar con tiempo para asegurar tu plaza.<\/span><\/li>\n<li style=\"font-weight: 400;\" aria-level=\"1\"><b>Adaptado a todas las edades<\/b><span style=\"font-weight: 400;\">: Aunque est\u00e1 dirigido a ni\u00f1os de 8 a 14 a\u00f1os, podemos personalizar la actividad para adaptarnos a las necesidades de todos los participantes.<\/span><\/li>\n<li style=\"font-weight: 400;\" aria-level=\"1\"><b>Eventos especiales<\/b><span style=\"font-weight: 400;\">: Podemos adaptar el taller a temas o celebraciones especiales, asegurando que tu cumplea\u00f1os con talleres en Madrid sea \u00fanico y memorable.<\/span><\/li>\n<li aria-level=\"1\"><strong>Se requiere un m\u00ednimo de 10 personas.<\/strong><\/li>\n<\/ul>\n<h3 style=\"text-align: justify;\"><span style=\"font-weight: 400;\">\u00a1Reserva ya tu plaza!\u00a0<\/span><\/h3>\n<p style=\"text-align: justify;\"><span style=\"font-weight: 400;\">No dejes pasar la oportunidad de celebrar un cumplea\u00f1os con talleres en Madrid lleno de tecnolog\u00eda, diversi\u00f3n y nuevas experiencias. Nuestro taller de realidad virtual infantil es una opci\u00f3n incre\u00edble para hacer que los ni\u00f1os vivan un d\u00eda inolvidable. \u00a1Cont\u00e1ctanos ahora y organiza el mejor cumplea\u00f1os con talleres en Madrid!<\/span><\/p>\n<h3 style=\"text-align: justify;\"><span style=\"font-weight: 400;\">Y si quieres m\u00e1s informaci\u00f3n:<\/span><\/h3>\n<p style=\"text-align: justify;\"><span style=\"font-weight: 400;\">Llama o escribe:<\/span><\/p>\n<p style=\"text-align: justify;\"><span style=\"font-weight: 400;\">Tel. +34 722 29 15 43<\/span><span style=\"font-weight: 400;\"><br \/>\n<\/span><span style=\"font-weight: 400;\">Email: info@perfectvenue.es<\/span><\/p>\n<p style=\"text-align: justify;\"><span style=\"font-weight: 400;\">No olvides que puedes combinar esta actividad con otras como un <a href=\"https:\/\/perfectvenue.es\/product\/cumpleanos-con-talleres-en-madrid-11\">taller de tatuajes<\/a>, un <a href=\"https:\/\/perfectvenue.es\/product\/cumpleanos-con-talleres-en-madrid-8\">taller de rob\u00f3tica<\/a> o uno de <a href=\"https:\/\/perfectvenue.es\/product\/cumpleanos-con-talleres-en-madrid-5\">camisetas personalizadas<\/a>. \u00a1Entra en nuestra web y descubre la infinidad de planes que te proponemos para tu fiesta infantil! <\/span><\/p>\n<p><\/p>","protected":false},"excerpt":{"rendered":"<p style=\"text-align: justify;\">A los ni\u00f1os les encanta explorar nuevos mundos, y por eso te recomendamos para un cumplea\u00f1os con talleres en Madrid este taller de juegos de realidad virtual infantil<\/p>\n","protected":false},"featured_media":47850,"comment_status":"closed","ping_status":"closed","template":"","meta":[],"class_list":["post-47787","product","type-product","status-publish","has-post-thumbnail","hentry","product_cat-workshops"],"_links":{"self":[{"href":"https:\/\/perfectvenue.es\/es\/wp-json\/wp\/v2\/product\/47787","targetHints":{"allow":["GET"]}}],"collection":[{"href":"https:\/\/perfectvenue.es\/es\/wp-json\/wp\/v2\/product"}],"about":[{"href":"https:\/\/perfectvenue.es\/es\/wp-json\/wp\/v2\/types\/product"}],"replies":[{"embeddable":true,"href":"https:\/\/perfectvenue.es\/es\/wp-json\/wp\/v2\/comments?post=47787"}],"wp:featuredmedia":[{"embeddable":true,"href":"https:\/\/perfectvenue.es\/es\/wp-json\/wp\/v2\/media\/47850"}],"wp:attachment":[{"href":"https:\/\/perfectvenue.es\/es\/wp-json\/wp\/v2\/media?parent=47787"}],"curies":[{"name":"wp","href":"https:\/\/api.w.org\/{rel}","templated":true}]}}