{"id":47785,"date":"2025-04-19T12:23:07","date_gmt":"2025-04-19T09:23:07","guid":{"rendered":"https:\/\/perfectvenue.es\/?post_type=product&#038;p=47785"},"modified":"2026-02-11T16:54:03","modified_gmt":"2026-02-11T13:54:03","slug":"cumpleanos-con-talleres-en-madrid-12","status":"publish","type":"product","link":"https:\/\/perfectvenue.es\/es\/product\/cumpleanos-con-talleres-en-madrid-12\/","title":{"rendered":"Cumplea\u00f1os con talleres en Madrid: convi\u00e9rtete en el rey de las pompas gigantes con nuestro taller de pompas infantil"},"content":{"rendered":"<p><\/p>\n<p style=\"text-align: justify;\"><span style=\"font-weight: 400;\">Si buscas una actividad \u00fanica y divertida para celebrar un cumplea\u00f1os en Madrid, nuestro taller de pompas infantiles es la opci\u00f3n perfecta. Celebra un cumplea\u00f1os con talleres en Madrid donde los ni\u00f1os se convertir\u00e1n en aut\u00e9nticos artistas de las pompas gigantes. Esta experiencia no solo es divertida, sino tambi\u00e9n educativa, ya que los ni\u00f1os aprender\u00e1n a crear pompas de diferentes tama\u00f1os, \u00a1incluso gigantes! Si deseas organizar un cumplea\u00f1os con talleres en Madrid lleno de magia y creatividad, este es el taller ideal.<\/span><\/p>\n<p style=\"text-align: justify;\"><span style=\"font-weight: 400;\">El taller de pompas infantiles es perfecto para quienes buscan un cumplea\u00f1os con talleres en Madrid lleno de alegr\u00eda, diversi\u00f3n y mucha imaginaci\u00f3n. Los ni\u00f1os tendr\u00e1n la oportunidad de explorar el fascinante mundo de las pompas de jab\u00f3n, desde las m\u00e1s peque\u00f1as hasta las m\u00e1s grandes, y aprender\u00e1n los trucos para hacerlas con diferentes herramientas.\u00a0<\/span><\/p>\n<p style=\"text-align: justify;\"><span style=\"font-weight: 400;\">Es una forma innovadora de celebrar un cumplea\u00f1os con talleres en Madrid, fomentando la creatividad y el trabajo en equipo mientras los peque\u00f1os disfrutan al m\u00e1ximo.<\/span><\/p>\n<p style=\"text-align: justify;\"><span style=\"font-weight: 400;\">En este taller de pompas infantiles, los ni\u00f1os no solo crear\u00e1n pompas gigantes, sino que tambi\u00e9n aprender\u00e1n sobre las leyes cient\u00edficas que las hacen posibles. Desde el uso de varitas gigantes hasta la creaci\u00f3n de pompas flotantes, este taller ofrece una combinaci\u00f3n de diversi\u00f3n y aprendizaje en un ambiente seguro y divertido. Celebrar un cumplea\u00f1os con talleres en Madrid de esta manera har\u00e1 que todos los peque\u00f1os se lleven recuerdos inolvidables.<\/span><\/p>\n<h3 style=\"text-align: justify;\"><span style=\"font-weight: 400;\">\u00bfA qui\u00e9n va dirigido el taller de pompas infantiles?\u00a0<\/span><\/h3>\n<p style=\"text-align: justify;\"><span style=\"font-weight: 400;\">Este taller de pompas infantiles est\u00e1 dise\u00f1ado para ni\u00f1os a partir de 4 a\u00f1os, ideales para quienes buscan un cumplea\u00f1os con talleres en Madrid donde la diversi\u00f3n no tenga l\u00edmites. Los ni\u00f1os podr\u00e1n hacer pompas de jab\u00f3n de diferentes tama\u00f1os y formas, disfrutar de un ambiente din\u00e1mico y aprender algunos trucos sobre c\u00f3mo hacer las pompas m\u00e1s grandes y resistentes. Si buscas una manera diferente y entretenida de organizar un cumplea\u00f1os con talleres en Madrid, este taller es perfecto para ti.<\/span><\/p>\n<h3 style=\"text-align: justify;\"><span style=\"font-weight: 400;\">Grupos privados y atenci\u00f3n personalizada en nuestros cumplea\u00f1os con talleres en Madrid<\/span><\/h3>\n<p style=\"text-align: justify;\"><span style=\"font-weight: 400;\">Nos aseguramos de que cada ni\u00f1o reciba la atenci\u00f3n que merece durante el taller de pompas infantiles. Organizamos los talleres en grupos peque\u00f1os para ofrecer una experiencia personalizada, donde cada ni\u00f1o pueda aprender, disfrutar y crear las pompas m\u00e1s grandes. Si est\u00e1s buscando un cumplea\u00f1os con talleres en Madrid con atenci\u00f3n individualizada y una celebraci\u00f3n que se adapte a los gustos del grupo, este es el taller perfecto. Los grupos ser\u00e1n de m\u00ednimo 10 ni\u00f1os. \u00a1Cons\u00faltanos si sois m\u00e1s!<\/span><\/p>\n<h3 style=\"text-align: justify;\"><span style=\"font-weight: 400;\">\u00bfQu\u00e9 incluye el taller de pompas infantiles?<\/span><\/h3>\n<ul style=\"text-align: justify;\">\n<li style=\"font-weight: 400;\" aria-level=\"1\"><b>Materiales de calidad<\/b><span style=\"font-weight: 400;\">: Varitas de diferentes tama\u00f1os y soluciones para crear pompas gigantes.<\/span><\/li>\n<li style=\"font-weight: 400;\" aria-level=\"1\"><b>Instrucciones detalladas<\/b><span style=\"font-weight: 400;\">: Nuestros monitores guiar\u00e1n a los ni\u00f1os en cada paso para asegurar que disfruten de la experiencia.<\/span><\/li>\n<li style=\"font-weight: 400;\" aria-level=\"1\"><b>Ambiente alegre y seguro<\/b><span style=\"font-weight: 400;\">: Un espacio ideal para que los ni\u00f1os se diviertan sin preocupaciones.<\/span><\/li>\n<li style=\"font-weight: 400;\" aria-level=\"1\"><b>Certificado de \u201crey de las pompas\u201d<\/b><span style=\"font-weight: 400;\">.<\/span><\/li>\n<\/ul>\n<h3 style=\"text-align: justify;\"><span style=\"font-weight: 400;\">Duraci\u00f3n y ubicaci\u00f3n\u00a0<\/span><\/h3>\n<p style=\"text-align: justify;\"><span style=\"font-weight: 400;\">El taller de pompas infantiles tiene una duraci\u00f3n de aproximadamente 2 horas, tiempo suficiente para que los ni\u00f1os se diviertan y aprendan mientras crean pompas de todos los tama\u00f1os. Ofrecemos dos opciones para celebrar este cumplea\u00f1os con talleres en Madrid:<\/span><\/p>\n<ul style=\"text-align: justify;\">\n<li style=\"font-weight: 400;\" aria-level=\"1\"><b>En nuestro espacio<\/b><span style=\"font-weight: 400;\">: Tenemos un local especialmente dise\u00f1ado para este tipo de actividades en Madrid, donde los ni\u00f1os podr\u00e1n disfrutar de un cumplea\u00f1os con talleres en Madrid sin preocupaciones.<\/span><\/li>\n<li style=\"font-weight: 400;\" aria-level=\"1\"><b>A domicilio<\/b><span style=\"font-weight: 400;\">: Si prefieres que el taller se realice en tu casa o en cualquier otro lugar en Madrid, nuestro equipo se encargar\u00e1 de llevar todo lo necesario para que los ni\u00f1os disfruten de un cumplea\u00f1os con talleres en Madrid de forma c\u00f3moda y divertida.<\/span><\/li>\n<\/ul>\n<h3 style=\"text-align: justify;\"><span style=\"font-weight: 400;\">Opciones que puedes a\u00f1adir a tu taller de pompas infantiles\u00a0<\/span><\/h3>\n<p style=\"text-align: justify;\"><span style=\"font-weight: 400;\">Haz que el cumplea\u00f1os con talleres en Madrid sea a\u00fan m\u00e1s memorable con estas opciones adicionales:<\/span><\/p>\n<ul style=\"text-align: justify;\">\n<li style=\"font-weight: 400;\" aria-level=\"1\"><a href=\"https:\/\/perfectvenue.es\/product\/decoracion-con-globos-en-madrid\/\"><b>Decoraci\u00f3n tem\u00e1tica<\/b><\/a><span style=\"font-weight: 400;\">: Decora el lugar con globos y pancartas con pompas de jab\u00f3n para crear un ambiente m\u00e1gico.<\/span><\/li>\n<li style=\"font-weight: 400;\" aria-level=\"1\"><a href=\"https:\/\/perfectvenue.es\/product\/tartas-tematicas-en-madrid\/\"><b>Tarta tem\u00e1tica<\/b><\/a><span style=\"font-weight: 400;\">: Una tarta deliciosa decorada con pompas de jab\u00f3n para seguir con la tem\u00e1tica del taller.<\/span><\/li>\n<li style=\"font-weight: 400;\" aria-level=\"1\"><a href=\"https:\/\/perfectvenue.es\/product\/galletas-tematicas-en-madrid\/\"><b>Galletas personalizadas<\/b><\/a><span style=\"font-weight: 400;\">: Galletas decoradas con formas de pompas de jab\u00f3n o incluso con fotos de los ni\u00f1os creando pompas.<\/span><\/li>\n<li style=\"font-weight: 400;\" aria-level=\"1\"><a href=\"https:\/\/perfectvenue.es\/product\/fotografo-para-fiestas-infantiles-en-madrid\/\"><b>Fot\u00f3grafo<\/b><\/a><span style=\"font-weight: 400;\">: Un fot\u00f3grafo para capturar los mejores momentos de los ni\u00f1os disfrutando de la actividad.<\/span><\/li>\n<li style=\"font-weight: 400;\" aria-level=\"1\"><a href=\"https:\/\/perfectvenue.es\/es\/product\/pinata-xxl-personalizada\/\"><b>Pi\u00f1ata personalizada XXL<\/b><\/a><span style=\"font-weight: 400;\">: Una pi\u00f1ata llena de sorpresas para que la diversi\u00f3n nunca termine.<\/span><\/li>\n<li style=\"font-weight: 400;\" aria-level=\"1\"><a href=\"https:\/\/perfectvenue.es\/product\/merienda-para-fiestas-infantiles-en-madrid\"><b>Merienda<\/b><\/a><span style=\"font-weight: 400;\">: Ofrecemos un surtido de snacks y bebidas para que los ni\u00f1os disfruten de un merecido descanso.<\/span><\/li>\n<li style=\"font-weight: 400;\" aria-level=\"1\"><a href=\"https:\/\/perfectvenue.es\/es\/product\/ice-cream-for-events\/\"><b>Carrito de helados<\/b><\/a><span style=\"font-weight: 400;\">: A\u00f1ade un carrito de helados para endulzar y refrescar tu fiesta.<\/span><\/li>\n<li style=\"font-weight: 400;\" aria-level=\"1\"><a href=\"https:\/\/perfectvenue.es\/es\/product\/cotton-candy-for-events\/\"><b>Carrito de algod\u00f3n dulce<\/b><\/a><span style=\"font-weight: 400;\">: Incluye un carrito de algod\u00f3n de az\u00facar para dar un toque de diversi\u00f3n a tu evento.<\/span><\/li>\n<li aria-level=\"1\"><a href=\"https:\/\/perfectvenue.es\/es\/product\/chocolate-fountain-for-events\/\"><b>Fuente de chocolate<\/b><\/a><span style=\"font-weight: 400;\">: Ofrecemos diferentes chocolates y snacks para que todos los ni\u00f1os se chupen los dedos<\/span><\/li>\n<\/ul>\n<h3 style=\"text-align: justify;\"><span style=\"font-weight: 400;\">Lo que debes tener en cuenta para el taller<\/span><\/h3>\n<ul style=\"text-align: justify;\">\n<li style=\"font-weight: 400;\" aria-level=\"1\"><b>Llega 5 minutos antes<\/b><span style=\"font-weight: 400;\">: Esto nos permitir\u00e1 empezar puntuales y aprovechar al m\u00e1ximo las 2 horas de diversi\u00f3n.<\/span><\/li>\n<li style=\"font-weight: 400;\" aria-level=\"1\"><b>Reserva con antelaci\u00f3n<\/b><span style=\"font-weight: 400;\">: Debido a la alta demanda de actividades para cumplea\u00f1os con talleres en Madrid, aseg\u00farate de reservar con tiempo.<\/span><\/li>\n<li style=\"font-weight: 400;\" aria-level=\"1\"><b>Adaptado a todas las edades<\/b><span style=\"font-weight: 400;\">: El taller se personaliza seg\u00fan la edad de los ni\u00f1os, asegur\u00e1ndonos de que todos se diviertan.<\/span><\/li>\n<li style=\"font-weight: 400;\" aria-level=\"1\"><b>Eventos especiales<\/b><span style=\"font-weight: 400;\">: Podemos adaptar el taller a celebraciones y fiestas tem\u00e1ticas, asegurando que tu cumplea\u00f1os con talleres en Madrid sea \u00fanico.<\/span><\/li>\n<\/ul>\n<h3 style=\"text-align: justify;\"><span style=\"font-weight: 400;\">\u00a1Reserva ya tu plaza!\u00a0<\/span><\/h3>\n<p style=\"text-align: justify;\"><span style=\"font-weight: 400;\">No dejes pasar la oportunidad de celebrar un cumplea\u00f1os con talleres en Madrid lleno de magia, pompas gigantes y diversi\u00f3n. Si deseas que los ni\u00f1os disfruten de una actividad inolvidable, este taller es la opci\u00f3n perfecta para hacer de su cumplea\u00f1os un evento memorable.<\/span><\/p>\n<h3 style=\"text-align: justify;\"><span style=\"font-weight: 400;\">Y si quieres m\u00e1s informaci\u00f3n:<\/span><\/h3>\n<p style=\"text-align: justify;\"><span style=\"font-weight: 400;\">Llama o escribe:<\/span><\/p>\n<p style=\"text-align: justify;\"><span style=\"font-weight: 400;\">Tel. +34 722 291543<\/span><span style=\"font-weight: 400;\"><br \/>\n<\/span><span style=\"font-weight: 400;\"> Email: info@perfectvenue.es<\/span><\/p>\n<p style=\"text-align: justify;\"><span style=\"font-weight: 400;\">No olvides que puedes combinar esta actividad con otras como un <a href=\"https:\/\/perfectvenue.es\/product\/cumpleanos-con-talleres-en-madrid-9\">taller de marionetas<\/a>, un <a href=\"https:\/\/perfectvenue.es\/product\/animacion-para-ninos-en-madrid-3\">spa de princesas<\/a> o un <a href=\"https:\/\/perfectvenue.es\/product\/animacion-para-ninos-en-madrid-5\">castillo hinchable<\/a>. \u00a1Entra en nuestra web y descubre la infinidad de planes que te proponemos para tu fiesta infantil!<\/span><\/p>\n<p><\/p>","protected":false},"excerpt":{"rendered":"<p>\u00a1No hay nada m\u00e1s divertido que las pompas de jab\u00f3n! Por eso, con este taller podr\u00e1s celebrar un cumplea\u00f1os con talleres en Madrid de lo m\u00e1s entretenido<\/p>\n","protected":false},"featured_media":48022,"comment_status":"closed","ping_status":"closed","template":"","meta":[],"class_list":["post-47785","product","type-product","status-publish","has-post-thumbnail","hentry","product_cat-workshops","product_tag-animacion-infantil-madrid","product_tag-birthday-party-barcelona","product_tag-birthday-party-madrid","product_tag-fiestas-infantiles","product_tag-giant-bubbles-workshop-madrid","product_tag-kids-party-madrid","product_tag-show-con-pompas-de-jabon"],"_links":{"self":[{"href":"https:\/\/perfectvenue.es\/es\/wp-json\/wp\/v2\/product\/47785","targetHints":{"allow":["GET"]}}],"collection":[{"href":"https:\/\/perfectvenue.es\/es\/wp-json\/wp\/v2\/product"}],"about":[{"href":"https:\/\/perfectvenue.es\/es\/wp-json\/wp\/v2\/types\/product"}],"replies":[{"embeddable":true,"href":"https:\/\/perfectvenue.es\/es\/wp-json\/wp\/v2\/comments?post=47785"}],"wp:featuredmedia":[{"embeddable":true,"href":"https:\/\/perfectvenue.es\/es\/wp-json\/wp\/v2\/media\/48022"}],"wp:attachment":[{"href":"https:\/\/perfectvenue.es\/es\/wp-json\/wp\/v2\/media?parent=47785"}],"curies":[{"name":"wp","href":"https:\/\/api.w.org\/{rel}","templated":true}]}}