{"id":47784,"date":"2026-02-16T19:06:21","date_gmt":"2026-02-16T16:06:21","guid":{"rendered":"http:\/\/perfectvenue.es\/?post_type=product&#038;p=47784"},"modified":"2026-03-10T13:43:30","modified_gmt":"2026-03-10T10:43:30","slug":"birthday-with-workshops-in-madrid","status":"publish","type":"product","link":"https:\/\/perfectvenue.es\/es\/product\/birthday-with-workshops-in-madrid\/","title":{"rendered":"Cumplea\u00f1os con talleres en Madrid: deja que los m\u00e1s peque\u00f1os exploren el mundo de los tatuajes creativos con este taller de tatuajes para ni\u00f1os"},"content":{"rendered":"<p><\/p>\n<p style=\"text-align: justify;\"><span style=\"font-weight: 400;\">Si buscas una actividad divertida, original y llena de creatividad para el cumplea\u00f1os de tu hijo, nuestro taller de tatuajes para ni\u00f1os es la opci\u00f3n perfecta. Celebrar un cumplea\u00f1os con talleres en Madrid nunca hab\u00eda sido tan emocionante. En este taller, los ni\u00f1os podr\u00e1n dise\u00f1ar sus propios tatuajes creativos y aprender t\u00e9cnicas de arte temporal en un ambiente divertido y seguro. \u00a1Un cumplea\u00f1os \u00fanico que har\u00e1 volar la imaginaci\u00f3n de los m\u00e1s peque\u00f1os!<\/span><\/p>\n<p style=\"text-align: justify;\"><span style=\"font-weight: 400;\">El taller de tatuajes para ni\u00f1os es ideal para aquellos que quieren celebrar un cumplea\u00f1os con talleres en Madrid lleno de color, diversi\u00f3n y arte. Los ni\u00f1os tendr\u00e1n la oportunidad de explorar el mundo de los tatuajes a trav\u00e9s de dise\u00f1os originales y temporales, sin necesidad de aguantar agujas ni tintas permanentes.\u00a0<\/span><\/p>\n<p style=\"text-align: justify;\"><span style=\"font-weight: 400;\">Esta actividad permite que los m\u00e1s peque\u00f1os disfruten de un momento creativo mientras aprenden las bases del dise\u00f1o gr\u00e1fico y el arte corporal. \u00a1Es una forma fant\u00e1stica de celebrar un cumplea\u00f1os con talleres en Madrid de manera innovadora!<\/span><\/p>\n<p style=\"text-align: justify;\"><span style=\"font-weight: 400;\">En nuestro taller de tatuajes para ni\u00f1os, los peque\u00f1os dise\u00f1ar\u00e1n y aplicar\u00e1n sus propios tatuajes temporales en su piel, con materiales seguros y no invasivos. Este taller es perfecto para quienes buscan un cumplea\u00f1os con talleres en Madrid lleno de creatividad, arte y expresi\u00f3n personal. Adem\u00e1s, podr\u00e1n elegir entre una amplia variedad de dise\u00f1os o incluso crear los suyos propios, fomentando la imaginaci\u00f3n y la autonom\u00eda.<\/span><\/p>\n<h3 style=\"text-align: justify;\"><span style=\"font-weight: 400;\">\u00bfA qui\u00e9n va dirigido el taller de tatuajes para ni\u00f1os?\u00a0<\/span><\/h3>\n<p style=\"text-align: justify;\"><span style=\"font-weight: 400;\">Este taller de tatuajes para ni\u00f1os est\u00e1 dise\u00f1ado para peque\u00f1os a partir de 6 a\u00f1os que disfruten de las manualidades, el arte y la creatividad. Si est\u00e1s buscando una forma original y divertida de celebrar un cumplea\u00f1os con talleres en Madrid, este taller es la opci\u00f3n ideal. Los ni\u00f1os podr\u00e1n dise\u00f1ar sus tatuajes temporales, eligiendo entre una variedad de estilos, desde los m\u00e1s sencillos hasta los m\u00e1s complejos. Adem\u00e1s, aprender\u00e1n sobre las t\u00e9cnicas de aplicaci\u00f3n de tatuajes y se llevar\u00e1n a casa sus propias creaciones.<\/span><\/p>\n<h3 style=\"text-align: justify;\"><span style=\"font-weight: 400;\">Grupos privados y atenci\u00f3n personalizada en nuestros cumplea\u00f1os con talleres en Madrid<\/span><\/h3>\n<p style=\"text-align: justify;\"><span style=\"font-weight: 400;\">Nos aseguramos de que cada ni\u00f1o reciba la atenci\u00f3n que merece en nuestro taller de tatuajes para ni\u00f1os. Organizamos los talleres en grupos reducidos para ofrecer una experiencia m\u00e1s personalizada y adaptada a las necesidades de cada ni\u00f1o. En este cumplea\u00f1os con talleres en Madrid, los ni\u00f1os disfrutar\u00e1n de una experiencia \u00fanica, guiados por monitores expertos que estar\u00e1n a su disposici\u00f3n durante todo el taller. Si buscas un cumplea\u00f1os con talleres en Madrid con atenci\u00f3n individualizada y una experiencia divertida, este es el lugar adecuado. Los grupos ser\u00e1n de m\u00ednimo 10 ni\u00f1os. \u00a1Cons\u00faltanos si sois m\u00e1s!<\/span><\/p>\n<h3 style=\"text-align: justify;\"><span style=\"font-weight: 400;\">\u00bfQu\u00e9 incluye el taller de tatuajes para ni\u00f1os?<\/span><\/h3>\n<ul style=\"text-align: justify;\">\n<li style=\"font-weight: 400;\" aria-level=\"1\"><b>Materiales seguros<\/b><span style=\"font-weight: 400;\">: Usamos tintas temporales y plantillas de tatuajes aprobadas, perfectas para la piel de los ni\u00f1os.<\/span><\/li>\n<li style=\"font-weight: 400;\" aria-level=\"1\"><b>Dise\u00f1os creativos<\/b><span style=\"font-weight: 400;\">: Los ni\u00f1os pueden elegir entre una variedad de tatuajes o crear sus propios dise\u00f1os.<\/span><\/li>\n<li style=\"font-weight: 400;\" aria-level=\"1\"><b>Asesoramiento especializado<\/b><span style=\"font-weight: 400;\">: Nuestros monitores les guiar\u00e1n en el proceso de dise\u00f1o y aplicaci\u00f3n de los tatuajes, asegur\u00e1ndose de que todos los peque\u00f1os se diviertan y aprendan.<\/span><\/li>\n<li style=\"font-weight: 400;\" aria-level=\"1\"><b>Ambiente art\u00edstico y seguro<\/b><span style=\"font-weight: 400;\">: Un espacio especialmente preparado para que los ni\u00f1os exploren su creatividad en un entorno c\u00f3modo y seguro.<\/span><\/li>\n<li style=\"font-weight: 400;\" aria-level=\"1\"><b>Certificado de \u201cTatuador Junior\u201d<\/b><span style=\"font-weight: 400;\">.<\/span><\/li>\n<li style=\"font-weight: 400;\" aria-level=\"1\"><b>Foto de recuerdo<\/b><span style=\"font-weight: 400;\">.<\/span><\/li>\n<li style=\"font-weight: 400;\" aria-level=\"1\"><b>Refresco incluido<\/b><span style=\"font-weight: 400;\">.<\/span><\/li>\n<\/ul>\n<h3 style=\"text-align: justify;\"><span style=\"font-weight: 400;\">Duraci\u00f3n y ubicaci\u00f3n\u00a0<\/span><\/h3>\n<p style=\"text-align: justify;\"><span style=\"font-weight: 400;\">El taller de tatuajes para ni\u00f1os tiene una duraci\u00f3n de aproximadamente 2 horas, lo que permite a los peque\u00f1os disfrutar de la actividad sin prisas. Ofrecemos dos opciones de ubicaci\u00f3n para celebrar tu cumplea\u00f1os con talleres en Madrid:<\/span><\/p>\n<ul style=\"text-align: justify;\">\n<li style=\"font-weight: 400;\" aria-level=\"1\"><b>En nuestro espacio<\/b><span style=\"font-weight: 400;\">: Disponemos de un local c\u00f3modo y adecuado para este tipo de actividades, donde los ni\u00f1os podr\u00e1n disfrutar de un cumplea\u00f1os con talleres en Madrid rodeados de otros peque\u00f1os creativos.<\/span><\/li>\n<li style=\"font-weight: 400;\" aria-level=\"1\"><b>A domicilio<\/b><span style=\"font-weight: 400;\">: Si prefieres que el taller se realice en tu casa o en cualquier otro lugar en Madrid, nuestro equipo se encargar\u00e1 de llevar todo lo necesario para que los ni\u00f1os disfruten de un cumplea\u00f1os con talleres en Madrid sin preocupaciones.<\/span><\/li>\n<\/ul>\n<h3 style=\"text-align: justify;\"><span style=\"font-weight: 400;\">Opciones que puedes a\u00f1adir a tu taller de tatuajes para ni\u00f1os\u00a0<\/span><\/h3>\n<p style=\"text-align: justify;\"><span style=\"font-weight: 400;\">Haz que el cumplea\u00f1os con talleres en Madrid sea a\u00fan m\u00e1s especial con estas opciones adicionales:<\/span><\/p>\n<ul style=\"text-align: justify;\">\n<li style=\"font-weight: 400;\" aria-level=\"1\"><a href=\"http:\/\/perfectvenue.es\/product\/decoracion-con-globos-en-madrid\/\"><b>Decoraci\u00f3n tem\u00e1tica<\/b><\/a><span style=\"font-weight: 400;\">: Personaliza el lugar con una decoraci\u00f3n de tatuajes o de estilo art\u00edstico para que los ni\u00f1os se sientan como verdaderos artistas del tatuaje.<\/span><\/li>\n<li style=\"font-weight: 400;\" aria-level=\"1\"><a href=\"http:\/\/perfectvenue.es\/product\/tartas-tematicas-en-madrid\/\"><b>Tarta tem\u00e1tica<\/b><span style=\"font-weight: 400;\">:<\/span><\/a><span style=\"font-weight: 400;\"> Una deliciosa tarta decorada con dise\u00f1os de tatuajes, perfecta para continuar con la tem\u00e1tica del taller.<\/span><\/li>\n<li style=\"font-weight: 400;\" aria-level=\"1\"><a href=\"http:\/\/perfectvenue.es\/product\/galletas-tematicas-en-madrid\/\"><b>Galletas personalizadas<\/b><span style=\"font-weight: 400;\">:<\/span><\/a><span style=\"font-weight: 400;\"> Galletas con formas de tatuajes o dise\u00f1os creativos para que los ni\u00f1os disfruten mientras celebran.<\/span><\/li>\n<li style=\"font-weight: 400;\" aria-level=\"1\"><a href=\"http:\/\/perfectvenue.es\/product\/fotografo-para-fiestas-infantiles-en-madrid\/\"><b>Fot\u00f3grafo<\/b><\/a><span style=\"font-weight: 400;\">: Un profesional para capturar los mejores momentos del taller, desde los primeros trazos hasta el resultado final.<\/span><\/li>\n<li style=\"font-weight: 400;\" aria-level=\"1\"><a href=\"https:\/\/perfectvenue.es\/es\/product\/pinata-xxl-personalizada\/\"><b>Pi\u00f1ata personalizada XXL<\/b><\/a><span style=\"font-weight: 400;\">: Una pi\u00f1ata gigante llena de sorpresas para hacer la celebraci\u00f3n a\u00fan m\u00e1s divertida.<\/span><\/li>\n<li style=\"font-weight: 400;\" aria-level=\"1\"><a href=\"https:\/\/perfectvenue.es\/?post_type=product&amp;p=47579&amp;preview=true\"><b>Merienda<\/b><\/a><span style=\"font-weight: 400;\">: Ofrecemos una selecci\u00f3n de snacks y bebidas para que los ni\u00f1os se tomen un merecido descanso mientras contin\u00faan creando.<\/span><\/li>\n<li style=\"font-weight: 400; text-align: justify;\" aria-level=\"1\"><a href=\"https:\/\/perfectvenue.es\/es\/product\/ice-cream-for-events\/\"><b>Carrito de helados<\/b><\/a><span style=\"font-weight: 400;\">: A\u00f1ade un carrito de helados para endulzar y refrescar tu fiesta.<\/span><\/li>\n<li style=\"font-weight: 400; text-align: justify;\" aria-level=\"1\"><a href=\"https:\/\/perfectvenue.es\/es\/product\/cotton-candy-for-events\/\"><b>Carrito de algod\u00f3n dulce<\/b><\/a><span style=\"font-weight: 400;\">: Incluye un carrito de algod\u00f3n de az\u00facar para dar un toque de diversi\u00f3n a tu evento.<\/span><\/li>\n<li style=\"font-weight: 400; text-align: justify;\" aria-level=\"1\"><a href=\"https:\/\/perfectvenue.es\/es\/product\/chocolate-fountain-for-events\/\"><b>Fuente de chocolate<\/b><\/a><span style=\"font-weight: 400;\">: Ofrecemos diferentes chocolates y snacks para que todos los ni\u00f1os se chupen los dedos.<\/span><\/li>\n<\/ul>\n<h3 style=\"text-align: justify;\"><span style=\"font-weight: 400;\">Lo que debes tener en cuenta para el taller<\/span><\/h3>\n<ul style=\"text-align: justify;\">\n<li style=\"font-weight: 400;\" aria-level=\"1\"><b>Llega 5 minutos antes<\/b><span style=\"font-weight: 400;\">: Esto nos permitir\u00e1 empezar puntuales y aprovechar al m\u00e1ximo el tiempo de creatividad.<\/span><\/li>\n<li style=\"font-weight: 400;\" aria-level=\"1\"><b>Reserva con antelaci\u00f3n<\/b><span style=\"font-weight: 400;\">: Debido a la alta demanda de actividades para cumplea\u00f1os con talleres en Madrid, aseg\u00farate de reservar tu plaza con tiempo.<\/span><\/li>\n<li style=\"font-weight: 400;\" aria-level=\"1\"><b>Adaptado a todas las edades<\/b><span style=\"font-weight: 400;\">: El taller se personaliza para ni\u00f1os de distintas edades, asegur\u00e1ndonos de que todos disfruten al m\u00e1ximo.<\/span><\/li>\n<li style=\"font-weight: 400;\" aria-level=\"1\"><b>Eventos especiales<\/b><span style=\"font-weight: 400;\">: Podemos adaptar el taller para celebraciones y fiestas tem\u00e1ticas, para que tu cumplea\u00f1os con talleres en Madrid sea a\u00fan m\u00e1s \u00fanico.<\/span><\/li>\n<\/ul>\n<h3 style=\"text-align: justify;\"><span style=\"font-weight: 400;\">\u00a1Reserva ya tu plaza!\u00a0<\/span><\/h3>\n<p style=\"text-align: justify;\"><span style=\"font-weight: 400;\">No dejes pasar la oportunidad de celebrar un cumplea\u00f1os con talleres en Madrid lleno de arte, creatividad y tatuajes temporales. Si deseas que los ni\u00f1os disfruten de una actividad divertida y original, este taller es la opci\u00f3n perfecta para un cumplea\u00f1os con talleres en Madrid inolvidable.<\/span><\/p>\n<h3 style=\"text-align: justify;\"><span style=\"font-weight: 400;\">Y si quieres m\u00e1s informaci\u00f3n:<\/span><\/h3>\n<p style=\"text-align: justify;\"><span style=\"font-weight: 400;\">Llama o escribe:<\/span><\/p>\n<p style=\"text-align: justify;\"><span style=\"font-weight: 400;\">Tel. +34 722 291543<\/span><span style=\"font-weight: 400;\"><br \/>\n<\/span><span style=\"font-weight: 400;\"> Email: info@perfectvenue.es<\/span><\/p>\n<p style=\"text-align: justify;\"><span style=\"font-weight: 400;\">No olvides que puedes combinar esta actividad con otras como una <a href=\"http:\/\/perfectvenue.es\/product\/animacion-para-ninos-en-madrid-11\">miniferia<\/a>, un <a href=\"http:\/\/perfectvenue.es\/product\/animacion-para-ninos-en-madrid-10\">torneo de videojuegos<\/a> o un <a href=\"http:\/\/perfectvenue.es\/product\/animacion-para-ninos-en-madrid-7\">desaf\u00edo Nerf<\/a>. \u00a1Entra en nuestra web y descubre la infinidad de planes que te proponemos para tu fiesta infantil!\u00a0<\/span><\/p>\n<p><\/p>","protected":false},"excerpt":{"rendered":"<p style=\"text-align: justify;\">Si quieres que los peque\u00f1os disfruten de un cumplea\u00f1os con talleres en Madrid, sin duda este taller de tatuajes temporales para ni\u00f1os es ideal para un d\u00eda inolvidable. <strong>Precio desde 45\u20ac + IVA.<\/strong><\/p>\n","protected":false},"featured_media":47829,"comment_status":"closed","ping_status":"closed","template":"","meta":[],"class_list":["post-47784","product","type-product","status-publish","has-post-thumbnail","hentry","product_cat-courses-and-workshops-in-madrid","product_tag-cumpleanos-con-talleres-en-madrid","product_tag-cumpleanos-con-talleres-en-madrid-2026","product_tag-cumpleanos-con-talleres-en-madrid-de-tatuajes"],"_links":{"self":[{"href":"https:\/\/perfectvenue.es\/es\/wp-json\/wp\/v2\/product\/47784","targetHints":{"allow":["GET"]}}],"collection":[{"href":"https:\/\/perfectvenue.es\/es\/wp-json\/wp\/v2\/product"}],"about":[{"href":"https:\/\/perfectvenue.es\/es\/wp-json\/wp\/v2\/types\/product"}],"replies":[{"embeddable":true,"href":"https:\/\/perfectvenue.es\/es\/wp-json\/wp\/v2\/comments?post=47784"}],"wp:featuredmedia":[{"embeddable":true,"href":"https:\/\/perfectvenue.es\/es\/wp-json\/wp\/v2\/media\/47829"}],"wp:attachment":[{"href":"https:\/\/perfectvenue.es\/es\/wp-json\/wp\/v2\/media?parent=47784"}],"curies":[{"name":"wp","href":"https:\/\/api.w.org\/{rel}","templated":true}]}}