{"id":47688,"date":"2025-04-19T17:31:32","date_gmt":"2025-04-19T14:31:32","guid":{"rendered":"https:\/\/perfectvenue.es\/?post_type=product&#038;p=47688"},"modified":"2026-02-17T14:16:17","modified_gmt":"2026-02-17T11:16:17","slug":"cumpleanos-con-talleres-en-madrid-4","status":"publish","type":"product","link":"https:\/\/perfectvenue.es\/es\/product\/cumpleanos-con-talleres-en-madrid-4\/","title":{"rendered":"Cumplea\u00f1os con talleres en Madrid: crea y decora tu calzado para el verano con este taller de chanclas molonas para ni\u00f1os"},"content":{"rendered":"<p><\/p>\n<p style=\"text-align: justify;\"><span style=\"font-weight: 400;\">Si a tu peque le encanta la creatividad y la moda, nuestro taller de chanclas molonas en Madrid es la actividad perfecta para un cumplea\u00f1os con talleres en Madrid. En este taller, los ni\u00f1os aprender\u00e1n a dise\u00f1ar y decorar sus propias chanclas personalizadas, usando materiales como pinturas, cintas, piedras decorativas, parches y m\u00e1s. \u00a1Un calzado \u00fanico y con mucho estilo para disfrutar del verano!<\/span><\/p>\n<p style=\"text-align: justify;\"><span style=\"font-weight: 400;\">Este taller es ideal para que los ni\u00f1os desarrollen su creatividad mientras crean unas chanclas que podr\u00e1n usar en la playa, la piscina o en cualquier d\u00eda soleado.<\/span><\/p>\n<p style=\"text-align: justify;\"><span style=\"font-weight: 400;\">Con la ayuda de nuestros monitores expertos, los peque\u00f1os aprender\u00e1n t\u00e9cnicas de personalizaci\u00f3n y decoraci\u00f3n de calzado de manera divertida y sencilla.<\/span><\/p>\n<p style=\"text-align: justify;\"><span style=\"font-weight: 400;\">Al ser un taller DIY (hazlo t\u00fa mismo), los ni\u00f1os tendr\u00e1n la oportunidad de ver c\u00f3mo su imaginaci\u00f3n cobra vida en un objeto \u00fatil y a la moda. \u00a1No dejes escapar esta oportunidad para que los ni\u00f1os se conviertan en dise\u00f1adores de su propio calzado y contrata ya esta fant\u00e1stica opci\u00f3n para un cumplea\u00f1os con talleres en Madrid!<\/span><\/p>\n<h3 style=\"text-align: justify;\"><span style=\"font-weight: 400;\">\u00bfA qui\u00e9n va dirigido el taller de chanclas molonas en Madrid para ni\u00f1os?<\/span><\/h3>\n<p style=\"text-align: justify;\"><span style=\"font-weight: 400;\">Nuestro taller de chanclas molonas en Madrid est\u00e1 pensado para ni\u00f1os a partir de 6 a\u00f1os que disfruten de la moda, la personalizaci\u00f3n y las manualidades. Es perfecto para celebrar cumplea\u00f1os con talleres en Madrid, reuniones con amigos o simplemente para pasar un rato divertido y creativo.\u00a0<\/span><\/p>\n<h3 style=\"text-align: justify;\"><span style=\"font-weight: 400;\">Grupos privados y atenci\u00f3n personalizada en nuestros cumplea\u00f1os con talleres en Madrid<\/span><\/h3>\n<p style=\"text-align: justify;\"><span style=\"font-weight: 400;\">En nuestro taller, nos aseguramos de ofrecer una experiencia adaptada a las necesidades de cada ni\u00f1o. Organizamos talleres para grupos reducidos, lo que nos permite brindar atenci\u00f3n individual y acompa\u00f1amiento en todo momento. Los grupos ser\u00e1n de m\u00ednimo 10 ni\u00f1os. \u00a1Cons\u00faltanos si sois m\u00e1s!<\/span><\/p>\n<p style=\"text-align: justify;\"><span style=\"font-weight: 400;\">Cada sesi\u00f3n est\u00e1 dise\u00f1ada para que los peque\u00f1os se sientan c\u00f3modos y puedan desarrollar su creatividad sin presiones. Nuestros monitores expertos estar\u00e1n a su lado en cada paso del proceso, motiv\u00e1ndolos a experimentar con diferentes materiales y t\u00e9cnicas.<\/span><\/p>\n<h3 style=\"text-align: justify;\"><span style=\"font-weight: 400;\">\u00bfQu\u00e9 incluye el taller de chanclas molonas para ni\u00f1os?<\/span><\/h3>\n<ul style=\"text-align: justify;\">\n<li style=\"font-weight: 400;\" aria-level=\"1\"><b>Materiales completos<\/b><span style=\"font-weight: 400;\">: Chanclas en blanco y negro, pinturas, cintas, piedras decorativas, parches, rotuladores y todo lo necesario para crear un dise\u00f1o \u00fanico.<\/span><\/li>\n<li style=\"font-weight: 400;\" aria-level=\"1\"><b>Asesoramiento especializado<\/b><span style=\"font-weight: 400;\">: Nuestros monitores guiar\u00e1n a los ni\u00f1os en todo momento, ayud\u00e1ndoles a combinar materiales y t\u00e9cnicas de forma divertida y sencilla.<\/span><\/li>\n<li style=\"font-weight: 400;\" aria-level=\"1\"><b>Ambiente creativo y divertido<\/b><span style=\"font-weight: 400;\">: Un espacio pensado para que los ni\u00f1os disfruten y desarrollen su creatividad en un entorno relajado y alegre.<\/span><\/li>\n<li style=\"font-weight: 400;\" aria-level=\"1\"><b>Foto de recuerdo<\/b><span style=\"font-weight: 400;\">.<\/span><\/li>\n<li style=\"font-weight: 400;\" aria-level=\"1\"><b>Refresco incluido<\/b><span style=\"font-weight: 400;\">.<\/span><\/li>\n<\/ul>\n<h3 style=\"text-align: justify;\"><span style=\"font-weight: 400;\">Duraci\u00f3n y ubicaci\u00f3n<\/span><\/h3>\n<p style=\"text-align: justify;\"><span style=\"font-weight: 400;\">El taller de chanclas molonas para ni\u00f1os tiene una duraci\u00f3n aproximada de 2 horas, tiempo ideal para que los peque\u00f1os disfruten creando y decorando sus chanclas durante el cumplea\u00f1os con talleres en Madrid.<\/span><\/p>\n<p style=\"text-align: justify;\"><span style=\"font-weight: 400;\">Hay dos opciones de localizaci\u00f3n para realizar el taller:<\/span><\/p>\n<ul style=\"text-align: justify;\">\n<li style=\"font-weight: 400;\" aria-level=\"1\"><b>En nuestro espacio<\/b><span style=\"font-weight: 400;\">: Nos encontramos en Las Rozas de Madrid, en Calle Teruel, 3. Un lugar c\u00f3modo y de f\u00e1cil acceso, con la estaci\u00f3n de Renfe a solo 5 minutos y la parada de autobuses 622 y 621 a 2 minutos.<\/span><\/li>\n<li style=\"font-weight: 400;\" aria-level=\"1\"><b>A domicilio<\/b><span style=\"font-weight: 400;\">: Si prefieres que nos desplacemos, \u00a1nosotros lo haremos! Solo tienes que comunic\u00e1rnoslo y nuestro equipo ir\u00e1 a tu casa en Madrid o alrededores con todo el material necesario para que los ni\u00f1os disfruten sin preocupaciones.<\/span><\/li>\n<\/ul>\n<p style=\"text-align: justify;\"><span style=\"font-weight: 400;\">Si tienes alguna consulta sobre las fechas, horarios o cualquier preferencia, no dudes en contactarnos. \u00a1Estamos aqu\u00ed para asegurarnos de que vivas una experiencia divertida y \u00fanica en el cumplea\u00f1os con talleres en Madrid!<\/span><\/p>\n<h3 style=\"text-align: justify;\"><span style=\"font-weight: 400;\">Opciones que puedes a\u00f1adir a tu taller de chanclas molonas en Madrid:<\/span><\/h3>\n<p style=\"text-align: justify;\"><span style=\"font-weight: 400;\">Para hacer la experiencia a\u00fan m\u00e1s especial, puedes complementar el taller con opciones extra como:<\/span><\/p>\n<ul style=\"text-align: justify;\">\n<li style=\"font-weight: 400;\" aria-level=\"1\"><a href=\"https:\/\/perfectvenue.es\/?post_type=product&amp;p=47586&amp;preview=true\"><b>Decoraci\u00f3n con globos<\/b><\/a><span style=\"font-weight: 400;\">: Llena el espacio de color y alegr\u00eda con una decoraci\u00f3n tem\u00e1tica en globos.<\/span><\/li>\n<li style=\"font-weight: 400;\" aria-level=\"1\"><a href=\"https:\/\/perfectvenue.es\/?post_type=product&amp;p=47585&amp;preview=true\"><b>Tarta tem\u00e1tica<\/b><\/a><span style=\"font-weight: 400;\">: Una deliciosa tarta decorada especialmente para la ocasi\u00f3n.<\/span><\/li>\n<li style=\"font-weight: 400;\" aria-level=\"1\"><a href=\"https:\/\/perfectvenue.es\/product\/galletas-tematicas-en-madrid\/\"><b>Galletas tem\u00e1ticas<\/b><\/a><span style=\"font-weight: 400;\">: Galletas personalizadas con dise\u00f1os creativos.<\/span><\/li>\n<li style=\"font-weight: 400;\" aria-level=\"1\"><a href=\"https:\/\/perfectvenue.es\/product\/papeleria-personalizada-en-madrid\/\"><b>Papeler\u00eda personalizada<\/b><\/a><span style=\"font-weight: 400;\">: Pegatinas, etiquetas y otros detalles personalizados para complementar las chanclas.<\/span><\/li>\n<li style=\"font-weight: 400;\" aria-level=\"1\"><a href=\"https:\/\/perfectvenue.es\/product\/fotografo-para-fiestas-infantiles-en-madrid\/\"><b>Fot\u00f3grafo<\/b><\/a><span style=\"font-weight: 400;\">: Un profesional para capturar los mejores momentos del taller.<\/span><\/li>\n<li style=\"font-weight: 400;\" aria-level=\"1\"><a href=\"https:\/\/perfectvenue.es\/es\/product\/video-de-cumpleanos-en-madrid\"><b>Vide\u00f3grafo<\/b><\/a><span style=\"font-weight: 400;\">: Un video resumen con los momentos m\u00e1s divertidos y creativos.<\/span><\/li>\n<li style=\"font-weight: 400;\" aria-level=\"1\"><a href=\"https:\/\/perfectvenue.es\/es\/product\/pinata-xxl-personalizada\/\"><b>Pi\u00f1ata personalizada XXL<\/b><\/a><span style=\"font-weight: 400;\">: Una pi\u00f1ata llena de sorpresas para a\u00f1adir m\u00e1s diversi\u00f3n al evento.<\/span><\/li>\n<li style=\"font-weight: 400;\" aria-level=\"1\"><a href=\"https:\/\/perfectvenue.es\/es\/product\/merienda-para-fiestas-infantiles-en-madrid\"><b>Merienda<\/b><\/a><span style=\"font-weight: 400;\">: Snacks y bebidas para que los ni\u00f1os disfruten de un descanso delicioso.<\/span><\/li>\n<li style=\"font-weight: 400;\" aria-level=\"1\"><a href=\"https:\/\/perfectvenue.es\/es\/product\/ice-cream-for-events\/\"><b>Carrito de helados<\/b><\/a><span style=\"font-weight: 400;\">: A\u00f1ade un carrito de helados para endulzar y refrescar tu fiesta.<\/span><\/li>\n<li style=\"font-weight: 400;\" aria-level=\"1\"><a href=\"https:\/\/perfectvenue.es\/es\/product\/cotton-candy-for-events\/\"><b>Carrito de algod\u00f3n dulce<\/b><\/a><span style=\"font-weight: 400;\">: Incluye un carrito de algod\u00f3n de az\u00facar para dar un toque de diversi\u00f3n a tu evento.<\/span><\/li>\n<li style=\"font-weight: 400;\" aria-level=\"1\"><a href=\"https:\/\/perfectvenue.es\/es\/product\/chocolate-fountain-for-events\/\"><b>Fuente de chocolate<\/b><\/a><span style=\"font-weight: 400;\">: Ofrecemos diferentes chocolates y snacks para que todos los ni\u00f1os se chupen los dedos<\/span><\/li>\n<\/ul>\n<h3 style=\"text-align: justify;\"><span style=\"font-weight: 400;\">Lo que debes tener en cuenta para el taller:<\/span><\/h3>\n<ul style=\"text-align: justify;\">\n<li style=\"font-weight: 400;\" aria-level=\"1\"><b>Llega 5 minutos antes<\/b><span style=\"font-weight: 400;\">: Esto nos permite empezar puntuales y aprovechar al m\u00e1ximo las 2 horas de creatividad.<\/span><\/li>\n<li style=\"font-weight: 400;\" aria-level=\"1\"><b>Reserva con antelaci\u00f3n<\/b><span style=\"font-weight: 400;\">: Las plazas son limitadas, as\u00ed que aseg\u00farate de reservar con tiempo.<\/span><\/li>\n<li style=\"font-weight: 400;\" aria-level=\"1\"><b>Adaptado a todas las edades<\/b><span style=\"font-weight: 400;\">: Personalizamos la actividad seg\u00fan la edad y nivel de los ni\u00f1os.<\/span><\/li>\n<li style=\"font-weight: 400;\" aria-level=\"1\"><b>Eventos especiales<\/b><span style=\"font-weight: 400;\">: Podemos adaptar el taller a celebraciones y fiestas tem\u00e1ticas.<\/span><\/li>\n<\/ul>\n<h3 style=\"text-align: justify;\"><span style=\"font-weight: 400;\">\u00a1Reserva ya tu plaza!<\/span><\/h3>\n<p style=\"text-align: justify;\"><span style=\"font-weight: 400;\">No te quedes sin tu taller de chanclas molonas en Madrid para ni\u00f1os. Contacta con nosotros para m\u00e1s informaci\u00f3n y haz que los ni\u00f1os disfruten de una actividad creativa y divertida en el cumplea\u00f1os con talleres en Madrid.<\/span><\/p>\n<h3 style=\"text-align: justify;\"><span style=\"font-weight: 400;\">Y si quieres m\u00e1s informaci\u00f3n:<\/span><\/h3>\n<p style=\"text-align: justify;\"><span style=\"font-weight: 400;\">Llama o escribe:<\/span><span style=\"font-weight: 400;\"><br \/>\n<\/span><span style=\"font-weight: 400;\"> Tel. +34 722 291543<\/span><span style=\"font-weight: 400;\"><br \/>\n<\/span><span style=\"font-weight: 400;\"> Email: info@perfectvenue.es<\/span><\/p>\n<p style=\"text-align: justify;\"><span style=\"font-weight: 400;\">No olvides que puedes combinar esta actividad con otras como un <a href=\"https:\/\/perfectvenue.es\/product\/animacion-para-ninos-en-madrid-12\">futbol\u00edn humano<\/a>, un <a href=\"https:\/\/perfectvenue.es\/product\/animacion-para-ninos-en-madrid-10\">torneo de videojuegos<\/a> o un <a href=\"https:\/\/perfectvenue.es\/product\/cumpleanos-con-talleres-en-madrid-13\">taller de juegos de agua<\/a>. \u00a1Entra en nuestra web y descubre la infinidad de planes que te proponemos para tu fiesta infantil!\u00a0<\/span><\/p>\n<p><\/p>","protected":false},"excerpt":{"rendered":"<p style=\"text-align: justify;\">Si quieres celebrar un cumplea\u00f1os con talleres en Madrid de forma original y divertida, \u00a1echa un vistazo a este taller de chanclas molonas!<\/p>\n","protected":false},"featured_media":47702,"comment_status":"closed","ping_status":"closed","template":"","meta":[],"class_list":["post-47688","product","type-product","status-publish","has-post-thumbnail","hentry","product_cat-workshops","product_tag-animacion-fiestas-infantiles","product_tag-birthday-party-madrid","product_tag-birthday-with-workshops-in-madrid","product_tag-fiestas-infantiles-madrid","product_tag-kids-party-planning-madrid","product_tag-talleres-cumpleanos"],"_links":{"self":[{"href":"https:\/\/perfectvenue.es\/es\/wp-json\/wp\/v2\/product\/47688","targetHints":{"allow":["GET"]}}],"collection":[{"href":"https:\/\/perfectvenue.es\/es\/wp-json\/wp\/v2\/product"}],"about":[{"href":"https:\/\/perfectvenue.es\/es\/wp-json\/wp\/v2\/types\/product"}],"replies":[{"embeddable":true,"href":"https:\/\/perfectvenue.es\/es\/wp-json\/wp\/v2\/comments?post=47688"}],"wp:featuredmedia":[{"embeddable":true,"href":"https:\/\/perfectvenue.es\/es\/wp-json\/wp\/v2\/media\/47702"}],"wp:attachment":[{"href":"https:\/\/perfectvenue.es\/es\/wp-json\/wp\/v2\/media?parent=47688"}],"curies":[{"name":"wp","href":"https:\/\/api.w.org\/{rel}","templated":true}]}}