{"id":47673,"date":"2025-03-27T17:32:02","date_gmt":"2025-03-27T14:32:02","guid":{"rendered":"http:\/\/perfectvenue.es\/?post_type=product&#038;p=47673"},"modified":"2026-02-16T19:24:13","modified_gmt":"2026-02-16T16:24:13","slug":"cumpleanos-con-talleres-en-madrid","status":"publish","type":"product","link":"https:\/\/perfectvenue.es\/es\/product\/cumpleanos-con-talleres-en-madrid\/","title":{"rendered":"Cumplea\u00f1os con talleres en Madrid: convi\u00e9rtete en un aut\u00e9ntico cocinero por un d\u00eda en este taller de Masterchef para ni\u00f1os"},"content":{"rendered":"<p><\/p>\n<p style=\"text-align: justify;\"><span style=\"font-weight: 400;\">Si tu peque es un amante de la cocina y siempre est\u00e1 dispuesto a experimentar con nuevos ingredientes, el taller de Masterchef para ni\u00f1os es la opci\u00f3n perfecta para organizar un cumplea\u00f1os con talleres en Madrid.\u00a0<\/span><\/p>\n<p style=\"text-align: justify;\"><span style=\"font-weight: 400;\">En este taller, los ni\u00f1os tendr\u00e1n la oportunidad de convertirse en aut\u00e9nticos chefs por un d\u00eda, aprendiendo a preparar deliciosos platos y a trabajar en equipo en un ambiente divertido y din\u00e1mico. \u00a1Un cumplea\u00f1os con talleres en Madrid lleno de risas, creatividad y sabor!<\/span><\/p>\n<p style=\"text-align: justify;\"><span style=\"font-weight: 400;\">El taller est\u00e1 dise\u00f1ado para que los ni\u00f1os no solo disfruten cocinando, sino que tambi\u00e9n aprendan conceptos b\u00e1sicos de cocina y descubran t\u00e9cnicas sencillas para elaborar recetas f\u00e1ciles y sabrosas. Adem\u00e1s, como el taller se adapta a sus gustos e intereses, se convertir\u00e1n en peque\u00f1os chefs mientras celebran su cumplea\u00f1os con talleres en Madrid de una manera \u00fanica y diferente.<\/span><\/p>\n<p style=\"text-align: justify;\"><span style=\"font-weight: 400;\">Durante el taller, los ni\u00f1os no solo preparar\u00e1n su propia comida, sino que tambi\u00e9n aprender\u00e1n sobre higiene, seguridad en la cocina y la importancia de utilizar ingredientes frescos. Sin duda, es una actividad educativa y divertida que convierte cualquier cumplea\u00f1os con talleres en Madrid en una experiencia inolvidable para los m\u00e1s peque\u00f1os.<\/span><\/p>\n<h3 style=\"text-align: justify;\"><span style=\"font-weight: 400;\">\u00bfA qui\u00e9n va dirigido el taller de Masterchef para ni\u00f1os?<\/span><\/h3>\n<p style=\"text-align: justify;\"><span style=\"font-weight: 400;\">Nuestro taller de Masterchef para ni\u00f1os est\u00e1 pensado para peque\u00f1os a partir de 6 a\u00f1os que disfruten de la cocina y quieran aprender nuevas recetas y t\u00e9cnicas. Si buscas organizar un cumplea\u00f1os con talleres en Madrid, este es el taller perfecto para que los ni\u00f1os pasen un rato entretenido mientras aprenden a cocinar. \u00a1Es la manera ideal de transformar un cumplea\u00f1os en Madrid en una fiesta deliciosa! El m\u00ednimo de ni\u00f1os para realizar el taller es de 10.<\/span><\/p>\n<h3 style=\"text-align: justify;\"><span style=\"font-weight: 400;\">Grupos privados y atenci\u00f3n personalizada en nuestros cumplea\u00f1os con talleres en Madrid<\/span><\/h3>\n<p style=\"text-align: justify;\"><span style=\"font-weight: 400;\">Nos aseguramos de que cada ni\u00f1o reciba la atenci\u00f3n que merece, ya que los grupos son reducidos para que nuestros monitores puedan ofrecer un seguimiento personalizado y acompa\u00f1ar a los peque\u00f1os en todo momento. Si decides celebrar un cumplea\u00f1os con talleres en Madrid, te garantizamos que cada ni\u00f1o aprender\u00e1 y disfrutar\u00e1 de una experiencia gastron\u00f3mica \u00fanica y adaptada a sus intereses culinarios. Los grupos ser\u00e1n de m\u00ednimo 10 ni\u00f1os. \u00a1Cons\u00faltanos si sois m\u00e1s!<\/span><\/p>\n<h3 style=\"text-align: justify;\"><span style=\"font-weight: 400;\">\u00bfQu\u00e9 incluye el taller de Masterchef para ni\u00f1os?<\/span><\/h3>\n<ul style=\"text-align: justify;\">\n<li style=\"font-weight: 400;\" aria-level=\"1\"><b>Materiales completos<\/b><span style=\"font-weight: 400;\">: Todos los ingredientes y utensilios necesarios para preparar las recetas de forma segura y divertida.<\/span><\/li>\n<li style=\"font-weight: 400;\" aria-level=\"1\"><b>Asesoramiento especializado<\/b><span style=\"font-weight: 400;\">: Nuestros monitores guiar\u00e1n a los ni\u00f1os en cada paso, ense\u00f1\u00e1ndoles las t\u00e9cnicas de cocina de manera sencilla y divertida.<\/span><\/li>\n<li style=\"font-weight: 400;\" aria-level=\"1\"><b>Ambiente divertido y educativo<\/b><span style=\"font-weight: 400;\">: Un espacio creado especialmente para disfrutar de la cocina mientras se aprende.<\/span><\/li>\n<li style=\"font-weight: 400;\" aria-level=\"1\"><b>Foto de recuerdo<\/b><span style=\"font-weight: 400;\">.<\/span><\/li>\n<li style=\"font-weight: 400;\" aria-level=\"1\"><b>Refresco incluido<\/b><span style=\"font-weight: 400;\">.<\/span><\/li>\n<\/ul>\n<h3 style=\"text-align: justify;\"><span style=\"font-weight: 400;\">Duraci\u00f3n y ubicaci\u00f3n<\/span><\/h3>\n<p style=\"text-align: justify;\"><span style=\"font-weight: 400;\">El taller de Masterchef tiene una duraci\u00f3n aproximada de 2 horas, ideal para que los peque\u00f1os disfruten cocinando, probando sus creaciones y aprendiendo de manera pr\u00e1ctica. Puedes realizarlo en dos ubicaciones:<\/span><\/p>\n<ul style=\"text-align: justify;\">\n<li style=\"font-weight: 400;\" aria-level=\"1\"><b>En nuestro espacio<\/b><span style=\"font-weight: 400;\">: Situado en Las Rozas de Madrid, un lugar perfecto para organizar tu cumplea\u00f1os con talleres en Madrid en un entorno c\u00f3modo y adecuado para la cocina.<\/span><\/li>\n<li style=\"font-weight: 400;\" aria-level=\"1\"><b>A domicilio<\/b><span style=\"font-weight: 400;\">: Si prefieres que nos desplacemos, podemos llevar el taller directamente a tu casa o cualquier otro lugar en Madrid, haciendo que tu cumplea\u00f1os con talleres en Madrid sea a\u00fan m\u00e1s especial y c\u00f3modo.<\/span><\/li>\n<\/ul>\n<h3 data-start=\"0\" data-end=\"20\">Precio: 380 euros.<\/h3>\n<p data-start=\"22\" data-end=\"73\">Para 8\u201310 ni\u00f1os.<br data-start=\"38\" data-end=\"41\" \/>Cada ni\u00f1o adicional: 38 euros.<\/p>\n<p style=\"text-align: justify;\" data-start=\"75\" data-end=\"206\" data-is-last-node=\"\" data-is-only-node=\"\">Incluye monitoras, todos los materiales necesarios y desplazamiento dentro de Madrid.<br data-start=\"160\" data-end=\"163\" \/>Tambi\u00e9n se puede celebrar en nuestro local.<\/p>\n<h3 style=\"text-align: justify;\"><span style=\"font-weight: 400;\">Opciones que puedes a\u00f1adir a tu taller de Masterchef para ni\u00f1os<\/span><\/h3>\n<p style=\"text-align: justify;\"><span style=\"font-weight: 400;\">Para hacer de tu cumplea\u00f1os con talleres en Madrid una experiencia a\u00fan m\u00e1s memorable, puedes complementar el taller con:<\/span><\/p>\n<ul style=\"text-align: justify;\">\n<li style=\"font-weight: 400;\" aria-level=\"1\"><a href=\"http:\/\/perfectvenue.es\/product\/decoracion-con-globos-en-madrid\/\"><b>Decoraci\u00f3n tem\u00e1tica con globos<\/b><span style=\"font-weight: 400;\">:<\/span><\/a><span style=\"font-weight: 400;\"> Le dar\u00e1n un toque especial a la fiesta.<\/span><\/li>\n<li style=\"font-weight: 400;\" aria-level=\"1\"><a href=\"http:\/\/perfectvenue.es\/product\/tartas-tematicas-en-madrid\/\"><b>Tarta decorada<\/b><span style=\"font-weight: 400;\">:<\/span><\/a><span style=\"font-weight: 400;\"> Una tarta tem\u00e1tica para que los ni\u00f1os disfruten de un dulce final despu\u00e9s de su trabajo en la cocina.<\/span><\/li>\n<li style=\"font-weight: 400;\" aria-level=\"1\"><a href=\"http:\/\/perfectvenue.es\/product\/galletas-tematicas-en-madrid\/\"><b>Galletas personalizadas<\/b><span style=\"font-weight: 400;\">:<\/span><\/a><span style=\"font-weight: 400;\"> Galletas decoradas con el nombre del cumplea\u00f1ero o con temas de cocina.<\/span><\/li>\n<li style=\"font-weight: 400;\" aria-level=\"1\"><a href=\"http:\/\/perfectvenue.es\/product\/fotografo-para-fiestas-infantiles-en-madrid\/\"><b>Fot\u00f3grafo <\/b><\/a><b>o <\/b><a href=\"http:\/\/perfectvenue.es\/product\/video-de-cumpleanos-en-madrid\"><b>vide\u00f3grafo<\/b><span style=\"font-weight: 400;\">:<\/span><\/a><span style=\"font-weight: 400;\"> Para capturar los mejores momentos del taller y los peque\u00f1os chefs en acci\u00f3n.<\/span><\/li>\n<li style=\"font-weight: 400;\" aria-level=\"1\"><a href=\"https:\/\/perfectvenue.es\/es\/product\/pinata-xxl-personalizada\/\"><b>Pi\u00f1ata personalizada XXL<\/b><\/a><span style=\"font-weight: 400;\">: Una pi\u00f1ata llena de sorpresas que har\u00e1 re\u00edr a todos los ni\u00f1os.<\/span><\/li>\n<li style=\"font-weight: 400;\" aria-level=\"1\"><a href=\"http:\/\/perfectvenue.es\/product\/merienda-para-fiestas-infantiles-en-madrid\"><b>Merienda<\/b><\/a><span style=\"font-weight: 400;\">: Snacks y bebidas para que los ni\u00f1os disfruten de un descanso delicioso mientras charlan sobre sus creaciones.<\/span><\/li>\n<\/ul>\n<h3 style=\"text-align: justify;\"><span style=\"font-weight: 400;\">Lo que debes tener en cuenta para el taller<\/span><\/h3>\n<ul style=\"text-align: justify;\">\n<li style=\"font-weight: 400;\" aria-level=\"1\"><b>Llega 5 minutos antes<\/b><span style=\"font-weight: 400;\">: Para comenzar a tiempo y aprovechar al m\u00e1ximo las 2 horas de actividad.<\/span><\/li>\n<li style=\"font-weight: 400;\" aria-level=\"1\"><b>Reserva con antelaci\u00f3n<\/b><span style=\"font-weight: 400;\">: Las plazas son limitadas, as\u00ed que aseg\u00farate de reservar con tiempo para tu cumplea\u00f1os con talleres en Madrid.<\/span><\/li>\n<li style=\"font-weight: 400;\" aria-level=\"1\"><b>Adaptado a todas las edades<\/b><span style=\"font-weight: 400;\">: Podemos personalizar el taller seg\u00fan la edad y las habilidades de los ni\u00f1os.<\/span><\/li>\n<li style=\"font-weight: 400;\" aria-level=\"1\"><b>Eventos especiales<\/b><span style=\"font-weight: 400;\">: Si quieres hacer el taller m\u00e1s \u00fanico, podemos adaptar la tem\u00e1tica para que coincida con las preferencias del cumplea\u00f1ero y hacer de tu cumplea\u00f1os con talleres en Madrid una celebraci\u00f3n especial.<\/span><\/li>\n<\/ul>\n<h3 style=\"text-align: justify;\"><span style=\"font-weight: 400;\">\u00a1Reserva ya tu plaza!<\/span><\/h3>\n<p style=\"text-align: justify;\"><span style=\"font-weight: 400;\">No te pierdas la oportunidad de vivir un cumplea\u00f1os con talleres en Madrid \u00fanico y delicioso. Haz que los ni\u00f1os disfruten cocinando, aprendiendo y, sobre todo, divirti\u00e9ndose mientras celebran su d\u00eda especial. \u00a1Este taller de Masterchef para ni\u00f1os es la opci\u00f3n perfecta!<\/span><\/p>\n<h3 style=\"text-align: justify;\"><span style=\"font-weight: 400;\">Y si quieres m\u00e1s informaci\u00f3n:<\/span><\/h3>\n<p style=\"text-align: justify;\"><span style=\"font-weight: 400;\">Llama o escribe:<\/span><\/p>\n<p style=\"text-align: justify;\"><span style=\"font-weight: 400;\">Tel. +34 722 29 15 43<\/span><span style=\"font-weight: 400;\"><br \/>\n<\/span><span style=\"font-weight: 400;\"> Email: info@perfectvenue.es<\/span><\/p>\n<p style=\"text-align: justify;\"><span style=\"font-weight: 400;\">No olvides que puedes combinar esta actividad con otras como un <a href=\"http:\/\/perfectvenue.es\/product\/cumpleanos-con-talleres-en-madrid-11\">taller de tatuajes<\/a>, un <a href=\"http:\/\/perfectvenue.es\/product\/cumpleanos-con-talleres-en-madrid-8\">taller de rob\u00f3tica<\/a> o uno de <a href=\"http:\/\/perfectvenue.es\/product\/cumpleanos-con-talleres-en-madrid-5\">camisetas personalizadas<\/a>. \u00a1Entra en nuestra web y descubre la infinidad de planes que te proponemos para tu fiesta infantil!<\/span><\/p>\n<p><\/p>","protected":false},"excerpt":{"rendered":"<p style=\"text-align: justify;\">Si tu peque ama la cocina, el taller de Masterchef para ni\u00f1os es la opci\u00f3n perfecta para un cumplea\u00f1os con talleres en Madrid. Aprender\u00e1n a preparar deliciosas recetas mientras se divierten en un ambiente educativo y din\u00e1mico, con materiales incluidos, asesoramiento personalizado y opciones extra como pi\u00f1ata o tarta decorada. Disponible en Las Rozas o a domicilio, este taller convierte cualquier celebraci\u00f3n en una experiencia inolvidable.<\/p>\n","protected":false},"featured_media":47678,"comment_status":"closed","ping_status":"closed","template":"","meta":[],"class_list":["post-47673","product","type-product","status-publish","has-post-thumbnail","hentry","product_cat-workshops","product_tag-birthday-cookies","product_tag-cumpleanos-con-talleres-en-madrid","product_tag-taller-de-masterchef"],"_links":{"self":[{"href":"https:\/\/perfectvenue.es\/es\/wp-json\/wp\/v2\/product\/47673","targetHints":{"allow":["GET"]}}],"collection":[{"href":"https:\/\/perfectvenue.es\/es\/wp-json\/wp\/v2\/product"}],"about":[{"href":"https:\/\/perfectvenue.es\/es\/wp-json\/wp\/v2\/types\/product"}],"replies":[{"embeddable":true,"href":"https:\/\/perfectvenue.es\/es\/wp-json\/wp\/v2\/comments?post=47673"}],"wp:featuredmedia":[{"embeddable":true,"href":"https:\/\/perfectvenue.es\/es\/wp-json\/wp\/v2\/media\/47678"}],"wp:attachment":[{"href":"https:\/\/perfectvenue.es\/es\/wp-json\/wp\/v2\/media?parent=47673"}],"curies":[{"name":"wp","href":"https:\/\/api.w.org\/{rel}","templated":true}]}}