{"id":47658,"date":"2025-03-23T13:37:59","date_gmt":"2025-03-23T10:37:59","guid":{"rendered":"https:\/\/perfectvenue.es\/?post_type=product&#038;p=47658"},"modified":"2025-03-23T13:38:01","modified_gmt":"2025-03-23T10:38:01","slug":"pedida-de-mano-en-valencia-con-grandes-letras-marry-me-y-decoracion-con-flores-y-velas","status":"publish","type":"product","link":"https:\/\/perfectvenue.es\/es\/product\/pedida-de-mano-en-valencia-con-grandes-letras-marry-me-y-decoracion-con-flores-y-velas\/","title":{"rendered":"Pedida de mano en Valencia con grandes letras Marry Me y decoraci\u00f3n con flores y velas"},"content":{"rendered":"<p><\/p>\n<p style=\"text-align: justify;\">El paquete de pedida de mano en Valencia con grandes letras Marry Me y decoraci\u00f3n con flores y velas es una experiencia \u00fanica para quienes desean hacer una propuesta memorable. Es el escenario perfecto para sorprender a tu pareja y hacer que el gran momento sea inolvidable.<\/p>\n<p style=\"text-align: justify;\">En un lugar rom\u00e1ntico, una alfombra que gu\u00eda hasta las grandes letras \u201cMarry Me\u201d marca el camino hacia un espacio decorado con p\u00e9talos de rosa y velas, creando un ambiente m\u00e1gico. Cada paso hacia el lugar de la propuesta est\u00e1 pensado para hacer que ambos se sientan en un mundo de ensue\u00f1o.<\/p>\n<p style=\"text-align: justify;\">Si quieres, puedes a\u00f1adir servicios como m\u00fasica en vivo o un brindis con champ\u00e1n para celebrar el \u201cs\u00ed\u201d con un toque adicional de lujo y estilo. \u00a1Haz que tu compromiso en Valencia sea un recuerdo \u00fanico y especial!<\/p>\n<h3>Lo que incluye tu pedida de mano en Valencia con grandes letras Marry Me y decoraci\u00f3n con flores y velas:<\/h3>\n<ul>\n<li aria-level=\"1\">Fot\u00f3grafo<\/li>\n<li aria-level=\"1\">Grandes letras Marry Me en alquiler<\/li>\n<li aria-level=\"1\">Decoraci\u00f3n con flores y velas<\/li>\n<li aria-level=\"1\">V\u00eddeo<\/li>\n<li>Planificaci\u00f3n de la propuesta de matrimonio<\/li>\n<\/ul>\n<p><b>Total: 1.500\u20ac<\/b><\/p>\n<h3>Se puede a\u00f1adir:<\/h3>\n<ul>\n<li>Ramo de flores<\/li>\n<li>Alfombra roja<\/li>\n<li aria-level=\"1\">Coraz\u00f3n con flores<\/li>\n<li aria-level=\"1\">M\u00fasica en directo (guitarra o viol\u00edn)<\/li>\n<li aria-level=\"1\">Transporte.<\/li>\n<li aria-level=\"1\">Champ\u00e1n o cava<\/li>\n<li aria-level=\"1\">\u00a1Configuralo como t\u00fa quieras!<\/li>\n<\/ul>\n<h3>Facilidad de pago<\/h3>\n<p style=\"text-align: justify;\">\u00a1S\u00ed! Y es que no es necesario pagar \u00edntegramente el importe de la pedida de mano en Valencia con grandes letras Marry Me. Simplemente es necesario reservar con un adelanto y el resto darla en el d\u00eda del evento.<\/p>\n<p style=\"text-align: justify;\">\u00a1Comodidad para ti!<\/p>\n<p style=\"text-align: justify;\">*Las tarifas no son reembolsables si el evento se cancela por cualquier motivo.<\/p>\n<p><\/p>","protected":false},"excerpt":{"rendered":"<p style=\"text-align: justify;\">Una pedida de mano en Valencia con grandes letras \u201cMarry Me\u201d, decorada con flores y velas, crea un momento \u00fanico e inolvidable. <b>Precio: 1.500\u20ac. Es necesario formalizar la reserva con un adelanto.<\/b><\/p>\n","protected":false},"featured_media":46437,"comment_status":"closed","ping_status":"closed","template":"","meta":[],"class_list":["post-47658","product","type-product","status-publish","has-post-thumbnail","hentry","product_cat-marriage-proposal-packages","product_tag-pedida-de-mano-con-grandes-letras-marry-me","product_tag-pedida-de-mano-valencia"],"_links":{"self":[{"href":"https:\/\/perfectvenue.es\/es\/wp-json\/wp\/v2\/product\/47658","targetHints":{"allow":["GET"]}}],"collection":[{"href":"https:\/\/perfectvenue.es\/es\/wp-json\/wp\/v2\/product"}],"about":[{"href":"https:\/\/perfectvenue.es\/es\/wp-json\/wp\/v2\/types\/product"}],"replies":[{"embeddable":true,"href":"https:\/\/perfectvenue.es\/es\/wp-json\/wp\/v2\/comments?post=47658"}],"wp:featuredmedia":[{"embeddable":true,"href":"https:\/\/perfectvenue.es\/es\/wp-json\/wp\/v2\/media\/46437"}],"wp:attachment":[{"href":"https:\/\/perfectvenue.es\/es\/wp-json\/wp\/v2\/media?parent=47658"}],"curies":[{"name":"wp","href":"https:\/\/api.w.org\/{rel}","templated":true}]}}