{"id":47586,"date":"2025-03-25T17:22:46","date_gmt":"2025-03-25T14:22:46","guid":{"rendered":"https:\/\/perfectvenue.es\/?post_type=product&#038;p=47586"},"modified":"2025-07-09T16:55:15","modified_gmt":"2025-07-09T13:55:15","slug":"decoracion-con-globos-en-madrid","status":"publish","type":"product","link":"https:\/\/perfectvenue.es\/es\/product\/decoracion-con-globos-en-madrid\/","title":{"rendered":"Decoraci\u00f3n con globos en Madrid: personaliza tu evento de cualquier tem\u00e1tica y tama\u00f1o y crea un ambiente m\u00e1gico"},"content":{"rendered":"<p><\/p>\n<p style=\"text-align: justify;\"><span style=\"font-weight: 400;\">La clave para que un evento sea \u00fanico est\u00e1 en los detalles, y nuestra decoraci\u00f3n con globos en Madrid es la opci\u00f3n perfecta para dar un toque especial y sorprender a los asistentes. Dise\u00f1amos montajes exclusivos con globos de distintos colores, tama\u00f1os y formas, adapt\u00e1ndonos a la tem\u00e1tica de tu celebraci\u00f3n para lograr un ambiente envolvente.<\/span><\/p>\n<p style=\"text-align: justify;\"><span style=\"font-weight: 400;\">Desde fiestas infantiles hasta bodas, comuniones y eventos corporativos, creando decoraciones con arcos espectaculares de globos como el que hicimos en el <\/span><a href=\"https:\/\/perfectvenue.es\/es\/2024\/09\/14\/cumpleanos-tematica-coquette\/\"><span style=\"font-weight: 400;\">cumplea\u00f1os de Mar Lucas con tem\u00e1tica coquette<\/span><\/a><span style=\"font-weight: 400;\">, rincones tem\u00e1ticos rodeados con globos como el del <\/span><a href=\"https:\/\/perfectvenue.es\/es\/2024\/04\/23\/cumpleanos-con-tematica-mikecrack\/\"><span style=\"font-weight: 400;\">cumplea\u00f1os de Sof\u00eda con tem\u00e1tica Mikecrack<\/span><\/a><span style=\"font-weight: 400;\">\u2026 Tambi\u00e9n adaptamos siempre los colores de los globos a tus personajes favoritos, como en el <\/span><a href=\"https:\/\/perfectvenue.es\/es\/2024\/10\/25\/stitch-themed-birthday\/\"><span style=\"font-weight: 400;\">cumplea\u00f1os de la hija de Simeone y Carla Pereyra con tem\u00e1tica Stitch<\/span><\/a><span style=\"font-weight: 400;\">.<\/span><\/p>\n<p style=\"text-align: justify;\"><span style=\"font-weight: 400;\">Cada montaje est\u00e1 dise\u00f1ado con mimo y con la intenci\u00f3n de que se convierta en en rinc\u00f3n m\u00e1s bonito de la fiesta, preparado para hacerse fotos delante de \u00e9l, ya que tambi\u00e9n puede servir como decoraci\u00f3n para un photocall original.\u00a0<\/span><\/p>\n<p style=\"text-align: justify;\"><span style=\"font-weight: 400;\">\u00a1Haz que tu evento destaque por la creatividad y el estilo con nuestra decoraci\u00f3n con globos en Madrid !<\/span><\/p>\n<h3 style=\"text-align: justify;\"><span style=\"font-weight: 400;\">\u00bfCu\u00e1ndo encargar la decoraci\u00f3n con globos en Madrid?<\/span><\/h3>\n<p style=\"text-align: justify;\"><span style=\"font-weight: 400;\">Para asegurarnos de que tu decoraci\u00f3n sea \u00fanica y est\u00e9 lista para el gran d\u00eda, recomendamos realizar la petici\u00f3n con al menos un mes de antelaci\u00f3n. As\u00ed, podemos personalizar cada detalle y garantizar un resultado espectacular.\u00a0<\/span><\/p>\n<p style=\"text-align: justify;\"><span style=\"font-weight: 400;\">\u00a1No esperes hasta el \u00faltimo momento y aseg\u00farate de que este rinconcito especial est\u00e9 presente en tu evento!<\/span><\/p>\n<h3 style=\"text-align: justify;\"><span style=\"font-weight: 400;\">\u00bfQu\u00e9 incluye nuestra decoraci\u00f3n con globos en Madrid?<\/span><\/h3>\n<ul style=\"text-align: justify;\">\n<li style=\"font-weight: 400;\" aria-level=\"1\"><b>Dise\u00f1o personalizado<\/b><span style=\"font-weight: 400;\">: creamos decoraciones con la tem\u00e1tica o colores que prefieras. \u00a1Podemos adaptarnos a todo!<\/span><\/li>\n<li style=\"font-weight: 400;\" aria-level=\"1\"><b>Variedad de estructuras<\/b><span style=\"font-weight: 400;\">: desde arcos y columnas hasta figuras en 3D y centros de mesa con globos, haremos lo que m\u00e1s te guste y se adapte a tus necesidades.<\/span><\/li>\n<li style=\"font-weight: 400;\" aria-level=\"1\"><b>Montaje profesional<\/b><span style=\"font-weight: 400;\">: nuestro equipo experto se encarga de toda la instalaci\u00f3n en el lugar del evento, \u00a1nos aseguramos de que todo est\u00e9 perfecto!<\/span><\/li>\n<li style=\"font-weight: 400;\" aria-level=\"1\"><b>Materiales de alta calidad:<\/b><span style=\"font-weight: 400;\"> utilizamos globos resistentes y de la mejor calidad para un acabado impecable.<\/span><\/li>\n<\/ul>\n<h3 style=\"text-align: justify;\"><span style=\"font-weight: 400;\">Precio<\/span><\/h3>\n<p style=\"text-align: justify;\"><span style=\"font-weight: 400;\">El precio de nuestra decoraci\u00f3n con globos en Madrid comienza desde 650\u20ac, dependiendo del dise\u00f1o, tama\u00f1o y detalles espec\u00edficos. \u00a1Cada creaci\u00f3n es \u00fanica y adaptada a tu evento y\/o tem\u00e1tica!<\/span><\/p>\n<h3 style=\"text-align: justify;\"><span style=\"font-weight: 400;\">\u00a1Reserva ya!<\/span><\/h3>\n<p style=\"text-align: justify;\"><span style=\"font-weight: 400;\">No dejes la decoraci\u00f3n de tu evento al azar. Con nuestra decoraci\u00f3n con globos en Madrid transformar\u00e1s cualquier espacio en un escenario de ensue\u00f1o, lleno de color y magia. \u00a1Reserva ahora y convierte tu celebraci\u00f3n en un recuerdo inolvidable!<\/span><\/p>\n<p style=\"text-align: justify;\"><span style=\"font-weight: 400;\">Adem\u00e1s, tienes la posibilidad de hacerlo \u00a1en el lugar que t\u00fa elijas! Puede ser un espacio para eventos, a domicilio\u2026 \u00a1S\u00ed, tambi\u00e9n nos desplazamos a tu casa para una mayor comodidad!<\/span><\/p>\n<h3 style=\"text-align: justify;\"><span style=\"font-weight: 400;\">Y si quieres m\u00e1s informaci\u00f3n:<\/span><\/h3>\n<p style=\"text-align: justify;\"><span style=\"font-weight: 400;\">Llama o escribe:<\/span><\/p>\n<p style=\"text-align: justify;\"><span style=\"font-weight: 400;\">Tel: +34 722 29 15 43<\/span><\/p>\n<p style=\"text-align: justify;\"><span style=\"font-weight: 400;\">Email: info@perfectvenue.es<\/span><\/p>\n<p style=\"text-align: justify;\"><span style=\"font-weight: 400;\">Para que tu evento sea realmente inolvidable, no te quedes solo con un servicio, \u00a1haz que cada detalle cuente! Complementa tu celebraci\u00f3n con nuestra <a href=\"https:\/\/perfectvenue.es\/product\/pinata-xxl-personalizada\/\">pi\u00f1ata XXL personalizada<\/a>, a\u00f1ade un toque dulce con una <a href=\"https:\/\/perfectvenue.es\/product\/tartas-tematicas-en-madrid\/\">tarta tem\u00e1tica<\/a> o unas deliciosas<a href=\"https:\/\/perfectvenue.es\/product\/galletas-tematicas-en-madrid\/\"> galletas personalizadas<\/a> y dale un toque \u00fanico al espacio con nuestra<a href=\"https:\/\/perfectvenue.es\/product\/papeleria-personalizada-en-madrid\/\"> papeler\u00eda personalizada<\/a>. Adem\u00e1s, aseg\u00farate que no se pierde ning\u00fan detalle contratando nuestro servicio de <a href=\"https:\/\/perfectvenue.es\/product\/fotografo-para-fiestas-infantiles-en-madrid\/\">fotograf\u00eda<\/a> y <a href=\"https:\/\/perfectvenue.es\/product\/video-de-cumpleanos-en-madrid\">v\u00eddeo<\/a>, \u00a1lo tendr\u00e1s todo capturado de principio a fin! Y aseg\u00farate de que todos disfruten con una <a href=\"https:\/\/perfectvenue.es\/product\/merienda-para-fiestas-infantiles-en-madrid\">merienda <\/a>adaptada a sus gustos.\u00a0<\/span><\/p>\n<p style=\"text-align: justify;\"><span style=\"font-weight: 400;\">Con todas estas opciones, tu evento ser\u00e1 \u00fanico, especial y lleno de momentos inolvidables. \u00a1Haz click en cada opci\u00f3n y personaliza tu celebraci\u00f3n al m\u00e1ximo!<\/span><\/p>\n<p><\/p>","protected":false},"excerpt":{"rendered":"<p style=\"text-align: justify;\">Contrata ya nuestro servicio de decoraci\u00f3n con globos en Madrid y convierte tu celebraci\u00f3n en algo inolvidable. \u00a1Ser\u00e1 fant\u00e1stico!<\/p>\n","protected":false},"featured_media":47619,"comment_status":"closed","ping_status":"closed","template":"","meta":[],"class_list":["post-47586","product","type-product","status-publish","has-post-thumbnail","hentry","product_cat-luxury-birthday-planning","product_tag-decoracion-con-globos","product_tag-decoracion-fiestas-infantiles","product_tag-kids-party-decor","product_tag-kids-party-madrid","product_tag-8028","product_tag-8027"],"_links":{"self":[{"href":"https:\/\/perfectvenue.es\/es\/wp-json\/wp\/v2\/product\/47586","targetHints":{"allow":["GET"]}}],"collection":[{"href":"https:\/\/perfectvenue.es\/es\/wp-json\/wp\/v2\/product"}],"about":[{"href":"https:\/\/perfectvenue.es\/es\/wp-json\/wp\/v2\/types\/product"}],"replies":[{"embeddable":true,"href":"https:\/\/perfectvenue.es\/es\/wp-json\/wp\/v2\/comments?post=47586"}],"wp:featuredmedia":[{"embeddable":true,"href":"https:\/\/perfectvenue.es\/es\/wp-json\/wp\/v2\/media\/47619"}],"wp:attachment":[{"href":"https:\/\/perfectvenue.es\/es\/wp-json\/wp\/v2\/media?parent=47586"}],"curies":[{"name":"wp","href":"https:\/\/api.w.org\/{rel}","templated":true}]}}