{"id":47572,"date":"2021-03-14T13:09:06","date_gmt":"2021-03-14T10:09:06","guid":{"rendered":"http:\/\/perfectvenue.es\/?post_type=product&#038;p=47572"},"modified":"2025-03-14T14:54:54","modified_gmt":"2025-03-14T11:54:54","slug":"merienda-salada","status":"publish","type":"product","link":"https:\/\/perfectvenue.es\/es\/product\/merienda-salada\/","title":{"rendered":"Merienda salada"},"content":{"rendered":"<p><\/p>\n<h3 style=\"text-align: justify;\"><span style=\"font-weight: 400;\">Merienda salada incluye:<\/span><\/h3>\n<ul>\n<li>Hot dog<\/li>\n<li>Pizza<\/li>\n<li>Zumo<\/li>\n<li>Agua<\/li>\n<li>Platos y cubiertos desechables<\/li>\n<\/ul>\n<p>Oociones sin gluten: hamburhesa sin gluten o nuggets sin gluten<\/p>\n<h3 style=\"text-align: justify;\"><span style=\"font-weight: 400;\">Precio<\/span><\/h3>\n<ul style=\"text-align: justify;\">\n<li style=\"font-weight: 400;\" aria-level=\"1\"><b>Merienda salada<\/b><span style=\"font-weight: 400;\">: <\/span><span style=\"font-weight: 400;\">4,5\u20ac por persona. 15 ni\u00f1os son 68\u20ac en total.\u00a0<\/span><\/li>\n<\/ul>\n<h3 style=\"text-align: justify;\"><span style=\"font-weight: 400;\">\u00a1Reserva ahora!<\/span><\/h3>\n<p style=\"text-align: justify;\"><span style=\"font-weight: 400;\">No dejes que la merienda para fiestas infantiles pase desapercibida. Con nuestras deliciosas opciones, har\u00e1s que tu fiesta infantil sea a\u00fan m\u00e1s memorable.<\/span><\/p>\n<h3 style=\"text-align: justify;\"><span style=\"font-weight: 400;\">Y si quieres m\u00e1s informaci\u00f3n:<\/span><\/h3>\n<p style=\"text-align: justify;\"><span style=\"font-weight: 400;\">Llama o escribe:<\/span><\/p>\n<p style=\"text-align: justify;\"><span style=\"font-weight: 400;\">Tel\/WhatsApp: +34 722 29 15 43<\/span><\/p>\n<p><\/p>","protected":false},"excerpt":{"rendered":"<ul style=\"text-align: justify;\">\n<li style=\"font-weight: 400;\" aria-level=\"1\"><b>Merienda salada<\/b><span style=\"font-weight: 400;\">: <\/span><span style=\"font-weight: 400;\">4,5\u20ac por persona. 15 ni\u00f1os son 68\u20ac en total.<\/span><\/li>\n<\/ul>\n","protected":false},"featured_media":47573,"comment_status":"closed","ping_status":"closed","template":"","meta":[],"class_list":["post-47572","product","type-product","status-publish","has-post-thumbnail","hentry","product_cat-luxury-birthday-planning"],"_links":{"self":[{"href":"https:\/\/perfectvenue.es\/es\/wp-json\/wp\/v2\/product\/47572","targetHints":{"allow":["GET"]}}],"collection":[{"href":"https:\/\/perfectvenue.es\/es\/wp-json\/wp\/v2\/product"}],"about":[{"href":"https:\/\/perfectvenue.es\/es\/wp-json\/wp\/v2\/types\/product"}],"replies":[{"embeddable":true,"href":"https:\/\/perfectvenue.es\/es\/wp-json\/wp\/v2\/comments?post=47572"}],"wp:featuredmedia":[{"embeddable":true,"href":"https:\/\/perfectvenue.es\/es\/wp-json\/wp\/v2\/media\/47573"}],"wp:attachment":[{"href":"https:\/\/perfectvenue.es\/es\/wp-json\/wp\/v2\/media?parent=47572"}],"curies":[{"name":"wp","href":"https:\/\/api.w.org\/{rel}","templated":true}]}}