{"id":47322,"date":"2024-02-11T16:26:05","date_gmt":"2024-02-11T13:26:05","guid":{"rendered":"https:\/\/perfectvenue.es\/?post_type=product&#038;p=47322"},"modified":"2026-02-17T12:29:18","modified_gmt":"2026-02-17T09:29:18","slug":"ramo-de-globos-a-domicilio","status":"publish","type":"product","link":"https:\/\/perfectvenue.es\/es\/product\/ramo-de-globos-a-domicilio\/","title":{"rendered":"Ramo De Globos a Domicilio"},"content":{"rendered":"<p><\/p>\n<p style=\"text-align: justify;\">Este espectacular arreglo de globos es perfecto para una sesion de fotos fantastica. Compuesto por una combinaci\u00f3n de globos lila y rosa en forma de coraz\u00f3n. Ideal para San Valent\u00edn, aniversarios o momentos especiales, este set combina tonos rosa y lila, creando una atm\u00f3sfera m\u00e1gica y rom\u00e1ntica. Elegante ramo de globos San Valent\u00edn con forma de coraz\u00f3n.<\/p>\n<p style=\"text-align: justify;\">Conteniendo: 15 x Globos de coraz\u00f3n. Este ramo de flores se le puede cambiar la gama de colores, consultanos. Nuestro personal especializado se encargar\u00e1 del montaje.<\/p>\n<p><\/p>","protected":false},"excerpt":{"rendered":"<p>Precio con transporte: 250\u20ac. Reserva: 100\u20ac y el resto el mismo dia a la entrega.<\/p>\n","protected":false},"featured_media":47324,"comment_status":"closed","ping_status":"closed","template":"","meta":[],"class_list":["post-47322","product","type-product","status-publish","has-post-thumbnail","hentry","product_cat-luxury-birthday-planning","product_cat-marriage-proposal-packages","product_cat-perfect-plan","product_tag-ramo-de-globos-a-domicilio","product_tag-ramo-de-globos-madrid","product_tag-7966"],"_links":{"self":[{"href":"https:\/\/perfectvenue.es\/es\/wp-json\/wp\/v2\/product\/47322","targetHints":{"allow":["GET"]}}],"collection":[{"href":"https:\/\/perfectvenue.es\/es\/wp-json\/wp\/v2\/product"}],"about":[{"href":"https:\/\/perfectvenue.es\/es\/wp-json\/wp\/v2\/types\/product"}],"replies":[{"embeddable":true,"href":"https:\/\/perfectvenue.es\/es\/wp-json\/wp\/v2\/comments?post=47322"}],"wp:featuredmedia":[{"embeddable":true,"href":"https:\/\/perfectvenue.es\/es\/wp-json\/wp\/v2\/media\/47324"}],"wp:attachment":[{"href":"https:\/\/perfectvenue.es\/es\/wp-json\/wp\/v2\/media?parent=47322"}],"curies":[{"name":"wp","href":"https:\/\/api.w.org\/{rel}","templated":true}]}}