{"id":47143,"date":"2021-05-20T13:17:33","date_gmt":"2021-05-20T10:17:33","guid":{"rendered":"http:\/\/perfectvenue.es\/?post_type=product&#038;p=47143"},"modified":"2025-05-26T18:29:43","modified_gmt":"2025-05-26T15:29:43","slug":"exclusive-wedding-planner-course","status":"publish","type":"product","link":"https:\/\/perfectvenue.es\/es\/product\/exclusive-wedding-planner-course\/","title":{"rendered":"Curso exclusivo de Wedding Planner: \u00a1Organiza una boda real en Madrid!"},"content":{"rendered":"<p><\/p>\n<p style=\"text-align: justify\"><span style=\"font-weight: 400\">\u00danete a nosotros para un <\/span><b>curso exclusivo de Wedding Planner en Madrid, que se llevar\u00e1 a cabo a principios de diciembre de 2025.\u00a0<\/b><\/p>\n<p style=\"text-align: justify\"><span style=\"font-weight: 400\">Este curso te ofrece la oportunidad de prepararte previamente a trav\u00e9s de formaci\u00f3n online, donde podr\u00e1s adquirir los conocimientos fundamentales sobre la organizaci\u00f3n de bodas.\u00a0<\/span><\/p>\n<p style=\"text-align: justify\"><span style=\"font-weight: 400\">Despu\u00e9s,<\/span><b> pasar\u00e1s una semana presencial en Madrid, donde tendr\u00e1s la oportunidad de conocer el espacio del evento, involucrarte en los \u00faltimos preparativos y, lo m\u00e1s emocionante, vivir la experiencia \u00fanica de coordinar una boda real.\u00a0<\/b><\/p>\n<p style=\"text-align: justify\"><span style=\"font-weight: 400\">Sin duda, ser\u00e1 una experiencia completa que combina teor\u00eda, pr\u00e1ctica y trabajo en el mundo real, ideal para quienes buscan iniciarse o mejorar sus habilidades en la planificaci\u00f3n de bodas.<\/span><\/p>\n<h2 style=\"text-align: justify\"><span style=\"font-weight: 400\">\u00bfQu\u00e9 est\u00e1 inclu\u00eddo en este curso exclusivo Wedding Planner?:<\/span><\/h2>\n<ul style=\"text-align: justify\">\n<li style=\"font-weight: 400\"><span style=\"font-weight: 400\">Formaci\u00f3n online antes de la llegada<\/span><\/li>\n<li style=\"font-weight: 400\"><span style=\"font-weight: 400\">Alojamiento y traslados durante la semana presencial en Madrid<\/span><\/li>\n<li style=\"font-weight: 400\"><span style=\"font-weight: 400\">Visita al espacio del evento y participaci\u00f3n en la coordinaci\u00f3n de la boda real<\/span><\/li>\n<li style=\"font-weight: 400\"><span style=\"font-weight: 400\">Al finalizar la boda, recibir\u00e9is todo el material: fotos, videos, im\u00e1genes del backstage y todo el proceso de c\u00f3mo se llev\u00f3 a cabo el evento<\/span><\/li>\n<li style=\"font-weight: 400\"><span style=\"font-weight: 400\">Fotograf\u00edas profesionales de tu portafolio del evento<\/span><\/li>\n<li style=\"font-weight: 400\"><span style=\"font-weight: 400\">3 meses de soporte posterior al curso para ayudarte en la planificaci\u00f3n y lanzamiento de tu negocio<\/span><\/li>\n<\/ul>\n<h2 style=\"text-align: justify\"><span style=\"font-weight: 400\">\u00bfA qui\u00e9n est\u00e1 dirigido este curso?<\/span><\/h2>\n<p style=\"text-align: justify\"><span style=\"font-weight: 400\">Este curso est\u00e1 especialmente dise\u00f1ado para <\/span><b>principiantes que desean iniciarse en el mundo de la planificaci\u00f3n de bodas, as\u00ed como para aquellas personas que ya tienen algo de experiencia <\/b><span style=\"font-weight: 400\">pero buscan mejorar sus habilidades pr\u00e1cticas y aprender las t\u00e9cnicas y estrategias m\u00e1s efectivas en el \u00e1mbito real de la organizaci\u00f3n de bodas.\u00a0<\/span><\/p>\n<p style=\"text-align: justify\"><span style=\"font-weight: 400\">Si te apasiona este sector y quieres adquirir una formaci\u00f3n completa y pr\u00e1ctica, este curso exclusivo de Wedding Planner es perfecto para ti, independientemente de tu nivel de experiencia.<\/span><\/p>\n<h2 style=\"text-align: justify\"><span style=\"font-weight: 400\">\u00bfQu\u00e9 aprender\u00e1s?<\/span><\/h2>\n<ul style=\"text-align: justify\">\n<li style=\"font-weight: 400\"><span style=\"font-weight: 400\">C\u00f3mo establecer tu propio negocio de planificaci\u00f3n de bodas o conseguir un puesto en la industria<\/span><\/li>\n<li style=\"font-weight: 400\"><span style=\"font-weight: 400\">30 horas de formaci\u00f3n online antes de llegar a Madrid, seguida de una semana presencial intensiva<\/span><\/li>\n<li style=\"font-weight: 400\"><span style=\"font-weight: 400\">Participaci\u00f3n activa en la coordinaci\u00f3n de una boda real, aplicando lo aprendido en situaciones reales<\/span><\/li>\n<li style=\"font-weight: 400\"><span style=\"font-weight: 400\">Mentor\u00eda de planificadores de bodas profesionales<\/span><\/li>\n<li style=\"font-weight: 400\"><span style=\"font-weight: 400\">Acceso a material exclusivo sobre los preparativos y el desarrollo de la boda<\/span><\/li>\n<\/ul>\n<h2 style=\"text-align: justify\"><span style=\"font-weight: 400\">Requisitos de entrada:<\/span><\/h2>\n<ul style=\"text-align: justify\">\n<li style=\"font-weight: 400\"><span style=\"font-weight: 400\">Buenas habilidades de estudio<\/span><\/li>\n<li style=\"font-weight: 400\"><span style=\"font-weight: 400\">Actitud trabajadora, adaptable y con ganas de afrontar retos<\/span><\/li>\n<li style=\"font-weight: 400\"><span style=\"font-weight: 400\">Si disfrutas aprendiendo junto a otros y te entusiasma la idea de formar parte de una boda real, este curso es para ti.<\/span><\/li>\n<\/ul>\n<h2 style=\"text-align: justify\"><span style=\"font-weight: 400\">Precio del curso exclusivo de Wedding Planner:<\/span><\/h2>\n<p style=\"text-align: justify\"><span style=\"font-weight: 400\">\u20ac3500 &#8211; (Descuento de \u20ac500 si aceptas compartir habitaci\u00f3n, sujeto a disponibilidad, por favor menciona al reservar)<\/span><\/p>\n<p style=\"text-align: justify\"><span style=\"font-weight: 400\">Para reservar la plaza es necesario abonar 300 \u20ac. Disponemos de planes de pago fraccionados para que puedas gestionar el coste del curso c\u00f3modamente. \u00a1Cont\u00e1ctanos para m\u00e1s detalles y te explicamos c\u00f3mo hacerlo!<\/span><\/p>\n<p style=\"text-align: justify\"><span style=\"font-weight: 400\">Todos los pagos y las tarifas del curso ser\u00e1n reembolsados si el curso no puede llevarse a cabo por cualquier motivo.<\/span><\/p>\n<h2 style=\"text-align: justify\"><span style=\"font-weight: 400\">\u200bDuraci\u00f3n del curso:<\/span><\/h2>\n<p style=\"text-align: justify\"><span style=\"font-weight: 400\">Formaci\u00f3n online de 30 horas antes de la semana presencial en Madrid y luego una semana intensiva en la ciudad para aplicar lo aprendido en un evento real.<\/span><\/p>\n<p style=\"text-align: justify\"><span style=\"font-weight: 400\">Este curso es una oportunidad \u00fanica para combinar teor\u00eda y pr\u00e1ctica en un entorno profesional, en el coraz\u00f3n de Madrid.\u00a0<\/span><\/p>\n<p style=\"text-align: justify\"><span style=\"font-weight: 400\">\u00a1Te esperamos para vivir esta experiencia incre\u00edble!<\/span><\/p>\n<p><\/p>","protected":false},"excerpt":{"rendered":"<p style=\"text-align: justify\">\u00danete a nosotros para un curso exclusivo de Wedding Planner en Madrid, que se llevar\u00e1 a cabo a principios de diciembre de 2025. <span style=\"font-weight: 400\">Formaci\u00f3n online de 30 horas antes de la semana presencial en Madrid y luego una semana intensiva en la ciudad para aplicar lo aprendido en un evento real.<\/span><\/p>\n","protected":false},"featured_media":47153,"comment_status":"closed","ping_status":"closed","template":"","meta":[],"class_list":["post-47143","product","type-product","status-publish","has-post-thumbnail","hentry","product_cat-courses-and-workshops-in-madrid","product_cat-perfect-plan"],"_links":{"self":[{"href":"https:\/\/perfectvenue.es\/es\/wp-json\/wp\/v2\/product\/47143","targetHints":{"allow":["GET"]}}],"collection":[{"href":"https:\/\/perfectvenue.es\/es\/wp-json\/wp\/v2\/product"}],"about":[{"href":"https:\/\/perfectvenue.es\/es\/wp-json\/wp\/v2\/types\/product"}],"replies":[{"embeddable":true,"href":"https:\/\/perfectvenue.es\/es\/wp-json\/wp\/v2\/comments?post=47143"}],"wp:featuredmedia":[{"embeddable":true,"href":"https:\/\/perfectvenue.es\/es\/wp-json\/wp\/v2\/media\/47153"}],"wp:attachment":[{"href":"https:\/\/perfectvenue.es\/es\/wp-json\/wp\/v2\/media?parent=47143"}],"curies":[{"name":"wp","href":"https:\/\/api.w.org\/{rel}","templated":true}]}}