{"id":47041,"date":"2025-02-14T13:25:37","date_gmt":"2025-02-14T10:25:37","guid":{"rendered":"https:\/\/perfectvenue.es\/?post_type=product&#038;p=47041"},"modified":"2026-02-17T11:17:33","modified_gmt":"2026-02-17T08:17:33","slug":"marriage-proposal-in-tenerife-swimming-with-sharks","status":"publish","type":"product","link":"https:\/\/perfectvenue.es\/es\/product\/marriage-proposal-in-tenerife-swimming-with-sharks\/","title":{"rendered":"Pedida de mano en Tenerife nadando con tiburones"},"content":{"rendered":"<p><\/p>\n<p style=\"text-align: justify;\"><span style=\"font-weight: 400;\">La pedida de mano en Tenerife nadando con tiburones es la experiencia perfecta para una pareja que busque algo verdaderamente \u00fanico y lleno de aventura. Si lo que deseas es sorprender a tu ser querido con una propuesta que combine emoci\u00f3n, naturaleza y un toque de adrenalina, este es el plan ideal. Puedes sumergirte en las aguas cristalinas de Tenerife, rodeados de la majestuosidad de los tiburones, mientras disfrutas de la serenidad del oc\u00e9ano. En medio de este entorno tan especial, ser\u00e1 el momento perfecto para hacer la gran pregunta.<\/span><\/p>\n<p style=\"text-align: justify;\"><span style=\"font-weight: 400;\">El proceso est\u00e1 cuidadosamente planeado: un instructor especializado os acompa\u00f1ar\u00e1 durante todo el buceo, asegur\u00e1ndose de que est\u00e9is c\u00f3modos y seguros. Adem\u00e1s, un fot\u00f3grafo profesional estar\u00e1 presente para capturar cada momento, desde el instante en que te preparas para hacer la propuesta, hasta la alegr\u00eda del \u201cs\u00ed\u201d que sellar\u00e1 este inolvidable momento. Las fotos ser\u00e1n un recuerdo maravilloso de una pedida de mano que siempre recordar\u00e9is con emoci\u00f3n.<\/span><\/p>\n<p style=\"text-align: justify;\"><span style=\"font-weight: 400;\">Nosotros nos encargamos de toda la planificaci\u00f3n de la pedida de mano en Tenerife nadando con tiburones, desde la organizaci\u00f3n del buceo hasta los detalles m\u00e1s peque\u00f1os, para que t\u00fa no tengas que preocuparte por nada. Nos aseguramos de que todo salga perfecto, con un plan de seguridad estricto y garantizando que la experiencia sea totalmente segura y placentera. Esta experiencia ser\u00e1, sin duda, una de las m\u00e1s emocionantes y especiales de vuestra vida juntos.<\/span><\/p>\n<p style=\"text-align: justify;\"><span style=\"font-weight: 400;\">Una propuesta tan \u00fanica y llena de magia, rodeados por la belleza del oc\u00e9ano y la emoci\u00f3n de estar junto a los tiburones, ser\u00e1 una forma inolvidable de comenzar una nueva etapa en vuestra historia de amor.<\/span><\/p>\n<h3 style=\"text-align: justify;\"><span style=\"font-weight: 400;\">Lo que incluye tu pedida de mano en Tenerife nadando con tiburones:<\/span><\/h3>\n<ul style=\"text-align: justify;\">\n<li><b><span style=\"font-weight: 400;\">Fot\u00f3grafo<\/span><\/b><\/li>\n<li><span style=\"font-weight: 400;\">Buceo con equipamiento e instructor profesional<\/span><\/li>\n<li><b><span style=\"font-weight: 400;\">Organizaci\u00f3n y planificaci\u00f3n de la pedida de mano<\/span><\/b><\/li>\n<\/ul>\n<ul style=\"text-align: justify;\">\n<li style=\"list-style-type: none;\"><\/li>\n<\/ul>\n<p style=\"text-align: justify;\"><b>Precio: 850\u20ac<\/b><\/p>\n<h3 style=\"text-align: justify;\"><span style=\"font-weight: 400;\">Se puede a\u00f1adir:<\/span><\/h3>\n<ul style=\"text-align: justify;\">\n<li style=\"font-weight: 400;\"><span style=\"font-weight: 400;\">V\u00eddeo (consultar precio)<\/span><\/li>\n<li style=\"font-weight: 400;\"><span style=\"font-weight: 400;\">Ramo de flores (consultar precio)<\/span><\/li>\n<li style=\"font-weight: 400;\"><span style=\"font-weight: 400;\">Arco con flores (consultar precio)<\/span><\/li>\n<li style=\"font-weight: 400;\"><span style=\"font-weight: 400;\">Transporte (consultar precio)<\/span><\/li>\n<li style=\"font-weight: 400;\"><span style=\"font-weight: 400;\">\u00a1Configuralo como t\u00fa quieras!<\/span><\/li>\n<\/ul>\n<h3 style=\"text-align: justify;\"><span style=\"font-weight: 400;\">Facilidad de pago<\/span><\/h3>\n<p style=\"text-align: justify;\"><span style=\"font-weight: 400;\">\u00a1S\u00ed! Y es que no es necesario pagar \u00edntegramente el importe de la experiencia de tu pedida de mano en Tenerife nadando con tiburones. Simplemente es necesario reservar con un adelanto y el resto darla en el d\u00eda del evento.<\/span><\/p>\n<p style=\"text-align: justify;\"><span style=\"font-weight: 400;\">\u00a1Comodidad para ti!<\/span><\/p>\n<p style=\"text-align: justify;\"><span style=\"font-weight: 400;\">*Las tarifas no son reembolsables si el evento se cancela por cualquier motivo.<\/span><\/p>\n<p><\/p>","protected":false},"excerpt":{"rendered":"<p style=\"text-align: justify;\"><span style=\"font-weight: 400;\">Una pedida de mano en Tenerife nadando con tiburones, con un buceo seguro, fot\u00f3grafo profesional y planificaci\u00f3n completa, creando un momento de aventura y romance \u00fanico. <strong>Precio: 850\u20ac. Es necesario formalizar la reserva con un adelanto.<\/strong><\/span><\/p>\n","protected":false},"featured_media":47120,"comment_status":"closed","ping_status":"closed","template":"","meta":[],"class_list":["post-47041","product","type-product","status-publish","has-post-thumbnail","hentry","product_cat-marriage-proposal-packages","product_tag-marriage-proposal","product_tag-proposal-tenerife","product_tag-swimming-with-sharks","product_tag-swimming-with-sharks-tenerife","product_tag-7967"],"_links":{"self":[{"href":"https:\/\/perfectvenue.es\/es\/wp-json\/wp\/v2\/product\/47041","targetHints":{"allow":["GET"]}}],"collection":[{"href":"https:\/\/perfectvenue.es\/es\/wp-json\/wp\/v2\/product"}],"about":[{"href":"https:\/\/perfectvenue.es\/es\/wp-json\/wp\/v2\/types\/product"}],"replies":[{"embeddable":true,"href":"https:\/\/perfectvenue.es\/es\/wp-json\/wp\/v2\/comments?post=47041"}],"wp:featuredmedia":[{"embeddable":true,"href":"https:\/\/perfectvenue.es\/es\/wp-json\/wp\/v2\/media\/47120"}],"wp:attachment":[{"href":"https:\/\/perfectvenue.es\/es\/wp-json\/wp\/v2\/media?parent=47041"}],"curies":[{"name":"wp","href":"https:\/\/api.w.org\/{rel}","templated":true}]}}