{"id":47039,"date":"2026-03-04T10:37:34","date_gmt":"2026-03-04T07:37:34","guid":{"rendered":"https:\/\/perfectvenue.es\/?post_type=product&#038;p=47039"},"modified":"2026-03-04T13:01:16","modified_gmt":"2026-03-04T10:01:16","slug":"marriage-proposal-in-tenerife-in-a-hotel-room","status":"publish","type":"product","link":"https:\/\/perfectvenue.es\/es\/product\/marriage-proposal-in-tenerife-in-a-hotel-room\/","title":{"rendered":"Pedida de mano en Tenerife en una habitaci\u00f3n de hotel"},"content":{"rendered":"<p><\/p>\n<p style=\"text-align: justify;\"><span style=\"font-weight: 400;\">La pedida de mano en Tenerife en una habitaci\u00f3n de hotel es una experiencia \u00fanica e inolvidable, dise\u00f1ada para quienes desean un ambiente privado, c\u00e1lido y lleno de romance para hacer la gran pregunta. Al llegar a la habitaci\u00f3n, ser\u00e9is recibidos por una atm\u00f3sfera especialmente preparada para la ocasi\u00f3n. El espacio estar\u00e1 decorado con delicados p\u00e9talos de rosa esparcidos por el suelo, una decoraci\u00f3n con letras luminosas que reflejan las palabras \u201cMARRY ME\u201d y un hermoso ramo de flores, todo dispuesto para crear un entorno rom\u00e1ntico y lleno de emoci\u00f3n. Este ambiente \u00edntimo es el lugar perfecto para compartir un momento tan importante y personal.<\/span><\/p>\n<p style=\"text-align: justify;\"><span style=\"font-weight: 400;\">Para capturar cada instante de esta propuesta \u00fanica, contar\u00e9is con un fot\u00f3grafo profesional que estar\u00e1 presente para inmortalizar cada emoci\u00f3n, desde la anticipaci\u00f3n hasta el \u201cs\u00ed\u201d tan esperado. Las fotos ser\u00e1n un recuerdo perfecto de este d\u00eda tan especial, que podr\u00e9is revivir en cada imagen.<\/span><\/p>\n<p style=\"text-align: justify;\"><span style=\"font-weight: 400;\">Adem\u00e1s, toda la pedida de mano en Tenerife en una habitaci\u00f3n de hotel estar\u00e1 cuidadosamente planificada por nosotros, asegurando que cada detalle est\u00e9 perfectamente coordinado. Nos encargamos de todos los aspectos, desde la decoraci\u00f3n hasta el momento preciso para hacer la propuesta, para que pod\u00e1is disfrutar plenamente de la experiencia sin preocuparos por nada. Este d\u00eda ser\u00e1, sin lugar a dudas, un hito en vuestra historia de amor, donde la belleza de la habitaci\u00f3n y la atm\u00f3sfera rom\u00e1ntica acompa\u00f1ar\u00e1n el comienzo de una nueva etapa en vuestras vidas.<\/span><\/p>\n<h3 style=\"text-align: justify;\"><span style=\"font-weight: 400;\">Lo que incluye tu pedida de mano en Tenerife en una habitaci\u00f3n de hotel:<\/span><\/h3>\n<ul style=\"text-align: justify;\">\n<li><b><span style=\"font-weight: 400;\">Fot\u00f3grafo<\/span><\/b><\/li>\n<li><span style=\"font-weight: 400;\">P\u00e9talos de rosa<\/span><\/li>\n<li><span style=\"font-weight: 400;\">Decoraci\u00f3n con letras<\/span><\/li>\n<li><span style=\"font-weight: 400;\">Ramo de flores<\/span><\/li>\n<li><b><span style=\"font-weight: 400;\">Organizaci\u00f3n y planificaci\u00f3n de la pedida de mano<\/span><\/b><\/li>\n<\/ul>\n<p style=\"text-align: justify;\"><b>Precio: desde 680\u20ac + IVA<\/b><\/p>\n<h3 style=\"text-align: justify;\"><span style=\"font-weight: 400;\">Se puede a\u00f1adir:<\/span><\/h3>\n<ul style=\"text-align: justify;\">\n<li style=\"font-weight: 400;\"><span style=\"font-weight: 400;\">V\u00eddeo (consultar precio)<\/span><\/li>\n<li style=\"font-weight: 400;\"><span style=\"font-weight: 400;\">M\u00fasica en directo (consultar precio)<\/span><\/li>\n<li style=\"font-weight: 400;\"><span style=\"font-weight: 400;\">Decoraci\u00f3n floral, globos, etc. (consultar precio)<\/span><\/li>\n<li style=\"font-weight: 400;\"><span style=\"font-weight: 400;\">Letras \u201cMarry me\u201d (consultar precio)<\/span><\/li>\n<li style=\"font-weight: 400;\"><span style=\"font-weight: 400;\">Transporte (consultar precio)<\/span><\/li>\n<li style=\"font-weight: 400;\"><span style=\"font-weight: 400;\">\u00a1Configuralo como t\u00fa quieras!<\/span><\/li>\n<\/ul>\n<h3 style=\"text-align: justify;\"><span style=\"font-weight: 400;\">Facilidad de pago<\/span><\/h3>\n<p style=\"text-align: justify;\"><span style=\"font-weight: 400;\">\u00a1S\u00ed! Y es que no es necesario pagar \u00edntegramente el importe de la experiencia de tu pedida de mano en Tenerife en una habitaci\u00f3n de hotel. Simplemente es necesario reservar con un adelanto y el resto darla en el d\u00eda del evento.<\/span><\/p>\n<p style=\"text-align: justify;\"><span style=\"font-weight: 400;\">\u00a1Comodidad para ti!<\/span><\/p>\n<p style=\"text-align: justify;\"><span style=\"font-weight: 400;\">*Las tarifas no son reembolsables si el evento se cancela por cualquier motivo.<\/span><\/p>\n<p><\/p>","protected":false},"excerpt":{"rendered":"<p style=\"text-align: justify;\"><span style=\"font-weight: 400;\">Una pedida de mano en Tenerife en una habitaci\u00f3n de hotel, con decoraci\u00f3n rom\u00e1ntica, fot\u00f3grafo profesional y planificaci\u00f3n completa para un momento \u00fanico y memorable. <b>Precio: desde 680\u20ac + IVA<\/b><strong>. Es necesario formalizar la reserva con un adelanto.<\/strong><\/span><\/p>\n","protected":false},"featured_media":47099,"comment_status":"closed","ping_status":"closed","template":"","meta":[],"class_list":["post-47039","product","type-product","status-publish","has-post-thumbnail","hentry","product_cat-marriage-proposal-packages","product_tag-pedida-de-mano-en-tenerife","product_tag-pedida-de-mano-en-tenerife-en-una-habitacion-de-hotel","product_tag-pedida-de-mano-en-tenerife-en-una-habitacion-de-hotel-2026"],"_links":{"self":[{"href":"https:\/\/perfectvenue.es\/es\/wp-json\/wp\/v2\/product\/47039","targetHints":{"allow":["GET"]}}],"collection":[{"href":"https:\/\/perfectvenue.es\/es\/wp-json\/wp\/v2\/product"}],"about":[{"href":"https:\/\/perfectvenue.es\/es\/wp-json\/wp\/v2\/types\/product"}],"replies":[{"embeddable":true,"href":"https:\/\/perfectvenue.es\/es\/wp-json\/wp\/v2\/comments?post=47039"}],"wp:featuredmedia":[{"embeddable":true,"href":"https:\/\/perfectvenue.es\/es\/wp-json\/wp\/v2\/media\/47099"}],"wp:attachment":[{"href":"https:\/\/perfectvenue.es\/es\/wp-json\/wp\/v2\/media?parent=47039"}],"curies":[{"name":"wp","href":"https:\/\/api.w.org\/{rel}","templated":true}]}}