{"id":47038,"date":"2025-08-29T13:10:57","date_gmt":"2025-08-29T10:10:57","guid":{"rendered":"https:\/\/perfectvenue.es\/?post_type=product&#038;p=47038"},"modified":"2026-03-10T15:00:21","modified_gmt":"2026-03-10T12:00:21","slug":"marriage-proposal-in-tenerife-on-a-yacht","status":"publish","type":"product","link":"https:\/\/perfectvenue.es\/es\/product\/marriage-proposal-in-tenerife-on-a-yacht\/","title":{"rendered":"Pedida de mano en Tenerife en un yate"},"content":{"rendered":"<p><\/p>\n<p style=\"text-align: justify;\"><span style=\"font-weight: 400;\">La pedida de mano en Tenerife en un yate es una de las experiencias m\u00e1s rom\u00e1nticas y exclusivas que puedes ofrecer a tu ser querido. Imagina navegar por las aguas cristalinas de la isla a bordo de un yate privado, rodeados por la belleza del oc\u00e9ano Atl\u00e1ntico y con las impresionantes vistas de la costa tinerfe\u00f1a. Despu\u00e9s de disfrutar de un tour de dos horas por el mar, ser\u00e1 el momento perfecto para sorprender a tu pareja con la gran pregunta, mientras el sol comienza a ponerse y se crea un ambiente lleno de magia.<\/span><\/p>\n<p style=\"text-align: justify;\"><span style=\"font-weight: 400;\">La experiencia incluye una cuidada decoraci\u00f3n con p\u00e9talos de rosa, un ramo de flores frescas y todo lo necesario para que el momento sea a\u00fan m\u00e1s especial. Adem\u00e1s, un fot\u00f3grafo profesional estar\u00e1 a bordo para capturar cada instante, asegur\u00e1ndose de que pod\u00e1is revivir la emoci\u00f3n de este d\u00eda \u00fanico a trav\u00e9s de hermosas im\u00e1genes. El brindis con cava y los peque\u00f1os bocados a bordo complementar\u00e1n perfectamente esta experiencia inolvidable.<\/span><\/p>\n<p style=\"text-align: justify;\"><span style=\"font-weight: 400;\">La pedida de mano en Tenerife en un yate est\u00e1 completamente planeada y organizada para que solo tengas que disfrutar de la compa\u00f1\u00eda de tu ser querido. Nos encargamos de todos los detalles, desde la decoraci\u00f3n hasta la planificaci\u00f3n del evento, para que este momento sea perfecto y lleno de amor.<\/span><\/p>\n<h3 style=\"text-align: justify;\"><span style=\"font-weight: 400;\">Lo que incluye tu pedida de mano en Tenerife en un yate:<\/span><\/h3>\n<ul style=\"text-align: justify;\">\n<li><b><span style=\"font-weight: 400;\">Fot\u00f3grafo<\/span><\/b><\/li>\n<li><span style=\"font-weight: 400;\">P\u00e9talos de rosa para decorar<\/span><\/li>\n<li><span style=\"font-weight: 400;\">Ramo de flores<\/span><\/li>\n<li><span style=\"font-weight: 400;\">Snacks y cava a bordo<\/span><span style=\"font-weight: 400;\">Paseo en yate de 2 horas<\/span><\/li>\n<li><b><span style=\"font-weight: 400;\">Organizaci\u00f3n y planificaci\u00f3n de la pedida de mano<\/span><\/b><\/li>\n<\/ul>\n<p style=\"text-align: justify;\"><b>Precio desde: 1400\u20ac + IVA<\/b><\/p>\n<h3 style=\"text-align: justify;\"><span style=\"font-weight: 400;\">Se puede a\u00f1adir:<\/span><\/h3>\n<ul style=\"text-align: justify;\">\n<li style=\"font-weight: 400;\"><span style=\"font-weight: 400;\">V\u00eddeo (consultar precio)<\/span><\/li>\n<li style=\"font-weight: 400;\"><span style=\"font-weight: 400;\">M\u00fasica en directo (consultar precio)<\/span><\/li>\n<li style=\"font-weight: 400;\"><span style=\"font-weight: 400;\">Transporte (consultar precio)<\/span><\/li>\n<li style=\"font-weight: 400;\"><span style=\"font-weight: 400;\">\u00a1Configuralo como t\u00fa quieras!<\/span><\/li>\n<\/ul>\n<h3 style=\"text-align: justify;\"><span style=\"font-weight: 400;\">Facilidad de pago<\/span><\/h3>\n<p style=\"text-align: justify;\"><span style=\"font-weight: 400;\">\u00a1S\u00ed! Y es que no es necesario pagar \u00edntegramente el importe de la experiencia de tu pedida de mano en Tenerife en un yate. Simplemente es necesario reservar con un adelanto y el resto darla en el d\u00eda del evento.<\/span><\/p>\n<p style=\"text-align: justify;\"><span style=\"font-weight: 400;\">\u00a1Comodidad para ti!<\/span><\/p>\n<p style=\"text-align: justify;\"><span style=\"font-weight: 400;\">*Las tarifas no son reembolsables si el evento se cancela por cualquier motivo.<\/span><\/p>\n<p><\/p>","protected":false},"excerpt":{"rendered":"<p style=\"text-align: justify;\"><span style=\"font-weight: 400;\">Una pedida de mano en Tenerife en un yate, con un tour privado, decoraci\u00f3n rom\u00e1ntica, fot\u00f3grafo profesional y planificaci\u00f3n completa para un momento inolvidable. <b>Precio desde<\/b><strong>: 1400\u20ac + IVA. Es necesario formalizar la reserva con un adelanto.<\/strong><\/span><\/p>\n","protected":false},"featured_media":47053,"comment_status":"closed","ping_status":"closed","template":"","meta":[],"class_list":["post-47038","product","type-product","status-publish","has-post-thumbnail","hentry","product_cat-marriage-proposal-packages"],"_links":{"self":[{"href":"https:\/\/perfectvenue.es\/es\/wp-json\/wp\/v2\/product\/47038","targetHints":{"allow":["GET"]}}],"collection":[{"href":"https:\/\/perfectvenue.es\/es\/wp-json\/wp\/v2\/product"}],"about":[{"href":"https:\/\/perfectvenue.es\/es\/wp-json\/wp\/v2\/types\/product"}],"replies":[{"embeddable":true,"href":"https:\/\/perfectvenue.es\/es\/wp-json\/wp\/v2\/comments?post=47038"}],"wp:featuredmedia":[{"embeddable":true,"href":"https:\/\/perfectvenue.es\/es\/wp-json\/wp\/v2\/media\/47053"}],"wp:attachment":[{"href":"https:\/\/perfectvenue.es\/es\/wp-json\/wp\/v2\/media?parent=47038"}],"curies":[{"name":"wp","href":"https:\/\/api.w.org\/{rel}","templated":true}]}}