{"id":47036,"date":"2026-03-04T10:23:12","date_gmt":"2026-03-04T07:23:12","guid":{"rendered":"https:\/\/perfectvenue.es\/?post_type=product&#038;p=47036"},"modified":"2026-03-04T13:01:40","modified_gmt":"2026-03-04T10:01:40","slug":"marriage-proposal-in-tenerife-in-a-restaurant","status":"publish","type":"product","link":"https:\/\/perfectvenue.es\/es\/product\/marriage-proposal-in-tenerife-in-a-restaurant\/","title":{"rendered":"Pedida de mano en Tenerife en un restaurante"},"content":{"rendered":"<p><\/p>\n<p style=\"text-align: justify;\"><span style=\"font-weight: 400;\">La pedida de mano en Tenerife en un restaurante es la elecci\u00f3n perfecta para quienes buscan un ambiente \u00edntimo, elegante y lleno de romanticismo. Disfrutar\u00e9is de una cena privada, solo para vosotros dos, en un restaurante exclusivo con vistas impresionantes. La mesa estar\u00e1 cuidadosamente decorada con flores frescas, velas y detalles rom\u00e1nticos que crean la atm\u00f3sfera ideal para hacer la gran pregunta. En todo momento, la atenci\u00f3n estar\u00e1 centrada en vosotros, asegurando que la noche transcurra sin preocupaciones y llena de magia.<\/span><\/p>\n<p style=\"text-align: justify;\"><span style=\"font-weight: 400;\">Durante la cena, un fot\u00f3grafo profesional estar\u00e1 a tu disposici\u00f3n para capturar cada emoci\u00f3n del momento, desde el nerviosismo de la pregunta hasta la alegr\u00eda del \u201cs\u00ed\u201d. Las fotos ser\u00e1n un precioso recuerdo de este d\u00eda tan especial, reviviendo la emoci\u00f3n cada vez que las mir\u00e9is. Todo estar\u00e1 perfectamente coordinado, desde la decoraci\u00f3n de la mesa hasta la m\u00fasica de fondo, para que pod\u00e1is disfrutar de una experiencia \u00fanica sin preocuparos por nada.<\/span><\/p>\n<p style=\"text-align: justify;\"><span style=\"font-weight: 400;\">Nos encargamos de toda la planificaci\u00f3n de la pedida de mano en Tenerife en un restaurante, asegur\u00e1ndonos de que cada detalle, grande o peque\u00f1o, sea perfecto y acorde con vuestros gustos. Este ser\u00e1 un d\u00eda que marcar\u00e1 el inicio de una nueva etapa en vuestra vida juntos, rodeados de romanticismo, serenidad y belleza, mientras disfrut\u00e1is de la gastronom\u00eda de calidad y de un entorno inigualable.<\/span><\/p>\n<h3 style=\"text-align: justify;\"><span style=\"font-weight: 400;\">Lo que incluye tu pedida de mano en Tenerife en un restaurante:<\/span><\/h3>\n<ul style=\"text-align: justify;\">\n<li><b><span style=\"font-weight: 400;\">Fot\u00f3grafo<\/span><\/b><\/li>\n<li><span style=\"font-weight: 400;\">Cena rom\u00e1ntica para 2<\/span><\/li>\n<li><span style=\"font-weight: 400;\">Decoraci\u00f3n de la mesa<\/span><\/li>\n<li><b><span style=\"font-weight: 400;\">Organizaci\u00f3n y planificaci\u00f3n de la pedida de mano<\/span><\/b><\/li>\n<\/ul>\n<p style=\"text-align: justify;\"><b>Precio: desde 990\u20ac + IVA<\/b><\/p>\n<h3 style=\"text-align: justify;\"><span style=\"font-weight: 400;\">Se puede a\u00f1adir:<\/span><\/h3>\n<ul style=\"text-align: justify;\">\n<li style=\"font-weight: 400;\"><span style=\"font-weight: 400;\">V\u00eddeo (consultar precio)<\/span><\/li>\n<li style=\"font-weight: 400;\"><span style=\"font-weight: 400;\">M\u00fasica en directo (consultar precio)<\/span><\/li>\n<li style=\"font-weight: 400;\"><span style=\"font-weight: 400;\">Ramo de flores (consultar precio)<\/span><\/li>\n<li style=\"font-weight: 400;\"><span style=\"font-weight: 400;\">Transporte (consultar precio)<\/span><\/li>\n<li style=\"font-weight: 400;\"><span style=\"font-weight: 400;\">\u00a1Configuralo como t\u00fa quieras!<\/span><\/li>\n<\/ul>\n<h3 style=\"text-align: justify;\"><span style=\"font-weight: 400;\">Facilidad de pago<\/span><\/h3>\n<p style=\"text-align: justify;\"><span style=\"font-weight: 400;\">\u00a1S\u00ed! Y es que no es necesario pagar \u00edntegramente el importe de la experiencia de tu pedida de mano en Tenerife en un restaurante. Simplemente es necesario reservar con un adelanto y el resto darla en el d\u00eda del evento.<\/span><\/p>\n<p style=\"text-align: justify;\"><span style=\"font-weight: 400;\">\u00a1Comodidad para ti!<\/span><\/p>\n<p style=\"text-align: justify;\"><span style=\"font-weight: 400;\">*Las tarifas no son reembolsables si el evento se cancela por cualquier motivo.<\/span><\/p>\n<p><\/p>","protected":false},"excerpt":{"rendered":"<p style=\"text-align: justify;\"><span style=\"font-weight: 400;\">Una pedida de mano en Tenerife en un restaurante, con cena rom\u00e1ntica, decoraci\u00f3n, fot\u00f3grafo y planificaci\u00f3n completa para un momento \u00edntimo y \u00fanico. <strong>Precio: desde 990\u20ac + IVA. Dep\u00f3sito para reservar la fecha son 790\u20ac.<\/strong><\/span><\/p>\n","protected":false},"featured_media":47092,"comment_status":"closed","ping_status":"closed","template":"","meta":[],"class_list":["post-47036","product","type-product","status-publish","has-post-thumbnail","hentry","product_cat-marriage-proposal-packages","product_tag-pedida-de-mano-en-tenerife","product_tag-pedida-de-mano-en-tenerife-en-un-restaurante","product_tag-pedida-de-mano-en-tenerife-en-un-restaurante-elegante"],"_links":{"self":[{"href":"https:\/\/perfectvenue.es\/es\/wp-json\/wp\/v2\/product\/47036","targetHints":{"allow":["GET"]}}],"collection":[{"href":"https:\/\/perfectvenue.es\/es\/wp-json\/wp\/v2\/product"}],"about":[{"href":"https:\/\/perfectvenue.es\/es\/wp-json\/wp\/v2\/types\/product"}],"replies":[{"embeddable":true,"href":"https:\/\/perfectvenue.es\/es\/wp-json\/wp\/v2\/comments?post=47036"}],"wp:featuredmedia":[{"embeddable":true,"href":"https:\/\/perfectvenue.es\/es\/wp-json\/wp\/v2\/media\/47092"}],"wp:attachment":[{"href":"https:\/\/perfectvenue.es\/es\/wp-json\/wp\/v2\/media?parent=47036"}],"curies":[{"name":"wp","href":"https:\/\/api.w.org\/{rel}","templated":true}]}}