{"id":47028,"date":"2026-03-10T10:22:53","date_gmt":"2026-03-10T07:22:53","guid":{"rendered":"https:\/\/perfectvenue.es\/?post_type=product&#038;p=47028"},"modified":"2026-03-10T12:33:02","modified_gmt":"2026-03-10T09:33:02","slug":"marriage-proposal-in-tenerife-on-the-beach-with-big-letters","status":"publish","type":"product","link":"https:\/\/perfectvenue.es\/es\/product\/marriage-proposal-in-tenerife-on-the-beach-with-big-letters\/","title":{"rendered":"Pedida de mano en Tenerife en la playa con grandes letras"},"content":{"rendered":"<p><\/p>\n<p style=\"text-align: justify;\"><span style=\"font-weight: 400;\">La pedida de mano en Tenerife en la playa con grandes letras es una de las formas m\u00e1s rom\u00e1nticas y \u00fanicas para hacerle la gran pregunta a tu ser querido. Imagina estar en la costa tinerfe\u00f1a, con el sonido de las olas de fondo, mientras te arrodillas frente a un enorme &#8220;MARRY ME&#8221; formado por grandes letras iluminadas que crean una atm\u00f3sfera m\u00e1gica bajo el cielo estrellado. La belleza natural de la playa y el entorno ser\u00e1n el marco perfecto para este momento tan especial.<\/span><\/p>\n<p style=\"text-align: justify;\"><span style=\"font-weight: 400;\">Nos encargamos de todo, desde la decoraci\u00f3n con flores frescas hasta la planificaci\u00f3n completa del evento, asegur\u00e1ndonos de que cada detalle est\u00e9 cuidado para que pod\u00e1is disfrutar de la experiencia sin preocupaciones. Un fot\u00f3grafo profesional estar\u00e1 presente para capturar cada emoci\u00f3n, cada mirada y cada paso del proceso, convirtiendo este momento en recuerdos inolvidables. La propuesta se convierte en una experiencia visualmente impresionante y llena de sentimientos, ideal para quienes desean una pedida de mano que quede grabada tanto en su memoria como en im\u00e1genes hermosas.<\/span><\/p>\n<p style=\"text-align: justify;\"><span style=\"font-weight: 400;\">Esta pedida de mano en Tenerife en la playa con grandes letras es la manera perfecta de sorprender a tu pareja en un entorno natural y rom\u00e1ntico, comenzando una nueva etapa en vuestra vida juntos rodeados de belleza y amor.<\/span><\/p>\n<h3 style=\"text-align: justify;\"><span style=\"font-weight: 400;\">Lo que incluye tu pedida de mano en Tenerife en la playa con grandes letras:<\/span><\/h3>\n<ul style=\"text-align: justify;\">\n<li><b><span style=\"font-weight: 400;\">Fot\u00f3grafo<\/span><\/b><\/li>\n<li><span style=\"font-weight: 400;\">Decoraci\u00f3n floral<\/span><\/li>\n<li><span style=\"font-weight: 400;\">Grandes letras \u201cMarry me\u201d\u00a0<\/span><\/li>\n<li><b><span style=\"font-weight: 400;\">Organizaci\u00f3n y planificaci\u00f3n de la pedida de mano<\/span><\/b><\/li>\n<\/ul>\n<p style=\"text-align: justify;\"><b>Precio: desde 1500\u20ac + IVA<\/b><\/p>\n<h3 style=\"text-align: justify;\"><span style=\"font-weight: 400;\">Se puede a\u00f1adir:<\/span><\/h3>\n<ul style=\"text-align: justify;\">\n<li style=\"font-weight: 400;\"><span style=\"font-weight: 400;\">V\u00eddeo (consultar precio)<\/span><\/li>\n<li style=\"font-weight: 400;\"><span style=\"font-weight: 400;\">M\u00fasica en directo (consultar precio)<\/span><\/li>\n<li style=\"font-weight: 400;\"><span style=\"font-weight: 400;\">Ramo de flores (consultar precio)<\/span><\/li>\n<li style=\"font-weight: 400;\"><span style=\"font-weight: 400;\">Arco con flores (consultar precio)<\/span><\/li>\n<li style=\"font-weight: 400;\"><span style=\"font-weight: 400;\">Transporte (consultar precio)<\/span><\/li>\n<li style=\"font-weight: 400;\"><span style=\"font-weight: 400;\">\u00a1Configuralo como t\u00fa quieras!<\/span><\/li>\n<\/ul>\n<h3 style=\"text-align: justify;\"><span style=\"font-weight: 400;\">Facilidad de pago<\/span><\/h3>\n<p style=\"text-align: justify;\"><span style=\"font-weight: 400;\">\u00a1S\u00ed! Y es que no es necesario pagar \u00edntegramente el importe de la experiencia de tu pedida de mano en Tenerife en la playa con grandes letras. Simplemente es necesario reservar con un adelanto y el resto darla en el d\u00eda del evento.<\/span><\/p>\n<p style=\"text-align: justify;\"><span style=\"font-weight: 400;\">\u00a1Comodidad para ti!<\/span><\/p>\n<p style=\"text-align: justify;\"><span style=\"font-weight: 400;\">*Las tarifas no son reembolsables si el evento se cancela por cualquier motivo.<\/span><\/p>\n<p><\/p>","protected":false},"excerpt":{"rendered":"<p style=\"text-align: justify;\"><span style=\"font-weight: 400;\">Una pedida de mano en Tenerife en la playa con grandes letras, con decoraci\u00f3n floral, fot\u00f3grafo profesional y planificaci\u00f3n completa para un momento m\u00e1gico e inolvidable. <strong>Precio: desde 1500\u20ac + IVA. Es necesario formalizar la reserva con un adelanto de 1000\u20ac.<\/strong><\/span><\/p>\n","protected":false},"featured_media":45829,"comment_status":"closed","ping_status":"closed","template":"","meta":[],"class_list":["post-47028","product","type-product","status-publish","has-post-thumbnail","hentry","product_cat-marriage-proposal-packages","product_tag-pedida-de-mano-en-tenerife","product_tag-pedida-de-mano-en-tenerife-en-la-playa","product_tag-pedida-de-mano-en-tenerife-en-la-playa-2026"],"_links":{"self":[{"href":"https:\/\/perfectvenue.es\/es\/wp-json\/wp\/v2\/product\/47028","targetHints":{"allow":["GET"]}}],"collection":[{"href":"https:\/\/perfectvenue.es\/es\/wp-json\/wp\/v2\/product"}],"about":[{"href":"https:\/\/perfectvenue.es\/es\/wp-json\/wp\/v2\/types\/product"}],"replies":[{"embeddable":true,"href":"https:\/\/perfectvenue.es\/es\/wp-json\/wp\/v2\/comments?post=47028"}],"wp:featuredmedia":[{"embeddable":true,"href":"https:\/\/perfectvenue.es\/es\/wp-json\/wp\/v2\/media\/45829"}],"wp:attachment":[{"href":"https:\/\/perfectvenue.es\/es\/wp-json\/wp\/v2\/media?parent=47028"}],"curies":[{"name":"wp","href":"https:\/\/api.w.org\/{rel}","templated":true}]}}