{"id":47024,"date":"2026-02-16T19:16:46","date_gmt":"2026-02-16T16:16:46","guid":{"rendered":"https:\/\/perfectvenue.es\/?post_type=product&#038;p=47024"},"modified":"2026-02-16T21:16:12","modified_gmt":"2026-02-16T18:16:12","slug":"marriage-proposal-in-tenerife-at-a-river-waterfall","status":"publish","type":"product","link":"https:\/\/perfectvenue.es\/es\/product\/marriage-proposal-in-tenerife-at-a-river-waterfall\/","title":{"rendered":"Pedida de mano en Tenerife en una cascada de r\u00edo"},"content":{"rendered":"<p><\/p>\n<p style=\"text-align: justify;\"><span style=\"font-weight: 400;\">La pedida de mano en Tenerife en una cascada de r\u00edo es una experiencia incomparable para aquellos que buscan un entorno espectacular y tranquilo para hacer la gran pregunta. Ubicado en uno de los miradores m\u00e1s impresionantes de Lanzarote, este lugar ofrece una de las mejores vistas del mundo, con un horizonte que se extiende hasta la isla de La Graciosa. La plataforma abierta, tallada en los acantilados, crea un ambiente \u00fanico y lleno de magia, donde el paisaje se convierte en el escenario perfecto para este momento tan especial.<\/span><\/p>\n<p style=\"text-align: justify;\"><span style=\"font-weight: 400;\">A medida que os encontr\u00e1is frente a esta vista impresionante, rodeados de la serenidad y la belleza del lugar, el momento se volver\u00e1 a\u00fan m\u00e1s significativo. Un fot\u00f3grafo estar\u00e1 presente para capturar la emoci\u00f3n de la propuesta, asegurando que cada detalle quede grabado en im\u00e1genes que recordar\u00e9is para siempre. Desde la quietud antes de hacer la pregunta hasta la alegr\u00eda del \u201cs\u00ed\u201d, todo estar\u00e1 perfectamente documentado para revivir este m\u00e1gico instante en cualquier momento.<\/span><\/p>\n<p style=\"text-align: justify;\"><span style=\"font-weight: 400;\">La pedida de mano en Tenerife en una cascada de r\u00edo est\u00e1 cuidadosamente planificada para que no teng\u00e1is que preocuparos de nada m\u00e1s que disfrutar del momento. Nos encargamos de la organizaci\u00f3n, la decoraci\u00f3n y todos los detalles, garantizando que el entorno natural y la experiencia sean lo m\u00e1s destacado de este d\u00eda tan importante en vuestra vida.<\/span><\/p>\n<h3 style=\"text-align: justify;\"><span style=\"font-weight: 400;\">Lo que incluye tu pedida de mano en Tenerife en una cascada de r\u00edo:<\/span><\/h3>\n<ul style=\"text-align: justify;\">\n<li><b><span style=\"font-weight: 400;\">Fot\u00f3grafo<\/span><\/b><\/li>\n<\/ul>\n<ul>\n<li><span style=\"font-weight: 400;\">Organizaci\u00f3n y planificaci\u00f3n de la pedida de mano<\/span><\/li>\n<\/ul>\n<p style=\"text-align: justify;\"><b>Precio: desde 480\u20ac + IVA<\/b><\/p>\n<h3 style=\"text-align: justify;\"><span style=\"font-weight: 400;\">Se puede a\u00f1adir:<\/span><\/h3>\n<ul style=\"text-align: justify;\">\n<li style=\"font-weight: 400;\"><span style=\"font-weight: 400;\">V\u00eddeo (consultar precio)<\/span><\/li>\n<li style=\"font-weight: 400;\"><span style=\"font-weight: 400;\">M\u00fasica en directo (consultar precio)<\/span><\/li>\n<li style=\"font-weight: 400;\"><span style=\"font-weight: 400;\">Ramo de flores (consultar precio)<\/span><\/li>\n<li style=\"font-weight: 400;\"><span style=\"font-weight: 400;\">Arco con flores (consultar precio)<\/span><\/li>\n<li style=\"font-weight: 400;\"><span style=\"font-weight: 400;\">Letras \u201cMarry me\u201d (consultar precio)<\/span><\/li>\n<li style=\"font-weight: 400;\"><span style=\"font-weight: 400;\">Transporte (consultar precio)<\/span><\/li>\n<li style=\"font-weight: 400;\"><span style=\"font-weight: 400;\">\u00a1Configuralo como t\u00fa quieras!<\/span><\/li>\n<\/ul>\n<h3 style=\"text-align: justify;\"><span style=\"font-weight: 400;\">Facilidad de pago<\/span><\/h3>\n<p style=\"text-align: justify;\"><span style=\"font-weight: 400;\">\u00a1S\u00ed! Y es que no es necesario pagar \u00edntegramente el importe de la experiencia de tu pedida de mano en Tenerife en una cascada de r\u00edo. Simplemente es necesario reservar con un adelanto y el resto darla en el d\u00eda del evento.<\/span><\/p>\n<p style=\"text-align: justify;\"><span style=\"font-weight: 400;\">\u00a1Comodidad para ti!<\/span><\/p>\n<p style=\"text-align: justify;\"><span style=\"font-weight: 400;\">*Las tarifas no son reembolsables si el evento se cancela por cualquier motivo.<\/span><\/p>\n<p><\/p>","protected":false},"excerpt":{"rendered":"<p style=\"text-align: justify;\"><span style=\"font-weight: 400;\">Una pedida de mano en Tenerife en una cascada de r\u00edo, con vistas impresionantes, fot\u00f3grafo profesional y planificaci\u00f3n completa para un momento rom\u00e1ntico y \u00fanico. <strong>Precio: desde 480\u20ac + IVA. Es necesario formalizar la reserva con un adelanto de 330\u20ac.<\/strong><\/span><\/p>\n","protected":false},"featured_media":47114,"comment_status":"closed","ping_status":"closed","template":"","meta":[],"class_list":["post-47024","product","type-product","status-publish","has-post-thumbnail","hentry","product_cat-marriage-proposal-packages","product_tag-pedida-de-mano-en-tenerife","product_tag-pedida-de-mano-en-tenerife-en-una-cascada-de-rio","product_tag-pedida-de-mano-en-tenerife-en-una-cascada-de-rio-2026"],"_links":{"self":[{"href":"https:\/\/perfectvenue.es\/es\/wp-json\/wp\/v2\/product\/47024","targetHints":{"allow":["GET"]}}],"collection":[{"href":"https:\/\/perfectvenue.es\/es\/wp-json\/wp\/v2\/product"}],"about":[{"href":"https:\/\/perfectvenue.es\/es\/wp-json\/wp\/v2\/types\/product"}],"replies":[{"embeddable":true,"href":"https:\/\/perfectvenue.es\/es\/wp-json\/wp\/v2\/comments?post=47024"}],"wp:featuredmedia":[{"embeddable":true,"href":"https:\/\/perfectvenue.es\/es\/wp-json\/wp\/v2\/media\/47114"}],"wp:attachment":[{"href":"https:\/\/perfectvenue.es\/es\/wp-json\/wp\/v2\/media?parent=47024"}],"curies":[{"name":"wp","href":"https:\/\/api.w.org\/{rel}","templated":true}]}}