{"id":47023,"date":"2025-09-30T12:46:08","date_gmt":"2025-09-30T09:46:08","guid":{"rendered":"https:\/\/perfectvenue.es\/?post_type=product&#038;p=47023"},"modified":"2026-03-10T14:38:32","modified_gmt":"2026-03-10T11:38:32","slug":"marriage-proposal-in-lanzarote-at-the-san-jose-castle","status":"publish","type":"product","link":"https:\/\/perfectvenue.es\/es\/product\/marriage-proposal-in-lanzarote-at-the-san-jose-castle\/","title":{"rendered":"Pedida de mano en Lanzarote en el Castillo de San Jos\u00e9"},"content":{"rendered":"<p><\/p>\n<p style=\"text-align: justify;\"><span style=\"font-weight: 400;\">La pedida de mano en Lanzarote en el Castillo de San Jos\u00e9 es una opci\u00f3n \u00fanica que combina historia, elegancia y una vista impresionante. Situado en el puerto de Arrecife, este castillo, conocido como la &#8220;Fortaleza del Hambre&#8221;, fue construido bajo el reinado de Carlos III con fines defensivos y, hoy en d\u00eda, se ha transformado en uno de los lugares m\u00e1s emblem\u00e1ticos de la isla de Lanzarote. La ubicaci\u00f3n estrat\u00e9gica del castillo ofrece una vista espectacular de la bah\u00eda de Arrecife, lo que lo convierte en el escenario perfecto para un momento tan especial.<\/span><\/p>\n<p style=\"text-align: justify;\"><span style=\"font-weight: 400;\">Imagina dar el gran paso en un ambiente lleno de historia, rodeado de la majestuosidad del Castillo de San Jos\u00e9. La atm\u00f3sfera rom\u00e1ntica y tranquila de este lugar, combinado con su arquitectura impresionante, crear\u00e1 el entorno ideal para una pedida de mano en Lanzarote. Con la ayuda de un fot\u00f3grafo profesional, cada momento ser\u00e1 capturado para que pod\u00e1is revivir la emoci\u00f3n de este d\u00eda tan especial una y otra vez.<\/span><\/p>\n<p style=\"text-align: justify;\"><span style=\"font-weight: 400;\">Adem\u00e1s, la planificaci\u00f3n de la pedida de mano en Lanzarote en el Castillo de San Jos\u00e9 estar\u00e1 completamente a cargo de nuestro equipo, asegur\u00e1ndonos de que cada detalle est\u00e9 cuidadosamente coordinado, desde la decoraci\u00f3n hasta el ambiente. Este ser\u00e1 un d\u00eda lleno de magia e historia, marcado por la belleza natural y arquitect\u00f3nica de este impresionante castillo.<\/span><\/p>\n<h3 style=\"text-align: justify;\"><span style=\"font-weight: 400;\">Lo que incluye tu pedida de mano en Lanzarote en el Castillo de San Jos\u00e9:<\/span><\/h3>\n<ul style=\"text-align: justify;\">\n<li><b><span style=\"font-weight: 400;\">Fot\u00f3grafo<\/span><\/b><\/li>\n<\/ul>\n<ul>\n<li><span style=\"font-weight: 400;\">Organizaci\u00f3n y planificaci\u00f3n de la pedida de mano<\/span><\/li>\n<\/ul>\n<p style=\"text-align: justify;\"><b>Precio desde: 480\u20ac + IVA<\/b><\/p>\n<h3 style=\"text-align: justify;\"><span style=\"font-weight: 400;\">Se puede a\u00f1adir:<\/span><\/h3>\n<ul style=\"text-align: justify;\">\n<li style=\"font-weight: 400;\"><span style=\"font-weight: 400;\">V\u00eddeo (consultar precio)<\/span><\/li>\n<li style=\"font-weight: 400;\"><span style=\"font-weight: 400;\">M\u00fasica en directo (consultar precio)<\/span><\/li>\n<li style=\"font-weight: 400;\"><span style=\"font-weight: 400;\">Ramo de flores (consultar precio)<\/span><\/li>\n<li style=\"font-weight: 400;\"><span style=\"font-weight: 400;\">Arco con flores (consultar precio)<\/span><\/li>\n<li style=\"font-weight: 400;\"><span style=\"font-weight: 400;\">Letras \u201cMarry me\u201d (consultar precio)<\/span><\/li>\n<li style=\"font-weight: 400;\"><span style=\"font-weight: 400;\">Transporte (consultar precio)<\/span><\/li>\n<li style=\"font-weight: 400;\"><span style=\"font-weight: 400;\">\u00a1Configuralo como t\u00fa quieras!<\/span><\/li>\n<\/ul>\n<h3 style=\"text-align: justify;\"><span style=\"font-weight: 400;\">Facilidad de pago<\/span><\/h3>\n<p style=\"text-align: justify;\"><span style=\"font-weight: 400;\">\u00a1S\u00ed! Y es que no es necesario pagar \u00edntegramente el importe de la experiencia de tu pedida de mano en Lanzarote en el Castillo de San Jos\u00e9. Simplemente es necesario reservar con un adelanto y el resto darla en el d\u00eda del evento.<\/span><\/p>\n<p style=\"text-align: justify;\"><span style=\"font-weight: 400;\">\u00a1Comodidad para ti!<\/span><\/p>\n<p style=\"text-align: justify;\"><span style=\"font-weight: 400;\">*Las tarifas no son reembolsables si el evento se cancela por cualquier motivo.<\/span><\/p>\n<p><\/p>","protected":false},"excerpt":{"rendered":"<p style=\"text-align: justify;\"><span style=\"font-weight: 400;\">Una pedida de mano en Lanzarote en el Castillo de San Jos\u00e9, con vistas impresionantes, fot\u00f3grafo profesional y planificaci\u00f3n completa para un momento hist\u00f3rico y rom\u00e1ntico. <strong>Precio desde: 480\u20ac + IVA. Es necesario formalizar la reserva con un adelanto.<\/strong><\/span><\/p>\n","protected":false},"featured_media":47110,"comment_status":"closed","ping_status":"closed","template":"","meta":[],"class_list":["post-47023","product","type-product","status-publish","has-post-thumbnail","hentry","product_cat-marriage-proposal-packages"],"_links":{"self":[{"href":"https:\/\/perfectvenue.es\/es\/wp-json\/wp\/v2\/product\/47023","targetHints":{"allow":["GET"]}}],"collection":[{"href":"https:\/\/perfectvenue.es\/es\/wp-json\/wp\/v2\/product"}],"about":[{"href":"https:\/\/perfectvenue.es\/es\/wp-json\/wp\/v2\/types\/product"}],"replies":[{"embeddable":true,"href":"https:\/\/perfectvenue.es\/es\/wp-json\/wp\/v2\/comments?post=47023"}],"wp:featuredmedia":[{"embeddable":true,"href":"https:\/\/perfectvenue.es\/es\/wp-json\/wp\/v2\/media\/47110"}],"wp:attachment":[{"href":"https:\/\/perfectvenue.es\/es\/wp-json\/wp\/v2\/media?parent=47023"}],"curies":[{"name":"wp","href":"https:\/\/api.w.org\/{rel}","templated":true}]}}