{"id":47010,"date":"2025-01-23T12:53:27","date_gmt":"2025-01-23T09:53:27","guid":{"rendered":"http:\/\/perfectvenue.es\/?post_type=product&#038;p=47010"},"modified":"2025-02-24T17:35:00","modified_gmt":"2025-02-24T14:35:00","slug":"marriage-proposal-in-ibiza-in-a-private-venue","status":"publish","type":"product","link":"https:\/\/perfectvenue.es\/es\/product\/marriage-proposal-in-ibiza-in-a-private-venue\/","title":{"rendered":"Pedida de mano en Ibiza en un espacio privado"},"content":{"rendered":"<p><\/p>\n<p style=\"text-align: justify\"><span style=\"font-weight: 400\">Una pedida de mano en Ibiza en un espacio privado es la elecci\u00f3n perfecta para quienes sue\u00f1an con un momento \u00edntimo, rom\u00e1ntico y lleno de magia. Imagina un rinc\u00f3n preparado exclusivamente para vosotros: flores frescas que llenan el aire de fragancia, una decoraci\u00f3n elegante que refleja vuestra personalidad y un espectacular ramo que a\u00f1ade el toque final. Todo est\u00e1 pensado para crear un ambiente \u00fanico, ideal para dar ese gran paso en vuestra historia de amor. \u00a1El escenario perfecto para un s\u00ed eterno!<\/span><\/p>\n<p style=\"text-align: justify\"><span style=\"font-weight: 400\">La experiencia incluye el alquiler exclusivo de un lugar lleno de encanto, donde un fot\u00f3grafo profesional estar\u00e1 presente para capturar cada instante. Desde la emoci\u00f3n y los nervios previos hasta la felicidad absoluta del \u201cs\u00ed\u201d, cada foto ser\u00e1 un precioso recuerdo que podr\u00e9is revivir una y otra vez.<\/span><\/p>\n<p style=\"text-align: justify\"><span style=\"font-weight: 400\">Nos encargamos de todos los detalles: desde la organizaci\u00f3n y planificaci\u00f3n hasta la decoraci\u00f3n personalizada con flores y p\u00e9talos, creando una atm\u00f3sfera que har\u00e1 que este momento sea a\u00fan m\u00e1s especial. Vosotros solo ten\u00e9is que relajaros, disfrutar y centraros en lo m\u00e1s importante: vuestro amor y la emoci\u00f3n de este d\u00eda \u00fanico.<\/span><\/p>\n<p style=\"text-align: justify\"><span style=\"font-weight: 400\">Una pedida de mano en Ibiza en un espacio privado ser\u00e1 mucho m\u00e1s que un evento, ser\u00e1 un d\u00eda lleno de alegr\u00eda, romanticismo y belleza, rodeado de la magia de la isla. El comienzo perfecto para una nueva etapa en vuestra vida juntos. \u00a1Ibiza os espera para este momento inolvidable!<\/span><\/p>\n<h3 style=\"text-align: justify\"><span style=\"font-weight: 400\">Lo que incluye tu pedida de mano en Ibiza en un espacio privado:<\/span><\/h3>\n<ul style=\"text-align: justify\">\n<li><b><span style=\"font-weight: 400\">Fot\u00f3grafo<\/span><\/b><\/li>\n<li><span style=\"font-weight: 400\">Decoraci\u00f3n\u00a0<\/span><\/li>\n<li><span style=\"font-weight: 400\">Ramo de flores<\/span><\/li>\n<li><span style=\"font-weight: 400\">Alquiler del espacio privado<\/span><\/li>\n<li><b><span style=\"font-weight: 400\">Organizaci\u00f3n y planificaci\u00f3n de la pedida de mano<\/span><\/b><\/li>\n<\/ul>\n<ul style=\"text-align: justify\">\n<li style=\"list-style-type: none\"><\/li>\n<\/ul>\n<p style=\"text-align: justify\"><b>Precio: 3300\u20ac<\/b><\/p>\n<h3 style=\"text-align: justify\"><span style=\"font-weight: 400\">Se puede a\u00f1adir:<\/span><\/h3>\n<ul style=\"text-align: justify\">\n<li style=\"font-weight: 400\"><span style=\"font-weight: 400\">V\u00eddeo (consultar precio)<\/span><\/li>\n<li style=\"font-weight: 400\"><span style=\"font-weight: 400\">M\u00fasica en directo (consultar precio)<\/span><\/li>\n<li style=\"font-weight: 400\"><span style=\"font-weight: 400\">Arco con flores (consultar precio)<\/span><\/li>\n<li style=\"font-weight: 400\"><span style=\"font-weight: 400\">Letras \u201cMarry me\u201d (consultar precio)<\/span><\/li>\n<li style=\"font-weight: 400\"><span style=\"font-weight: 400\">Transporte (consultar precio)<\/span><\/li>\n<li style=\"font-weight: 400\"><span style=\"font-weight: 400\">\u00a1Configuralo como t\u00fa quieras!<\/span><\/li>\n<\/ul>\n<h3 style=\"text-align: justify\"><span style=\"font-weight: 400\">Facilidad de pago<\/span><\/h3>\n<p style=\"text-align: justify\"><span style=\"font-weight: 400\">\u00a1S\u00ed! Y es que no es necesario pagar \u00edntegramente el importe de la experiencia de tu pedida de mano en Ibiza en un espacio privado. Simplemente es necesario reservar con un adelanto y el resto darla en el d\u00eda del evento.<\/span><\/p>\n<p style=\"text-align: justify\"><span style=\"font-weight: 400\">\u00a1Comodidad para ti!<\/span><\/p>\n<p style=\"text-align: justify\"><span style=\"font-weight: 400\">*Las tarifas no son reembolsables si el evento se cancela por cualquier motivo.<\/span><\/p>\n<p><\/p>","protected":false},"excerpt":{"rendered":"<p style=\"text-align: justify\"><span style=\"font-weight: 400\">Una pedida de mano en Ibiza en un espacio privado, con alquiler exclusivo, decoraci\u00f3n floral, fot\u00f3grafo y planificaci\u00f3n completa para un momento \u00fanico y rom\u00e1ntico. <strong>Precio: 3300\u20ac. Es necesario formalizar la reserva con un adelanto.<\/strong><\/span><\/p>\n","protected":false},"featured_media":47011,"comment_status":"closed","ping_status":"closed","template":"","meta":[],"class_list":["post-47010","product","type-product","status-publish","has-post-thumbnail","hentry","product_cat-marriage-proposal-packages","product_tag-7989","product_tag-6510"],"_links":{"self":[{"href":"https:\/\/perfectvenue.es\/es\/wp-json\/wp\/v2\/product\/47010","targetHints":{"allow":["GET"]}}],"collection":[{"href":"https:\/\/perfectvenue.es\/es\/wp-json\/wp\/v2\/product"}],"about":[{"href":"https:\/\/perfectvenue.es\/es\/wp-json\/wp\/v2\/types\/product"}],"replies":[{"embeddable":true,"href":"https:\/\/perfectvenue.es\/es\/wp-json\/wp\/v2\/comments?post=47010"}],"wp:featuredmedia":[{"embeddable":true,"href":"https:\/\/perfectvenue.es\/es\/wp-json\/wp\/v2\/media\/47011"}],"wp:attachment":[{"href":"https:\/\/perfectvenue.es\/es\/wp-json\/wp\/v2\/media?parent=47010"}],"curies":[{"name":"wp","href":"https:\/\/api.w.org\/{rel}","templated":true}]}}