{"id":47003,"date":"2025-07-28T13:59:30","date_gmt":"2025-07-28T10:59:30","guid":{"rendered":"https:\/\/perfectvenue.es\/?post_type=product&#038;p=47003"},"modified":"2026-02-17T11:48:01","modified_gmt":"2026-02-17T08:48:01","slug":"marriage-proposal-in-tenerife-with-a-private-dinner-on-the-beach","status":"publish","type":"product","link":"https:\/\/perfectvenue.es\/es\/product\/marriage-proposal-in-tenerife-with-a-private-dinner-on-the-beach\/","title":{"rendered":"Pedida de mano en Tenerife con una cena privada en la playa"},"content":{"rendered":"<p><\/p>\n<p style=\"text-align: justify;\"><span style=\"font-weight: 400;\">La pedida de mano en Tenerife con una cena privada en la playa es la opci\u00f3n perfecta para quienes desean un momento \u00edntimo y rom\u00e1ntico rodeados de la belleza natural de la isla. Imagina caminar por la arena suave mientras el sonido de las olas acompa\u00f1a el atardecer, y llegar a una mesa elegantemente decorada solo para dos, donde disfrutar\u00e9is de una cena exclusiva bajo el cielo estrellado. Este entorno m\u00e1gico es ideal para hacer la gran pregunta y comenzar una nueva etapa en vuestra historia de amor.<\/span><\/p>\n<p style=\"text-align: justify;\"><span style=\"font-weight: 400;\">Nos encargamos de la planificaci\u00f3n completa del evento, desde la reserva del espacio en la playa hasta la decoraci\u00f3n con flores y otros detalles personalizados que har\u00e1n que este momento sea \u00fanico y memorable. Adem\u00e1s, un fot\u00f3grafo profesional estar\u00e1 presente para capturar cada emoci\u00f3n, desde el instante en que hagas la propuesta hasta el brillo en sus ojos al aceptar. Las fotos ser\u00e1n un precioso recuerdo de este d\u00eda tan especial.<\/span><\/p>\n<p style=\"text-align: justify;\"><span style=\"font-weight: 400;\">Con la pedida de mano en Tenerife con una cena privada en la playa, no tendr\u00e1s que preocuparte por nada. Todo estar\u00e1 organizado a la perfecci\u00f3n, asegurando que pod\u00e1is disfrutar de una experiencia exclusiva y llena de romanticismo, creando recuerdos que atesorar\u00e9is para siempre.<\/span><\/p>\n<h3 style=\"text-align: justify;\"><span style=\"font-weight: 400;\">Lo que incluye tu pedida de mano en Tenerife con una cena privada en la playa:<\/span><\/h3>\n<ul style=\"text-align: justify;\">\n<li><b><span style=\"font-weight: 400;\">Fot\u00f3grafo<\/span><\/b><\/li>\n<li><span style=\"font-weight: 400;\">Cena para 2\u00a0<\/span><\/li>\n<li><span style=\"font-weight: 400;\">Cava<\/span><\/li>\n<li><span style=\"font-weight: 400;\">Alquiler del espacio<\/span><\/li>\n<li><b><span style=\"font-weight: 400;\">Organizaci\u00f3n y planificaci\u00f3n de la pedida de mano<\/span><\/b><\/li>\n<\/ul>\n<p style=\"text-align: justify;\"><b>Precio: a consultar<\/b><\/p>\n<h3 style=\"text-align: justify;\"><span style=\"font-weight: 400;\">Se puede a\u00f1adir:<\/span><\/h3>\n<ul style=\"text-align: justify;\">\n<li style=\"font-weight: 400;\"><span style=\"font-weight: 400;\">V\u00eddeo (consultar precio)<\/span><\/li>\n<li style=\"font-weight: 400;\"><span style=\"font-weight: 400;\">M\u00fasica en directo (consultar precio)<\/span><\/li>\n<li style=\"font-weight: 400;\"><span style=\"font-weight: 400;\">Ramo de flores (consultar precio)<\/span><\/li>\n<li style=\"font-weight: 400;\"><span style=\"font-weight: 400;\">Arco con flores (consultar precio)<\/span><\/li>\n<li style=\"font-weight: 400;\"><span style=\"font-weight: 400;\">Letras \u201cMarry me\u201d (consultar precio)<\/span><\/li>\n<li style=\"font-weight: 400;\"><span style=\"font-weight: 400;\">Transporte (consultar precio)<\/span><\/li>\n<li style=\"font-weight: 400;\"><span style=\"font-weight: 400;\">\u00a1Configuralo como t\u00fa quieras!<\/span><\/li>\n<\/ul>\n<h3 style=\"text-align: justify;\"><span style=\"font-weight: 400;\">Facilidad de pago<\/span><\/h3>\n<p style=\"text-align: justify;\"><span style=\"font-weight: 400;\">\u00a1S\u00ed! Y es que no es necesario pagar \u00edntegramente el importe de la experiencia de tu pedida de mano en Tenerife con una cena privada en la playa. Simplemente es necesario reservar con un adelanto y el resto darla en el d\u00eda del evento.<\/span><\/p>\n<p style=\"text-align: justify;\"><span style=\"font-weight: 400;\">\u00a1Comodidad para ti!<\/span><\/p>\n<p style=\"text-align: justify;\"><span style=\"font-weight: 400;\">*Las tarifas no son reembolsables si el evento se cancela por cualquier motivo.<\/span><\/p>\n<p><\/p>","protected":false},"excerpt":{"rendered":"<p style=\"text-align: justify;\"><span style=\"font-weight: 400;\">Una pedida de mano en Tenerife con una cena privada en la playa, con planificaci\u00f3n completa, cena exclusiva para dos, fot\u00f3grafo profesional y decoraci\u00f3n especial para un momento rom\u00e1ntico e inolvidable. <strong>Precio: a consultar. Es necesario formalizar la reserva con un adelanto.<\/strong><\/span><\/p>\n","protected":false},"featured_media":47076,"comment_status":"closed","ping_status":"closed","template":"","meta":[],"class_list":["post-47003","product","type-product","status-publish","has-post-thumbnail","hentry","product_cat-marriage-proposal-packages","product_tag-marriage-proposal-tenerife","product_tag-marry-me-tenerife","product_tag-pedda-de-mano-tenerife"],"_links":{"self":[{"href":"https:\/\/perfectvenue.es\/es\/wp-json\/wp\/v2\/product\/47003","targetHints":{"allow":["GET"]}}],"collection":[{"href":"https:\/\/perfectvenue.es\/es\/wp-json\/wp\/v2\/product"}],"about":[{"href":"https:\/\/perfectvenue.es\/es\/wp-json\/wp\/v2\/types\/product"}],"replies":[{"embeddable":true,"href":"https:\/\/perfectvenue.es\/es\/wp-json\/wp\/v2\/comments?post=47003"}],"wp:featuredmedia":[{"embeddable":true,"href":"https:\/\/perfectvenue.es\/es\/wp-json\/wp\/v2\/media\/47076"}],"wp:attachment":[{"href":"https:\/\/perfectvenue.es\/es\/wp-json\/wp\/v2\/media?parent=47003"}],"curies":[{"name":"wp","href":"https:\/\/api.w.org\/{rel}","templated":true}]}}