{"id":47000,"date":"2025-02-24T17:30:03","date_gmt":"2025-02-24T14:30:03","guid":{"rendered":"https:\/\/perfectvenue.es\/?post_type=product&#038;p=47000"},"modified":"2026-02-16T22:36:59","modified_gmt":"2026-02-16T19:36:59","slug":"marriage-proposal-in-valencia-at-a-luxury-spa","status":"publish","type":"product","link":"https:\/\/perfectvenue.es\/es\/product\/marriage-proposal-in-valencia-at-a-luxury-spa\/","title":{"rendered":"Pedida de mano en Valencia en un spa de lujo"},"content":{"rendered":"<p><\/p>\n<p style=\"text-align: justify;\"><span style=\"font-weight: 400;\">La pedida de mano en Valencia en un spa de lujo es una experiencia exclusiva y llena de romance, ideal para quienes buscan relajarse y sorprender a su ser querido de una forma \u00fanica. Disfrutar\u00e9is de un circuito privado de spa, rodeados de una atm\u00f3sfera de tranquilidad y bienestar, acompa\u00f1ados de cava y chocolates. Tras un rato de relajaci\u00f3n, ser\u00e1 el momento perfecto para hacer la gran pregunta y comenzar un nuevo cap\u00edtulo en vuestra historia de amor.<\/span><\/p>\n<p style=\"text-align: justify;\"><span style=\"font-weight: 400;\">Puedes elegir entre tres opciones:<\/span><\/p>\n<ul style=\"text-align: justify;\">\n<li style=\"font-weight: 400;\"><b>Opci\u00f3n 1: Cofre Secreto de Oriente<\/b><b><br \/>\n<\/b><span style=\"font-weight: 400;\">Experimenta un circuito privado de spa de 60 minutos, acompa\u00f1ado de cava y chocolates. Luego, disfruta de un masaje relajante con t\u00e9cnicas orientales y esencias de Oud o \u00c1mbar durante 55 minutos.<\/span><span style=\"font-weight: 400;\"><br \/>\n<\/span><b>Tiempo<\/b><span style=\"font-weight: 400;\">: 2 horas<\/span><span style=\"font-weight: 400;\"><br \/>\n<\/span><b>Precio<\/b><span style=\"font-weight: 400;\">: 310\u20ac<\/span><\/li>\n<li style=\"font-weight: 400;\"><b>Opci\u00f3n 2: Cofre Momento Especial<\/b><b><br \/>\n<\/b><span style=\"font-weight: 400;\">Rel\u00e1jate en un circuito privado de spa de 60 minutos con cava y chocolates, seguido de un masaje completo de 45 minutos.<\/span><span style=\"font-weight: 400;\"><br \/>\n<\/span><b>Tiempo<\/b><span style=\"font-weight: 400;\">: 1:45 horas<\/span><span style=\"font-weight: 400;\"><br \/>\n<\/span><b>Precio<\/b><span style=\"font-weight: 400;\">: 295\u20ac<\/span><\/li>\n<li style=\"font-weight: 400;\"><b>Opci\u00f3n 3: Retiro al Para\u00edso<\/b><b><br \/>\n<\/b><span style=\"font-weight: 400;\">Disfruta de un circuito privado de spa de 60 minutos con tu pareja, acompa\u00f1ado de cava y chocolates, y luego vive un ritual oriental que incluye exfoliaci\u00f3n corporal, masaje en el cuero cabelludo, masaje hidratante y tratamiento facial.<\/span><span style=\"font-weight: 400;\"><br \/>\n<\/span><b>Tiempo<\/b><span style=\"font-weight: 400;\">: 3 horas<\/span><span style=\"font-weight: 400;\"><br \/>\n<\/span><b>Precio<\/b><span style=\"font-weight: 400;\">: 400\u20ac<\/span><\/li>\n<\/ul>\n<p style=\"text-align: justify;\"><span style=\"font-weight: 400;\">Cada opci\u00f3n est\u00e1 pensada para ofrecerte una experiencia inolvidable, llena de relajaci\u00f3n, sensaciones y, por supuesto, un toque rom\u00e1ntico para que tu pedida de mano en Valencia en un spa de lujo sea a\u00fan m\u00e1s especial.<\/span><\/p>\n<h3 style=\"text-align: justify;\"><span style=\"font-weight: 400;\">Lo que incluye tu pedida de mano en Valencia en un spa de lujo:<\/span><\/h3>\n<ul style=\"text-align: justify;\">\n<li><b><span style=\"font-weight: 400;\">Circuito privado de spa de 60 minutos<\/span><\/b><\/li>\n<li><b><span style=\"font-weight: 400;\">Masaje<\/span><\/b><\/li>\n<li><span style=\"font-weight: 400;\">Cava y chocolates<\/span><\/li>\n<li><b><span style=\"font-weight: 400;\">Organizaci\u00f3n y planificaci\u00f3n de la pedida de mano<\/span><\/b><\/li>\n<\/ul>\n<h3 style=\"text-align: justify;\"><span style=\"font-weight: 400;\">Se puede a\u00f1adir:<\/span><\/h3>\n<ul style=\"text-align: justify;\">\n<li style=\"font-weight: 400;\"><span style=\"font-weight: 400;\">Fot\u00f3grafo (consultar precio)<\/span><\/li>\n<li style=\"font-weight: 400;\"><span style=\"font-weight: 400;\">V\u00eddeo (consultar precio)<\/span><\/li>\n<li style=\"font-weight: 400;\"><span style=\"font-weight: 400;\">Ramo de flores (consultar precio)<\/span><\/li>\n<li style=\"font-weight: 400;\"><span style=\"font-weight: 400;\">Letras \u201cMarry me\u201d (consultar precio)<\/span><\/li>\n<li style=\"font-weight: 400;\"><span style=\"font-weight: 400;\">Transporte (consultar precio)<\/span><\/li>\n<li style=\"font-weight: 400;\"><span style=\"font-weight: 400;\">\u00a1Configuralo como t\u00fa quieras!<\/span><\/li>\n<\/ul>\n<h3 style=\"text-align: justify;\"><span style=\"font-weight: 400;\">Facilidad de pago<\/span><\/h3>\n<p style=\"text-align: justify;\"><span style=\"font-weight: 400;\">\u00a1S\u00ed! Y es que no es necesario pagar \u00edntegramente el importe de la experiencia de tu pedida de mano en Valencia en un spa de lujo. Simplemente es necesario reservar con un adelanto y el resto darla en el d\u00eda del evento.<\/span><\/p>\n<p style=\"text-align: justify;\"><span style=\"font-weight: 400;\">\u00a1Comodidad para ti!<\/span><\/p>\n<p style=\"text-align: justify;\"><span style=\"font-weight: 400;\">*Las tarifas no son reembolsables si el evento se cancela por cualquier motivo.<\/span><\/p>\n<p><\/p>","protected":false},"excerpt":{"rendered":"<p style=\"text-align: justify;\"><span style=\"font-weight: 400;\">Una pedida de mano en Valencia en un spa de lujo, con opciones de circuito privado, cava, chocolates y masajes relajantes, para sorprender a tu pareja en un ambiente exclusivo y rom\u00e1ntico. <strong>Precio: 295\u20ac. Es necesario formalizar la reserva con un adelanto.<\/strong><\/span><\/p>\n","protected":false},"featured_media":47064,"comment_status":"closed","ping_status":"closed","template":"","meta":[],"class_list":["post-47000","product","type-product","status-publish","has-post-thumbnail","hentry","product_cat-marriage-proposal-packages","product_tag-luxury-spa-valencia","product_tag-valencia-proposal"],"_links":{"self":[{"href":"https:\/\/perfectvenue.es\/es\/wp-json\/wp\/v2\/product\/47000","targetHints":{"allow":["GET"]}}],"collection":[{"href":"https:\/\/perfectvenue.es\/es\/wp-json\/wp\/v2\/product"}],"about":[{"href":"https:\/\/perfectvenue.es\/es\/wp-json\/wp\/v2\/types\/product"}],"replies":[{"embeddable":true,"href":"https:\/\/perfectvenue.es\/es\/wp-json\/wp\/v2\/comments?post=47000"}],"wp:featuredmedia":[{"embeddable":true,"href":"https:\/\/perfectvenue.es\/es\/wp-json\/wp\/v2\/media\/47064"}],"wp:attachment":[{"href":"https:\/\/perfectvenue.es\/es\/wp-json\/wp\/v2\/media?parent=47000"}],"curies":[{"name":"wp","href":"https:\/\/api.w.org\/{rel}","templated":true}]}}