{"id":46998,"date":"2026-02-16T19:19:56","date_gmt":"2026-02-16T16:19:56","guid":{"rendered":"https:\/\/perfectvenue.es\/?post_type=product&#038;p=46998"},"modified":"2026-02-16T21:12:32","modified_gmt":"2026-02-16T18:12:32","slug":"marriage-proposal-in-valencia-in-an-underwater-restaurant","status":"publish","type":"product","link":"https:\/\/perfectvenue.es\/es\/product\/marriage-proposal-in-valencia-in-an-underwater-restaurant\/","title":{"rendered":"Pedida de mano en Valencia en un restaurante submarino"},"content":{"rendered":"<p><\/p>\n<p style=\"text-align: justify;\"><span style=\"font-weight: 400;\">La pedida de mano en Valencia en un restaurante submarino es una experiencia \u00fanica que se lleva a cabo dentro del famoso Oceanogr\u00e1fic, donde podr\u00e1s sorprender a tu ser querido con una propuesta de matrimonio mientras disfrutas de una cena rodeado de la vida marina.\u00a0<\/span><\/p>\n<p style=\"text-align: justify;\"><span style=\"font-weight: 400;\">En este restaurante bajo el agua, tendr\u00e1s la oportunidad de pedirle matrimonio con la ayuda de buzos, quienes pueden llevar un cartel especial con la gran pregunta, mientras t\u00fa y tu pareja admir\u00e1is los coloridos peces y las criaturas marinas a trav\u00e9s de las paredes acristaladas.<\/span><\/p>\n<p style=\"text-align: justify;\"><span style=\"font-weight: 400;\">La experiencia incluye la presencia de un fot\u00f3grafo profesional para capturar cada momento emocionante de esta pedida de mano en Valencia en un restaurante submarino. Tambi\u00e9n nos encargamos de toda la planificaci\u00f3n, para que solo te preocupes de disfrutar del momento y sorprender a tu pareja de la forma m\u00e1s especial posible.<\/span><\/p>\n<p style=\"text-align: justify;\"><span style=\"font-weight: 400;\">Desde la organizaci\u00f3n hasta los detalles finales, garantizamos que este d\u00eda sea un recuerdo inolvidable, rodeado de magia, naturaleza y un toque de aventura.<\/span><\/p>\n<h3 style=\"text-align: justify;\"><span style=\"font-weight: 400;\">Lo que incluye tu pedida de mano en Valencia en un restaurante submarino:<\/span><\/h3>\n<ul style=\"text-align: justify;\">\n<li><b><span style=\"font-weight: 400;\">Fot\u00f3grafo<\/span><\/b><\/li>\n<li><span style=\"font-weight: 400;\">Buzos<\/span><\/li>\n<li><span style=\"font-weight: 400;\">Cartel con la gran pregunta<\/span><\/li>\n<li><b><span style=\"font-weight: 400;\">Organizaci\u00f3n y planificaci\u00f3n de la pedida de mano<\/span><\/b><\/li>\n<\/ul>\n<p><span style=\"font-weight: 400;\"><strong>Precio: desde 1750\u20ac + IVA<\/strong><\/span><\/p>\n<h3 style=\"text-align: justify;\"><span style=\"font-weight: 400;\">Se puede a\u00f1adir:<\/span><\/h3>\n<ul style=\"text-align: justify;\">\n<li style=\"font-weight: 400;\"><span style=\"font-weight: 400;\">V\u00eddeo (consultar precio)<\/span><\/li>\n<li style=\"font-weight: 400;\"><span style=\"font-weight: 400;\">M\u00fasica en directo (consultar precio)<\/span><\/li>\n<li style=\"font-weight: 400;\"><span style=\"font-weight: 400;\">Ramo de flores (consultar precio)<\/span><\/li>\n<li style=\"font-weight: 400;\"><span style=\"font-weight: 400;\">Transporte (consultar precio)<\/span><\/li>\n<li style=\"font-weight: 400;\"><span style=\"font-weight: 400;\">\u00a1Configuralo como t\u00fa quieras!<\/span><\/li>\n<\/ul>\n<h3 style=\"text-align: justify;\"><span style=\"font-weight: 400;\">Facilidad de pago<\/span><\/h3>\n<p style=\"text-align: justify;\"><span style=\"font-weight: 400;\">\u00a1S\u00ed! Y es que no es necesario pagar \u00edntegramente el importe de la experiencia de tu pedida de mano en Valencia en un restaurante submarino. Simplemente es necesario reservar con un adelanto y el resto darla en el d\u00eda del evento.<\/span><\/p>\n<p style=\"text-align: justify;\"><span style=\"font-weight: 400;\">\u00a1Comodidad para ti!<\/span><\/p>\n<p style=\"text-align: justify;\"><span style=\"font-weight: 400;\">*Las tarifas no son reembolsables si el evento se cancela por cualquier motivo.<\/span><\/p>\n<p><\/p>","protected":false},"excerpt":{"rendered":"<p style=\"text-align: justify;\"><span style=\"font-weight: 400;\">Una pedida de mano en Valencia en un restaurante submarino, con buzos, cartel, fot\u00f3grafo y planificaci\u00f3n completa para una propuesta de matrimonio inolvidable bajo el agua. <strong>Precio: desde 1750\u20ac + IVA. Es necesario formalizar la reserva con un adelanto.<\/strong><\/span><\/p>\n","protected":false},"featured_media":47066,"comment_status":"closed","ping_status":"closed","template":"","meta":[],"class_list":["post-46998","product","type-product","status-publish","has-post-thumbnail","hentry","product_cat-marriage-proposal-packages","product_tag-pedida-de-mano-en-valencia","product_tag-pedida-de-mano-en-valencia-en-un-restaurante-submarino","product_tag-pedida-de-mano-en-valencia-en-un-restaurante-submarino-2026"],"_links":{"self":[{"href":"https:\/\/perfectvenue.es\/es\/wp-json\/wp\/v2\/product\/46998","targetHints":{"allow":["GET"]}}],"collection":[{"href":"https:\/\/perfectvenue.es\/es\/wp-json\/wp\/v2\/product"}],"about":[{"href":"https:\/\/perfectvenue.es\/es\/wp-json\/wp\/v2\/types\/product"}],"replies":[{"embeddable":true,"href":"https:\/\/perfectvenue.es\/es\/wp-json\/wp\/v2\/comments?post=46998"}],"wp:featuredmedia":[{"embeddable":true,"href":"https:\/\/perfectvenue.es\/es\/wp-json\/wp\/v2\/media\/47066"}],"wp:attachment":[{"href":"https:\/\/perfectvenue.es\/es\/wp-json\/wp\/v2\/media?parent=46998"}],"curies":[{"name":"wp","href":"https:\/\/api.w.org\/{rel}","templated":true}]}}