{"id":46993,"date":"2025-02-24T17:28:22","date_gmt":"2025-02-24T14:28:22","guid":{"rendered":"https:\/\/perfectvenue.es\/?post_type=product&#038;p=46993"},"modified":"2025-06-25T16:21:47","modified_gmt":"2025-06-25T13:21:47","slug":"marriage-proposal-in-valencia-in-a-hotel-room","status":"publish","type":"product","link":"https:\/\/perfectvenue.es\/es\/product\/marriage-proposal-in-valencia-in-a-hotel-room\/","title":{"rendered":"Pedida de mano en Valencia en una habitaci\u00f3n de hotel"},"content":{"rendered":"<p><\/p>\n<p style=\"text-align: justify;\"><span style=\"font-weight: 400;\">Una pedida de mano en Valencia en una habitaci\u00f3n de hotel es el plan perfecto para quienes buscan un ambiente \u00edntimo y lleno de romanticismo. Imagina un espacio privado decorado con p\u00e9talos de rosa, flores frescas y letras que expresan lo que sientes, creando un ambiente \u00fanico y especial para ese momento tan importante. Al caer la noche, la luz suave de las velas y la calidez del entorno har\u00e1n que la ocasi\u00f3n sea a\u00fan m\u00e1s m\u00e1gica.<\/span><\/p>\n<p style=\"text-align: justify;\"><span style=\"font-weight: 400;\">La experiencia incluye la planificaci\u00f3n completa de la pedida de mano, con una cuidada decoraci\u00f3n de flores, un ramo espectacular y un ambiente relajado y elegante. Adem\u00e1s, un fot\u00f3grafo profesional estar\u00e1 presente para capturar cada momento, desde la emoci\u00f3n del \u201cs\u00ed\u201d hasta la felicidad de compartir este gran paso juntos. Las fotos servir\u00e1n de hermoso recordatorio de un d\u00eda tan especial.<\/span><\/p>\n<p style=\"text-align: justify;\"><span style=\"font-weight: 400;\">Nos encargamos de todo: desde la organizaci\u00f3n de la pedida hasta los detalles como la decoraci\u00f3n, el ramo de flores, y el ambiente perfecto para que pod\u00e1is disfrutar de un momento inolvidable. La pedida de mano en Valencia en una habitaci\u00f3n de hotel ser\u00e1 una experiencia \u00fanica, llena de magia y amor, en la que solo tendr\u00e9is que preocuparos de disfrutar de cada segundo de este nuevo comienzo.<\/span><\/p>\n<h3 style=\"text-align: justify;\"><span style=\"font-weight: 400;\">Lo que incluye tu pedida de mano en Valencia en una habitaci\u00f3n de hotel:<\/span><\/h3>\n<ul style=\"text-align: justify;\">\n<li><b><span style=\"font-weight: 400;\">Fot\u00f3grafo<\/span><\/b><\/li>\n<li><span style=\"font-weight: 400;\">P\u00e9talos de rosa<\/span><\/li>\n<li><span style=\"font-weight: 400;\">Decoraci\u00f3n con letras<\/span><\/li>\n<li><span style=\"font-weight: 400;\">Ramo de flores<\/span><\/li>\n<li><b><span style=\"font-weight: 400;\">Organizaci\u00f3n y planificaci\u00f3n de la pedida de mano<\/span><\/b><\/li>\n<\/ul>\n<ul style=\"text-align: justify;\">\n<li style=\"list-style-type: none;\"><\/li>\n<\/ul>\n<p style=\"text-align: justify;\"><b>Precio: 480\u20ac<\/b><\/p>\n<h3 style=\"text-align: justify;\"><span style=\"font-weight: 400;\">Se puede a\u00f1adir:<\/span><\/h3>\n<ul style=\"text-align: justify;\">\n<li style=\"font-weight: 400;\"><span style=\"font-weight: 400;\">V\u00eddeo (consultar precio)<\/span><\/li>\n<li style=\"font-weight: 400;\"><span style=\"font-weight: 400;\">M\u00fasica en directo (consultar precio)<\/span><\/li>\n<li style=\"font-weight: 400;\"><span style=\"font-weight: 400;\">Transporte (consultar precio)<\/span><\/li>\n<li style=\"font-weight: 400;\"><span style=\"font-weight: 400;\">\u00a1Configuralo como t\u00fa quieras!<\/span><\/li>\n<\/ul>\n<h3 style=\"text-align: justify;\"><span style=\"font-weight: 400;\">Facilidad de pago<\/span><\/h3>\n<p style=\"text-align: justify;\"><span style=\"font-weight: 400;\">\u00a1S\u00ed! Y es que no es necesario pagar \u00edntegramente el importe de la experiencia de tu pedida de mano en Valencia en una habitaci\u00f3n de hotel. Simplemente es necesario reservar con un adelanto y el resto darla en el d\u00eda del evento.<\/span><\/p>\n<p style=\"text-align: justify;\"><span style=\"font-weight: 400;\">\u00a1Comodidad para ti!<\/span><\/p>\n<p style=\"text-align: justify;\"><span style=\"font-weight: 400;\">*Las tarifas no son reembolsables si el evento se cancela por cualquier motivo.<\/span><\/p>\n<p><\/p>","protected":false},"excerpt":{"rendered":"<p style=\"text-align: justify;\"><span style=\"font-weight: 400;\">Una pedida de mano en Valencia en una habitaci\u00f3n de hotel exclusiva, con decoraci\u00f3n rom\u00e1ntica, p\u00e9talos de rosa, ramo de flores, fot\u00f3grafo y planificaci\u00f3n completa para un momento inolvidable. <strong>Precio: 480\u20ac. Dep\u00f3sito es de 280\u20ac y el resto puedes pagar el d\u00eda de pedida de mano<\/strong><\/span><\/p>\n","protected":false},"featured_media":47074,"comment_status":"closed","ping_status":"closed","template":"","meta":[],"class_list":["post-46993","product","type-product","status-publish","has-post-thumbnail","hentry","product_cat-marriage-proposal-packages","product_tag-valencia-hotel-proposal","product_tag-valencia-proposal"],"_links":{"self":[{"href":"https:\/\/perfectvenue.es\/es\/wp-json\/wp\/v2\/product\/46993","targetHints":{"allow":["GET"]}}],"collection":[{"href":"https:\/\/perfectvenue.es\/es\/wp-json\/wp\/v2\/product"}],"about":[{"href":"https:\/\/perfectvenue.es\/es\/wp-json\/wp\/v2\/types\/product"}],"replies":[{"embeddable":true,"href":"https:\/\/perfectvenue.es\/es\/wp-json\/wp\/v2\/comments?post=46993"}],"wp:featuredmedia":[{"embeddable":true,"href":"https:\/\/perfectvenue.es\/es\/wp-json\/wp\/v2\/media\/47074"}],"wp:attachment":[{"href":"https:\/\/perfectvenue.es\/es\/wp-json\/wp\/v2\/media?parent=46993"}],"curies":[{"name":"wp","href":"https:\/\/api.w.org\/{rel}","templated":true}]}}