{"id":46412,"date":"2020-11-26T09:01:39","date_gmt":"2020-11-26T06:01:39","guid":{"rendered":"http:\/\/perfectvenue.es\/?post_type=product&#038;p=46412"},"modified":"2026-04-06T17:33:38","modified_gmt":"2026-04-06T14:33:38","slug":"taller-de-adornos-navidenos-de-ceramica","status":"publish","type":"product","link":"https:\/\/perfectvenue.es\/es\/product\/taller-de-adornos-navidenos-de-ceramica\/","title":{"rendered":"Taller de adornos navide\u00f1os de cer\u00e1mica en familia: \u00a1comparte momentos m\u00e1gicos esta Navidad!"},"content":{"rendered":"<p><\/p>\n<p style=\"text-align: justify;\"><span style=\"font-weight: 400;\">La Navidad es el momento perfecto para compartir en familia y dejar volar la imaginaci\u00f3n creando algo especial. Este taller de adornos navide\u00f1os de cer\u00e1mica en familia es la actividad ideal para disfrutar juntos mientras dise\u00f1an piezas \u00fanicas que llenar\u00e1n de magia su hogar.<\/span><\/p>\n<p style=\"text-align: justify;\"><span style=\"font-weight: 400;\">En este taller, <\/span><b>aprender\u00e1n t\u00e9cnicas sencillas y creativas para moldear, pintar y decorar adornos de cer\u00e1mica que ser\u00e1n el centro de atenci\u00f3n en su \u00e1rbol o en cualquier rinc\u00f3n navide\u00f1o.<\/b><span style=\"font-weight: 400;\"> Lo mejor de todo es que cada miembro de la familia podr\u00e1 aportar su toque personal, haciendo de cada pieza un recuerdo inolvidable.<\/span><\/p>\n<p style=\"text-align: justify;\"><span style=\"font-weight: 400;\">Estrellas, angelitos, arbolitos y todo lo que imagin\u00e9is. <\/span><b>Podr\u00e9is realizar hasta 10 piezas por familia y nosotros nos encargaremos del horneado,<\/b><span style=\"font-weight: 400;\"> \u00a1y en pocos d\u00edas estar\u00e1n listas para colgar en vuestro \u00e1rbol de Navidad!<\/span><\/p>\n<p style=\"text-align: justify;\"><span style=\"font-weight: 400;\">El taller de adornos navide\u00f1os de cer\u00e1mica en familia no solo es una experiencia creativa, sino tambi\u00e9n una oportunidad para pasar tiempo de calidad, re\u00edr, aprender y fortalecer la uni\u00f3n entre todos. \u00a1No se pierdan esta maravillosa actividad y lleven a casa peque\u00f1as obras de arte hechas con amor!<\/span><\/p>\n<p style=\"text-align: justify;\"><span style=\"font-weight: 400;\">\u00a1No te lo pierdas y crea algo m\u00e1gico esta Navidad pasando tiempo en familia!\u00a0<\/span><\/p>\n<h3 style=\"text-align: justify;\">\u00bfA qui\u00e9n va dirigido el taller de adornos navide\u00f1os de cer\u00e1mica?<\/h3>\n<p style=\"text-align: justify;\"><span style=\"font-weight: 400;\">El taller de adornos navide\u00f1os de cer\u00e1mica est\u00e1 dirigido a familias que deseen compartir una actividad creativa y divertida durante la temporada navide\u00f1a. <\/span><b>Es perfecto para personas de todas las edades, desde ni\u00f1os a partir de 5 a\u00f1os con curiosidad por aprender hasta adultos que quieran explorar su lado art\u00edstico.\u00a0<\/b><\/p>\n<p style=\"text-align: justify;\"><span style=\"font-weight: 400;\">No se requiere experiencia previa, solo ganas de disfrutar en compa\u00f1\u00eda de tus seres queridos y crear adornos \u00fanicos que llenen tu hogar de esp\u00edritu navide\u00f1o. \u00a1Ideal para quienes buscan pasar tiempo de calidad y llevarse a casa recuerdos hechos a mano!<\/span><\/p>\n<p style=\"text-align: justify;\"><span style=\"font-weight: 400;\">Tambi\u00e9n est\u00e1 dirigido a quienes quieran disfrutar de una experiencia diferente, ya sea para celebrar un cumplea\u00f1os, organizar una reuni\u00f3n navide\u00f1a con familiares o compartir un momento especial con seres queridos mientras aprenden algo nuevo.<\/span><\/p>\n<h3 style=\"text-align: justify;\">Grupos peque\u00f1os, privados y atenci\u00f3n personalizada<\/h3>\n<p style=\"text-align: justify;\"><span style=\"font-weight: 400;\">En nuestro taller de adornos navide\u00f1os de cer\u00e1mica, priorizamos la calidad y el disfrute de cada participante. Por ello, trabajamos con grupos peque\u00f1os para asegurarnos de que todos reciban el apoyo y la gu\u00eda necesarios para aprovechar al m\u00e1ximo esta experiencia creativa. <strong>Se requiere un m\u00ednimo de 10 personas.<\/strong><\/span><\/p>\n<p style=\"text-align: justify;\"><span style=\"font-weight: 400;\">Puedes unirte a un grupo abierto con otros participantes o, si buscas algo m\u00e1s personalizado, organizar un taller privado. <\/span><b>Si sois m\u00e1s de 6 personas, adaptamos la actividad a la fecha y hora que mejor se acomoden a vuestro plan, ya sea para una reuni\u00f3n familiar o con amigos.<\/b><\/p>\n<p style=\"text-align: justify;\"><span style=\"font-weight: 400;\">Con plazas limitadas, garantizamos una atenci\u00f3n exclusiva para resolver todas tus dudas y compartir consejos pr\u00e1cticos. Nuestro equipo estar\u00e1 contigo en cada paso, ayud\u00e1ndote a crear adornos \u00fanicos que llenen de magia tu Navidad.<\/span><\/p>\n<h3 style=\"text-align: justify;\">\u00bfQu\u00e9 est\u00e1 incluido en el taller de adornos navide\u00f1os de cer\u00e1mica?<\/h3>\n<ul style=\"text-align: justify;\">\n<li><b>Material completo para tus adornos:<\/b><span style=\"font-weight: 400;\"> Contar\u00e1s con arcilla, herramientas de modelado, pinturas, barnices y accesorios decorativos como cintas o cordones.<\/span><\/li>\n<li><b>Asesoramiento personalizado:<\/b><span style=\"font-weight: 400;\"> Aprender\u00e1s t\u00e9cnicas para moldear, decorar y dar acabados profesionales a tus creaciones con la gu\u00eda de nuestro experto.<\/span><\/li>\n<li><b>Creaci\u00f3n de tus propios adornos:<\/b><span style=\"font-weight: 400;\"> Dise\u00f1ar\u00e1s y elaborar\u00e1s tus piezas de cer\u00e1mica \u00fanicas, que podr\u00e1s llevar a casa al finalizar el taller.<\/span><\/li>\n<li><b>Gu\u00eda paso a paso:<\/b><span style=\"font-weight: 400;\"> Te acompa\u00f1aremos durante todo el proceso, asegur\u00e1ndonos de que disfrutes y saques el m\u00e1ximo provecho de la experiencia.<\/span><\/li>\n<li><b>Ambiente festivo y creativo:<\/b><span style=\"font-weight: 400;\"> Un espacio acogedor con m\u00fasica navide\u00f1a, inspiraci\u00f3n y todo lo necesario para sumergirte en el esp\u00edritu de la temporada.<\/span><\/li>\n<li><b>Horneado de las figuras<\/b><span style=\"font-weight: 400;\">, que estar\u00e1n listas para ser recogidas a los pocos d\u00edas de la actividad.<\/span><b><\/b><\/li>\n<li><b>Copa de cava o zumo para los m\u00e1s peque\u00f1os<\/b><b><\/b><\/li>\n<li><b>Foto de recuerdo<\/b><\/li>\n<\/ul>\n<h3 style=\"text-align: justify;\">Duraci\u00f3n y ubicaci\u00f3n<\/h3>\n<p style=\"text-align: justify;\"><span style=\"font-weight: 400;\">El taller de decoraci\u00f3n de centro de mesa navide\u00f1o tiene una duraci\u00f3n aproximada de <\/span><b>2 horas<\/b><span style=\"font-weight: 400;\">, el tiempo perfecto para sumergirte en el mundo de la decoraci\u00f3n navide\u00f1a y salir con tu propia creaci\u00f3n lista para deslumbrar en tus fiestas.<\/span><\/p>\n<p style=\"text-align: justify;\"><span style=\"font-weight: 400;\">En cuanto a la ubicaci\u00f3n, nos encontramos en la vibrante ciudad de Madrid, en nuestras acogedoras oficinas<\/span><b> en Las Rozas de Madrid, espec\u00edficamente en Calle de Teruel<\/b><span style=\"font-weight: 400;\">, n\u00famero 3. Es un lugar de f\u00e1cil acceso, a tan solo 5 minutos de la parada de Renfe y a 2 minutos de las paradas de bus 622 y 621, por lo que llegar es muy sencillo.<\/span><\/p>\n<p style=\"text-align: justify;\"><b>Antes de reservar, no dudes en consultarnos<\/b><span style=\"font-weight: 400;\"> y contarnos qu\u00e9 prefieres, para que podamos adaptarnos a tus necesidades y hacer de tu taller una experiencia a\u00fan m\u00e1s especial.\u00a0<\/span><\/p>\n<h3 style=\"text-align: justify;\">\u00a1Celebramos el fin del taller de adornos navide\u00f1os de cer\u00e1mica!<\/h3>\n<p style=\"text-align: justify;\"><span style=\"font-weight: 400;\">\u00a1Qu\u00e9 mejor manera de terminar nuestro emocionante taller que con una celebraci\u00f3n para recordar!<\/span><\/p>\n<p style=\"text-align: justify;\"><span style=\"font-weight: 400;\">Una vez que hemos concluido nuestra maravillosa sesi\u00f3n de decoraci\u00f3n, es hora de brindar y compartir nuestras experiencias, por ello <\/span><b>abriremos y brindaremos con una botella de cava y zumo en el caso de los m\u00e1s peque\u00f1os. <\/b><span style=\"font-weight: 400;\">\u00a1Es la forma perfecta de celebrar el \u00e9xito del curso y todos los aprendizajes compartidos!<\/span><\/p>\n<p style=\"text-align: justify;\"><span style=\"font-weight: 400;\">Durante este momento especial, nos encanta compartir ideas, comentarios y reflexiones sobre lo que hemos aprendido juntos.\u00a0<\/span><\/p>\n<h3 style=\"text-align: justify;\">Lo que debes tener en cuenta para el taller:<\/h3>\n<ul>\n<li><b><span style=\"font-weight: 400;\">Trae en mente cualquier pregunta o consulta sobre decoraci\u00f3n navide\u00f1a. Si tienes elementos decorativos en casa y no sabes c\u00f3mo utilizarlos, \u00a1este es el momento de aprender a sacarles el m\u00e1ximo provecho!<\/span><\/b><\/li>\n<li><b><span style=\"font-weight: 400;\">Te recomendamos llegar 5 minutos antes del horario establecido para comenzar a tiempo y disfrutar del taller sin prisas.<\/span><\/b><\/li>\n<li><b><span style=\"font-weight: 400;\">Para formalizar tu participaci\u00f3n, es necesario abonar una se\u00f1al previa. El resto del pago se realizar\u00e1 el mismo d\u00eda del taller.<\/span><\/b><\/li>\n<li><b><span style=\"font-weight: 400;\">Si planeas celebrar un cumplea\u00f1os, un reencuentro de amigas o una reuni\u00f3n familiar, podemos combinar el taller con una experiencia adicional como una sesi\u00f3n de fotos navide\u00f1a, una reserva en un restaurante, \u00a1y mucho m\u00e1s! No dudes en consultarnos para dise\u00f1ar una experiencia \u00fanica.<\/span><\/b><\/li>\n<\/ul>\n<h3 style=\"text-align: justify;\">\u00a1Reserva ya tu plaza!<\/h3>\n<p style=\"text-align: justify;\"><span style=\"font-weight: 400;\">\u00a1Son limitadas! As\u00ed que, marca ya la fecha en tu calendario y \u00fanete a nosotros para una experiencia inolvidable y m\u00e1gica.<\/span><\/p>\n<h3 style=\"text-align: justify;\">Y si quieres m\u00e1s informaci\u00f3n:<\/h3>\n<p style=\"text-align: justify;\"><span style=\"font-weight: 400;\">Llama o escribe:\u00a0\u00a0<\/span><\/p>\n<p style=\"text-align: justify;\"><span style=\"font-weight: 400;\">Tel. +34 645199875\u00a0<\/span><\/p>\n<p style=\"text-align: justify;\"><span style=\"font-weight: 400;\">Email: <\/span><a href=\"mailto:info@perfectvenue.es\"><span style=\"font-weight: 400;\">info@perfectvenue.es<\/span><\/a><\/p>\n<p style=\"text-align: justify;\"><span style=\"font-weight: 400;\">\u00a1Y no te pierdas nuestro <\/span><a href=\"http:\/\/perfectvenue.es\/product\/taller-de-decoracion-navidena\/\"><span style=\"font-weight: 400;\">taller de decoraci\u00f3n de corona navide\u00f1a, <\/span><\/a><a href=\"http:\/\/perfectvenue.es\/product\/christmas-cookie-decorating-workshop\/\"><span style=\"font-weight: 400;\">nuestro<\/span><span style=\"font-weight: 400;\"> taller de decoraci\u00f3n de cookies navide\u00f1as<\/span><\/a><span style=\"font-weight: 400;\">, nuestro <\/span><a href=\"http:\/\/perfectvenue.es\/product\/christmas-centerpiece-decoration-workshop\/\"><span style=\"font-weight: 400;\">taller de decoraci\u00f3n de centro de mesa navide\u00f1o<\/span><\/a><span style=\"font-weight: 400;\">, o nuestro <\/span><span style=\"font-weight: 400;\"><a href=\"https:\/\/perfectvenue.es\/es\/?post_type=product&amp;p=46419&amp;preview=true\">taller de velas navide\u00f1as en familia<\/a>!<\/span><\/p>\n<p><\/p>","protected":false},"excerpt":{"rendered":"<p style=\"text-align: justify;\">Este taller de adornos navide\u00f1os de cer\u00e1mica en familia es la oportunidad perfecta para crear juntos piezas \u00fanicas y personalizadas que llenar\u00e1n de magia su hogar durante la Navidad.<\/p>\n","protected":false},"featured_media":46414,"comment_status":"closed","ping_status":"closed","template":"","meta":[],"class_list":["post-46412","product","type-product","status-publish","has-post-thumbnail","hentry","product_cat-workshops","product_tag-ceramic-christmas-ornament-workshop","product_tag-workshop-in-madrid"],"_links":{"self":[{"href":"https:\/\/perfectvenue.es\/es\/wp-json\/wp\/v2\/product\/46412","targetHints":{"allow":["GET"]}}],"collection":[{"href":"https:\/\/perfectvenue.es\/es\/wp-json\/wp\/v2\/product"}],"about":[{"href":"https:\/\/perfectvenue.es\/es\/wp-json\/wp\/v2\/types\/product"}],"replies":[{"embeddable":true,"href":"https:\/\/perfectvenue.es\/es\/wp-json\/wp\/v2\/comments?post=46412"}],"wp:featuredmedia":[{"embeddable":true,"href":"https:\/\/perfectvenue.es\/es\/wp-json\/wp\/v2\/media\/46414"}],"wp:attachment":[{"href":"https:\/\/perfectvenue.es\/es\/wp-json\/wp\/v2\/media?parent=46412"}],"curies":[{"name":"wp","href":"https:\/\/api.w.org\/{rel}","templated":true}]}}