{"id":46375,"date":"2024-11-21T17:11:44","date_gmt":"2024-11-21T14:11:44","guid":{"rendered":"https:\/\/perfectvenue.es\/?post_type=product&#038;p=46375"},"modified":"2026-02-17T11:40:22","modified_gmt":"2026-02-17T08:40:22","slug":"marriage-proposal-in-valencia","status":"publish","type":"product","link":"https:\/\/perfectvenue.es\/es\/product\/marriage-proposal-in-valencia\/","title":{"rendered":"Pedida de mano en Valencia con picnic en la playa"},"content":{"rendered":"<p><\/p>\n<p style=\"text-align: justify;\"><span style=\"font-weight: 400;\">Las playas de Valencia son el escenario perfecto para una pedida de mano en Valencia con picnic en la playa, ofreciendo un entorno id\u00edlico con su fina arena dorada y el azul brillante del mar Mediterr\u00e1neo. Al caer la tarde, con el cielo te\u00f1ido de colores c\u00e1lidos por el atardecer, esta ser\u00e1 la ubicaci\u00f3n ideal para dar el siguiente paso en vuestra historia de amor, creando recuerdos imborrables.<\/span><\/p>\n<p style=\"text-align: justify;\"><span style=\"font-weight: 400;\">La experiencia incluye una cuidada selecci\u00f3n de delicatessen, como quesos artesanales, frutas frescas y frutos secos, pensados para deleitar los sentidos en un ambiente relajado y especial. Todo ello acompa\u00f1ado por un brindis con cava, celebrando el compromiso y los momentos vividos hasta ahora, mientras disfrut\u00e1is de la tranquilidad del mar y la brisa suave.<\/span><\/p>\n<p style=\"text-align: justify;\"><span style=\"font-weight: 400;\">Un fot\u00f3grafo profesional estar\u00e1 presente para capturar cada instante de esta pedida de mano en Valencia, desde la emoci\u00f3n del momento en que hagas la gran pregunta hasta la alegr\u00eda de la respuesta. Las fotos ser\u00e1n un hermoso recordatorio de este d\u00eda tan especial, y cada imagen podr\u00e1 revivir la emoci\u00f3n de este nuevo comienzo.<\/span><\/p>\n<p style=\"text-align: justify;\"><span style=\"font-weight: 400;\">Adem\u00e1s, la organizaci\u00f3n y coordinaci\u00f3n del evento estar\u00e1 completamente a cargo nuestro, garantizando que todo salga a la perfecci\u00f3n. No tendr\u00e9is que preocuparos de nada, ya que nos encargamos de todos los detalles: la comida, la decoraci\u00f3n, el entorno, y cada peque\u00f1o toque, creando una atm\u00f3sfera rom\u00e1ntica y \u00fanica que realzar\u00e1 a\u00fan m\u00e1s la belleza natural de la playa valenciana.<\/span><\/p>\n<p style=\"text-align: justify;\"><span style=\"font-weight: 400;\">Este ser\u00e1 un d\u00eda lleno de magia, naturaleza y amor, marcando el inicio de una nueva etapa en vuestra vida juntos, mientras disfrut\u00e1is de la serenidad y el encanto de Valencia en uno de los momentos m\u00e1s especiales de vuestra relaci\u00f3n.<\/span><\/p>\n<h3 style=\"text-align: justify;\"><span style=\"font-weight: 400;\">Lo que incluye tu pedida de mano en Valencia con picnic en la playa:<\/span><\/h3>\n<ul style=\"text-align: justify;\">\n<li><b><span style=\"font-weight: 400;\">Fot\u00f3grafo<\/span><\/b><\/li>\n<li><span style=\"font-weight: 400;\">Picnic (degustaci\u00f3n de quesos, frutos secos, frutas, etc.)<\/span><\/li>\n<li><span style=\"font-weight: 400;\">Cava<\/span><\/li>\n<li><span style=\"font-weight: 400;\">Decoraci\u00f3n b\u00e1sica (Almohadas\/cojines\/ sombrillas, mesa de picnic, platos y cubiertos)<\/span><b><\/b><\/li>\n<li><b><span style=\"font-weight: 400;\">Organizaci\u00f3n y planificaci\u00f3n de la pedida de mano<\/span><\/b><\/li>\n<\/ul>\n<p style=\"text-align: justify;\"><b>Precio: 1150\u20ac<\/b><\/p>\n<h3 style=\"text-align: justify;\"><span style=\"font-weight: 400;\">Se puede a\u00f1adir:<\/span><\/h3>\n<ul style=\"text-align: justify;\">\n<li style=\"font-weight: 400;\"><span style=\"font-weight: 400;\">V\u00eddeo (consultar precio)<\/span><\/li>\n<li style=\"font-weight: 400;\"><span style=\"font-weight: 400;\">M\u00fasica en directo (consultar precio)<\/span><\/li>\n<li style=\"font-weight: 400;\"><span style=\"font-weight: 400;\">Ramo de flores (consultar precio)<\/span><\/li>\n<li style=\"font-weight: 400;\"><span style=\"font-weight: 400;\">Arco con flores (consultar precio)<\/span><\/li>\n<li style=\"font-weight: 400;\"><span style=\"font-weight: 400;\">Letras \u201cMarry me\u201d (consultar precio)<\/span><\/li>\n<li style=\"font-weight: 400;\"><span style=\"font-weight: 400;\">Transporte (consultar precio)<\/span><\/li>\n<li style=\"font-weight: 400;\"><span style=\"font-weight: 400;\">\u00a1Configuralo como t\u00fa quieras!<\/span><\/li>\n<\/ul>\n<h3 style=\"text-align: justify;\"><span style=\"font-weight: 400;\">Facilidad de pago<\/span><\/h3>\n<p style=\"text-align: justify;\"><span style=\"font-weight: 400;\">\u00a1S\u00ed! Y es que no es necesario pagar \u00edntegramente el importe de la experiencia de tu pedida de mano en Valencia con picnic en la playa. Simplemente es necesario reservar con un adelanto y el resto darla en el d\u00eda del evento.<\/span><\/p>\n<p style=\"text-align: justify;\"><span style=\"font-weight: 400;\">\u00a1Comodidad para ti!<\/span><\/p>\n<p style=\"text-align: justify;\"><span style=\"font-weight: 400;\">*Las tarifas no son reembolsables si el evento se cancela por cualquier motivo.<\/span><\/p>\n<p><\/p>","protected":false},"excerpt":{"rendered":"<p style=\"text-align: justify;\"><span style=\"font-weight: 400;\">Una rom\u00e1ntica pedida de mano en Valencia con picnic en la playa, cava, fotograf\u00eda profesional y decoraci\u00f3n \u00edntima, todo cuidadosamente coordinado en la costa Mediterr\u00e1nea. <strong>Precio: 1150\u20ac. Es necesario formalizar la reserva con un adelanto.<\/strong><\/span><\/p>\n","protected":false},"featured_media":46386,"comment_status":"closed","ping_status":"closed","template":"","meta":[],"class_list":["post-46375","product","type-product","status-publish","has-post-thumbnail","hentry","product_cat-marriage-proposal-packages","product_tag-marriage-proposal-in-spain","product_tag-marriage-proposal-in-valencia","product_tag-pedida-de-mano-en-espana","product_tag-pedida-de-mano-en-valencia"],"_links":{"self":[{"href":"https:\/\/perfectvenue.es\/es\/wp-json\/wp\/v2\/product\/46375","targetHints":{"allow":["GET"]}}],"collection":[{"href":"https:\/\/perfectvenue.es\/es\/wp-json\/wp\/v2\/product"}],"about":[{"href":"https:\/\/perfectvenue.es\/es\/wp-json\/wp\/v2\/types\/product"}],"replies":[{"embeddable":true,"href":"https:\/\/perfectvenue.es\/es\/wp-json\/wp\/v2\/comments?post=46375"}],"wp:featuredmedia":[{"embeddable":true,"href":"https:\/\/perfectvenue.es\/es\/wp-json\/wp\/v2\/media\/46386"}],"wp:attachment":[{"href":"https:\/\/perfectvenue.es\/es\/wp-json\/wp\/v2\/media?parent=46375"}],"curies":[{"name":"wp","href":"https:\/\/api.w.org\/{rel}","templated":true}]}}