{"id":46313,"date":"2025-11-06T10:00:22","date_gmt":"2025-11-06T07:00:22","guid":{"rendered":"http:\/\/perfectvenue.es\/?post_type=product&#038;p=46313"},"modified":"2026-04-06T17:38:40","modified_gmt":"2026-04-06T14:38:40","slug":"christmas-cookie-decorating-workshop","status":"publish","type":"product","link":"https:\/\/perfectvenue.es\/es\/product\/christmas-cookie-decorating-workshop\/","title":{"rendered":"Taller de decoraci\u00f3n de cookies navide\u00f1as: \u00a1la magia de la Navidad para grandes y peque\u00f1os!"},"content":{"rendered":"<p><\/p>\n<p style=\"text-align: justify;\"><b>La Navidad es la \u00e9poca perfecta para disfrutar de momentos especiales en la cocina,<\/b><span style=\"font-weight: 400;\"> y este taller de decoraci\u00f3n de cookies navide\u00f1as est\u00e1 dise\u00f1ado <\/span><b>para que transformes simples galletas en verdaderas obras de arte.<\/b><span style=\"font-weight: 400;\">\u00a0<\/span><\/p>\n<p style=\"text-align: justify;\"><span style=\"font-weight: 400;\">De la mano de un experto en reposter\u00eda, <\/span><b>aprender\u00e1s t\u00e9cnicas pr\u00e1cticas y creativas para personalizar tus galletas con dise\u00f1os navide\u00f1os espectaculares. <\/b><span style=\"font-weight: 400;\">Desde los detalles m\u00e1s delicados hasta trucos para lograr acabados profesionales, cada paso estar\u00e1 lleno de inspiraci\u00f3n y sabor.<\/span><\/p>\n<p style=\"text-align: justify;\"><span style=\"font-weight: 400;\">En el taller descubrir\u00e1s c\u00f3mo crear glaseados perfectos, trabajar con manga pastelera para realizar dibujos detallados y usar elementos comestibles que dar\u00e1n vida a tus galletas. <\/span><b>Dise\u00f1aremos juntos copos de nieve, \u00e1rboles navide\u00f1os, estrellas y mucho m\u00e1s. Lo mejor es que al finalizar, te llevar\u00e1s tus propias galletas decoradas a casa, listas para regalar o compartir con tus seres queridos.<\/b><\/p>\n<p style=\"text-align: justify;\"><span style=\"font-weight: 400;\">Este taller de decoraci\u00f3n de cookies navide\u00f1as es para todos: tanto los ni\u00f1os como los padres, adultos y peque\u00f1os, \u00a1todos tienen cabida! <\/span><b>Es una actividad perfecta para disfrutar en familia, crear recuerdos inolvidables y pasar un rato \u00fanico lleno de diversi\u00f3n y creatividad.<\/b><\/p>\n<p style=\"text-align: justify;\"><span style=\"font-weight: 400;\">No importa si eres principiante o tienes algo de experiencia, lo m\u00e1s importante es la ilusi\u00f3n de crear algo \u00fanico con tus manos.<\/span><\/p>\n<p style=\"text-align: justify;\"><span style=\"font-weight: 400;\">\u00a1An\u00edmate a participar y haz de esta Navidad una celebraci\u00f3n a\u00fan m\u00e1s especial con tus propias creaciones dulces!<\/span><\/p>\n<h3 style=\"text-align: justify;\">\u00bfA qui\u00e9n va dirigido el taller de decoraci\u00f3n navide\u00f1a?<\/h3>\n<p style=\"text-align: justify;\"><span style=\"font-weight: 400;\">Este emocionante taller de decoraci\u00f3n de cookies navide\u00f1as est\u00e1 pensado especialmente <\/span><b>para los m\u00e1s peque\u00f1os de la casa que quieran dejar volar su creatividad decorando galletas con dise\u00f1os navide\u00f1os. Sin embargo, tambi\u00e9n es una oportunidad perfecta para que los padres, madres o cualquier adulto que desee acompa\u00f1arlos se sumen a esta divertida actividad.<\/b><\/p>\n<p style=\"text-align: justify;\"><span style=\"font-weight: 400;\">Es ideal para aquellos que deseen aprender t\u00e9cnicas sencillas y creativas para decorar galletas que no solo ser\u00e1n deliciosas, sino tambi\u00e9n perfectas para regalar o adornar la mesa navide\u00f1a. Tanto si buscas un plan diferente para disfrutar con tus hijos como si simplemente quieres compartir un momento especial con ellos, este taller es para ti.<\/span><\/p>\n<p style=\"text-align: justify;\"><span style=\"font-weight: 400;\">Si buscas hacer que las fiestas sean a\u00fan m\u00e1s especiales, este taller te ofrece una experiencia \u00fanica que encantar\u00e1 a grandes y peque\u00f1os.\u00a0<\/span><\/p>\n<h3 style=\"text-align: justify;\">Grupos peque\u00f1os y atenci\u00f3n personalizada.<\/h3>\n<p style=\"text-align: justify;\"><span style=\"font-weight: 400;\">En nuestro taller de decoraci\u00f3n de cookies navide\u00f1as optamos por la calidad sobre la cantidad. Nos encanta contar con <\/span><b>grupos peque\u00f1os para garantizar que cada participante reciba la m\u00e1xima atenci\u00f3n y pueda aprovechar al m\u00e1ximo la experiencia.<\/b><\/p>\n<p style=\"text-align: justify;\"><b>Con un n\u00famero limitado de plazas disponibles, te aseguramos una atenci\u00f3n personalizada y exclusiva. <\/b><span style=\"font-weight: 400;\">Nuestro equipo estar\u00e1 encantado de responder todas tus inquietudes y compartir todos los trucos y consejos que necesitas saber.<\/span><\/p>\n<h3 style=\"text-align: justify;\">\u00bfQu\u00e9 est\u00e1 incluido en el taller de decoraci\u00f3n de cookies navide\u00f1as?<\/h3>\n<ul style=\"text-align: justify;\">\n<li style=\"font-weight: 400;\"><b>Todo el material necesario<\/b><span style=\"font-weight: 400;\"> para decorar tus galletas: galletas listas para decorar, glaseados de colores, mangas pasteleras, sprinkles, y otros elementos decorativos comestibles.<\/span><\/li>\n<li style=\"font-weight: 400;\"><b>T\u00e9cnicas y consejos pr\u00e1cticos<\/b><span style=\"font-weight: 400;\"> para lograr dise\u00f1os navide\u00f1os espectaculares, desde copos de nieve y \u00e1rboles de Navidad hasta estrellas y bastones de caramelo.<\/span><\/li>\n<li style=\"font-weight: 400;\"><b>El resultado de tus galletas decoradas<\/b><span style=\"font-weight: 400;\">: podr\u00e1s llevarte a casa tus creaciones para compartirlas con familiares y amigos o usarlas como regalo.<\/span><\/li>\n<li style=\"font-weight: 400;\"><b>Gu\u00eda personalizada de un experto<\/b><span style=\"font-weight: 400;\"> en decoraci\u00f3n de galletas que te acompa\u00f1ar\u00e1 durante todo el taller.<\/span><\/li>\n<li style=\"font-weight: 400;\"><b>Un ambiente navide\u00f1o<\/b><span style=\"font-weight: 400;\"> lleno de inspiraci\u00f3n, m\u00fasica de la temporada y diversi\u00f3n garantizada.<\/span><\/li>\n<li style=\"font-weight: 400;\"><b>Foto de recuerdo<\/b><span style=\"font-weight: 400;\"> para inmortalizar tus creaciones y el momento especial.<\/span><\/li>\n<\/ul>\n<h3 style=\"text-align: justify;\">Duraci\u00f3n y ubicaci\u00f3n<\/h3>\n<p style=\"text-align: justify;\"><span style=\"font-weight: 400;\">El emocionante taller de decoraci\u00f3n de cookies navide\u00f1as <\/span><b>tiene una duraci\u00f3n aproximada de 2 horas y media,<\/b><span style=\"font-weight: 400;\"> \u00a1el tiempo necesario para sumergirte en el maravilloso mundo de la decoraci\u00f3n de Navidad y salir con tus propias galletas!<\/span><\/p>\n<p style=\"text-align: justify;\"><span style=\"font-weight: 400;\">Y en cuanto a la ubicaci\u00f3n, \u00bfd\u00f3nde podr\u00eda ser este emocionante encuentro si no es en la vibrante ciudad de Madrid? Es el lugar perfecto para una tarde de decoraci\u00f3n y diversi\u00f3n en la capital.<\/span><\/p>\n<p style=\"text-align: justify;\"><span style=\"font-weight: 400;\">Nos encontrar\u00e1s <\/span><b>en nuestras acogedoras oficinas en Las Rozas de Madrid, espec\u00edficamente en la calle de Teruel n\u00famero 3. <\/b><span style=\"font-weight: 400;\">Es un lugar de f\u00e1cil acceso, a 5 minutos de\u00a0 la parada de Renfe y a 2 minutos de\u00a0 las paradas de buses 622 y 621.<\/span><\/p>\n<h3 style=\"text-align: justify;\">\u00a1Celebramos el fin del taller de decoraci\u00f3n de cookies navide\u00f1as!<\/h3>\n<p style=\"text-align: justify;\"><span style=\"font-weight: 400;\">\u00a1Qu\u00e9 mejor manera de terminar nuestro emocionante taller que con una celebraci\u00f3n para recordar!<\/span><\/p>\n<p style=\"text-align: justify;\"><span style=\"font-weight: 400;\">Una vez que hemos concluido nuestra maravillosa sesi\u00f3n de decoraci\u00f3n navide\u00f1a, es hora de brindar y compartir nuestras experiencias, por ello <\/span><b>abriremos y brindaremos con una botella de cava, atenci\u00f3n, \u00a1solo para adultos! Los m\u00e1s peques podr\u00e1n degustar un delicioso zumo. <\/b><span style=\"font-weight: 400;\">\u00a1Es la forma perfecta de celebrar el \u00e9xito del curso y todos los aprendizajes compartidos!<\/span><\/p>\n<p style=\"text-align: justify;\"><span style=\"font-weight: 400;\">Durante este momento especial, nos encanta compartir ideas, comentarios y reflexiones sobre lo que hemos aprendido juntos.\u00a0<\/span><\/p>\n<h3 style=\"text-align: justify;\">Lo que debes tener en cuenta para el taller de decoraci\u00f3n de cookies navide\u00f1as:<\/h3>\n<ul style=\"text-align: justify;\">\n<li><span style=\"font-weight: 400;\">Prep\u00e1rate para resolver tus dudas: Si tienes preguntas sobre t\u00e9cnicas de decoraci\u00f3n o ideas espec\u00edficas para tus galletas navide\u00f1as, tr\u00e1elas en mente para aprovechar al m\u00e1ximo la experiencia.<\/span><\/li>\n<li><span style=\"font-weight: 400;\">Ven con ropa c\u00f3moda: Nos enfocaremos en actividades creativas que pueden incluir trabajar con glaseados y tintes, \u00a1as\u00ed que mejor estar preparado para ensuciarte un poquito mientras te diviertes!<\/span><\/li>\n<li><span style=\"font-weight: 400;\">Se recomienda estar 5 minutos antes del horario establecido.<\/span><\/li>\n<li><span style=\"font-weight: 400;\">Para formalizar la reserva del taller de decoraci\u00f3n navide\u00f1a se ha de abonar una se\u00f1al previa. El restante se abona el mismo d\u00eda de la actividad.<\/span><b><\/b><\/li>\n<li>Se requiere un m\u00ednimo de 10 personas.<\/li>\n<li><b>Si la ocasi\u00f3n es un cumplea\u00f1os o un reencuentro de amigas o familiares, el taller podr\u00eda combinarse con una sesi\u00f3n de fotos navide\u00f1a, reserva en un restaurante, etc. \u00a1Consultanos!<\/b><\/li>\n<\/ul>\n<h3 style=\"text-align: justify;\">\u00a1Reserva ya tu plaza!<\/h3>\n<p style=\"text-align: justify;\"><span style=\"font-weight: 400;\">\u00a1Son limitadas! As\u00ed que, marca ya la fecha en tu calendario y \u00fanete a nosotros para una experiencia inolvidable y m\u00e1gica.<\/span><\/p>\n<h3 style=\"text-align: justify;\">Y si quieres m\u00e1s informaci\u00f3n:<\/h3>\n<p style=\"text-align: justify;\"><span style=\"font-weight: 400;\">Llama o escribe:\u00a0\u00a0<\/span><\/p>\n<p style=\"text-align: justify;\"><span style=\"font-weight: 400;\">Tel. +34 722 29 15 43\u00a0<\/span><\/p>\n<p style=\"text-align: justify;\"><span style=\"font-weight: 400;\">Email: <\/span><a href=\"mailto:info@perfectvenue.es\"><span style=\"font-weight: 400;\">info@perfectvenue.es<\/span><\/a><\/p>\n<p style=\"text-align: justify;\"><span style=\"font-weight: 400;\">\u00a1Y no te pierdas nuestro <\/span><a href=\"https:\/\/perfectvenue.es\/es\/product\/taller-de-decoracion-navidena\/\"><span style=\"font-weight: 400;\">taller de decoraci\u00f3n de coronas navide\u00f1as<\/span><\/a><span style=\"font-weight: 400;\"> para terminar de montar tu mesa con clase y elegancia en Navidad!<\/span><\/p>\n<p><\/p>","protected":false},"excerpt":{"rendered":"<p style=\"text-align: justify;\">Aprende a decorar galletas navide\u00f1as con t\u00e9cnicas creativas y profesionales en un taller para toda la familia, donde podr\u00e1s dise\u00f1ar, disfrutar y llevarte tus propias creaciones dulces a casa. <strong>Precio: 35 euros por persona. <b>Se necesita un m\u00ednimo de 10 personas.<\/b><\/strong><\/p>\n","protected":false},"featured_media":46316,"comment_status":"closed","ping_status":"closed","template":"","meta":[],"class_list":["post-46313","product","type-product","status-publish","has-post-thumbnail","hentry","product_cat-workshops","product_tag-christmas-decoration-workshop","product_tag-taller-de-decoracion-navidena"],"_links":{"self":[{"href":"https:\/\/perfectvenue.es\/es\/wp-json\/wp\/v2\/product\/46313","targetHints":{"allow":["GET"]}}],"collection":[{"href":"https:\/\/perfectvenue.es\/es\/wp-json\/wp\/v2\/product"}],"about":[{"href":"https:\/\/perfectvenue.es\/es\/wp-json\/wp\/v2\/types\/product"}],"replies":[{"embeddable":true,"href":"https:\/\/perfectvenue.es\/es\/wp-json\/wp\/v2\/comments?post=46313"}],"wp:featuredmedia":[{"embeddable":true,"href":"https:\/\/perfectvenue.es\/es\/wp-json\/wp\/v2\/media\/46316"}],"wp:attachment":[{"href":"https:\/\/perfectvenue.es\/es\/wp-json\/wp\/v2\/media?parent=46313"}],"curies":[{"name":"wp","href":"https:\/\/api.w.org\/{rel}","templated":true}]}}