{"id":45765,"date":"2024-11-21T17:22:34","date_gmt":"2024-11-21T14:22:34","guid":{"rendered":"http:\/\/perfectvenue.es\/?post_type=product&#038;p=45765"},"modified":"2026-02-11T17:56:55","modified_gmt":"2026-02-11T14:56:55","slug":"marriage-proposal-in-salou","status":"publish","type":"product","link":"https:\/\/perfectvenue.es\/es\/product\/marriage-proposal-in-salou\/","title":{"rendered":"Pedida de mano en Salou con letras \u00abMarry Me\u00bb XXL, alfombra roja, velas, rosas y p\u00e9talos, cava y viol\u00edn"},"content":{"rendered":"<p><\/p>\n<p style=\"text-align: justify;\"><span style=\"font-weight: 400;\">El momento perfecto para una pedida de mano en Salou te espera en un entorno lleno de encanto y magia, ideal para una ocasi\u00f3n tan especial. Con este exclusivo pack de pedida de mano en Salou, cada detalle est\u00e1 dise\u00f1ado para crear una experiencia inolvidable.<\/span><\/p>\n<p style=\"text-align: justify;\"><span style=\"font-weight: 400;\">Al llegar, tu pareja encontrar\u00e1 una majestuosa alfombra roja de 1,5 metros, rodeada de 50 rosas y adornada con 200 p\u00e9talos de rosa que guiar\u00e1n sus pasos hacia el mensaje m\u00e1s importante de su vida: grandes letras XXL que forman \u00abMarry Me\u00bb. Todo el espacio estar\u00e1 iluminado por 18 velas LED, creando un ambiente rom\u00e1ntico y acogedor.<\/span><\/p>\n<p style=\"text-align: justify;\"><span style=\"font-weight: 400;\">Para a\u00f1adir un toque a\u00fan m\u00e1s especial, disfrutar\u00e9is de una copa de cava mientras un violinista en directo pone la banda sonora perfecta para esta ocasi\u00f3n tan emotiva. Un fot\u00f3grafo profesional estar\u00e1 presente para capturar cada instante, asegurando que cada detalle de este momento tan m\u00e1gico quede inmortalizado.<\/span><\/p>\n<p style=\"text-align: justify;\"><span style=\"font-weight: 400;\">Con la organizaci\u00f3n y coordinaci\u00f3n cuidadosa, esta pedida de mano en Salou se convertir\u00e1 en un evento \u00fanico que ambos recordar\u00e9is para siempre. \u00a1Haz que ese \u00abs\u00ed\u00bb sea inolvidable!<\/span><\/p>\n<h3 style=\"text-align: justify;\"><span style=\"font-weight: 400;\">\u00bfD\u00f3nde se puede hacer una pedida de mano en Salou con las letras \u201cMarry Me\u201d XXL?<\/span><\/h3>\n<p style=\"text-align: justify;\"><span style=\"font-weight: 400;\">\u00bfTe preguntas d\u00f3nde puedes hacer una pedida de mano con las letras \u201cMarry Me\u201d XXL? La respuesta es f\u00e1cil: \u00a1en el lugar que m\u00e1s te guste!<\/span><\/p>\n<p style=\"text-align: justify;\"><span style=\"font-weight: 400;\">Puede ser en una playa rom\u00e1ntica al atardecer, en un mirador con vistas impresionantes al mar, o en un rinc\u00f3n hist\u00f3rico con mucho encanto. Las opciones son infinitas. Solo necesitas un espacio lo suficientemente grande para que las letras luzcan en todo su esplendor y creen un ambiente m\u00e1gico.\u00a0<\/span><\/p>\n<p style=\"text-align: justify;\"><span style=\"font-weight: 400;\">\u00a1Deja volar tu imaginaci\u00f3n!<\/span><\/p>\n<h3 style=\"text-align: justify;\"><span style=\"font-weight: 400;\">Transporte incluido con tus letras Marry Me XXL<\/span><\/h3>\n<p style=\"text-align: justify;\"><span style=\"font-weight: 400;\">\u00a1Que no cunda el p\u00e1nico! \u00a1El transporte est\u00e1 incluido con tus letras \u00abMarry Me\u00bb XXL en Salou!<\/span><\/p>\n<p style=\"text-align: justify;\"><span style=\"font-weight: 400;\">No te preocupes por nada, \u00a1nosotros nos encargamos de todo! Tenemos un servicio especializado que llevar\u00e1 las letras \u00abMarry Me\u00bb XXL al lugar que elijas, asegur\u00e1ndote de que lleguen a tiempo y en perfectas condiciones para hacer tu momento inolvidable.<\/span><\/p>\n<p style=\"text-align: justify;\"><span style=\"font-weight: 400;\">El alquiler incluye el transporte de ida y vuelta, porque, claro, \u00a1estas letras no caben en un coche normal! Necesitamos una furgoneta grande para que lleguen sin problemas y en perfecto estado.<\/span><\/p>\n<h3 style=\"text-align: justify;\"><span style=\"font-weight: 400;\">Lo que incluye tu pedida de mano en Salou:<\/span><\/h3>\n<ul style=\"text-align: justify;\">\n<li style=\"font-weight: 400;\"><span style=\"font-weight: 400;\">Letras \u00abMarry Me\u00bb XXL<\/span><\/li>\n<li style=\"font-weight: 400;\"><span style=\"font-weight: 400;\">Alfombra roja de 1,5 metros<\/span><\/li>\n<li style=\"font-weight: 400;\"><span style=\"font-weight: 400;\">18 velas LED<\/span><\/li>\n<li style=\"font-weight: 400;\"><span style=\"font-weight: 400;\">50 rosas a los lados de la alfombra<\/span><\/li>\n<li style=\"font-weight: 400;\"><span style=\"font-weight: 400;\">200 p\u00e9talos de rosa<\/span><\/li>\n<li style=\"font-weight: 400;\"><span style=\"font-weight: 400;\">Cava con dos copas<\/span><\/li>\n<li style=\"font-weight: 400;\"><span style=\"font-weight: 400;\">Violinista en vivo<\/span><\/li>\n<li style=\"font-weight: 400;\"><span style=\"font-weight: 400;\">Fot\u00f3grafo<\/span><\/li>\n<li style=\"font-weight: 400;\"><span style=\"font-weight: 400;\">Coordinaci\u00f3n y organizaci\u00f3n de la pedida de mano<\/span><\/li>\n<\/ul>\n<p style=\"text-align: justify;\"><b>Precio: 980\u20ac<\/b><\/p>\n<h3 style=\"text-align: justify;\"><span style=\"font-weight: 400;\">Se puede a\u00f1adir:<\/span><\/h3>\n<ul style=\"text-align: justify;\">\n<li style=\"font-weight: 400;\"><span style=\"font-weight: 400;\">V\u00eddeo (consultar precio)<\/span><\/li>\n<li style=\"font-weight: 400;\"><span style=\"font-weight: 400;\">Ramo de flores (consultar precio)<\/span><\/li>\n<li style=\"font-weight: 400;\"><span style=\"font-weight: 400;\">Transporte hasta el lugar de la pedida (consultar precio)<\/span><\/li>\n<li style=\"font-weight: 400;\"><span style=\"font-weight: 400;\">\u00a1Configuralo como t\u00fa quieras!<\/span><\/li>\n<\/ul>\n<h3 style=\"text-align: justify;\"><span style=\"font-weight: 400;\">Facilidad de pago<\/span><\/h3>\n<p style=\"text-align: justify;\"><span style=\"font-weight: 400;\">\u00a1S\u00ed! Y es que no es necesario pagar \u00edntegramente el importe de la pedida de mano en Salou. Simplemente es necesario reservar con un adelanto y el resto darla en el d\u00eda del evento.<\/span><\/p>\n<p style=\"text-align: justify;\"><span style=\"font-weight: 400;\">\u00a1Comodidad para ti!<\/span><\/p>\n<p style=\"text-align: justify;\"><span style=\"font-weight: 400;\">*Las tarifas no son reembolsables si el evento se cancela por cualquier motivo.<\/span><\/p>\n<p><\/p>","protected":false},"excerpt":{"rendered":"<p style=\"text-align: justify;\"><span style=\"font-weight: 400;\">Vive una inolvidable pedida de mano en Salou con letras Marry Me XXL, m\u00fasica en vivo y decoraci\u00f3n de lo m\u00e1s rom\u00e1ntica. <\/span><b>Precio: 980\u20ac. Es necesario formalizar la reserva con un adelanto.<\/b><\/p>\n","protected":false},"featured_media":46270,"comment_status":"closed","ping_status":"closed","template":"","meta":[],"class_list":["post-45765","product","type-product","status-publish","has-post-thumbnail","hentry","product_cat-marriage-proposal-packages","product_tag-marry-me-salou","product_tag-salou-proposal"],"_links":{"self":[{"href":"https:\/\/perfectvenue.es\/es\/wp-json\/wp\/v2\/product\/45765","targetHints":{"allow":["GET"]}}],"collection":[{"href":"https:\/\/perfectvenue.es\/es\/wp-json\/wp\/v2\/product"}],"about":[{"href":"https:\/\/perfectvenue.es\/es\/wp-json\/wp\/v2\/types\/product"}],"replies":[{"embeddable":true,"href":"https:\/\/perfectvenue.es\/es\/wp-json\/wp\/v2\/comments?post=45765"}],"wp:featuredmedia":[{"embeddable":true,"href":"https:\/\/perfectvenue.es\/es\/wp-json\/wp\/v2\/media\/46270"}],"wp:attachment":[{"href":"https:\/\/perfectvenue.es\/es\/wp-json\/wp\/v2\/media?parent=45765"}],"curies":[{"name":"wp","href":"https:\/\/api.w.org\/{rel}","templated":true}]}}